{"id":20340,"date":"2022-01-22T11:08:20","date_gmt":"2022-01-22T10:08:20","guid":{"rendered":"https:\/\/demoweb.info\/sexshop001\/producto\/dedal-estimulador-teaser-transparente\/"},"modified":"2022-01-22T11:08:50","modified_gmt":"2022-01-22T10:08:50","slug":"dedal-estimulador-teaser-transparente","status":"publish","type":"product","link":"https:\/\/demoweb.info\/sexshop001\/producto\/dedal-estimulador-teaser-transparente\/","title":{"rendered":"DEDAL ESTIMULADOR TEASER &#8211; TRANSPARENTE"},"content":{"rendered":"<p><strong>FINGER TEASER <\/strong><\/p>\n<pre>\n<span style=&quot;font-family:tahoma,geneva,sans-serif&quot;>Disfruta de nuevos sentimientos de autogratificaci\u00f3n con los vers\u00e1tiles Finger Teasers.\nLos Finger Teasers est\u00e1n hechos de TPE suave y flexible, sin ftalatos, sin perfume. \n\n\u00dasalo con un lubricante para disfrutar al m\u00e1ximo. \nAntes y despu\u00e9s de cada uso, limpialo con agua jab\u00f3n suave o un spray limpiador de juguetes.\n<\/span>\n<span style=&quot;font-family:tahoma,geneva,sans-serif&quot;><strong>Longitud total  <\/strong> 7.5 cm x 2.5 cm (ticklers)\n<strong>Material    <\/strong>TPE<\/span>\n<\/pre>\n","protected":false},"excerpt":{"rendered":"<p>FINGER TEASER Disfruta de nuevos sentimientos de autogratificaci\u00f3n con los vers\u00e1tiles Finger Teasers. Los Finger Teasers est\u00e1n hechos de TPE<\/p>\n","protected":false},"featured_media":20341,"comment_status":"open","ping_status":"open","template":"","meta":[],"product_cat":[552],"product_tag":[660,994],"class_list":["post-20340","product","type-product","status-publish","has-post-thumbnail","hentry","product_cat-dedales","product_tag-calexotics","product_tag-intimate-play"],"bundled_by":[],"bundle_stock_status":"outofstock","bundle_stock_quantity":0,"bundle_virtual":false,"bundle_layout":"","bundle_add_to_cart_form_location":"","bundle_editable_in_cart":false,"bundle_sold_individually_context":"","bundle_item_grouping":"","bundle_min_size":"","bundle_max_size":"","bundled_items":[],"yoast_head":"<!-- This site is optimized with the Yoast SEO plugin v20.6 - https:\/\/yoast.com\/wordpress\/plugins\/seo\/ -->\n<title>DEDAL ESTIMULADOR TEASER - TRANSPARENTE - Tienda Er\u00f3tica<\/title>\n<meta name=\"robots\" content=\"noindex, follow, max-snippet:-1, max-image-preview:large, max-video-preview:-1\" \/>\n<meta property=\"og:locale\" content=\"es_ES\" \/>\n<meta property=\"og:type\" content=\"article\" \/>\n<meta property=\"og:title\" content=\"DEDAL ESTIMULADOR TEASER - TRANSPARENTE - Tienda Er\u00f3tica\" \/>\n<meta property=\"og:description\" content=\"FINGER TEASER Disfruta de nuevos sentimientos de autogratificaci\u00f3n con los vers\u00e1tiles Finger Teasers. Los Finger Teasers est\u00e1n hechos de TPE\" \/>\n<meta property=\"og:url\" content=\"https:\/\/demoweb.info\/sexshop001\/producto\/dedal-estimulador-teaser-transparente\/\" \/>\n<meta property=\"og:site_name\" content=\"Tienda Er\u00f3tica\" \/>\n<meta property=\"article:modified_time\" content=\"2022-01-22T10:08:50+00:00\" \/>\n<meta property=\"og:image\" content=\"https:\/\/demoweb.info\/sexshop001\/wp-content\/uploads\/2022\/01\/DEDAL-ESTIMULADOR-TEASER-TRANSPARENTE.jpg\" \/>\n\t<meta property=\"og:image:width\" content=\"550\" \/>\n\t<meta property=\"og:image:height\" content=\"550\" \/>\n\t<meta property=\"og:image:type\" content=\"image\/jpeg\" \/>\n<meta name=\"twitter:card\" content=\"summary_large_image\" \/>\n<script type=\"application\/ld+json\" class=\"yoast-schema-graph\">{\"@context\":\"https:\/\/schema.org\",\"@graph\":[{\"@type\":\"WebPage\",\"@id\":\"https:\/\/demoweb.info\/sexshop001\/producto\/dedal-estimulador-teaser-transparente\/\",\"url\":\"https:\/\/demoweb.info\/sexshop001\/producto\/dedal-estimulador-teaser-transparente\/\",\"name\":\"DEDAL ESTIMULADOR TEASER - TRANSPARENTE - Tienda Er\u00f3tica\",\"isPartOf\":{\"@id\":\"https:\/\/demoweb.info\/sexshop001\/#website\"},\"datePublished\":\"2022-01-22T10:08:20+00:00\",\"dateModified\":\"2022-01-22T10:08:50+00:00\",\"breadcrumb\":{\"@id\":\"https:\/\/demoweb.info\/sexshop001\/producto\/dedal-estimulador-teaser-transparente\/#breadcrumb\"},\"inLanguage\":\"es\",\"potentialAction\":[{\"@type\":\"ReadAction\",\"target\":[\"https:\/\/demoweb.info\/sexshop001\/producto\/dedal-estimulador-teaser-transparente\/\"]}]},{\"@type\":\"BreadcrumbList\",\"@id\":\"https:\/\/demoweb.info\/sexshop001\/producto\/dedal-estimulador-teaser-transparente\/#breadcrumb\",\"itemListElement\":[{\"@type\":\"ListItem\",\"position\":1,\"name\":\"Portada\",\"item\":\"https:\/\/demoweb.info\/sexshop001\/\"},{\"@type\":\"ListItem\",\"position\":2,\"name\":\"Tienda\",\"item\":\"https:\/\/demoweb.info\/sexshop001\/tienda\/\"},{\"@type\":\"ListItem\",\"position\":3,\"name\":\"DEDAL ESTIMULADOR TEASER &#8211; TRANSPARENTE\"}]},{\"@type\":\"WebSite\",\"@id\":\"https:\/\/demoweb.info\/sexshop001\/#website\",\"url\":\"https:\/\/demoweb.info\/sexshop001\/\",\"name\":\"Tienda Er\u00f3tica\",\"description\":\"DEMOWEB SL\",\"potentialAction\":[{\"@type\":\"SearchAction\",\"target\":{\"@type\":\"EntryPoint\",\"urlTemplate\":\"https:\/\/demoweb.info\/sexshop001\/?s={search_term_string}\"},\"query-input\":\"required name=search_term_string\"}],\"inLanguage\":\"es\"}]}<\/script>\n<!-- \/ Yoast SEO plugin. -->","yoast_head_json":{"title":"DEDAL ESTIMULADOR TEASER - TRANSPARENTE - Tienda Er\u00f3tica","robots":{"index":"noindex","follow":"follow","max-snippet":"max-snippet:-1","max-image-preview":"max-image-preview:large","max-video-preview":"max-video-preview:-1"},"og_locale":"es_ES","og_type":"article","og_title":"DEDAL ESTIMULADOR TEASER - TRANSPARENTE - Tienda Er\u00f3tica","og_description":"FINGER TEASER Disfruta de nuevos sentimientos de autogratificaci\u00f3n con los vers\u00e1tiles Finger Teasers. Los Finger Teasers est\u00e1n hechos de TPE","og_url":"https:\/\/demoweb.info\/sexshop001\/producto\/dedal-estimulador-teaser-transparente\/","og_site_name":"Tienda Er\u00f3tica","article_modified_time":"2022-01-22T10:08:50+00:00","og_image":[{"width":550,"height":550,"url":"https:\/\/demoweb.info\/sexshop001\/wp-content\/uploads\/2022\/01\/DEDAL-ESTIMULADOR-TEASER-TRANSPARENTE.jpg","type":"image\/jpeg"}],"twitter_card":"summary_large_image","schema":{"@context":"https:\/\/schema.org","@graph":[{"@type":"WebPage","@id":"https:\/\/demoweb.info\/sexshop001\/producto\/dedal-estimulador-teaser-transparente\/","url":"https:\/\/demoweb.info\/sexshop001\/producto\/dedal-estimulador-teaser-transparente\/","name":"DEDAL ESTIMULADOR TEASER - TRANSPARENTE - Tienda Er\u00f3tica","isPartOf":{"@id":"https:\/\/demoweb.info\/sexshop001\/#website"},"datePublished":"2022-01-22T10:08:20+00:00","dateModified":"2022-01-22T10:08:50+00:00","breadcrumb":{"@id":"https:\/\/demoweb.info\/sexshop001\/producto\/dedal-estimulador-teaser-transparente\/#breadcrumb"},"inLanguage":"es","potentialAction":[{"@type":"ReadAction","target":["https:\/\/demoweb.info\/sexshop001\/producto\/dedal-estimulador-teaser-transparente\/"]}]},{"@type":"BreadcrumbList","@id":"https:\/\/demoweb.info\/sexshop001\/producto\/dedal-estimulador-teaser-transparente\/#breadcrumb","itemListElement":[{"@type":"ListItem","position":1,"name":"Portada","item":"https:\/\/demoweb.info\/sexshop001\/"},{"@type":"ListItem","position":2,"name":"Tienda","item":"https:\/\/demoweb.info\/sexshop001\/tienda\/"},{"@type":"ListItem","position":3,"name":"DEDAL ESTIMULADOR TEASER &#8211; TRANSPARENTE"}]},{"@type":"WebSite","@id":"https:\/\/demoweb.info\/sexshop001\/#website","url":"https:\/\/demoweb.info\/sexshop001\/","name":"Tienda Er\u00f3tica","description":"DEMOWEB SL","potentialAction":[{"@type":"SearchAction","target":{"@type":"EntryPoint","urlTemplate":"https:\/\/demoweb.info\/sexshop001\/?s={search_term_string}"},"query-input":"required name=search_term_string"}],"inLanguage":"es"}]}},"_links":{"self":[{"href":"https:\/\/demoweb.info\/sexshop001\/wp-json\/wp\/v3\/product\/20340","targetHints":{"allow":["GET"]}}],"collection":[{"href":"https:\/\/demoweb.info\/sexshop001\/wp-json\/wp\/v3\/product"}],"about":[{"href":"https:\/\/demoweb.info\/sexshop001\/wp-json\/wp\/v2\/types\/product"}],"replies":[{"embeddable":true,"href":"https:\/\/demoweb.info\/sexshop001\/wp-json\/wp\/v2\/comments?post=20340"}],"wp:featuredmedia":[{"embeddable":true,"href":"https:\/\/demoweb.info\/sexshop001\/wp-json\/wp\/v2\/media\/20341"}],"wp:attachment":[{"href":"https:\/\/demoweb.info\/sexshop001\/wp-json\/wp\/v2\/media?parent=20340"}],"wp:term":[{"taxonomy":"product_cat","embeddable":true,"href":"https:\/\/demoweb.info\/sexshop001\/wp-json\/wp\/v2\/product_cat?post=20340"},{"taxonomy":"product_tag","embeddable":true,"href":"https:\/\/demoweb.info\/sexshop001\/wp-json\/wp\/v2\/product_tag?post=20340"}],"curies":[{"name":"wp","href":"https:\/\/api.w.org\/{rel}","templated":true}]}}