{"id":20314,"date":"2022-01-22T11:08:20","date_gmt":"2022-01-22T10:08:20","guid":{"rendered":"https:\/\/demoweb.info\/sexshop001\/producto\/masajeador-clitoris-starstruck-fantasy\/"},"modified":"2022-01-22T11:08:39","modified_gmt":"2022-01-22T10:08:39","slug":"masajeador-clitoris-starstruck-fantasy","status":"publish","type":"product","link":"https:\/\/demoweb.info\/sexshop001\/producto\/masajeador-clitoris-starstruck-fantasy\/","title":{"rendered":"MASAJEADOR CLITORIS STARSTRUCK FANTASY"},"content":{"rendered":"<p><strong>STARSTRUCK FANTASY <\/strong><\/p>\n<p>Entr\u00e9gate a una aventura apasionada con el emocionante Jopen\u00ae Starstruck \u2122 Fantasy. Este masajeador de mano con nervaduras \u00fanicas emociona con una cabeza amplia y flexible, crestas de placer y 35 funciones de vibraci\u00f3n.<br \/>\nMarca exactamente lo que deseas con las incre\u00edbles 7 funciones de pulsaci\u00f3n, vibraci\u00f3n y escalamiento de la vibraci\u00f3n sensualmente estriada y 5 velocidades independientes para cada funci\u00f3n.<\/p>\n<p>Cambia a tu configuraci\u00f3n favorita con los botones de control, la cabeza sensualmente curvada ha sido creada para flexionarse y moverse con tu cuerpo mientras las crestas de placer provocan a tus curvas m\u00e1s sensuales. Utiliza los elegantes controles de 2 botones para recorrer hasta 1 hora de vibraciones a baja velocidad y 40 minutos a alta velocidad. Usa el cargador USB provisto para recargar tu pasi\u00f3n en solo 2 horas. El tama\u00f1o compacto y la funci\u00f3n de bot\u00f3n de bloqueo de viaje hacen de este masajeador de mano el compa\u00f1ero de viaje perfecto.<\/p>\n<p><strong>Longitud total: <\/strong>9.5 x 7 cm <br \/>\n<strong>Modos de vibraci\u00f3n: <\/strong>7<br \/>\n<strong>Modos de velocidad: <\/strong>5<br \/>\n<strong>Impermeable: <\/strong> Si<br \/>\n<strong>Bodysafe: <\/strong>Si <br \/>\n<strong>Material:<\/strong> Silicona, ABS<br \/>\n<strong>Bater\u00edas requerida:<\/strong> USB Rechargeable<\/p>\n","protected":false},"excerpt":{"rendered":"<p>STARSTRUCK FANTASY Entr\u00e9gate a una aventura apasionada con el emocionante Jopen\u00ae Starstruck \u2122 Fantasy. Este masajeador de mano con nervaduras<\/p>\n","protected":false},"featured_media":20315,"comment_status":"open","ping_status":"open","template":"","meta":[],"product_cat":[370],"product_tag":[728,993],"class_list":["post-20314","product","type-product","status-publish","has-post-thumbnail","hentry","product_cat-clitoris","product_tag-jopen","product_tag-starstruck"],"bundled_by":[],"bundle_stock_status":"instock","bundle_stock_quantity":1,"bundle_virtual":false,"bundle_layout":"","bundle_add_to_cart_form_location":"","bundle_editable_in_cart":false,"bundle_sold_individually_context":"","bundle_item_grouping":"","bundle_min_size":"","bundle_max_size":"","bundled_items":[],"yoast_head":"<!-- This site is optimized with the Yoast SEO plugin v20.6 - https:\/\/yoast.com\/wordpress\/plugins\/seo\/ -->\n<title>MASAJEADOR CLITORIS STARSTRUCK FANTASY - Tienda Er\u00f3tica<\/title>\n<meta name=\"robots\" content=\"noindex, follow, max-snippet:-1, max-image-preview:large, max-video-preview:-1\" \/>\n<meta property=\"og:locale\" content=\"es_ES\" \/>\n<meta property=\"og:type\" content=\"article\" \/>\n<meta property=\"og:title\" content=\"MASAJEADOR CLITORIS STARSTRUCK FANTASY - Tienda Er\u00f3tica\" \/>\n<meta property=\"og:description\" content=\"STARSTRUCK FANTASY Entr\u00e9gate a una aventura apasionada con el emocionante Jopen\u00ae Starstruck \u2122 Fantasy. Este masajeador de mano con nervaduras\" \/>\n<meta property=\"og:url\" content=\"https:\/\/demoweb.info\/sexshop001\/producto\/masajeador-clitoris-starstruck-fantasy\/\" \/>\n<meta property=\"og:site_name\" content=\"Tienda Er\u00f3tica\" \/>\n<meta property=\"article:modified_time\" content=\"2022-01-22T10:08:39+00:00\" \/>\n<meta property=\"og:image\" content=\"https:\/\/demoweb.info\/sexshop001\/wp-content\/uploads\/2022\/01\/MASAJEADOR-CLITORIS-STARSTRUCK-FANTASY.jpg\" \/>\n\t<meta property=\"og:image:width\" content=\"550\" \/>\n\t<meta property=\"og:image:height\" content=\"550\" \/>\n\t<meta property=\"og:image:type\" content=\"image\/jpeg\" \/>\n<meta name=\"twitter:card\" content=\"summary_large_image\" \/>\n<meta name=\"twitter:label1\" content=\"Tiempo de lectura\" \/>\n\t<meta name=\"twitter:data1\" content=\"1 minuto\" \/>\n<script type=\"application\/ld+json\" class=\"yoast-schema-graph\">{\"@context\":\"https:\/\/schema.org\",\"@graph\":[{\"@type\":\"WebPage\",\"@id\":\"https:\/\/demoweb.info\/sexshop001\/producto\/masajeador-clitoris-starstruck-fantasy\/\",\"url\":\"https:\/\/demoweb.info\/sexshop001\/producto\/masajeador-clitoris-starstruck-fantasy\/\",\"name\":\"MASAJEADOR CLITORIS STARSTRUCK FANTASY - Tienda Er\u00f3tica\",\"isPartOf\":{\"@id\":\"https:\/\/demoweb.info\/sexshop001\/#website\"},\"datePublished\":\"2022-01-22T10:08:20+00:00\",\"dateModified\":\"2022-01-22T10:08:39+00:00\",\"breadcrumb\":{\"@id\":\"https:\/\/demoweb.info\/sexshop001\/producto\/masajeador-clitoris-starstruck-fantasy\/#breadcrumb\"},\"inLanguage\":\"es\",\"potentialAction\":[{\"@type\":\"ReadAction\",\"target\":[\"https:\/\/demoweb.info\/sexshop001\/producto\/masajeador-clitoris-starstruck-fantasy\/\"]}]},{\"@type\":\"BreadcrumbList\",\"@id\":\"https:\/\/demoweb.info\/sexshop001\/producto\/masajeador-clitoris-starstruck-fantasy\/#breadcrumb\",\"itemListElement\":[{\"@type\":\"ListItem\",\"position\":1,\"name\":\"Portada\",\"item\":\"https:\/\/demoweb.info\/sexshop001\/\"},{\"@type\":\"ListItem\",\"position\":2,\"name\":\"Tienda\",\"item\":\"https:\/\/demoweb.info\/sexshop001\/tienda\/\"},{\"@type\":\"ListItem\",\"position\":3,\"name\":\"MASAJEADOR CLITORIS STARSTRUCK FANTASY\"}]},{\"@type\":\"WebSite\",\"@id\":\"https:\/\/demoweb.info\/sexshop001\/#website\",\"url\":\"https:\/\/demoweb.info\/sexshop001\/\",\"name\":\"Tienda Er\u00f3tica\",\"description\":\"DEMOWEB SL\",\"potentialAction\":[{\"@type\":\"SearchAction\",\"target\":{\"@type\":\"EntryPoint\",\"urlTemplate\":\"https:\/\/demoweb.info\/sexshop001\/?s={search_term_string}\"},\"query-input\":\"required name=search_term_string\"}],\"inLanguage\":\"es\"}]}<\/script>\n<!-- \/ Yoast SEO plugin. -->","yoast_head_json":{"title":"MASAJEADOR CLITORIS STARSTRUCK FANTASY - Tienda Er\u00f3tica","robots":{"index":"noindex","follow":"follow","max-snippet":"max-snippet:-1","max-image-preview":"max-image-preview:large","max-video-preview":"max-video-preview:-1"},"og_locale":"es_ES","og_type":"article","og_title":"MASAJEADOR CLITORIS STARSTRUCK FANTASY - Tienda Er\u00f3tica","og_description":"STARSTRUCK FANTASY Entr\u00e9gate a una aventura apasionada con el emocionante Jopen\u00ae Starstruck \u2122 Fantasy. Este masajeador de mano con nervaduras","og_url":"https:\/\/demoweb.info\/sexshop001\/producto\/masajeador-clitoris-starstruck-fantasy\/","og_site_name":"Tienda Er\u00f3tica","article_modified_time":"2022-01-22T10:08:39+00:00","og_image":[{"width":550,"height":550,"url":"https:\/\/demoweb.info\/sexshop001\/wp-content\/uploads\/2022\/01\/MASAJEADOR-CLITORIS-STARSTRUCK-FANTASY.jpg","type":"image\/jpeg"}],"twitter_card":"summary_large_image","twitter_misc":{"Tiempo de lectura":"1 minuto"},"schema":{"@context":"https:\/\/schema.org","@graph":[{"@type":"WebPage","@id":"https:\/\/demoweb.info\/sexshop001\/producto\/masajeador-clitoris-starstruck-fantasy\/","url":"https:\/\/demoweb.info\/sexshop001\/producto\/masajeador-clitoris-starstruck-fantasy\/","name":"MASAJEADOR CLITORIS STARSTRUCK FANTASY - Tienda Er\u00f3tica","isPartOf":{"@id":"https:\/\/demoweb.info\/sexshop001\/#website"},"datePublished":"2022-01-22T10:08:20+00:00","dateModified":"2022-01-22T10:08:39+00:00","breadcrumb":{"@id":"https:\/\/demoweb.info\/sexshop001\/producto\/masajeador-clitoris-starstruck-fantasy\/#breadcrumb"},"inLanguage":"es","potentialAction":[{"@type":"ReadAction","target":["https:\/\/demoweb.info\/sexshop001\/producto\/masajeador-clitoris-starstruck-fantasy\/"]}]},{"@type":"BreadcrumbList","@id":"https:\/\/demoweb.info\/sexshop001\/producto\/masajeador-clitoris-starstruck-fantasy\/#breadcrumb","itemListElement":[{"@type":"ListItem","position":1,"name":"Portada","item":"https:\/\/demoweb.info\/sexshop001\/"},{"@type":"ListItem","position":2,"name":"Tienda","item":"https:\/\/demoweb.info\/sexshop001\/tienda\/"},{"@type":"ListItem","position":3,"name":"MASAJEADOR CLITORIS STARSTRUCK FANTASY"}]},{"@type":"WebSite","@id":"https:\/\/demoweb.info\/sexshop001\/#website","url":"https:\/\/demoweb.info\/sexshop001\/","name":"Tienda Er\u00f3tica","description":"DEMOWEB SL","potentialAction":[{"@type":"SearchAction","target":{"@type":"EntryPoint","urlTemplate":"https:\/\/demoweb.info\/sexshop001\/?s={search_term_string}"},"query-input":"required name=search_term_string"}],"inLanguage":"es"}]}},"_links":{"self":[{"href":"https:\/\/demoweb.info\/sexshop001\/wp-json\/wp\/v3\/product\/20314","targetHints":{"allow":["GET"]}}],"collection":[{"href":"https:\/\/demoweb.info\/sexshop001\/wp-json\/wp\/v3\/product"}],"about":[{"href":"https:\/\/demoweb.info\/sexshop001\/wp-json\/wp\/v2\/types\/product"}],"replies":[{"embeddable":true,"href":"https:\/\/demoweb.info\/sexshop001\/wp-json\/wp\/v2\/comments?post=20314"}],"wp:featuredmedia":[{"embeddable":true,"href":"https:\/\/demoweb.info\/sexshop001\/wp-json\/wp\/v2\/media\/20315"}],"wp:attachment":[{"href":"https:\/\/demoweb.info\/sexshop001\/wp-json\/wp\/v2\/media?parent=20314"}],"wp:term":[{"taxonomy":"product_cat","embeddable":true,"href":"https:\/\/demoweb.info\/sexshop001\/wp-json\/wp\/v2\/product_cat?post=20314"},{"taxonomy":"product_tag","embeddable":true,"href":"https:\/\/demoweb.info\/sexshop001\/wp-json\/wp\/v2\/product_tag?post=20314"}],"curies":[{"name":"wp","href":"https:\/\/api.w.org\/{rel}","templated":true}]}}