{"id":20300,"date":"2022-01-22T11:08:20","date_gmt":"2022-01-22T10:08:20","guid":{"rendered":"https:\/\/demoweb.info\/sexshop001\/producto\/pave-victoria-doble-conejito-rampante-verde-pastel\/"},"modified":"2022-01-22T11:08:33","modified_gmt":"2022-01-22T10:08:33","slug":"pave-victoria-doble-conejito-rampante-verde-pastel","status":"publish","type":"product","link":"https:\/\/demoweb.info\/sexshop001\/producto\/pave-victoria-doble-conejito-rampante-verde-pastel\/","title":{"rendered":"PAVE VICTORIA DOBLE CONEJITO RAMPANTE &#8211; VERDE PASTEL"},"content":{"rendered":"<p><strong>PAVE VICTORIA <\/strong><\/p>\n<p>El maravilloso Pav\u00e9 Victoria es un masajeador de doble conejo con deslumbrantes adornos de cristal, teaser flexible y 35 configuraciones de vibraci\u00f3n sensacionales para una experiencia de placer verdaderamente lujosa.<\/p>\n<p>La punta teaser contorneada y el eje sensual son perfectos para acariciar los puntos dulces internos y externos. Para una superficie ultra suave y un cuerpo flexible, el estimulador curvo y el masajeador est\u00e1n cubiertos con una silicona con acabado satinado de primera calidad. Este vibrador suave como la seda est\u00e1 repleto de 7 funciones de vibraci\u00f3n y 5 velocidades independientes para cada funci\u00f3n para una estimulaci\u00f3n hecha solo para ti.<\/p>\n<p>Los botones de control de f\u00e1cil toque te permite alternar sin esfuerzo a trav\u00e9s de cada funci\u00f3n de vibraci\u00f3n, mientras aumenta o disminuye la intensidad de la funci\u00f3n. Ya sea que est\u00e9s tomando un ba\u00f1o con tu amante o disfrutando de una apasionante sesi\u00f3n en solitario, espera hasta 1 hora de vibraci\u00f3n increible.<br \/>\nRecarga el placer y vuelve al tiempo de juego en tan solo 2 horas con el cable USB provisto.<\/p>\n<p><strong>Longitud total : <\/strong>19 cm<br \/>\n<strong>Longitud insertable : <\/strong>11.5 cm<br \/>\n<strong>Modos<\/strong> <strong>de vibraci\u00f3n: <\/strong>5<br \/>\n<strong>Modos de velocidad<\/strong> : 7<br \/>\n<strong>Impermeable: <\/strong>SI<br \/>\n<strong>Bodysafe: <\/strong>SI<br \/>\n<strong>Material: <\/strong>Silicona<br \/>\n<strong>Motores: <\/strong>2<br \/>\n<strong>Bater\u00edas requeridas: <\/strong>USB Rechargeable<\/p>\n","protected":false},"excerpt":{"rendered":"<p>PAVE VICTORIA El maravilloso Pav\u00e9 Victoria es un masajeador de doble conejo con deslumbrantes adornos de cristal, teaser flexible y<\/p>\n","protected":false},"featured_media":20301,"comment_status":"open","ping_status":"open","template":"","meta":[],"product_cat":[434],"product_tag":[728,992],"class_list":["post-20300","product","type-product","status-publish","has-post-thumbnail","hentry","product_cat-doble-estimulacion-vibradores-juguetes-xxx","product_tag-jopen","product_tag-pave"],"bundled_by":[],"bundle_stock_status":"instock","bundle_stock_quantity":1,"bundle_virtual":false,"bundle_layout":"","bundle_add_to_cart_form_location":"","bundle_editable_in_cart":false,"bundle_sold_individually_context":"","bundle_item_grouping":"","bundle_min_size":"","bundle_max_size":"","bundled_items":[],"yoast_head":"<!-- This site is optimized with the Yoast SEO plugin v20.6 - https:\/\/yoast.com\/wordpress\/plugins\/seo\/ -->\n<title>PAVE VICTORIA DOBLE CONEJITO RAMPANTE - VERDE PASTEL - Tienda Er\u00f3tica<\/title>\n<meta name=\"robots\" content=\"noindex, follow, max-snippet:-1, max-image-preview:large, max-video-preview:-1\" \/>\n<meta property=\"og:locale\" content=\"es_ES\" \/>\n<meta property=\"og:type\" content=\"article\" \/>\n<meta property=\"og:title\" content=\"PAVE VICTORIA DOBLE CONEJITO RAMPANTE - VERDE PASTEL - Tienda Er\u00f3tica\" \/>\n<meta property=\"og:description\" content=\"PAVE VICTORIA El maravilloso Pav\u00e9 Victoria es un masajeador de doble conejo con deslumbrantes adornos de cristal, teaser flexible y\" \/>\n<meta property=\"og:url\" content=\"https:\/\/demoweb.info\/sexshop001\/producto\/pave-victoria-doble-conejito-rampante-verde-pastel\/\" \/>\n<meta property=\"og:site_name\" content=\"Tienda Er\u00f3tica\" \/>\n<meta property=\"article:modified_time\" content=\"2022-01-22T10:08:33+00:00\" \/>\n<meta property=\"og:image\" content=\"https:\/\/demoweb.info\/sexshop001\/wp-content\/uploads\/2022\/01\/PAVE-VICTORIA-DOBLE-CONEJITO-RAMPANTE-VERDE-PASTEL.jpg\" \/>\n\t<meta property=\"og:image:width\" content=\"550\" \/>\n\t<meta property=\"og:image:height\" content=\"550\" \/>\n\t<meta property=\"og:image:type\" content=\"image\/jpeg\" \/>\n<meta name=\"twitter:card\" content=\"summary_large_image\" \/>\n<meta name=\"twitter:label1\" content=\"Tiempo de lectura\" \/>\n\t<meta name=\"twitter:data1\" content=\"1 minuto\" \/>\n<script type=\"application\/ld+json\" class=\"yoast-schema-graph\">{\"@context\":\"https:\/\/schema.org\",\"@graph\":[{\"@type\":\"WebPage\",\"@id\":\"https:\/\/demoweb.info\/sexshop001\/producto\/pave-victoria-doble-conejito-rampante-verde-pastel\/\",\"url\":\"https:\/\/demoweb.info\/sexshop001\/producto\/pave-victoria-doble-conejito-rampante-verde-pastel\/\",\"name\":\"PAVE VICTORIA DOBLE CONEJITO RAMPANTE - VERDE PASTEL - Tienda Er\u00f3tica\",\"isPartOf\":{\"@id\":\"https:\/\/demoweb.info\/sexshop001\/#website\"},\"datePublished\":\"2022-01-22T10:08:20+00:00\",\"dateModified\":\"2022-01-22T10:08:33+00:00\",\"breadcrumb\":{\"@id\":\"https:\/\/demoweb.info\/sexshop001\/producto\/pave-victoria-doble-conejito-rampante-verde-pastel\/#breadcrumb\"},\"inLanguage\":\"es\",\"potentialAction\":[{\"@type\":\"ReadAction\",\"target\":[\"https:\/\/demoweb.info\/sexshop001\/producto\/pave-victoria-doble-conejito-rampante-verde-pastel\/\"]}]},{\"@type\":\"BreadcrumbList\",\"@id\":\"https:\/\/demoweb.info\/sexshop001\/producto\/pave-victoria-doble-conejito-rampante-verde-pastel\/#breadcrumb\",\"itemListElement\":[{\"@type\":\"ListItem\",\"position\":1,\"name\":\"Portada\",\"item\":\"https:\/\/demoweb.info\/sexshop001\/\"},{\"@type\":\"ListItem\",\"position\":2,\"name\":\"Tienda\",\"item\":\"https:\/\/demoweb.info\/sexshop001\/tienda\/\"},{\"@type\":\"ListItem\",\"position\":3,\"name\":\"PAVE VICTORIA DOBLE CONEJITO RAMPANTE &#8211; VERDE PASTEL\"}]},{\"@type\":\"WebSite\",\"@id\":\"https:\/\/demoweb.info\/sexshop001\/#website\",\"url\":\"https:\/\/demoweb.info\/sexshop001\/\",\"name\":\"Tienda Er\u00f3tica\",\"description\":\"DEMOWEB SL\",\"potentialAction\":[{\"@type\":\"SearchAction\",\"target\":{\"@type\":\"EntryPoint\",\"urlTemplate\":\"https:\/\/demoweb.info\/sexshop001\/?s={search_term_string}\"},\"query-input\":\"required name=search_term_string\"}],\"inLanguage\":\"es\"}]}<\/script>\n<!-- \/ Yoast SEO plugin. -->","yoast_head_json":{"title":"PAVE VICTORIA DOBLE CONEJITO RAMPANTE - VERDE PASTEL - Tienda Er\u00f3tica","robots":{"index":"noindex","follow":"follow","max-snippet":"max-snippet:-1","max-image-preview":"max-image-preview:large","max-video-preview":"max-video-preview:-1"},"og_locale":"es_ES","og_type":"article","og_title":"PAVE VICTORIA DOBLE CONEJITO RAMPANTE - VERDE PASTEL - Tienda Er\u00f3tica","og_description":"PAVE VICTORIA El maravilloso Pav\u00e9 Victoria es un masajeador de doble conejo con deslumbrantes adornos de cristal, teaser flexible y","og_url":"https:\/\/demoweb.info\/sexshop001\/producto\/pave-victoria-doble-conejito-rampante-verde-pastel\/","og_site_name":"Tienda Er\u00f3tica","article_modified_time":"2022-01-22T10:08:33+00:00","og_image":[{"width":550,"height":550,"url":"https:\/\/demoweb.info\/sexshop001\/wp-content\/uploads\/2022\/01\/PAVE-VICTORIA-DOBLE-CONEJITO-RAMPANTE-VERDE-PASTEL.jpg","type":"image\/jpeg"}],"twitter_card":"summary_large_image","twitter_misc":{"Tiempo de lectura":"1 minuto"},"schema":{"@context":"https:\/\/schema.org","@graph":[{"@type":"WebPage","@id":"https:\/\/demoweb.info\/sexshop001\/producto\/pave-victoria-doble-conejito-rampante-verde-pastel\/","url":"https:\/\/demoweb.info\/sexshop001\/producto\/pave-victoria-doble-conejito-rampante-verde-pastel\/","name":"PAVE VICTORIA DOBLE CONEJITO RAMPANTE - VERDE PASTEL - Tienda Er\u00f3tica","isPartOf":{"@id":"https:\/\/demoweb.info\/sexshop001\/#website"},"datePublished":"2022-01-22T10:08:20+00:00","dateModified":"2022-01-22T10:08:33+00:00","breadcrumb":{"@id":"https:\/\/demoweb.info\/sexshop001\/producto\/pave-victoria-doble-conejito-rampante-verde-pastel\/#breadcrumb"},"inLanguage":"es","potentialAction":[{"@type":"ReadAction","target":["https:\/\/demoweb.info\/sexshop001\/producto\/pave-victoria-doble-conejito-rampante-verde-pastel\/"]}]},{"@type":"BreadcrumbList","@id":"https:\/\/demoweb.info\/sexshop001\/producto\/pave-victoria-doble-conejito-rampante-verde-pastel\/#breadcrumb","itemListElement":[{"@type":"ListItem","position":1,"name":"Portada","item":"https:\/\/demoweb.info\/sexshop001\/"},{"@type":"ListItem","position":2,"name":"Tienda","item":"https:\/\/demoweb.info\/sexshop001\/tienda\/"},{"@type":"ListItem","position":3,"name":"PAVE VICTORIA DOBLE CONEJITO RAMPANTE &#8211; VERDE PASTEL"}]},{"@type":"WebSite","@id":"https:\/\/demoweb.info\/sexshop001\/#website","url":"https:\/\/demoweb.info\/sexshop001\/","name":"Tienda Er\u00f3tica","description":"DEMOWEB SL","potentialAction":[{"@type":"SearchAction","target":{"@type":"EntryPoint","urlTemplate":"https:\/\/demoweb.info\/sexshop001\/?s={search_term_string}"},"query-input":"required name=search_term_string"}],"inLanguage":"es"}]}},"_links":{"self":[{"href":"https:\/\/demoweb.info\/sexshop001\/wp-json\/wp\/v3\/product\/20300","targetHints":{"allow":["GET"]}}],"collection":[{"href":"https:\/\/demoweb.info\/sexshop001\/wp-json\/wp\/v3\/product"}],"about":[{"href":"https:\/\/demoweb.info\/sexshop001\/wp-json\/wp\/v2\/types\/product"}],"replies":[{"embeddable":true,"href":"https:\/\/demoweb.info\/sexshop001\/wp-json\/wp\/v2\/comments?post=20300"}],"wp:featuredmedia":[{"embeddable":true,"href":"https:\/\/demoweb.info\/sexshop001\/wp-json\/wp\/v2\/media\/20301"}],"wp:attachment":[{"href":"https:\/\/demoweb.info\/sexshop001\/wp-json\/wp\/v2\/media?parent=20300"}],"wp:term":[{"taxonomy":"product_cat","embeddable":true,"href":"https:\/\/demoweb.info\/sexshop001\/wp-json\/wp\/v2\/product_cat?post=20300"},{"taxonomy":"product_tag","embeddable":true,"href":"https:\/\/demoweb.info\/sexshop001\/wp-json\/wp\/v2\/product_tag?post=20300"}],"curies":[{"name":"wp","href":"https:\/\/api.w.org\/{rel}","templated":true}]}}