{"id":20293,"date":"2022-01-22T11:08:20","date_gmt":"2022-01-22T10:08:20","guid":{"rendered":"https:\/\/demoweb.info\/sexshop001\/producto\/anillo-doble-potenciador-azul\/"},"modified":"2022-01-22T11:08:30","modified_gmt":"2022-01-22T10:08:30","slug":"anillo-doble-potenciador-azul","status":"publish","type":"product","link":"https:\/\/demoweb.info\/sexshop001\/producto\/anillo-doble-potenciador-azul\/","title":{"rendered":"ANILLO DOBLE POTENCIADOR &#8211; AZUL"},"content":{"rendered":"<p><strong>DUAL ROCKIN&#39; RIM ENHANCER <\/strong><\/p>\n<p>El reforzador Dual Rockin &#39;Rim \u2122 recargable de silicona har\u00e1 que tu y tu amante os lleneis de \u00e9xtasis.<br \/>\nEl poderoso balanc\u00edn tiene un teaser estriado contorneado, un anillo reforzador doble y 2 bolas intercambiables. Este anillo reforzador doble se combina con 2 bolas intercambiables destinadas a emocionar con cada swing y tir\u00f3n.<\/p>\n<p>Utiliza la bola m\u00e1s peque\u00f1a de 30 g para un tir\u00f3n suave y la bola de 50 g m\u00e1s pesada para una estimulaci\u00f3n de balanceo sensacional. El lujoso anillo de silicona seguro para el cuerpo funciona para mejorar la resistencia y la circunferencia para hacer que tu amante gima m\u00e1s, m\u00e1s y m\u00e1s.<\/p>\n<p>El anillo doble apretado maximiza la sensibilidad y eleva la sensaci\u00f3n en todo el pene, lo que permite que los hombres disfruten de un placer m\u00e1s prolongado y poderoso. A medida que alcanza el siguiente nivel de placer, las 12 funciones de vibraci\u00f3n y el teaser sensualmente estriado dejar\u00e1n a tu dama en un estado de intenso orgasmo.<br \/>\nDivi\u00e9rtase mientras recorre 12 indulgentes funciones de vibraci\u00f3n, pulsaci\u00f3n y escalamiento con el control de bot\u00f3n f\u00e1cil de presionar.<\/p>\n<p>Mientras que el anillo aprieta a tu amante de la manera correcta, el lujoso anillo de silicona seguro para el cuerpo hace maravillas para maximizar la resistencia y aumentar la circunferencia para hacer que tu amante gima durante toda la noche. Toma este anillo impermeable para darte un chapuz\u00f3n y abraza esas poderosas vibraciones en el ba\u00f1o, la ducha o el jacuzzi. Este apasionado anillo para el pene recuerda exactamente c\u00f3mo te gusta con el chip de memoria de \u00faltima generaci\u00f3n y puede captar la \u00faltima funci\u00f3n utilizada.<\/p>\n<p><strong>Longitud total :<\/strong> 25.5 cm | 9 x 6.25 cm <br \/>\n<strong>Di\u00e1metro :<\/strong>  \u00d8 3.75 cm <br \/>\n<strong>Modos de vibraci\u00f3n:<\/strong> 12<br \/>\n<strong>Impermeable: <\/strong>SI <br \/>\n<strong>Bodysafe : <\/strong>Si <br \/>\n<strong>Material : <\/strong>TPE<br \/>\n<strong>Motores:  <\/strong>1<br \/>\n<strong>Bater\u00edas requeridas:  <\/strong>USB Rechargeable<\/p>\n","protected":false},"excerpt":{"rendered":"<p>DUAL ROCKIN&#39; RIM ENHANCER El reforzador Dual Rockin &#39;Rim \u2122 recargable de silicona har\u00e1 que tu y tu amante os<\/p>\n","protected":false},"featured_media":20294,"comment_status":"open","ping_status":"open","template":"","meta":[],"product_cat":[311],"product_tag":[660,809],"class_list":["post-20293","product","type-product","status-publish","has-post-thumbnail","hentry","product_cat-con-peso","product_tag-calexotics","product_tag-couples-enhancers"],"bundled_by":[],"bundle_stock_status":"instock","bundle_stock_quantity":1,"bundle_virtual":false,"bundle_layout":"","bundle_add_to_cart_form_location":"","bundle_editable_in_cart":false,"bundle_sold_individually_context":"","bundle_item_grouping":"","bundle_min_size":"","bundle_max_size":"","bundled_items":[],"yoast_head":"<!-- This site is optimized with the Yoast SEO plugin v20.6 - https:\/\/yoast.com\/wordpress\/plugins\/seo\/ -->\n<title>ANILLO DOBLE POTENCIADOR - AZUL - Tienda Er\u00f3tica<\/title>\n<meta name=\"robots\" content=\"noindex, follow, max-snippet:-1, max-image-preview:large, max-video-preview:-1\" \/>\n<meta property=\"og:locale\" content=\"es_ES\" \/>\n<meta property=\"og:type\" content=\"article\" \/>\n<meta property=\"og:title\" content=\"ANILLO DOBLE POTENCIADOR - AZUL - Tienda Er\u00f3tica\" \/>\n<meta property=\"og:description\" content=\"DUAL ROCKIN&#039; RIM ENHANCER El reforzador Dual Rockin &#039;Rim \u2122 recargable de silicona har\u00e1 que tu y tu amante os\" \/>\n<meta property=\"og:url\" content=\"https:\/\/demoweb.info\/sexshop001\/producto\/anillo-doble-potenciador-azul\/\" \/>\n<meta property=\"og:site_name\" content=\"Tienda Er\u00f3tica\" \/>\n<meta property=\"article:modified_time\" content=\"2022-01-22T10:08:30+00:00\" \/>\n<meta property=\"og:image\" content=\"https:\/\/demoweb.info\/sexshop001\/wp-content\/uploads\/2022\/01\/ANILLO-DOBLE-POTENCIADOR-AZUL.jpg\" \/>\n\t<meta property=\"og:image:width\" content=\"550\" \/>\n\t<meta property=\"og:image:height\" content=\"550\" \/>\n\t<meta property=\"og:image:type\" content=\"image\/jpeg\" \/>\n<meta name=\"twitter:card\" content=\"summary_large_image\" \/>\n<meta name=\"twitter:label1\" content=\"Tiempo de lectura\" \/>\n\t<meta name=\"twitter:data1\" content=\"2 minutos\" \/>\n<script type=\"application\/ld+json\" class=\"yoast-schema-graph\">{\"@context\":\"https:\/\/schema.org\",\"@graph\":[{\"@type\":\"WebPage\",\"@id\":\"https:\/\/demoweb.info\/sexshop001\/producto\/anillo-doble-potenciador-azul\/\",\"url\":\"https:\/\/demoweb.info\/sexshop001\/producto\/anillo-doble-potenciador-azul\/\",\"name\":\"ANILLO DOBLE POTENCIADOR - AZUL - Tienda Er\u00f3tica\",\"isPartOf\":{\"@id\":\"https:\/\/demoweb.info\/sexshop001\/#website\"},\"datePublished\":\"2022-01-22T10:08:20+00:00\",\"dateModified\":\"2022-01-22T10:08:30+00:00\",\"breadcrumb\":{\"@id\":\"https:\/\/demoweb.info\/sexshop001\/producto\/anillo-doble-potenciador-azul\/#breadcrumb\"},\"inLanguage\":\"es\",\"potentialAction\":[{\"@type\":\"ReadAction\",\"target\":[\"https:\/\/demoweb.info\/sexshop001\/producto\/anillo-doble-potenciador-azul\/\"]}]},{\"@type\":\"BreadcrumbList\",\"@id\":\"https:\/\/demoweb.info\/sexshop001\/producto\/anillo-doble-potenciador-azul\/#breadcrumb\",\"itemListElement\":[{\"@type\":\"ListItem\",\"position\":1,\"name\":\"Portada\",\"item\":\"https:\/\/demoweb.info\/sexshop001\/\"},{\"@type\":\"ListItem\",\"position\":2,\"name\":\"Tienda\",\"item\":\"https:\/\/demoweb.info\/sexshop001\/tienda\/\"},{\"@type\":\"ListItem\",\"position\":3,\"name\":\"ANILLO DOBLE POTENCIADOR &#8211; AZUL\"}]},{\"@type\":\"WebSite\",\"@id\":\"https:\/\/demoweb.info\/sexshop001\/#website\",\"url\":\"https:\/\/demoweb.info\/sexshop001\/\",\"name\":\"Tienda Er\u00f3tica\",\"description\":\"DEMOWEB SL\",\"potentialAction\":[{\"@type\":\"SearchAction\",\"target\":{\"@type\":\"EntryPoint\",\"urlTemplate\":\"https:\/\/demoweb.info\/sexshop001\/?s={search_term_string}\"},\"query-input\":\"required name=search_term_string\"}],\"inLanguage\":\"es\"}]}<\/script>\n<!-- \/ Yoast SEO plugin. -->","yoast_head_json":{"title":"ANILLO DOBLE POTENCIADOR - AZUL - Tienda Er\u00f3tica","robots":{"index":"noindex","follow":"follow","max-snippet":"max-snippet:-1","max-image-preview":"max-image-preview:large","max-video-preview":"max-video-preview:-1"},"og_locale":"es_ES","og_type":"article","og_title":"ANILLO DOBLE POTENCIADOR - AZUL - Tienda Er\u00f3tica","og_description":"DUAL ROCKIN&#39; RIM ENHANCER El reforzador Dual Rockin &#39;Rim \u2122 recargable de silicona har\u00e1 que tu y tu amante os","og_url":"https:\/\/demoweb.info\/sexshop001\/producto\/anillo-doble-potenciador-azul\/","og_site_name":"Tienda Er\u00f3tica","article_modified_time":"2022-01-22T10:08:30+00:00","og_image":[{"width":550,"height":550,"url":"https:\/\/demoweb.info\/sexshop001\/wp-content\/uploads\/2022\/01\/ANILLO-DOBLE-POTENCIADOR-AZUL.jpg","type":"image\/jpeg"}],"twitter_card":"summary_large_image","twitter_misc":{"Tiempo de lectura":"2 minutos"},"schema":{"@context":"https:\/\/schema.org","@graph":[{"@type":"WebPage","@id":"https:\/\/demoweb.info\/sexshop001\/producto\/anillo-doble-potenciador-azul\/","url":"https:\/\/demoweb.info\/sexshop001\/producto\/anillo-doble-potenciador-azul\/","name":"ANILLO DOBLE POTENCIADOR - AZUL - Tienda Er\u00f3tica","isPartOf":{"@id":"https:\/\/demoweb.info\/sexshop001\/#website"},"datePublished":"2022-01-22T10:08:20+00:00","dateModified":"2022-01-22T10:08:30+00:00","breadcrumb":{"@id":"https:\/\/demoweb.info\/sexshop001\/producto\/anillo-doble-potenciador-azul\/#breadcrumb"},"inLanguage":"es","potentialAction":[{"@type":"ReadAction","target":["https:\/\/demoweb.info\/sexshop001\/producto\/anillo-doble-potenciador-azul\/"]}]},{"@type":"BreadcrumbList","@id":"https:\/\/demoweb.info\/sexshop001\/producto\/anillo-doble-potenciador-azul\/#breadcrumb","itemListElement":[{"@type":"ListItem","position":1,"name":"Portada","item":"https:\/\/demoweb.info\/sexshop001\/"},{"@type":"ListItem","position":2,"name":"Tienda","item":"https:\/\/demoweb.info\/sexshop001\/tienda\/"},{"@type":"ListItem","position":3,"name":"ANILLO DOBLE POTENCIADOR &#8211; AZUL"}]},{"@type":"WebSite","@id":"https:\/\/demoweb.info\/sexshop001\/#website","url":"https:\/\/demoweb.info\/sexshop001\/","name":"Tienda Er\u00f3tica","description":"DEMOWEB SL","potentialAction":[{"@type":"SearchAction","target":{"@type":"EntryPoint","urlTemplate":"https:\/\/demoweb.info\/sexshop001\/?s={search_term_string}"},"query-input":"required name=search_term_string"}],"inLanguage":"es"}]}},"_links":{"self":[{"href":"https:\/\/demoweb.info\/sexshop001\/wp-json\/wp\/v3\/product\/20293","targetHints":{"allow":["GET"]}}],"collection":[{"href":"https:\/\/demoweb.info\/sexshop001\/wp-json\/wp\/v3\/product"}],"about":[{"href":"https:\/\/demoweb.info\/sexshop001\/wp-json\/wp\/v2\/types\/product"}],"replies":[{"embeddable":true,"href":"https:\/\/demoweb.info\/sexshop001\/wp-json\/wp\/v2\/comments?post=20293"}],"wp:featuredmedia":[{"embeddable":true,"href":"https:\/\/demoweb.info\/sexshop001\/wp-json\/wp\/v2\/media\/20294"}],"wp:attachment":[{"href":"https:\/\/demoweb.info\/sexshop001\/wp-json\/wp\/v2\/media?parent=20293"}],"wp:term":[{"taxonomy":"product_cat","embeddable":true,"href":"https:\/\/demoweb.info\/sexshop001\/wp-json\/wp\/v2\/product_cat?post=20293"},{"taxonomy":"product_tag","embeddable":true,"href":"https:\/\/demoweb.info\/sexshop001\/wp-json\/wp\/v2\/product_tag?post=20293"}],"curies":[{"name":"wp","href":"https:\/\/api.w.org\/{rel}","templated":true}]}}