{"id":20286,"date":"2022-01-22T11:08:20","date_gmt":"2022-01-22T10:08:20","guid":{"rendered":"https:\/\/demoweb.info\/sexshop001\/producto\/anillo-conejito-potenciador-morado\/"},"modified":"2022-01-22T11:08:27","modified_gmt":"2022-01-22T10:08:27","slug":"anillo-conejito-potenciador-morado","status":"publish","type":"product","link":"https:\/\/demoweb.info\/sexshop001\/producto\/anillo-conejito-potenciador-morado\/","title":{"rendered":"ANILLO CONEJITO POTENCIADOR &#8211; MORADO"},"content":{"rendered":"<p><strong>ROCKIN RABBIT ENHANCER<br \/>\n <\/strong><br \/>\nEl Dual Rockin \u2019Rabbit\u00ae recargable de silicona combina 7 funciones intensas de vibraci\u00f3n.<br \/>\nLos tama\u00f1os de este anillo de estimulador dual son ideales para principiantes que buscan condimentar las cosas o expertos er\u00f3ticos que buscan agregar un placer intenso.<\/p>\n<p>El lujoso anillo de silicona es seguro para el cuerpo. El anillo apretado maximiza la sensibilidad y eleva la sensaci\u00f3n en todo el pene, lo que permite que los hombres disfruten de un placer m\u00e1s prolongado y poderoso. Mientras alcanzas el siguiente nivel de placer, las 7 funciones de vibraci\u00f3n  parpadeantes dejar\u00e1n a tu dama en un estado de felicidad org\u00e1smica.<\/p>\n<p>El estimulador de forma ergon\u00f3mica y las orejas de conejo aletean y  brindan un placer preciso en tus puntos m\u00e1s \u00edntimos. Toma este anillo impermeable para darte un chapuz\u00f3n y abraza estas poderosas vibraciones en el ba\u00f1o, la ducha o el jacuzzi. Este apasionado anillo para el pene recuerda exactamente c\u00f3mo te gusta con el chip de memoria de \u00faltima generaci\u00f3n y puede captar la \u00faltima funci\u00f3n utilizada. Usa los botones de silicona f\u00e1ciles de tocar o el control remoto para controlar el placer sin esfuerzo. Recargua tu placer en poco tiempo con un tiempo de carga de 1 hora.<\/p>\n<p><strong>Di\u00e1metro: <\/strong>\u00d8  4.5 cm &#8211;  3.75 cm<br \/>\n<strong>Modos de vibraci\u00f3n: <\/strong>7<br \/>\n<strong>Impermeable:<\/strong> Si <br \/>\n<strong>Bodysafe: <\/strong>SI <br \/>\n<strong>Material: <\/strong>Silicona<br \/>\n<strong>Bater\u00edas requeridas : <\/strong> USB Rechargeable\n <\/p>\n","protected":false},"excerpt":{"rendered":"<p>ROCKIN RABBIT ENHANCER El Dual Rockin \u2019Rabbit\u00ae recargable de silicona combina 7 funciones intensas de vibraci\u00f3n. Los tama\u00f1os de este<\/p>\n","protected":false},"featured_media":20287,"comment_status":"open","ping_status":"open","template":"","meta":[],"product_cat":[438],"product_tag":[660,809],"class_list":["post-20286","product","type-product","status-publish","has-post-thumbnail","hentry","product_cat-con-vibrador-anillos","product_tag-calexotics","product_tag-couples-enhancers"],"bundled_by":[],"bundle_stock_status":"instock","bundle_stock_quantity":1,"bundle_virtual":false,"bundle_layout":"","bundle_add_to_cart_form_location":"","bundle_editable_in_cart":false,"bundle_sold_individually_context":"","bundle_item_grouping":"","bundle_min_size":"","bundle_max_size":"","bundled_items":[],"yoast_head":"<!-- This site is optimized with the Yoast SEO plugin v20.6 - https:\/\/yoast.com\/wordpress\/plugins\/seo\/ -->\n<title>ANILLO CONEJITO POTENCIADOR - MORADO - Tienda Er\u00f3tica<\/title>\n<meta name=\"robots\" content=\"noindex, follow, max-snippet:-1, max-image-preview:large, max-video-preview:-1\" \/>\n<meta property=\"og:locale\" content=\"es_ES\" \/>\n<meta property=\"og:type\" content=\"article\" \/>\n<meta property=\"og:title\" content=\"ANILLO CONEJITO POTENCIADOR - MORADO - Tienda Er\u00f3tica\" \/>\n<meta property=\"og:description\" content=\"ROCKIN RABBIT ENHANCER El Dual Rockin \u2019Rabbit\u00ae recargable de silicona combina 7 funciones intensas de vibraci\u00f3n. Los tama\u00f1os de este\" \/>\n<meta property=\"og:url\" content=\"https:\/\/demoweb.info\/sexshop001\/producto\/anillo-conejito-potenciador-morado\/\" \/>\n<meta property=\"og:site_name\" content=\"Tienda Er\u00f3tica\" \/>\n<meta property=\"article:modified_time\" content=\"2022-01-22T10:08:27+00:00\" \/>\n<meta property=\"og:image\" content=\"https:\/\/demoweb.info\/sexshop001\/wp-content\/uploads\/2022\/01\/ANILLO-CONEJITO-POTENCIADOR-MORADO.jpg\" \/>\n\t<meta property=\"og:image:width\" content=\"550\" \/>\n\t<meta property=\"og:image:height\" content=\"550\" \/>\n\t<meta property=\"og:image:type\" content=\"image\/jpeg\" \/>\n<meta name=\"twitter:card\" content=\"summary_large_image\" \/>\n<meta name=\"twitter:label1\" content=\"Tiempo de lectura\" \/>\n\t<meta name=\"twitter:data1\" content=\"1 minuto\" \/>\n<script type=\"application\/ld+json\" class=\"yoast-schema-graph\">{\"@context\":\"https:\/\/schema.org\",\"@graph\":[{\"@type\":\"WebPage\",\"@id\":\"https:\/\/demoweb.info\/sexshop001\/producto\/anillo-conejito-potenciador-morado\/\",\"url\":\"https:\/\/demoweb.info\/sexshop001\/producto\/anillo-conejito-potenciador-morado\/\",\"name\":\"ANILLO CONEJITO POTENCIADOR - MORADO - Tienda Er\u00f3tica\",\"isPartOf\":{\"@id\":\"https:\/\/demoweb.info\/sexshop001\/#website\"},\"datePublished\":\"2022-01-22T10:08:20+00:00\",\"dateModified\":\"2022-01-22T10:08:27+00:00\",\"breadcrumb\":{\"@id\":\"https:\/\/demoweb.info\/sexshop001\/producto\/anillo-conejito-potenciador-morado\/#breadcrumb\"},\"inLanguage\":\"es\",\"potentialAction\":[{\"@type\":\"ReadAction\",\"target\":[\"https:\/\/demoweb.info\/sexshop001\/producto\/anillo-conejito-potenciador-morado\/\"]}]},{\"@type\":\"BreadcrumbList\",\"@id\":\"https:\/\/demoweb.info\/sexshop001\/producto\/anillo-conejito-potenciador-morado\/#breadcrumb\",\"itemListElement\":[{\"@type\":\"ListItem\",\"position\":1,\"name\":\"Portada\",\"item\":\"https:\/\/demoweb.info\/sexshop001\/\"},{\"@type\":\"ListItem\",\"position\":2,\"name\":\"Tienda\",\"item\":\"https:\/\/demoweb.info\/sexshop001\/tienda\/\"},{\"@type\":\"ListItem\",\"position\":3,\"name\":\"ANILLO CONEJITO POTENCIADOR &#8211; MORADO\"}]},{\"@type\":\"WebSite\",\"@id\":\"https:\/\/demoweb.info\/sexshop001\/#website\",\"url\":\"https:\/\/demoweb.info\/sexshop001\/\",\"name\":\"Tienda Er\u00f3tica\",\"description\":\"DEMOWEB SL\",\"potentialAction\":[{\"@type\":\"SearchAction\",\"target\":{\"@type\":\"EntryPoint\",\"urlTemplate\":\"https:\/\/demoweb.info\/sexshop001\/?s={search_term_string}\"},\"query-input\":\"required name=search_term_string\"}],\"inLanguage\":\"es\"}]}<\/script>\n<!-- \/ Yoast SEO plugin. -->","yoast_head_json":{"title":"ANILLO CONEJITO POTENCIADOR - MORADO - Tienda Er\u00f3tica","robots":{"index":"noindex","follow":"follow","max-snippet":"max-snippet:-1","max-image-preview":"max-image-preview:large","max-video-preview":"max-video-preview:-1"},"og_locale":"es_ES","og_type":"article","og_title":"ANILLO CONEJITO POTENCIADOR - MORADO - Tienda Er\u00f3tica","og_description":"ROCKIN RABBIT ENHANCER El Dual Rockin \u2019Rabbit\u00ae recargable de silicona combina 7 funciones intensas de vibraci\u00f3n. Los tama\u00f1os de este","og_url":"https:\/\/demoweb.info\/sexshop001\/producto\/anillo-conejito-potenciador-morado\/","og_site_name":"Tienda Er\u00f3tica","article_modified_time":"2022-01-22T10:08:27+00:00","og_image":[{"width":550,"height":550,"url":"https:\/\/demoweb.info\/sexshop001\/wp-content\/uploads\/2022\/01\/ANILLO-CONEJITO-POTENCIADOR-MORADO.jpg","type":"image\/jpeg"}],"twitter_card":"summary_large_image","twitter_misc":{"Tiempo de lectura":"1 minuto"},"schema":{"@context":"https:\/\/schema.org","@graph":[{"@type":"WebPage","@id":"https:\/\/demoweb.info\/sexshop001\/producto\/anillo-conejito-potenciador-morado\/","url":"https:\/\/demoweb.info\/sexshop001\/producto\/anillo-conejito-potenciador-morado\/","name":"ANILLO CONEJITO POTENCIADOR - MORADO - Tienda Er\u00f3tica","isPartOf":{"@id":"https:\/\/demoweb.info\/sexshop001\/#website"},"datePublished":"2022-01-22T10:08:20+00:00","dateModified":"2022-01-22T10:08:27+00:00","breadcrumb":{"@id":"https:\/\/demoweb.info\/sexshop001\/producto\/anillo-conejito-potenciador-morado\/#breadcrumb"},"inLanguage":"es","potentialAction":[{"@type":"ReadAction","target":["https:\/\/demoweb.info\/sexshop001\/producto\/anillo-conejito-potenciador-morado\/"]}]},{"@type":"BreadcrumbList","@id":"https:\/\/demoweb.info\/sexshop001\/producto\/anillo-conejito-potenciador-morado\/#breadcrumb","itemListElement":[{"@type":"ListItem","position":1,"name":"Portada","item":"https:\/\/demoweb.info\/sexshop001\/"},{"@type":"ListItem","position":2,"name":"Tienda","item":"https:\/\/demoweb.info\/sexshop001\/tienda\/"},{"@type":"ListItem","position":3,"name":"ANILLO CONEJITO POTENCIADOR &#8211; MORADO"}]},{"@type":"WebSite","@id":"https:\/\/demoweb.info\/sexshop001\/#website","url":"https:\/\/demoweb.info\/sexshop001\/","name":"Tienda Er\u00f3tica","description":"DEMOWEB SL","potentialAction":[{"@type":"SearchAction","target":{"@type":"EntryPoint","urlTemplate":"https:\/\/demoweb.info\/sexshop001\/?s={search_term_string}"},"query-input":"required name=search_term_string"}],"inLanguage":"es"}]}},"_links":{"self":[{"href":"https:\/\/demoweb.info\/sexshop001\/wp-json\/wp\/v3\/product\/20286","targetHints":{"allow":["GET"]}}],"collection":[{"href":"https:\/\/demoweb.info\/sexshop001\/wp-json\/wp\/v3\/product"}],"about":[{"href":"https:\/\/demoweb.info\/sexshop001\/wp-json\/wp\/v2\/types\/product"}],"replies":[{"embeddable":true,"href":"https:\/\/demoweb.info\/sexshop001\/wp-json\/wp\/v2\/comments?post=20286"}],"wp:featuredmedia":[{"embeddable":true,"href":"https:\/\/demoweb.info\/sexshop001\/wp-json\/wp\/v2\/media\/20287"}],"wp:attachment":[{"href":"https:\/\/demoweb.info\/sexshop001\/wp-json\/wp\/v2\/media?parent=20286"}],"wp:term":[{"taxonomy":"product_cat","embeddable":true,"href":"https:\/\/demoweb.info\/sexshop001\/wp-json\/wp\/v2\/product_cat?post=20286"},{"taxonomy":"product_tag","embeddable":true,"href":"https:\/\/demoweb.info\/sexshop001\/wp-json\/wp\/v2\/product_tag?post=20286"}],"curies":[{"name":"wp","href":"https:\/\/api.w.org\/{rel}","templated":true}]}}