{"id":20279,"date":"2022-01-22T11:08:20","date_gmt":"2022-01-22T10:08:20","guid":{"rendered":"https:\/\/demoweb.info\/sexshop001\/producto\/dual-clit-flicker-enhancer-doble-anillo-vibrador-de-silicona-rosa\/"},"modified":"2022-01-22T11:08:24","modified_gmt":"2022-01-22T10:08:24","slug":"dual-clit-flicker-enhancer-doble-anillo-vibrador-de-silicona-rosa","status":"publish","type":"product","link":"https:\/\/demoweb.info\/sexshop001\/producto\/dual-clit-flicker-enhancer-doble-anillo-vibrador-de-silicona-rosa\/","title":{"rendered":"DUAL CLIT FLICKER ENHANCER &#8211; DOBLE ANILLO VIBRADOR DE SILICONA &#8211; ROSA"},"content":{"rendered":"<p><strong>DUAL CLIT FLICKER ENHANCER<\/strong><\/p>\n<p>El parpadeo recargable de doble cl\u00edtoris de silicona combina 7 funciones intensas de vibraci\u00f3n con un paquete de aleteo er\u00f3tico para duplicar el placer de sacudir las rodillas.<\/p>\n<p>Este tama\u00f1o de anillo de estimulaci\u00f3n doble es ideal para principiantes que buscan condimentar cosas o expertos er\u00f3ticos que buscan agregar placer intenso a su arsenal. El lujoso anillo de silicona seguro para el cuerpo funciona para mejorar la resistencia y la circunferencia para que tu amante gima por m\u00e1s.<\/p>\n<p>El anillo apretado maximiza la sensibilidad y aumenta la sensaci\u00f3n en todo el pene, lo que permite que los hombres disfruten de un placer m\u00e1s prolongado y poderoso. Mientras alcanzas el siguiente nivel de placer, las 7 funciones de vibraci\u00f3n y los teasers parpadeantes dejar\u00e1n a tu dama en un estado de felicidad org\u00e1smica.<\/p>\n<p>Se\u00f1oras, mientras su placer aumenta, tambi\u00e9n lo har\u00e1 el suyo. El estimulador ergon\u00f3mico y los teasers aleteo en forma de lengua brindan placer en tus puntos dulces m\u00e1s \u00edntimos. Toma este anillo a prueba de agua para darte un chapuz\u00f3n y abraza esas poderosas vibraciones en el ba\u00f1o, la ducha o el jacuzzi.<\/p>\n<p>Este anillo apasionado recuerda exactamente c\u00f3mo te gusta con el chip de memoria de \u00faltima generaci\u00f3n y puede detectar la \u00faltima funci\u00f3n utilizada. Usa los botones de silicona f\u00e1ciles de tocar o el control remoto para controlar sin esfuerzo el placer. Recarga su placer en muy poco tiempo con un tiempo de carga de 1 hora.<\/p>\n<p>Caracter\u00edscas:<\/p>\n<ul>\n<li>Longitud: 5 cm anillo grande \/ 3,75 cm anillo peque\u00f1o<\/li>\n<li>7 modos de vibraci\u00f3n<\/li>\n<li>De silicona<\/li>\n<li>Recargable con USB<\/li>\n<\/ul>\n","protected":false},"excerpt":{"rendered":"<p>DUAL CLIT FLICKER ENHANCER El parpadeo recargable de doble cl\u00edtoris de silicona combina 7 funciones intensas de vibraci\u00f3n con un<\/p>\n","protected":false},"featured_media":20280,"comment_status":"open","ping_status":"open","template":"","meta":[],"product_cat":[438],"product_tag":[660,809],"class_list":["post-20279","product","type-product","status-publish","has-post-thumbnail","hentry","product_cat-con-vibrador-anillos","product_tag-calexotics","product_tag-couples-enhancers"],"bundled_by":[],"bundle_stock_status":"instock","bundle_stock_quantity":1,"bundle_virtual":false,"bundle_layout":"","bundle_add_to_cart_form_location":"","bundle_editable_in_cart":false,"bundle_sold_individually_context":"","bundle_item_grouping":"","bundle_min_size":"","bundle_max_size":"","bundled_items":[],"yoast_head":"<!-- This site is optimized with the Yoast SEO plugin v20.6 - https:\/\/yoast.com\/wordpress\/plugins\/seo\/ -->\n<title>DUAL CLIT FLICKER ENHANCER - DOBLE ANILLO VIBRADOR DE SILICONA - ROSA - Tienda Er\u00f3tica<\/title>\n<meta name=\"robots\" content=\"noindex, follow, max-snippet:-1, max-image-preview:large, max-video-preview:-1\" \/>\n<meta property=\"og:locale\" content=\"es_ES\" \/>\n<meta property=\"og:type\" content=\"article\" \/>\n<meta property=\"og:title\" content=\"DUAL CLIT FLICKER ENHANCER - DOBLE ANILLO VIBRADOR DE SILICONA - ROSA - Tienda Er\u00f3tica\" \/>\n<meta property=\"og:description\" content=\"DUAL CLIT FLICKER ENHANCER El parpadeo recargable de doble cl\u00edtoris de silicona combina 7 funciones intensas de vibraci\u00f3n con un\" \/>\n<meta property=\"og:url\" content=\"https:\/\/demoweb.info\/sexshop001\/producto\/dual-clit-flicker-enhancer-doble-anillo-vibrador-de-silicona-rosa\/\" \/>\n<meta property=\"og:site_name\" content=\"Tienda Er\u00f3tica\" \/>\n<meta property=\"article:modified_time\" content=\"2022-01-22T10:08:24+00:00\" \/>\n<meta property=\"og:image\" content=\"https:\/\/demoweb.info\/sexshop001\/wp-content\/uploads\/2022\/01\/DUAL-CLIT-FLICKER-ENHANCER-DOBLE-ANILLO-VIBRADOR-DE-SILICONA-ROSA.jpg\" \/>\n\t<meta property=\"og:image:width\" content=\"550\" \/>\n\t<meta property=\"og:image:height\" content=\"550\" \/>\n\t<meta property=\"og:image:type\" content=\"image\/jpeg\" \/>\n<meta name=\"twitter:card\" content=\"summary_large_image\" \/>\n<meta name=\"twitter:label1\" content=\"Tiempo de lectura\" \/>\n\t<meta name=\"twitter:data1\" content=\"1 minuto\" \/>\n<script type=\"application\/ld+json\" class=\"yoast-schema-graph\">{\"@context\":\"https:\/\/schema.org\",\"@graph\":[{\"@type\":\"WebPage\",\"@id\":\"https:\/\/demoweb.info\/sexshop001\/producto\/dual-clit-flicker-enhancer-doble-anillo-vibrador-de-silicona-rosa\/\",\"url\":\"https:\/\/demoweb.info\/sexshop001\/producto\/dual-clit-flicker-enhancer-doble-anillo-vibrador-de-silicona-rosa\/\",\"name\":\"DUAL CLIT FLICKER ENHANCER - DOBLE ANILLO VIBRADOR DE SILICONA - ROSA - Tienda Er\u00f3tica\",\"isPartOf\":{\"@id\":\"https:\/\/demoweb.info\/sexshop001\/#website\"},\"datePublished\":\"2022-01-22T10:08:20+00:00\",\"dateModified\":\"2022-01-22T10:08:24+00:00\",\"breadcrumb\":{\"@id\":\"https:\/\/demoweb.info\/sexshop001\/producto\/dual-clit-flicker-enhancer-doble-anillo-vibrador-de-silicona-rosa\/#breadcrumb\"},\"inLanguage\":\"es\",\"potentialAction\":[{\"@type\":\"ReadAction\",\"target\":[\"https:\/\/demoweb.info\/sexshop001\/producto\/dual-clit-flicker-enhancer-doble-anillo-vibrador-de-silicona-rosa\/\"]}]},{\"@type\":\"BreadcrumbList\",\"@id\":\"https:\/\/demoweb.info\/sexshop001\/producto\/dual-clit-flicker-enhancer-doble-anillo-vibrador-de-silicona-rosa\/#breadcrumb\",\"itemListElement\":[{\"@type\":\"ListItem\",\"position\":1,\"name\":\"Portada\",\"item\":\"https:\/\/demoweb.info\/sexshop001\/\"},{\"@type\":\"ListItem\",\"position\":2,\"name\":\"Tienda\",\"item\":\"https:\/\/demoweb.info\/sexshop001\/tienda\/\"},{\"@type\":\"ListItem\",\"position\":3,\"name\":\"DUAL CLIT FLICKER ENHANCER &#8211; DOBLE ANILLO VIBRADOR DE SILICONA &#8211; ROSA\"}]},{\"@type\":\"WebSite\",\"@id\":\"https:\/\/demoweb.info\/sexshop001\/#website\",\"url\":\"https:\/\/demoweb.info\/sexshop001\/\",\"name\":\"Tienda Er\u00f3tica\",\"description\":\"DEMOWEB SL\",\"potentialAction\":[{\"@type\":\"SearchAction\",\"target\":{\"@type\":\"EntryPoint\",\"urlTemplate\":\"https:\/\/demoweb.info\/sexshop001\/?s={search_term_string}\"},\"query-input\":\"required name=search_term_string\"}],\"inLanguage\":\"es\"}]}<\/script>\n<!-- \/ Yoast SEO plugin. -->","yoast_head_json":{"title":"DUAL CLIT FLICKER ENHANCER - DOBLE ANILLO VIBRADOR DE SILICONA - ROSA - Tienda Er\u00f3tica","robots":{"index":"noindex","follow":"follow","max-snippet":"max-snippet:-1","max-image-preview":"max-image-preview:large","max-video-preview":"max-video-preview:-1"},"og_locale":"es_ES","og_type":"article","og_title":"DUAL CLIT FLICKER ENHANCER - DOBLE ANILLO VIBRADOR DE SILICONA - ROSA - Tienda Er\u00f3tica","og_description":"DUAL CLIT FLICKER ENHANCER El parpadeo recargable de doble cl\u00edtoris de silicona combina 7 funciones intensas de vibraci\u00f3n con un","og_url":"https:\/\/demoweb.info\/sexshop001\/producto\/dual-clit-flicker-enhancer-doble-anillo-vibrador-de-silicona-rosa\/","og_site_name":"Tienda Er\u00f3tica","article_modified_time":"2022-01-22T10:08:24+00:00","og_image":[{"width":550,"height":550,"url":"https:\/\/demoweb.info\/sexshop001\/wp-content\/uploads\/2022\/01\/DUAL-CLIT-FLICKER-ENHANCER-DOBLE-ANILLO-VIBRADOR-DE-SILICONA-ROSA.jpg","type":"image\/jpeg"}],"twitter_card":"summary_large_image","twitter_misc":{"Tiempo de lectura":"1 minuto"},"schema":{"@context":"https:\/\/schema.org","@graph":[{"@type":"WebPage","@id":"https:\/\/demoweb.info\/sexshop001\/producto\/dual-clit-flicker-enhancer-doble-anillo-vibrador-de-silicona-rosa\/","url":"https:\/\/demoweb.info\/sexshop001\/producto\/dual-clit-flicker-enhancer-doble-anillo-vibrador-de-silicona-rosa\/","name":"DUAL CLIT FLICKER ENHANCER - DOBLE ANILLO VIBRADOR DE SILICONA - ROSA - Tienda Er\u00f3tica","isPartOf":{"@id":"https:\/\/demoweb.info\/sexshop001\/#website"},"datePublished":"2022-01-22T10:08:20+00:00","dateModified":"2022-01-22T10:08:24+00:00","breadcrumb":{"@id":"https:\/\/demoweb.info\/sexshop001\/producto\/dual-clit-flicker-enhancer-doble-anillo-vibrador-de-silicona-rosa\/#breadcrumb"},"inLanguage":"es","potentialAction":[{"@type":"ReadAction","target":["https:\/\/demoweb.info\/sexshop001\/producto\/dual-clit-flicker-enhancer-doble-anillo-vibrador-de-silicona-rosa\/"]}]},{"@type":"BreadcrumbList","@id":"https:\/\/demoweb.info\/sexshop001\/producto\/dual-clit-flicker-enhancer-doble-anillo-vibrador-de-silicona-rosa\/#breadcrumb","itemListElement":[{"@type":"ListItem","position":1,"name":"Portada","item":"https:\/\/demoweb.info\/sexshop001\/"},{"@type":"ListItem","position":2,"name":"Tienda","item":"https:\/\/demoweb.info\/sexshop001\/tienda\/"},{"@type":"ListItem","position":3,"name":"DUAL CLIT FLICKER ENHANCER &#8211; DOBLE ANILLO VIBRADOR DE SILICONA &#8211; ROSA"}]},{"@type":"WebSite","@id":"https:\/\/demoweb.info\/sexshop001\/#website","url":"https:\/\/demoweb.info\/sexshop001\/","name":"Tienda Er\u00f3tica","description":"DEMOWEB SL","potentialAction":[{"@type":"SearchAction","target":{"@type":"EntryPoint","urlTemplate":"https:\/\/demoweb.info\/sexshop001\/?s={search_term_string}"},"query-input":"required name=search_term_string"}],"inLanguage":"es"}]}},"_links":{"self":[{"href":"https:\/\/demoweb.info\/sexshop001\/wp-json\/wp\/v3\/product\/20279","targetHints":{"allow":["GET"]}}],"collection":[{"href":"https:\/\/demoweb.info\/sexshop001\/wp-json\/wp\/v3\/product"}],"about":[{"href":"https:\/\/demoweb.info\/sexshop001\/wp-json\/wp\/v2\/types\/product"}],"replies":[{"embeddable":true,"href":"https:\/\/demoweb.info\/sexshop001\/wp-json\/wp\/v2\/comments?post=20279"}],"wp:featuredmedia":[{"embeddable":true,"href":"https:\/\/demoweb.info\/sexshop001\/wp-json\/wp\/v2\/media\/20280"}],"wp:attachment":[{"href":"https:\/\/demoweb.info\/sexshop001\/wp-json\/wp\/v2\/media?parent=20279"}],"wp:term":[{"taxonomy":"product_cat","embeddable":true,"href":"https:\/\/demoweb.info\/sexshop001\/wp-json\/wp\/v2\/product_cat?post=20279"},{"taxonomy":"product_tag","embeddable":true,"href":"https:\/\/demoweb.info\/sexshop001\/wp-json\/wp\/v2\/product_tag?post=20279"}],"curies":[{"name":"wp","href":"https:\/\/api.w.org\/{rel}","templated":true}]}}