{"id":20274,"date":"2022-01-22T11:08:20","date_gmt":"2022-01-22T10:08:20","guid":{"rendered":"https:\/\/demoweb.info\/sexshop001\/producto\/micro-vibe-arouser-bunny-anillo-vibrador-rosa\/"},"modified":"2022-01-22T11:08:22","modified_gmt":"2022-01-22T10:08:22","slug":"micro-vibe-arouser-bunny-anillo-vibrador-rosa","status":"publish","type":"product","link":"https:\/\/demoweb.info\/sexshop001\/producto\/micro-vibe-arouser-bunny-anillo-vibrador-rosa\/","title":{"rendered":"MICRO VIBE AROUSER BUNNY &#8211; ANILLO VIBRADOR ROSA"},"content":{"rendered":"<p><strong>MICRO VIBE AROUSER BUNNY <\/strong><\/p>\n<p>Salta hacia orgasmos incre\u00edbles y simult\u00e1neos con el discreto pero poderoso Micro Vibe Arouser &#8211; Power Bunny.<\/p>\n<p>Este dulce conejito rosa tiene un intenso potencial de placer detr\u00e1s de su exterior aparentemente lindo. \u00a1Es un potenciador de la erecci\u00f3n para \u00e9l y un vibrador para ella!<\/p>\n<p>El Micro Vibe Arouser est\u00e1 hecho de un material TPR el\u00e1stico y suave que hace que maximizar su erecci\u00f3n sea incre\u00edblemente c\u00f3modo. Como Power Bunny permite que la sangre fluya hacia su erecci\u00f3n pero no hacia afuera, tu pareja y tu disfrutar\u00e9is de una sensaci\u00f3n de circunferencia adicional.<\/p>\n<p>Observa c\u00f3mo aumenta tu resistencia mientras sigue burl\u00e1ndose y complaciendo mucho m\u00e1s all\u00e1 de su umbral habitual. El anillo agrega sensibilidad adicional a cada movimiento para aumentar su placer y crear orgasmos explosivos. Y, para ella, la sexy Power Bunny rosa est\u00e1 perfectamente posicionada para estimular su cl\u00edtoris para una estimulaci\u00f3n total mientras empujas.<\/p>\n<p>Para encender el Bunny, solo inserta tres bater\u00edas de reloj (seis incluidas) en la bala extra\u00edble. El estimulador de tres velocidades te permite cambiar las intensidades con solo tocar un bot\u00f3n hasta que encuentre el que conduce a los orgasmos que se encrespan los dedos.<\/p>\n<p>Te encantar\u00e1 la sensaci\u00f3n de tener todos tus lugares favoritos estimulados a la vez. \u00a1Te encantar\u00e1 sentir las vibraciones reverberar en todo el anillo para una diversi\u00f3n sincronizada! Disfruta de la intensa, simulaci\u00f3n y mejora del placer manos libres con el juguet\u00f3n y poderoso Micro Vibe Arouser &#8211; Power Bunny.<\/p>\n<ul>\n<li>Medidas:\n<ul>\n<li>Bala: 6,25 x 2 cm<\/li>\n<li>Anillo: 6,25 x 3,75 cm<\/li>\n<\/ul>\n<\/li>\n<li>Impermeable<\/li>\n<li>Material: Caucho termopl\u00e1stico y pl\u00e1stico ABS<\/li>\n<li>Incluye 3 pilas LR44<\/li>\n<\/ul>\n","protected":false},"excerpt":{"rendered":"<p>MICRO VIBE AROUSER BUNNY Salta hacia orgasmos incre\u00edbles y simult\u00e1neos con el discreto pero poderoso Micro Vibe Arouser &#8211; Power<\/p>\n","protected":false},"featured_media":20275,"comment_status":"open","ping_status":"open","template":"","meta":[],"product_cat":[438],"product_tag":[660,809],"class_list":["post-20274","product","type-product","status-publish","has-post-thumbnail","hentry","product_cat-con-vibrador-anillos","product_tag-calexotics","product_tag-couples-enhancers"],"bundled_by":[],"bundle_stock_status":"instock","bundle_stock_quantity":1,"bundle_virtual":false,"bundle_layout":"","bundle_add_to_cart_form_location":"","bundle_editable_in_cart":false,"bundle_sold_individually_context":"","bundle_item_grouping":"","bundle_min_size":"","bundle_max_size":"","bundled_items":[],"yoast_head":"<!-- This site is optimized with the Yoast SEO plugin v20.6 - https:\/\/yoast.com\/wordpress\/plugins\/seo\/ -->\n<title>MICRO VIBE AROUSER BUNNY - ANILLO VIBRADOR ROSA - Tienda Er\u00f3tica<\/title>\n<meta name=\"robots\" content=\"noindex, follow, max-snippet:-1, max-image-preview:large, max-video-preview:-1\" \/>\n<meta property=\"og:locale\" content=\"es_ES\" \/>\n<meta property=\"og:type\" content=\"article\" \/>\n<meta property=\"og:title\" content=\"MICRO VIBE AROUSER BUNNY - ANILLO VIBRADOR ROSA - Tienda Er\u00f3tica\" \/>\n<meta property=\"og:description\" content=\"MICRO VIBE AROUSER BUNNY Salta hacia orgasmos incre\u00edbles y simult\u00e1neos con el discreto pero poderoso Micro Vibe Arouser &#8211; Power\" \/>\n<meta property=\"og:url\" content=\"https:\/\/demoweb.info\/sexshop001\/producto\/micro-vibe-arouser-bunny-anillo-vibrador-rosa\/\" \/>\n<meta property=\"og:site_name\" content=\"Tienda Er\u00f3tica\" \/>\n<meta property=\"article:modified_time\" content=\"2022-01-22T10:08:22+00:00\" \/>\n<meta property=\"og:image\" content=\"https:\/\/demoweb.info\/sexshop001\/wp-content\/uploads\/2022\/01\/MICRO-VIBE-AROUSER-BUNNY-ANILLO-VIBRADOR-ROSA.jpg\" \/>\n\t<meta property=\"og:image:width\" content=\"550\" \/>\n\t<meta property=\"og:image:height\" content=\"550\" \/>\n\t<meta property=\"og:image:type\" content=\"image\/jpeg\" \/>\n<meta name=\"twitter:card\" content=\"summary_large_image\" \/>\n<meta name=\"twitter:label1\" content=\"Tiempo de lectura\" \/>\n\t<meta name=\"twitter:data1\" content=\"1 minuto\" \/>\n<script type=\"application\/ld+json\" class=\"yoast-schema-graph\">{\"@context\":\"https:\/\/schema.org\",\"@graph\":[{\"@type\":\"WebPage\",\"@id\":\"https:\/\/demoweb.info\/sexshop001\/producto\/micro-vibe-arouser-bunny-anillo-vibrador-rosa\/\",\"url\":\"https:\/\/demoweb.info\/sexshop001\/producto\/micro-vibe-arouser-bunny-anillo-vibrador-rosa\/\",\"name\":\"MICRO VIBE AROUSER BUNNY - ANILLO VIBRADOR ROSA - Tienda Er\u00f3tica\",\"isPartOf\":{\"@id\":\"https:\/\/demoweb.info\/sexshop001\/#website\"},\"datePublished\":\"2022-01-22T10:08:20+00:00\",\"dateModified\":\"2022-01-22T10:08:22+00:00\",\"breadcrumb\":{\"@id\":\"https:\/\/demoweb.info\/sexshop001\/producto\/micro-vibe-arouser-bunny-anillo-vibrador-rosa\/#breadcrumb\"},\"inLanguage\":\"es\",\"potentialAction\":[{\"@type\":\"ReadAction\",\"target\":[\"https:\/\/demoweb.info\/sexshop001\/producto\/micro-vibe-arouser-bunny-anillo-vibrador-rosa\/\"]}]},{\"@type\":\"BreadcrumbList\",\"@id\":\"https:\/\/demoweb.info\/sexshop001\/producto\/micro-vibe-arouser-bunny-anillo-vibrador-rosa\/#breadcrumb\",\"itemListElement\":[{\"@type\":\"ListItem\",\"position\":1,\"name\":\"Portada\",\"item\":\"https:\/\/demoweb.info\/sexshop001\/\"},{\"@type\":\"ListItem\",\"position\":2,\"name\":\"Tienda\",\"item\":\"https:\/\/demoweb.info\/sexshop001\/tienda\/\"},{\"@type\":\"ListItem\",\"position\":3,\"name\":\"MICRO VIBE AROUSER BUNNY &#8211; ANILLO VIBRADOR ROSA\"}]},{\"@type\":\"WebSite\",\"@id\":\"https:\/\/demoweb.info\/sexshop001\/#website\",\"url\":\"https:\/\/demoweb.info\/sexshop001\/\",\"name\":\"Tienda Er\u00f3tica\",\"description\":\"DEMOWEB SL\",\"potentialAction\":[{\"@type\":\"SearchAction\",\"target\":{\"@type\":\"EntryPoint\",\"urlTemplate\":\"https:\/\/demoweb.info\/sexshop001\/?s={search_term_string}\"},\"query-input\":\"required name=search_term_string\"}],\"inLanguage\":\"es\"}]}<\/script>\n<!-- \/ Yoast SEO plugin. -->","yoast_head_json":{"title":"MICRO VIBE AROUSER BUNNY - ANILLO VIBRADOR ROSA - Tienda Er\u00f3tica","robots":{"index":"noindex","follow":"follow","max-snippet":"max-snippet:-1","max-image-preview":"max-image-preview:large","max-video-preview":"max-video-preview:-1"},"og_locale":"es_ES","og_type":"article","og_title":"MICRO VIBE AROUSER BUNNY - ANILLO VIBRADOR ROSA - Tienda Er\u00f3tica","og_description":"MICRO VIBE AROUSER BUNNY Salta hacia orgasmos incre\u00edbles y simult\u00e1neos con el discreto pero poderoso Micro Vibe Arouser &#8211; Power","og_url":"https:\/\/demoweb.info\/sexshop001\/producto\/micro-vibe-arouser-bunny-anillo-vibrador-rosa\/","og_site_name":"Tienda Er\u00f3tica","article_modified_time":"2022-01-22T10:08:22+00:00","og_image":[{"width":550,"height":550,"url":"https:\/\/demoweb.info\/sexshop001\/wp-content\/uploads\/2022\/01\/MICRO-VIBE-AROUSER-BUNNY-ANILLO-VIBRADOR-ROSA.jpg","type":"image\/jpeg"}],"twitter_card":"summary_large_image","twitter_misc":{"Tiempo de lectura":"1 minuto"},"schema":{"@context":"https:\/\/schema.org","@graph":[{"@type":"WebPage","@id":"https:\/\/demoweb.info\/sexshop001\/producto\/micro-vibe-arouser-bunny-anillo-vibrador-rosa\/","url":"https:\/\/demoweb.info\/sexshop001\/producto\/micro-vibe-arouser-bunny-anillo-vibrador-rosa\/","name":"MICRO VIBE AROUSER BUNNY - ANILLO VIBRADOR ROSA - Tienda Er\u00f3tica","isPartOf":{"@id":"https:\/\/demoweb.info\/sexshop001\/#website"},"datePublished":"2022-01-22T10:08:20+00:00","dateModified":"2022-01-22T10:08:22+00:00","breadcrumb":{"@id":"https:\/\/demoweb.info\/sexshop001\/producto\/micro-vibe-arouser-bunny-anillo-vibrador-rosa\/#breadcrumb"},"inLanguage":"es","potentialAction":[{"@type":"ReadAction","target":["https:\/\/demoweb.info\/sexshop001\/producto\/micro-vibe-arouser-bunny-anillo-vibrador-rosa\/"]}]},{"@type":"BreadcrumbList","@id":"https:\/\/demoweb.info\/sexshop001\/producto\/micro-vibe-arouser-bunny-anillo-vibrador-rosa\/#breadcrumb","itemListElement":[{"@type":"ListItem","position":1,"name":"Portada","item":"https:\/\/demoweb.info\/sexshop001\/"},{"@type":"ListItem","position":2,"name":"Tienda","item":"https:\/\/demoweb.info\/sexshop001\/tienda\/"},{"@type":"ListItem","position":3,"name":"MICRO VIBE AROUSER BUNNY &#8211; ANILLO VIBRADOR ROSA"}]},{"@type":"WebSite","@id":"https:\/\/demoweb.info\/sexshop001\/#website","url":"https:\/\/demoweb.info\/sexshop001\/","name":"Tienda Er\u00f3tica","description":"DEMOWEB SL","potentialAction":[{"@type":"SearchAction","target":{"@type":"EntryPoint","urlTemplate":"https:\/\/demoweb.info\/sexshop001\/?s={search_term_string}"},"query-input":"required name=search_term_string"}],"inLanguage":"es"}]}},"_links":{"self":[{"href":"https:\/\/demoweb.info\/sexshop001\/wp-json\/wp\/v3\/product\/20274","targetHints":{"allow":["GET"]}}],"collection":[{"href":"https:\/\/demoweb.info\/sexshop001\/wp-json\/wp\/v3\/product"}],"about":[{"href":"https:\/\/demoweb.info\/sexshop001\/wp-json\/wp\/v2\/types\/product"}],"replies":[{"embeddable":true,"href":"https:\/\/demoweb.info\/sexshop001\/wp-json\/wp\/v2\/comments?post=20274"}],"wp:featuredmedia":[{"embeddable":true,"href":"https:\/\/demoweb.info\/sexshop001\/wp-json\/wp\/v2\/media\/20275"}],"wp:attachment":[{"href":"https:\/\/demoweb.info\/sexshop001\/wp-json\/wp\/v2\/media?parent=20274"}],"wp:term":[{"taxonomy":"product_cat","embeddable":true,"href":"https:\/\/demoweb.info\/sexshop001\/wp-json\/wp\/v2\/product_cat?post=20274"},{"taxonomy":"product_tag","embeddable":true,"href":"https:\/\/demoweb.info\/sexshop001\/wp-json\/wp\/v2\/product_tag?post=20274"}],"curies":[{"name":"wp","href":"https:\/\/api.w.org\/{rel}","templated":true}]}}