{"id":20269,"date":"2022-01-22T11:08:20","date_gmt":"2022-01-22T10:08:20","guid":{"rendered":"https:\/\/demoweb.info\/sexshop001\/producto\/bolas-plateadas-en-cajita\/"},"modified":"2022-01-22T11:08:20","modified_gmt":"2022-01-22T10:08:20","slug":"bolas-plateadas-en-cajita","status":"publish","type":"product","link":"https:\/\/demoweb.info\/sexshop001\/producto\/bolas-plateadas-en-cajita\/","title":{"rendered":"BOLAS PLATEADAS EN CAJITA"},"content":{"rendered":"<p><strong>SILVER BALLS IN BOX <\/strong><\/p>\n<p><span style=&quot;font-family:tahoma,geneva,sans-serif&quot;>Experimenta un \u00e9xtasis ilimitado con la ex\u00f3tica caja de presentaci\u00f3n Silver Balls.<br \/>\nLas bolas de placer vers\u00e1tiles y de usos m\u00faltiples proporcionan una tonificaci\u00f3n muscular efectiva y una estimulaci\u00f3n  e interminables hormigueos er\u00f3ticos de placer.<\/p>\n<p>Las discretas bolas se pueden usar internamente durante todo el d\u00eda. Las bolas de Kegel est\u00e1n hechas de acero, con galvanoplastia, y cada una mide 2 cm de di\u00e1metro. Las bolas de amor contorneadas suaves y elegantes se presentan en una caja de almacenamiento decorativa transparente.<\/p>\n<p>Las bolas de placer con peso est\u00e1n dise\u00f1adas para una inserci\u00f3n vaginal discreta y brindan un movimiento placentero y un cosquilleo seductor en el interior con cada movimiento de su cuerpo. Utiliza las bolas plateadas para seducir el juego \u00edntimo en solitario y para mantener los m\u00fasculos del amor perfectamente tonificados.<\/p>\n<p>Las bolas de Kegel son ideales para usuarios experimentados y principiantes, y se pueden usar c\u00f3modamente durante todo el d\u00eda. Para experimentar un \u00e9xtasis prolongado, deslice las bolas de acero dentro de la vagina y mu\u00e9valas para crear una satisfacci\u00f3n de estimulaci\u00f3n instant\u00e1nea. Para aumentar la sensibilidad y maximizar el placer, usa siempre un lubricante de calidad con este juguete.<\/p>\n<p>Antes y despu\u00e9s de cada uso, limpia las bolas con un spray limpiador de juguetes. Para asegurarte de que las bolas est\u00e9n siempre listas para la estimulaci\u00f3n seductora y el entrenamiento interno, gu\u00e1rdalas dentro de la caja de almacenamiento de presentaci\u00f3n de lujo.<\/span><\/p>\n<p><strong>Longitud total : <\/strong>2 cm <br \/>\n<strong>Material: <\/strong> Acero con electrochapado<\/p><\/p>\n","protected":false},"excerpt":{"rendered":"<p>SILVER BALLS IN BOX Experimenta un \u00e9xtasis ilimitado con la ex\u00f3tica caja de presentaci\u00f3n Silver Balls. Las bolas de placer<\/p>\n","protected":false},"featured_media":20270,"comment_status":"open","ping_status":"open","template":"","meta":[],"product_cat":[553],"product_tag":[660],"class_list":["post-20269","product","type-product","status-publish","has-post-thumbnail","hentry","product_cat-metal-bolas-y-huevos","product_tag-calexotics"],"bundled_by":[],"bundle_stock_status":"outofstock","bundle_stock_quantity":0,"bundle_virtual":false,"bundle_layout":"","bundle_add_to_cart_form_location":"","bundle_editable_in_cart":false,"bundle_sold_individually_context":"","bundle_item_grouping":"","bundle_min_size":"","bundle_max_size":"","bundled_items":[],"yoast_head":"<!-- This site is optimized with the Yoast SEO plugin v20.6 - https:\/\/yoast.com\/wordpress\/plugins\/seo\/ -->\n<title>BOLAS PLATEADAS EN CAJITA - Tienda Er\u00f3tica<\/title>\n<meta name=\"robots\" content=\"noindex, follow, max-snippet:-1, max-image-preview:large, max-video-preview:-1\" \/>\n<meta property=\"og:locale\" content=\"es_ES\" \/>\n<meta property=\"og:type\" content=\"article\" \/>\n<meta property=\"og:title\" content=\"BOLAS PLATEADAS EN CAJITA - Tienda Er\u00f3tica\" \/>\n<meta property=\"og:description\" content=\"SILVER BALLS IN BOX Experimenta un \u00e9xtasis ilimitado con la ex\u00f3tica caja de presentaci\u00f3n Silver Balls. Las bolas de placer\" \/>\n<meta property=\"og:url\" content=\"https:\/\/demoweb.info\/sexshop001\/producto\/bolas-plateadas-en-cajita\/\" \/>\n<meta property=\"og:site_name\" content=\"Tienda Er\u00f3tica\" \/>\n<meta property=\"og:image\" content=\"https:\/\/demoweb.info\/sexshop001\/wp-content\/uploads\/2022\/01\/BOLAS-PLATEADAS-EN-CAJITA.jpg\" \/>\n\t<meta property=\"og:image:width\" content=\"550\" \/>\n\t<meta property=\"og:image:height\" content=\"550\" \/>\n\t<meta property=\"og:image:type\" content=\"image\/jpeg\" \/>\n<meta name=\"twitter:card\" content=\"summary_large_image\" \/>\n<meta name=\"twitter:label1\" content=\"Tiempo de lectura\" \/>\n\t<meta name=\"twitter:data1\" content=\"1 minuto\" \/>\n<script type=\"application\/ld+json\" class=\"yoast-schema-graph\">{\"@context\":\"https:\/\/schema.org\",\"@graph\":[{\"@type\":\"WebPage\",\"@id\":\"https:\/\/demoweb.info\/sexshop001\/producto\/bolas-plateadas-en-cajita\/\",\"url\":\"https:\/\/demoweb.info\/sexshop001\/producto\/bolas-plateadas-en-cajita\/\",\"name\":\"BOLAS PLATEADAS EN CAJITA - Tienda Er\u00f3tica\",\"isPartOf\":{\"@id\":\"https:\/\/demoweb.info\/sexshop001\/#website\"},\"datePublished\":\"2022-01-22T10:08:20+00:00\",\"dateModified\":\"2022-01-22T10:08:20+00:00\",\"breadcrumb\":{\"@id\":\"https:\/\/demoweb.info\/sexshop001\/producto\/bolas-plateadas-en-cajita\/#breadcrumb\"},\"inLanguage\":\"es\",\"potentialAction\":[{\"@type\":\"ReadAction\",\"target\":[\"https:\/\/demoweb.info\/sexshop001\/producto\/bolas-plateadas-en-cajita\/\"]}]},{\"@type\":\"BreadcrumbList\",\"@id\":\"https:\/\/demoweb.info\/sexshop001\/producto\/bolas-plateadas-en-cajita\/#breadcrumb\",\"itemListElement\":[{\"@type\":\"ListItem\",\"position\":1,\"name\":\"Portada\",\"item\":\"https:\/\/demoweb.info\/sexshop001\/\"},{\"@type\":\"ListItem\",\"position\":2,\"name\":\"Tienda\",\"item\":\"https:\/\/demoweb.info\/sexshop001\/tienda\/\"},{\"@type\":\"ListItem\",\"position\":3,\"name\":\"BOLAS PLATEADAS EN CAJITA\"}]},{\"@type\":\"WebSite\",\"@id\":\"https:\/\/demoweb.info\/sexshop001\/#website\",\"url\":\"https:\/\/demoweb.info\/sexshop001\/\",\"name\":\"Tienda Er\u00f3tica\",\"description\":\"DEMOWEB SL\",\"potentialAction\":[{\"@type\":\"SearchAction\",\"target\":{\"@type\":\"EntryPoint\",\"urlTemplate\":\"https:\/\/demoweb.info\/sexshop001\/?s={search_term_string}\"},\"query-input\":\"required name=search_term_string\"}],\"inLanguage\":\"es\"}]}<\/script>\n<!-- \/ Yoast SEO plugin. -->","yoast_head_json":{"title":"BOLAS PLATEADAS EN CAJITA - Tienda Er\u00f3tica","robots":{"index":"noindex","follow":"follow","max-snippet":"max-snippet:-1","max-image-preview":"max-image-preview:large","max-video-preview":"max-video-preview:-1"},"og_locale":"es_ES","og_type":"article","og_title":"BOLAS PLATEADAS EN CAJITA - Tienda Er\u00f3tica","og_description":"SILVER BALLS IN BOX Experimenta un \u00e9xtasis ilimitado con la ex\u00f3tica caja de presentaci\u00f3n Silver Balls. Las bolas de placer","og_url":"https:\/\/demoweb.info\/sexshop001\/producto\/bolas-plateadas-en-cajita\/","og_site_name":"Tienda Er\u00f3tica","og_image":[{"width":550,"height":550,"url":"https:\/\/demoweb.info\/sexshop001\/wp-content\/uploads\/2022\/01\/BOLAS-PLATEADAS-EN-CAJITA.jpg","type":"image\/jpeg"}],"twitter_card":"summary_large_image","twitter_misc":{"Tiempo de lectura":"1 minuto"},"schema":{"@context":"https:\/\/schema.org","@graph":[{"@type":"WebPage","@id":"https:\/\/demoweb.info\/sexshop001\/producto\/bolas-plateadas-en-cajita\/","url":"https:\/\/demoweb.info\/sexshop001\/producto\/bolas-plateadas-en-cajita\/","name":"BOLAS PLATEADAS EN CAJITA - Tienda Er\u00f3tica","isPartOf":{"@id":"https:\/\/demoweb.info\/sexshop001\/#website"},"datePublished":"2022-01-22T10:08:20+00:00","dateModified":"2022-01-22T10:08:20+00:00","breadcrumb":{"@id":"https:\/\/demoweb.info\/sexshop001\/producto\/bolas-plateadas-en-cajita\/#breadcrumb"},"inLanguage":"es","potentialAction":[{"@type":"ReadAction","target":["https:\/\/demoweb.info\/sexshop001\/producto\/bolas-plateadas-en-cajita\/"]}]},{"@type":"BreadcrumbList","@id":"https:\/\/demoweb.info\/sexshop001\/producto\/bolas-plateadas-en-cajita\/#breadcrumb","itemListElement":[{"@type":"ListItem","position":1,"name":"Portada","item":"https:\/\/demoweb.info\/sexshop001\/"},{"@type":"ListItem","position":2,"name":"Tienda","item":"https:\/\/demoweb.info\/sexshop001\/tienda\/"},{"@type":"ListItem","position":3,"name":"BOLAS PLATEADAS EN CAJITA"}]},{"@type":"WebSite","@id":"https:\/\/demoweb.info\/sexshop001\/#website","url":"https:\/\/demoweb.info\/sexshop001\/","name":"Tienda Er\u00f3tica","description":"DEMOWEB SL","potentialAction":[{"@type":"SearchAction","target":{"@type":"EntryPoint","urlTemplate":"https:\/\/demoweb.info\/sexshop001\/?s={search_term_string}"},"query-input":"required name=search_term_string"}],"inLanguage":"es"}]}},"_links":{"self":[{"href":"https:\/\/demoweb.info\/sexshop001\/wp-json\/wp\/v3\/product\/20269","targetHints":{"allow":["GET"]}}],"collection":[{"href":"https:\/\/demoweb.info\/sexshop001\/wp-json\/wp\/v3\/product"}],"about":[{"href":"https:\/\/demoweb.info\/sexshop001\/wp-json\/wp\/v2\/types\/product"}],"replies":[{"embeddable":true,"href":"https:\/\/demoweb.info\/sexshop001\/wp-json\/wp\/v2\/comments?post=20269"}],"wp:featuredmedia":[{"embeddable":true,"href":"https:\/\/demoweb.info\/sexshop001\/wp-json\/wp\/v2\/media\/20270"}],"wp:attachment":[{"href":"https:\/\/demoweb.info\/sexshop001\/wp-json\/wp\/v2\/media?parent=20269"}],"wp:term":[{"taxonomy":"product_cat","embeddable":true,"href":"https:\/\/demoweb.info\/sexshop001\/wp-json\/wp\/v2\/product_cat?post=20269"},{"taxonomy":"product_tag","embeddable":true,"href":"https:\/\/demoweb.info\/sexshop001\/wp-json\/wp\/v2\/product_tag?post=20269"}],"curies":[{"name":"wp","href":"https:\/\/api.w.org\/{rel}","templated":true}]}}