{"id":20263,"date":"2022-01-22T11:07:45","date_gmt":"2022-01-22T10:07:45","guid":{"rendered":"https:\/\/demoweb.info\/sexshop001\/producto\/estimulador-clitoris-sexo-oral-rosa\/"},"modified":"2022-01-22T11:08:15","modified_gmt":"2022-01-22T10:08:15","slug":"estimulador-clitoris-sexo-oral-rosa","status":"publish","type":"product","link":"https:\/\/demoweb.info\/sexshop001\/producto\/estimulador-clitoris-sexo-oral-rosa\/","title":{"rendered":"ESTIMULADOR CL\u00cdTORIS SEXO ORAL &#8211; ROSA"},"content":{"rendered":"<p><strong>CLIT KISSER <\/strong><\/p>\n<pre>\n<span style=&quot;font-family:tahoma,geneva,sans-serif&quot;>\u00a1B\u00e9same r\u00e1pido! El innovador Clit Kisser \u2122 de CalExotics te ofrece lo \u00faltimo en estimulaci\u00f3n del sexo oral.\nAhora puedes llevarlo en tu bolso, \u00a1y nadie necesita saberlo! El estimulador del cl\u00edtoris tiene una forma innovadora de boca, con una lengua que sobresale, \u00a1perfecto para darle una lamida a tu cl\u00edtoris cuando tu pareja no est\u00e1 cerca!\n\nLos labios vibrantes estimulan tu zona, mientras que la lengua parpadea y revolotea alrededor de tu cl\u00edtoris para una experiencia de orgasmo sublime. La boca suave del juguete  est\u00e1 moldeada a partir de TPR.\nEl Clit Kisser \u2122 tiene una poderosa sensaci\u00f3n de vibraci\u00f3n, que enviar\u00e1 ondas de placer por todo tu cuerpo. \u00a1La funci\u00f3n de m\u00faltiples velocidades te permite controlar los niveles de satisfacci\u00f3n que desees! \nTe recomendamos utilizar este vibrante juguete con un lubricante para una mayor satisfacci\u00f3n.\n<\/span>\n<span style=&quot;font-family:tahoma,geneva,sans-serif&quot;><strong>Longitud total : <\/strong>9 cm x 5.75 cm \n<strong>Material    <\/strong>TPR (arouser) ABS with Silver Plating (stimulator) PP (controller)\n<strong>Bater\u00edas<\/strong> <strong>requeridas    <\/strong>AA\n<\/span>\n<\/pre>\n","protected":false},"excerpt":{"rendered":"<p>CLIT KISSER \u00a1B\u00e9same r\u00e1pido! El innovador Clit Kisser \u2122 de CalExotics te ofrece lo \u00faltimo en estimulaci\u00f3n del sexo oral.<\/p>\n","protected":false},"featured_media":20264,"comment_status":"open","ping_status":"open","template":"","meta":[],"product_cat":[370],"product_tag":[660],"class_list":["post-20263","product","type-product","status-publish","has-post-thumbnail","hentry","product_cat-clitoris","product_tag-calexotics"],"bundled_by":[],"bundle_stock_status":"instock","bundle_stock_quantity":1,"bundle_virtual":false,"bundle_layout":"","bundle_add_to_cart_form_location":"","bundle_editable_in_cart":false,"bundle_sold_individually_context":"","bundle_item_grouping":"","bundle_min_size":"","bundle_max_size":"","bundled_items":[],"yoast_head":"<!-- This site is optimized with the Yoast SEO plugin v20.6 - https:\/\/yoast.com\/wordpress\/plugins\/seo\/ -->\n<title>ESTIMULADOR CL\u00cdTORIS SEXO ORAL - ROSA - Tienda Er\u00f3tica<\/title>\n<meta name=\"robots\" content=\"noindex, follow, max-snippet:-1, max-image-preview:large, max-video-preview:-1\" \/>\n<meta property=\"og:locale\" content=\"es_ES\" \/>\n<meta property=\"og:type\" content=\"article\" \/>\n<meta property=\"og:title\" content=\"ESTIMULADOR CL\u00cdTORIS SEXO ORAL - ROSA - Tienda Er\u00f3tica\" \/>\n<meta property=\"og:description\" content=\"CLIT KISSER \u00a1B\u00e9same r\u00e1pido! El innovador Clit Kisser \u2122 de CalExotics te ofrece lo \u00faltimo en estimulaci\u00f3n del sexo oral.\" \/>\n<meta property=\"og:url\" content=\"https:\/\/demoweb.info\/sexshop001\/producto\/estimulador-clitoris-sexo-oral-rosa\/\" \/>\n<meta property=\"og:site_name\" content=\"Tienda Er\u00f3tica\" \/>\n<meta property=\"article:modified_time\" content=\"2022-01-22T10:08:15+00:00\" \/>\n<meta property=\"og:image\" content=\"https:\/\/demoweb.info\/sexshop001\/wp-content\/uploads\/2022\/01\/ESTIMULADOR-CLITORIS-SEXO-ORAL-ROSA.jpg\" \/>\n\t<meta property=\"og:image:width\" content=\"550\" \/>\n\t<meta property=\"og:image:height\" content=\"550\" \/>\n\t<meta property=\"og:image:type\" content=\"image\/jpeg\" \/>\n<meta name=\"twitter:card\" content=\"summary_large_image\" \/>\n<meta name=\"twitter:label1\" content=\"Tiempo de lectura\" \/>\n\t<meta name=\"twitter:data1\" content=\"1 minuto\" \/>\n<script type=\"application\/ld+json\" class=\"yoast-schema-graph\">{\"@context\":\"https:\/\/schema.org\",\"@graph\":[{\"@type\":\"WebPage\",\"@id\":\"https:\/\/demoweb.info\/sexshop001\/producto\/estimulador-clitoris-sexo-oral-rosa\/\",\"url\":\"https:\/\/demoweb.info\/sexshop001\/producto\/estimulador-clitoris-sexo-oral-rosa\/\",\"name\":\"ESTIMULADOR CL\u00cdTORIS SEXO ORAL - ROSA - Tienda Er\u00f3tica\",\"isPartOf\":{\"@id\":\"https:\/\/demoweb.info\/sexshop001\/#website\"},\"datePublished\":\"2022-01-22T10:07:45+00:00\",\"dateModified\":\"2022-01-22T10:08:15+00:00\",\"breadcrumb\":{\"@id\":\"https:\/\/demoweb.info\/sexshop001\/producto\/estimulador-clitoris-sexo-oral-rosa\/#breadcrumb\"},\"inLanguage\":\"es\",\"potentialAction\":[{\"@type\":\"ReadAction\",\"target\":[\"https:\/\/demoweb.info\/sexshop001\/producto\/estimulador-clitoris-sexo-oral-rosa\/\"]}]},{\"@type\":\"BreadcrumbList\",\"@id\":\"https:\/\/demoweb.info\/sexshop001\/producto\/estimulador-clitoris-sexo-oral-rosa\/#breadcrumb\",\"itemListElement\":[{\"@type\":\"ListItem\",\"position\":1,\"name\":\"Portada\",\"item\":\"https:\/\/demoweb.info\/sexshop001\/\"},{\"@type\":\"ListItem\",\"position\":2,\"name\":\"Tienda\",\"item\":\"https:\/\/demoweb.info\/sexshop001\/tienda\/\"},{\"@type\":\"ListItem\",\"position\":3,\"name\":\"ESTIMULADOR CL\u00cdTORIS SEXO ORAL &#8211; ROSA\"}]},{\"@type\":\"WebSite\",\"@id\":\"https:\/\/demoweb.info\/sexshop001\/#website\",\"url\":\"https:\/\/demoweb.info\/sexshop001\/\",\"name\":\"Tienda Er\u00f3tica\",\"description\":\"DEMOWEB SL\",\"potentialAction\":[{\"@type\":\"SearchAction\",\"target\":{\"@type\":\"EntryPoint\",\"urlTemplate\":\"https:\/\/demoweb.info\/sexshop001\/?s={search_term_string}\"},\"query-input\":\"required name=search_term_string\"}],\"inLanguage\":\"es\"}]}<\/script>\n<!-- \/ Yoast SEO plugin. -->","yoast_head_json":{"title":"ESTIMULADOR CL\u00cdTORIS SEXO ORAL - ROSA - Tienda Er\u00f3tica","robots":{"index":"noindex","follow":"follow","max-snippet":"max-snippet:-1","max-image-preview":"max-image-preview:large","max-video-preview":"max-video-preview:-1"},"og_locale":"es_ES","og_type":"article","og_title":"ESTIMULADOR CL\u00cdTORIS SEXO ORAL - ROSA - Tienda Er\u00f3tica","og_description":"CLIT KISSER \u00a1B\u00e9same r\u00e1pido! El innovador Clit Kisser \u2122 de CalExotics te ofrece lo \u00faltimo en estimulaci\u00f3n del sexo oral.","og_url":"https:\/\/demoweb.info\/sexshop001\/producto\/estimulador-clitoris-sexo-oral-rosa\/","og_site_name":"Tienda Er\u00f3tica","article_modified_time":"2022-01-22T10:08:15+00:00","og_image":[{"width":550,"height":550,"url":"https:\/\/demoweb.info\/sexshop001\/wp-content\/uploads\/2022\/01\/ESTIMULADOR-CLITORIS-SEXO-ORAL-ROSA.jpg","type":"image\/jpeg"}],"twitter_card":"summary_large_image","twitter_misc":{"Tiempo de lectura":"1 minuto"},"schema":{"@context":"https:\/\/schema.org","@graph":[{"@type":"WebPage","@id":"https:\/\/demoweb.info\/sexshop001\/producto\/estimulador-clitoris-sexo-oral-rosa\/","url":"https:\/\/demoweb.info\/sexshop001\/producto\/estimulador-clitoris-sexo-oral-rosa\/","name":"ESTIMULADOR CL\u00cdTORIS SEXO ORAL - ROSA - Tienda Er\u00f3tica","isPartOf":{"@id":"https:\/\/demoweb.info\/sexshop001\/#website"},"datePublished":"2022-01-22T10:07:45+00:00","dateModified":"2022-01-22T10:08:15+00:00","breadcrumb":{"@id":"https:\/\/demoweb.info\/sexshop001\/producto\/estimulador-clitoris-sexo-oral-rosa\/#breadcrumb"},"inLanguage":"es","potentialAction":[{"@type":"ReadAction","target":["https:\/\/demoweb.info\/sexshop001\/producto\/estimulador-clitoris-sexo-oral-rosa\/"]}]},{"@type":"BreadcrumbList","@id":"https:\/\/demoweb.info\/sexshop001\/producto\/estimulador-clitoris-sexo-oral-rosa\/#breadcrumb","itemListElement":[{"@type":"ListItem","position":1,"name":"Portada","item":"https:\/\/demoweb.info\/sexshop001\/"},{"@type":"ListItem","position":2,"name":"Tienda","item":"https:\/\/demoweb.info\/sexshop001\/tienda\/"},{"@type":"ListItem","position":3,"name":"ESTIMULADOR CL\u00cdTORIS SEXO ORAL &#8211; ROSA"}]},{"@type":"WebSite","@id":"https:\/\/demoweb.info\/sexshop001\/#website","url":"https:\/\/demoweb.info\/sexshop001\/","name":"Tienda Er\u00f3tica","description":"DEMOWEB SL","potentialAction":[{"@type":"SearchAction","target":{"@type":"EntryPoint","urlTemplate":"https:\/\/demoweb.info\/sexshop001\/?s={search_term_string}"},"query-input":"required name=search_term_string"}],"inLanguage":"es"}]}},"_links":{"self":[{"href":"https:\/\/demoweb.info\/sexshop001\/wp-json\/wp\/v3\/product\/20263","targetHints":{"allow":["GET"]}}],"collection":[{"href":"https:\/\/demoweb.info\/sexshop001\/wp-json\/wp\/v3\/product"}],"about":[{"href":"https:\/\/demoweb.info\/sexshop001\/wp-json\/wp\/v2\/types\/product"}],"replies":[{"embeddable":true,"href":"https:\/\/demoweb.info\/sexshop001\/wp-json\/wp\/v2\/comments?post=20263"}],"wp:featuredmedia":[{"embeddable":true,"href":"https:\/\/demoweb.info\/sexshop001\/wp-json\/wp\/v2\/media\/20264"}],"wp:attachment":[{"href":"https:\/\/demoweb.info\/sexshop001\/wp-json\/wp\/v2\/media?parent=20263"}],"wp:term":[{"taxonomy":"product_cat","embeddable":true,"href":"https:\/\/demoweb.info\/sexshop001\/wp-json\/wp\/v2\/product_cat?post=20263"},{"taxonomy":"product_tag","embeddable":true,"href":"https:\/\/demoweb.info\/sexshop001\/wp-json\/wp\/v2\/product_tag?post=20263"}],"curies":[{"name":"wp","href":"https:\/\/api.w.org\/{rel}","templated":true}]}}