{"id":20252,"date":"2022-01-22T11:07:45","date_gmt":"2022-01-22T10:07:45","guid":{"rendered":"https:\/\/demoweb.info\/sexshop001\/producto\/pene-piel-suave-1905-cm\/"},"modified":"2022-01-22T11:08:10","modified_gmt":"2022-01-22T10:08:10","slug":"pene-piel-suave-1905-cm","status":"publish","type":"product","link":"https:\/\/demoweb.info\/sexshop001\/producto\/pene-piel-suave-1905-cm\/","title":{"rendered":"PENE PIEL SUAVE 19,05 CM"},"content":{"rendered":"<p><strong>SOFT SKINS VEINED DONG 19,05 CM<\/strong><\/p>\n<p>Obten una sensaci\u00f3n de salvavidas con Softskins Veined Dong, un avanzado juguete para adultos dise\u00f1ado para mujeres que desean lograr el placer m\u00e1s org\u00e1smico en la comodidad de su dormitorio.<\/p>\n<p>Con 19,05 cm est\u00e1  dise\u00f1ado para imitar la anatom\u00eda masculina, la gama Softskins utiliza una nueva tecnolog\u00eda para crear una sensaci\u00f3n realista. Suave y flexible para ese toque realista, pero lo suficientemente firme como para brindarte la m\u00e1xima estimulaci\u00f3n.<\/p>\n<p>Hecho con una curva natural y terminado con todas las venas y ranuras de aspecto aut\u00e9ntico de un pene masculino. Adem\u00e1s de parecerse a la realidad, la textura agregada de las venas asegurar\u00e1 la m\u00e1xima satisfacci\u00f3n cada vez que lo uses.<\/p>\n<p>Este dong es f\u00e1cil de manejar y mide 19,05 cm en total para una generosa intimidad masaje adem\u00e1s mide 4,45 cm de ancho, lo que lo hace igual de impresionante que un pene real. El consolador realista es un fant\u00e1stico juguete para adultos para usar durante el placer personal o  para usar con un compa\u00f1ero durante los juegos previos. <br \/>\nUtiliza un lubricante  de alta calidad para maximizar la experiencia.<\/p>\n<p><strong>Longitud total : <\/strong>19 cm x 4.5 cm<br \/>\n<strong>Material: <\/strong> Phthalate-Free PVC\n <\/p>\n","protected":false},"excerpt":{"rendered":"<p>SOFT SKINS VEINED DONG 19,05 CM Obten una sensaci\u00f3n de salvavidas con Softskins Veined Dong, un avanzado juguete para adultos<\/p>\n","protected":false},"featured_media":20253,"comment_status":"open","ping_status":"open","template":"","meta":[],"product_cat":[776],"product_tag":[660,991],"class_list":["post-20252","product","type-product","status-publish","has-post-thumbnail","hentry","product_cat-vibradores-dildos","product_tag-calexotics","product_tag-lifelike-dongs"],"bundled_by":[],"bundle_stock_status":"instock","bundle_stock_quantity":2,"bundle_virtual":false,"bundle_layout":"","bundle_add_to_cart_form_location":"","bundle_editable_in_cart":false,"bundle_sold_individually_context":"","bundle_item_grouping":"","bundle_min_size":"","bundle_max_size":"","bundled_items":[],"yoast_head":"<!-- This site is optimized with the Yoast SEO plugin v20.6 - https:\/\/yoast.com\/wordpress\/plugins\/seo\/ -->\n<title>PENE PIEL SUAVE 19,05 CM - Tienda Er\u00f3tica<\/title>\n<meta name=\"robots\" content=\"noindex, follow, max-snippet:-1, max-image-preview:large, max-video-preview:-1\" \/>\n<meta property=\"og:locale\" content=\"es_ES\" \/>\n<meta property=\"og:type\" content=\"article\" \/>\n<meta property=\"og:title\" content=\"PENE PIEL SUAVE 19,05 CM - Tienda Er\u00f3tica\" \/>\n<meta property=\"og:description\" content=\"SOFT SKINS VEINED DONG 19,05 CM Obten una sensaci\u00f3n de salvavidas con Softskins Veined Dong, un avanzado juguete para adultos\" \/>\n<meta property=\"og:url\" content=\"https:\/\/demoweb.info\/sexshop001\/producto\/pene-piel-suave-1905-cm\/\" \/>\n<meta property=\"og:site_name\" content=\"Tienda Er\u00f3tica\" \/>\n<meta property=\"article:modified_time\" content=\"2022-01-22T10:08:10+00:00\" \/>\n<meta property=\"og:image\" content=\"https:\/\/demoweb.info\/sexshop001\/wp-content\/uploads\/2022\/01\/PENE-PIEL-SUAVE-1905-CM.jpg\" \/>\n\t<meta property=\"og:image:width\" content=\"550\" \/>\n\t<meta property=\"og:image:height\" content=\"550\" \/>\n\t<meta property=\"og:image:type\" content=\"image\/jpeg\" \/>\n<meta name=\"twitter:card\" content=\"summary_large_image\" \/>\n<meta name=\"twitter:label1\" content=\"Tiempo de lectura\" \/>\n\t<meta name=\"twitter:data1\" content=\"1 minuto\" \/>\n<script type=\"application\/ld+json\" class=\"yoast-schema-graph\">{\"@context\":\"https:\/\/schema.org\",\"@graph\":[{\"@type\":\"WebPage\",\"@id\":\"https:\/\/demoweb.info\/sexshop001\/producto\/pene-piel-suave-1905-cm\/\",\"url\":\"https:\/\/demoweb.info\/sexshop001\/producto\/pene-piel-suave-1905-cm\/\",\"name\":\"PENE PIEL SUAVE 19,05 CM - Tienda Er\u00f3tica\",\"isPartOf\":{\"@id\":\"https:\/\/demoweb.info\/sexshop001\/#website\"},\"datePublished\":\"2022-01-22T10:07:45+00:00\",\"dateModified\":\"2022-01-22T10:08:10+00:00\",\"breadcrumb\":{\"@id\":\"https:\/\/demoweb.info\/sexshop001\/producto\/pene-piel-suave-1905-cm\/#breadcrumb\"},\"inLanguage\":\"es\",\"potentialAction\":[{\"@type\":\"ReadAction\",\"target\":[\"https:\/\/demoweb.info\/sexshop001\/producto\/pene-piel-suave-1905-cm\/\"]}]},{\"@type\":\"BreadcrumbList\",\"@id\":\"https:\/\/demoweb.info\/sexshop001\/producto\/pene-piel-suave-1905-cm\/#breadcrumb\",\"itemListElement\":[{\"@type\":\"ListItem\",\"position\":1,\"name\":\"Portada\",\"item\":\"https:\/\/demoweb.info\/sexshop001\/\"},{\"@type\":\"ListItem\",\"position\":2,\"name\":\"Tienda\",\"item\":\"https:\/\/demoweb.info\/sexshop001\/tienda\/\"},{\"@type\":\"ListItem\",\"position\":3,\"name\":\"PENE PIEL SUAVE 19,05 CM\"}]},{\"@type\":\"WebSite\",\"@id\":\"https:\/\/demoweb.info\/sexshop001\/#website\",\"url\":\"https:\/\/demoweb.info\/sexshop001\/\",\"name\":\"Tienda Er\u00f3tica\",\"description\":\"DEMOWEB SL\",\"potentialAction\":[{\"@type\":\"SearchAction\",\"target\":{\"@type\":\"EntryPoint\",\"urlTemplate\":\"https:\/\/demoweb.info\/sexshop001\/?s={search_term_string}\"},\"query-input\":\"required name=search_term_string\"}],\"inLanguage\":\"es\"}]}<\/script>\n<!-- \/ Yoast SEO plugin. -->","yoast_head_json":{"title":"PENE PIEL SUAVE 19,05 CM - Tienda Er\u00f3tica","robots":{"index":"noindex","follow":"follow","max-snippet":"max-snippet:-1","max-image-preview":"max-image-preview:large","max-video-preview":"max-video-preview:-1"},"og_locale":"es_ES","og_type":"article","og_title":"PENE PIEL SUAVE 19,05 CM - Tienda Er\u00f3tica","og_description":"SOFT SKINS VEINED DONG 19,05 CM Obten una sensaci\u00f3n de salvavidas con Softskins Veined Dong, un avanzado juguete para adultos","og_url":"https:\/\/demoweb.info\/sexshop001\/producto\/pene-piel-suave-1905-cm\/","og_site_name":"Tienda Er\u00f3tica","article_modified_time":"2022-01-22T10:08:10+00:00","og_image":[{"width":550,"height":550,"url":"https:\/\/demoweb.info\/sexshop001\/wp-content\/uploads\/2022\/01\/PENE-PIEL-SUAVE-1905-CM.jpg","type":"image\/jpeg"}],"twitter_card":"summary_large_image","twitter_misc":{"Tiempo de lectura":"1 minuto"},"schema":{"@context":"https:\/\/schema.org","@graph":[{"@type":"WebPage","@id":"https:\/\/demoweb.info\/sexshop001\/producto\/pene-piel-suave-1905-cm\/","url":"https:\/\/demoweb.info\/sexshop001\/producto\/pene-piel-suave-1905-cm\/","name":"PENE PIEL SUAVE 19,05 CM - Tienda Er\u00f3tica","isPartOf":{"@id":"https:\/\/demoweb.info\/sexshop001\/#website"},"datePublished":"2022-01-22T10:07:45+00:00","dateModified":"2022-01-22T10:08:10+00:00","breadcrumb":{"@id":"https:\/\/demoweb.info\/sexshop001\/producto\/pene-piel-suave-1905-cm\/#breadcrumb"},"inLanguage":"es","potentialAction":[{"@type":"ReadAction","target":["https:\/\/demoweb.info\/sexshop001\/producto\/pene-piel-suave-1905-cm\/"]}]},{"@type":"BreadcrumbList","@id":"https:\/\/demoweb.info\/sexshop001\/producto\/pene-piel-suave-1905-cm\/#breadcrumb","itemListElement":[{"@type":"ListItem","position":1,"name":"Portada","item":"https:\/\/demoweb.info\/sexshop001\/"},{"@type":"ListItem","position":2,"name":"Tienda","item":"https:\/\/demoweb.info\/sexshop001\/tienda\/"},{"@type":"ListItem","position":3,"name":"PENE PIEL SUAVE 19,05 CM"}]},{"@type":"WebSite","@id":"https:\/\/demoweb.info\/sexshop001\/#website","url":"https:\/\/demoweb.info\/sexshop001\/","name":"Tienda Er\u00f3tica","description":"DEMOWEB SL","potentialAction":[{"@type":"SearchAction","target":{"@type":"EntryPoint","urlTemplate":"https:\/\/demoweb.info\/sexshop001\/?s={search_term_string}"},"query-input":"required name=search_term_string"}],"inLanguage":"es"}]}},"_links":{"self":[{"href":"https:\/\/demoweb.info\/sexshop001\/wp-json\/wp\/v3\/product\/20252","targetHints":{"allow":["GET"]}}],"collection":[{"href":"https:\/\/demoweb.info\/sexshop001\/wp-json\/wp\/v3\/product"}],"about":[{"href":"https:\/\/demoweb.info\/sexshop001\/wp-json\/wp\/v2\/types\/product"}],"replies":[{"embeddable":true,"href":"https:\/\/demoweb.info\/sexshop001\/wp-json\/wp\/v2\/comments?post=20252"}],"wp:featuredmedia":[{"embeddable":true,"href":"https:\/\/demoweb.info\/sexshop001\/wp-json\/wp\/v2\/media\/20253"}],"wp:attachment":[{"href":"https:\/\/demoweb.info\/sexshop001\/wp-json\/wp\/v2\/media?parent=20252"}],"wp:term":[{"taxonomy":"product_cat","embeddable":true,"href":"https:\/\/demoweb.info\/sexshop001\/wp-json\/wp\/v2\/product_cat?post=20252"},{"taxonomy":"product_tag","embeddable":true,"href":"https:\/\/demoweb.info\/sexshop001\/wp-json\/wp\/v2\/product_tag?post=20252"}],"curies":[{"name":"wp","href":"https:\/\/api.w.org\/{rel}","templated":true}]}}