{"id":20240,"date":"2022-01-22T11:07:45","date_gmt":"2022-01-22T10:07:45","guid":{"rendered":"https:\/\/demoweb.info\/sexshop001\/producto\/masajeador-mini-miracle-rosa\/"},"modified":"2022-01-22T11:08:05","modified_gmt":"2022-01-22T10:08:05","slug":"masajeador-mini-miracle-rosa","status":"publish","type":"product","link":"https:\/\/demoweb.info\/sexshop001\/producto\/masajeador-mini-miracle-rosa\/","title":{"rendered":"MASAJEADOR MINI MIRACLE &#8211; ROSA"},"content":{"rendered":"<p><strong>MINI MIRACLE MASSAGER <\/strong><\/p>\n<p>El Mini Miracle Massager\u00ae Recargable, listo para viajar, se encarga de todas sus necesidades con un cuerpo de silicona ultra suave, 20 funciones de vibraci\u00f3n y un profundo poder retumbante.<\/p>\n<p>Restaure su placer o sus m\u00fasculos adoloridos con el dise\u00f1o vers\u00e1til y la cabeza ancha y flexible.<\/p>\n<p>Use el panel de control de bot\u00f3n f\u00e1cil para recorrer las 20 configuraciones de sacudidas de rodilla o use la funci\u00f3n de bloqueo de viaje seguro para llevar su pasi\u00f3n a la marcha.<\/p>\n<p>Mientras que el bot\u00f3n de toque f\u00e1cil controla la intensidad y la vibraci\u00f3n le brinda la estimulaci\u00f3n que desea, el chip de memoria integrado de \u00faltima generaci\u00f3n recuerda c\u00f3mo le gusta al comenzar con la \u00faltima funci\u00f3n utilizada.<\/p>\n<p>Recargue el masajeador de silicona premium en 1 hora con el cable de carga USB provisto para disfrutar de 1,5 horas de vibraciones a baja velocidad y 1 hora de estimulaci\u00f3n de alta velocidad.<\/p>\n<p>El puerto de carga autosellante y el cuerpo pr\u00e1cticamente sin costuras te permiten entrar y salir del agua con vapor con esta varita impermeable.<\/p>\n<p>La silicona de primera calidad hipoalerg\u00e9nica es segura para el cuerpo, sin perfume y sin ftalatos para mantener los puntos m\u00e1s sensibles, felices y saludables.<\/p>\n<ul>\n<li>Longitud total: 19 x 5 cm\/ 5.75 x 5 cm \/ 2.25 (cabeza)<\/li>\n<li>Modos de vibraci\u00f3n: 20<\/li>\n<li>Impermeable: S\u00ed<\/li>\n<li>Bodysafe: S\u00ed<\/li>\n<li>Material: Silicona<\/li>\n<li>Motores: 1<\/li>\n<li>Bater\u00edas requeridas: USB Recargable<\/li>\n<\/ul>\n","protected":false},"excerpt":{"rendered":"<p>MINI MIRACLE MASSAGER El Mini Miracle Massager\u00ae Recargable, listo para viajar, se encarga de todas sus necesidades con un cuerpo<\/p>\n","protected":false},"featured_media":20241,"comment_status":"open","ping_status":"open","template":"","meta":[],"product_cat":[370],"product_tag":[660,990],"class_list":["post-20240","product","type-product","status-publish","has-post-thumbnail","hentry","product_cat-clitoris","product_tag-calexotics","product_tag-massagers"],"bundled_by":[],"bundle_stock_status":"instock","bundle_stock_quantity":1,"bundle_virtual":false,"bundle_layout":"","bundle_add_to_cart_form_location":"","bundle_editable_in_cart":false,"bundle_sold_individually_context":"","bundle_item_grouping":"","bundle_min_size":"","bundle_max_size":"","bundled_items":[],"yoast_head":"<!-- This site is optimized with the Yoast SEO plugin v20.6 - https:\/\/yoast.com\/wordpress\/plugins\/seo\/ -->\n<title>MASAJEADOR MINI MIRACLE - ROSA - Tienda Er\u00f3tica<\/title>\n<meta name=\"robots\" content=\"noindex, follow, max-snippet:-1, max-image-preview:large, max-video-preview:-1\" \/>\n<meta property=\"og:locale\" content=\"es_ES\" \/>\n<meta property=\"og:type\" content=\"article\" \/>\n<meta property=\"og:title\" content=\"MASAJEADOR MINI MIRACLE - ROSA - Tienda Er\u00f3tica\" \/>\n<meta property=\"og:description\" content=\"MINI MIRACLE MASSAGER El Mini Miracle Massager\u00ae Recargable, listo para viajar, se encarga de todas sus necesidades con un cuerpo\" \/>\n<meta property=\"og:url\" content=\"https:\/\/demoweb.info\/sexshop001\/producto\/masajeador-mini-miracle-rosa\/\" \/>\n<meta property=\"og:site_name\" content=\"Tienda Er\u00f3tica\" \/>\n<meta property=\"article:modified_time\" content=\"2022-01-22T10:08:05+00:00\" \/>\n<meta property=\"og:image\" content=\"https:\/\/demoweb.info\/sexshop001\/wp-content\/uploads\/2022\/01\/MASAJEADOR-MINI-MIRACLE-ROSA.jpg\" \/>\n\t<meta property=\"og:image:width\" content=\"550\" \/>\n\t<meta property=\"og:image:height\" content=\"550\" \/>\n\t<meta property=\"og:image:type\" content=\"image\/jpeg\" \/>\n<meta name=\"twitter:card\" content=\"summary_large_image\" \/>\n<meta name=\"twitter:label1\" content=\"Tiempo de lectura\" \/>\n\t<meta name=\"twitter:data1\" content=\"1 minuto\" \/>\n<script type=\"application\/ld+json\" class=\"yoast-schema-graph\">{\"@context\":\"https:\/\/schema.org\",\"@graph\":[{\"@type\":\"WebPage\",\"@id\":\"https:\/\/demoweb.info\/sexshop001\/producto\/masajeador-mini-miracle-rosa\/\",\"url\":\"https:\/\/demoweb.info\/sexshop001\/producto\/masajeador-mini-miracle-rosa\/\",\"name\":\"MASAJEADOR MINI MIRACLE - ROSA - Tienda Er\u00f3tica\",\"isPartOf\":{\"@id\":\"https:\/\/demoweb.info\/sexshop001\/#website\"},\"datePublished\":\"2022-01-22T10:07:45+00:00\",\"dateModified\":\"2022-01-22T10:08:05+00:00\",\"breadcrumb\":{\"@id\":\"https:\/\/demoweb.info\/sexshop001\/producto\/masajeador-mini-miracle-rosa\/#breadcrumb\"},\"inLanguage\":\"es\",\"potentialAction\":[{\"@type\":\"ReadAction\",\"target\":[\"https:\/\/demoweb.info\/sexshop001\/producto\/masajeador-mini-miracle-rosa\/\"]}]},{\"@type\":\"BreadcrumbList\",\"@id\":\"https:\/\/demoweb.info\/sexshop001\/producto\/masajeador-mini-miracle-rosa\/#breadcrumb\",\"itemListElement\":[{\"@type\":\"ListItem\",\"position\":1,\"name\":\"Portada\",\"item\":\"https:\/\/demoweb.info\/sexshop001\/\"},{\"@type\":\"ListItem\",\"position\":2,\"name\":\"Tienda\",\"item\":\"https:\/\/demoweb.info\/sexshop001\/tienda\/\"},{\"@type\":\"ListItem\",\"position\":3,\"name\":\"MASAJEADOR MINI MIRACLE &#8211; ROSA\"}]},{\"@type\":\"WebSite\",\"@id\":\"https:\/\/demoweb.info\/sexshop001\/#website\",\"url\":\"https:\/\/demoweb.info\/sexshop001\/\",\"name\":\"Tienda Er\u00f3tica\",\"description\":\"DEMOWEB SL\",\"potentialAction\":[{\"@type\":\"SearchAction\",\"target\":{\"@type\":\"EntryPoint\",\"urlTemplate\":\"https:\/\/demoweb.info\/sexshop001\/?s={search_term_string}\"},\"query-input\":\"required name=search_term_string\"}],\"inLanguage\":\"es\"}]}<\/script>\n<!-- \/ Yoast SEO plugin. -->","yoast_head_json":{"title":"MASAJEADOR MINI MIRACLE - ROSA - Tienda Er\u00f3tica","robots":{"index":"noindex","follow":"follow","max-snippet":"max-snippet:-1","max-image-preview":"max-image-preview:large","max-video-preview":"max-video-preview:-1"},"og_locale":"es_ES","og_type":"article","og_title":"MASAJEADOR MINI MIRACLE - ROSA - Tienda Er\u00f3tica","og_description":"MINI MIRACLE MASSAGER El Mini Miracle Massager\u00ae Recargable, listo para viajar, se encarga de todas sus necesidades con un cuerpo","og_url":"https:\/\/demoweb.info\/sexshop001\/producto\/masajeador-mini-miracle-rosa\/","og_site_name":"Tienda Er\u00f3tica","article_modified_time":"2022-01-22T10:08:05+00:00","og_image":[{"width":550,"height":550,"url":"https:\/\/demoweb.info\/sexshop001\/wp-content\/uploads\/2022\/01\/MASAJEADOR-MINI-MIRACLE-ROSA.jpg","type":"image\/jpeg"}],"twitter_card":"summary_large_image","twitter_misc":{"Tiempo de lectura":"1 minuto"},"schema":{"@context":"https:\/\/schema.org","@graph":[{"@type":"WebPage","@id":"https:\/\/demoweb.info\/sexshop001\/producto\/masajeador-mini-miracle-rosa\/","url":"https:\/\/demoweb.info\/sexshop001\/producto\/masajeador-mini-miracle-rosa\/","name":"MASAJEADOR MINI MIRACLE - ROSA - Tienda Er\u00f3tica","isPartOf":{"@id":"https:\/\/demoweb.info\/sexshop001\/#website"},"datePublished":"2022-01-22T10:07:45+00:00","dateModified":"2022-01-22T10:08:05+00:00","breadcrumb":{"@id":"https:\/\/demoweb.info\/sexshop001\/producto\/masajeador-mini-miracle-rosa\/#breadcrumb"},"inLanguage":"es","potentialAction":[{"@type":"ReadAction","target":["https:\/\/demoweb.info\/sexshop001\/producto\/masajeador-mini-miracle-rosa\/"]}]},{"@type":"BreadcrumbList","@id":"https:\/\/demoweb.info\/sexshop001\/producto\/masajeador-mini-miracle-rosa\/#breadcrumb","itemListElement":[{"@type":"ListItem","position":1,"name":"Portada","item":"https:\/\/demoweb.info\/sexshop001\/"},{"@type":"ListItem","position":2,"name":"Tienda","item":"https:\/\/demoweb.info\/sexshop001\/tienda\/"},{"@type":"ListItem","position":3,"name":"MASAJEADOR MINI MIRACLE &#8211; ROSA"}]},{"@type":"WebSite","@id":"https:\/\/demoweb.info\/sexshop001\/#website","url":"https:\/\/demoweb.info\/sexshop001\/","name":"Tienda Er\u00f3tica","description":"DEMOWEB SL","potentialAction":[{"@type":"SearchAction","target":{"@type":"EntryPoint","urlTemplate":"https:\/\/demoweb.info\/sexshop001\/?s={search_term_string}"},"query-input":"required name=search_term_string"}],"inLanguage":"es"}]}},"_links":{"self":[{"href":"https:\/\/demoweb.info\/sexshop001\/wp-json\/wp\/v3\/product\/20240","targetHints":{"allow":["GET"]}}],"collection":[{"href":"https:\/\/demoweb.info\/sexshop001\/wp-json\/wp\/v3\/product"}],"about":[{"href":"https:\/\/demoweb.info\/sexshop001\/wp-json\/wp\/v2\/types\/product"}],"replies":[{"embeddable":true,"href":"https:\/\/demoweb.info\/sexshop001\/wp-json\/wp\/v2\/comments?post=20240"}],"wp:featuredmedia":[{"embeddable":true,"href":"https:\/\/demoweb.info\/sexshop001\/wp-json\/wp\/v2\/media\/20241"}],"wp:attachment":[{"href":"https:\/\/demoweb.info\/sexshop001\/wp-json\/wp\/v2\/media?parent=20240"}],"wp:term":[{"taxonomy":"product_cat","embeddable":true,"href":"https:\/\/demoweb.info\/sexshop001\/wp-json\/wp\/v2\/product_cat?post=20240"},{"taxonomy":"product_tag","embeddable":true,"href":"https:\/\/demoweb.info\/sexshop001\/wp-json\/wp\/v2\/product_tag?post=20240"}],"curies":[{"name":"wp","href":"https:\/\/api.w.org\/{rel}","templated":true}]}}