{"id":20224,"date":"2022-01-22T11:07:45","date_gmt":"2022-01-22T10:07:45","guid":{"rendered":"https:\/\/demoweb.info\/sexshop001\/producto\/vagina-luminosa-glow-stroker-sweet\/"},"modified":"2022-01-22T11:07:58","modified_gmt":"2022-01-22T10:07:58","slug":"vagina-luminosa-glow-stroker-sweet","status":"publish","type":"product","link":"https:\/\/demoweb.info\/sexshop001\/producto\/vagina-luminosa-glow-stroker-sweet\/","title":{"rendered":"VAGINA LUMINOSA &#8211; GLOW STROKER SWEET"},"content":{"rendered":"<p><strong>GLOW STROKER SWEET PUSSY <\/strong><\/p>\n<pre>\n<span style=&quot;font-family:tahoma,geneva,sans-serif&quot;>El masturbador Glow Stroker es una herramienta de placer masculino que facilita el trabajo de estimulaci\u00f3n y cl\u00edmax.\nEl stroker es perfecto para exploradores primerizos y aventureros experimentados a los que les gusta disfrutar de un juego en solitario de calidad.\n\nEl masturbador suave y flexible es liviano y se compone de una c\u00e1mara el\u00e1stica, con una abertura que se asemeja a los acogedores labios de la vagina.\nEl discreto stroker mide 11 cm x 5 cm y est\u00e1 dise\u00f1ado para ofrecer un ajuste ce\u00f1ido c\u00f3modo y placentero.\n\nEl accesorio de excitaci\u00f3n reutilizable proporciona una suave acci\u00f3n de deslizamiento y bombeo. Puede controlar la intensidad de los hormigueos aplicando menos o m\u00e1s movimiento de fricci\u00f3n.\nPara una experiencia org\u00e1smica intensificada, \u00fasealo siempre con lubricante de calidad. \n\nEl acabado que brilla en la oscuridad del exclusivo accesorio  lo convierte en el compa\u00f1ero ideal para el placer en solitario despu\u00e9s de que se apagan las luces. Para asegurarse de que el stroker est\u00e9 siempre listo para la acci\u00f3n despu\u00e9s del anochecer, recuerda limpiarlo antes y despu\u00e9s de cada uso. L\u00e1velo con agua tibia y jab\u00f3n o l\u00edmpialo con un spray para juguetes.\n\n<strong>Longitud total <\/strong> : 11 x 5cm\n<strong>Material :  <\/strong>Thermoplastic Rubber\n<\/span>\n<\/pre>\n","protected":false},"excerpt":{"rendered":"<p>GLOW STROKER SWEET PUSSY El masturbador Glow Stroker es una herramienta de placer masculino que facilita el trabajo de estimulaci\u00f3n<\/p>\n","protected":false},"featured_media":20225,"comment_status":"open","ping_status":"open","template":"","meta":[],"product_cat":[541],"product_tag":[660,989],"class_list":["post-20224","product","type-product","status-publish","has-post-thumbnail","hentry","product_cat-vaginas","product_tag-calexotics","product_tag-glow-in-the-dark"],"bundled_by":[],"bundle_stock_status":"instock","bundle_stock_quantity":3,"bundle_virtual":false,"bundle_layout":"","bundle_add_to_cart_form_location":"","bundle_editable_in_cart":false,"bundle_sold_individually_context":"","bundle_item_grouping":"","bundle_min_size":"","bundle_max_size":"","bundled_items":[],"yoast_head":"<!-- This site is optimized with the Yoast SEO plugin v20.6 - https:\/\/yoast.com\/wordpress\/plugins\/seo\/ -->\n<title>VAGINA LUMINOSA - GLOW STROKER SWEET - Tienda Er\u00f3tica<\/title>\n<meta name=\"robots\" content=\"noindex, follow, max-snippet:-1, max-image-preview:large, max-video-preview:-1\" \/>\n<meta property=\"og:locale\" content=\"es_ES\" \/>\n<meta property=\"og:type\" content=\"article\" \/>\n<meta property=\"og:title\" content=\"VAGINA LUMINOSA - GLOW STROKER SWEET - Tienda Er\u00f3tica\" \/>\n<meta property=\"og:description\" content=\"GLOW STROKER SWEET PUSSY El masturbador Glow Stroker es una herramienta de placer masculino que facilita el trabajo de estimulaci\u00f3n\" \/>\n<meta property=\"og:url\" content=\"https:\/\/demoweb.info\/sexshop001\/producto\/vagina-luminosa-glow-stroker-sweet\/\" \/>\n<meta property=\"og:site_name\" content=\"Tienda Er\u00f3tica\" \/>\n<meta property=\"article:modified_time\" content=\"2022-01-22T10:07:58+00:00\" \/>\n<meta property=\"og:image\" content=\"https:\/\/demoweb.info\/sexshop001\/wp-content\/uploads\/2022\/01\/VAGINA-LUMINOSA-GLOW-STROKER-SWEET.jpg\" \/>\n\t<meta property=\"og:image:width\" content=\"550\" \/>\n\t<meta property=\"og:image:height\" content=\"550\" \/>\n\t<meta property=\"og:image:type\" content=\"image\/jpeg\" \/>\n<meta name=\"twitter:card\" content=\"summary_large_image\" \/>\n<meta name=\"twitter:label1\" content=\"Tiempo de lectura\" \/>\n\t<meta name=\"twitter:data1\" content=\"1 minuto\" \/>\n<script type=\"application\/ld+json\" class=\"yoast-schema-graph\">{\"@context\":\"https:\/\/schema.org\",\"@graph\":[{\"@type\":\"WebPage\",\"@id\":\"https:\/\/demoweb.info\/sexshop001\/producto\/vagina-luminosa-glow-stroker-sweet\/\",\"url\":\"https:\/\/demoweb.info\/sexshop001\/producto\/vagina-luminosa-glow-stroker-sweet\/\",\"name\":\"VAGINA LUMINOSA - GLOW STROKER SWEET - Tienda Er\u00f3tica\",\"isPartOf\":{\"@id\":\"https:\/\/demoweb.info\/sexshop001\/#website\"},\"datePublished\":\"2022-01-22T10:07:45+00:00\",\"dateModified\":\"2022-01-22T10:07:58+00:00\",\"breadcrumb\":{\"@id\":\"https:\/\/demoweb.info\/sexshop001\/producto\/vagina-luminosa-glow-stroker-sweet\/#breadcrumb\"},\"inLanguage\":\"es\",\"potentialAction\":[{\"@type\":\"ReadAction\",\"target\":[\"https:\/\/demoweb.info\/sexshop001\/producto\/vagina-luminosa-glow-stroker-sweet\/\"]}]},{\"@type\":\"BreadcrumbList\",\"@id\":\"https:\/\/demoweb.info\/sexshop001\/producto\/vagina-luminosa-glow-stroker-sweet\/#breadcrumb\",\"itemListElement\":[{\"@type\":\"ListItem\",\"position\":1,\"name\":\"Portada\",\"item\":\"https:\/\/demoweb.info\/sexshop001\/\"},{\"@type\":\"ListItem\",\"position\":2,\"name\":\"Tienda\",\"item\":\"https:\/\/demoweb.info\/sexshop001\/tienda\/\"},{\"@type\":\"ListItem\",\"position\":3,\"name\":\"VAGINA LUMINOSA &#8211; GLOW STROKER SWEET\"}]},{\"@type\":\"WebSite\",\"@id\":\"https:\/\/demoweb.info\/sexshop001\/#website\",\"url\":\"https:\/\/demoweb.info\/sexshop001\/\",\"name\":\"Tienda Er\u00f3tica\",\"description\":\"DEMOWEB SL\",\"potentialAction\":[{\"@type\":\"SearchAction\",\"target\":{\"@type\":\"EntryPoint\",\"urlTemplate\":\"https:\/\/demoweb.info\/sexshop001\/?s={search_term_string}\"},\"query-input\":\"required name=search_term_string\"}],\"inLanguage\":\"es\"}]}<\/script>\n<!-- \/ Yoast SEO plugin. -->","yoast_head_json":{"title":"VAGINA LUMINOSA - GLOW STROKER SWEET - Tienda Er\u00f3tica","robots":{"index":"noindex","follow":"follow","max-snippet":"max-snippet:-1","max-image-preview":"max-image-preview:large","max-video-preview":"max-video-preview:-1"},"og_locale":"es_ES","og_type":"article","og_title":"VAGINA LUMINOSA - GLOW STROKER SWEET - Tienda Er\u00f3tica","og_description":"GLOW STROKER SWEET PUSSY El masturbador Glow Stroker es una herramienta de placer masculino que facilita el trabajo de estimulaci\u00f3n","og_url":"https:\/\/demoweb.info\/sexshop001\/producto\/vagina-luminosa-glow-stroker-sweet\/","og_site_name":"Tienda Er\u00f3tica","article_modified_time":"2022-01-22T10:07:58+00:00","og_image":[{"width":550,"height":550,"url":"https:\/\/demoweb.info\/sexshop001\/wp-content\/uploads\/2022\/01\/VAGINA-LUMINOSA-GLOW-STROKER-SWEET.jpg","type":"image\/jpeg"}],"twitter_card":"summary_large_image","twitter_misc":{"Tiempo de lectura":"1 minuto"},"schema":{"@context":"https:\/\/schema.org","@graph":[{"@type":"WebPage","@id":"https:\/\/demoweb.info\/sexshop001\/producto\/vagina-luminosa-glow-stroker-sweet\/","url":"https:\/\/demoweb.info\/sexshop001\/producto\/vagina-luminosa-glow-stroker-sweet\/","name":"VAGINA LUMINOSA - GLOW STROKER SWEET - Tienda Er\u00f3tica","isPartOf":{"@id":"https:\/\/demoweb.info\/sexshop001\/#website"},"datePublished":"2022-01-22T10:07:45+00:00","dateModified":"2022-01-22T10:07:58+00:00","breadcrumb":{"@id":"https:\/\/demoweb.info\/sexshop001\/producto\/vagina-luminosa-glow-stroker-sweet\/#breadcrumb"},"inLanguage":"es","potentialAction":[{"@type":"ReadAction","target":["https:\/\/demoweb.info\/sexshop001\/producto\/vagina-luminosa-glow-stroker-sweet\/"]}]},{"@type":"BreadcrumbList","@id":"https:\/\/demoweb.info\/sexshop001\/producto\/vagina-luminosa-glow-stroker-sweet\/#breadcrumb","itemListElement":[{"@type":"ListItem","position":1,"name":"Portada","item":"https:\/\/demoweb.info\/sexshop001\/"},{"@type":"ListItem","position":2,"name":"Tienda","item":"https:\/\/demoweb.info\/sexshop001\/tienda\/"},{"@type":"ListItem","position":3,"name":"VAGINA LUMINOSA &#8211; GLOW STROKER SWEET"}]},{"@type":"WebSite","@id":"https:\/\/demoweb.info\/sexshop001\/#website","url":"https:\/\/demoweb.info\/sexshop001\/","name":"Tienda Er\u00f3tica","description":"DEMOWEB SL","potentialAction":[{"@type":"SearchAction","target":{"@type":"EntryPoint","urlTemplate":"https:\/\/demoweb.info\/sexshop001\/?s={search_term_string}"},"query-input":"required name=search_term_string"}],"inLanguage":"es"}]}},"_links":{"self":[{"href":"https:\/\/demoweb.info\/sexshop001\/wp-json\/wp\/v3\/product\/20224","targetHints":{"allow":["GET"]}}],"collection":[{"href":"https:\/\/demoweb.info\/sexshop001\/wp-json\/wp\/v3\/product"}],"about":[{"href":"https:\/\/demoweb.info\/sexshop001\/wp-json\/wp\/v2\/types\/product"}],"replies":[{"embeddable":true,"href":"https:\/\/demoweb.info\/sexshop001\/wp-json\/wp\/v2\/comments?post=20224"}],"wp:featuredmedia":[{"embeddable":true,"href":"https:\/\/demoweb.info\/sexshop001\/wp-json\/wp\/v2\/media\/20225"}],"wp:attachment":[{"href":"https:\/\/demoweb.info\/sexshop001\/wp-json\/wp\/v2\/media?parent=20224"}],"wp:term":[{"taxonomy":"product_cat","embeddable":true,"href":"https:\/\/demoweb.info\/sexshop001\/wp-json\/wp\/v2\/product_cat?post=20224"},{"taxonomy":"product_tag","embeddable":true,"href":"https:\/\/demoweb.info\/sexshop001\/wp-json\/wp\/v2\/product_tag?post=20224"}],"curies":[{"name":"wp","href":"https:\/\/api.w.org\/{rel}","templated":true}]}}