{"id":20201,"date":"2022-01-22T11:07:45","date_gmt":"2022-01-22T10:07:45","guid":{"rendered":"https:\/\/demoweb.info\/sexshop001\/producto\/extend-it-up-gris\/"},"modified":"2022-01-22T11:07:49","modified_gmt":"2022-01-22T10:07:49","slug":"extend-it-up-gris","status":"publish","type":"product","link":"https:\/\/demoweb.info\/sexshop001\/producto\/extend-it-up-gris\/","title":{"rendered":"EXTEND IT UP &#8211; GRIS"},"content":{"rendered":"<p><strong>EXTEND IT UP<\/strong><\/p>\n<p>Extiende tu placer y tu pene con <strong>EXTEND IT UP <\/strong>!<br \/>\nEsta incre\u00edble funda de extensi\u00f3n es el\u00e1stica, c\u00f3moda y se adapta sin esfuerzo a la mayor\u00eda de los tama\u00f1os de pene.<br \/>\nSi deseas m\u00e1s longitud, esta funda de extensi\u00f3n es lo que estabas buscando.<\/p>\n<p>Cuenta con protuberancias de placer adicionales para que tu viaje sea a\u00fan m\u00e1s agradable. A ambos os encantar\u00e1 la textura adicional que se frota contra tus puntos m\u00e1s sensibles. Esta funda de extensi\u00f3n vibratoria incluye un estimulador vibratorio extra\u00edble y reutilizable para llevar el placer de ambos al siguiente nivel.<br \/>\nSimplemente inserta tres pilas de reloj (seis incluidas) en la bala para disfrutar de las incre\u00edbles.<br \/>\nSer\u00e1s tu propio vibrador personal mientras empujas en su punto G.<\/p>\n<p>Este dise\u00f1o resistente al agua hacen que esta funda de extensi\u00f3n sea muy f\u00e1cil de usar en cualquier momento y en cualquier lugar.<\/p>\n<p><strong>Longitud total<\/strong> : 12.75 x 5cm<br \/>\n<strong>Impermeable : <\/strong>SI<br \/>\n<strong>Material : <\/strong>Thermoplastic Elastomer, ABS Plastic \/ Metallic Plating<br \/>\n<strong>Bater\u00edas requeridas : <\/strong>Pilas de reloj<br \/>\n<strong>Cantidad de la bater\u00eda :<\/strong> 3<br \/>\n<strong>Baterias incluidas<\/strong> : Si<\/p>\n","protected":false},"excerpt":{"rendered":"<p>EXTEND IT UP Extiende tu placer y tu pene con EXTEND IT UP ! Esta incre\u00edble funda de extensi\u00f3n es<\/p>\n","protected":false},"featured_media":20202,"comment_status":"open","ping_status":"open","template":"","meta":[],"product_cat":[543],"product_tag":[660,808],"class_list":["post-20201","product","type-product","status-publish","has-post-thumbnail","hentry","product_cat-fundas","product_tag-calexotics","product_tag-extensions"],"bundled_by":[],"bundle_stock_status":"instock","bundle_stock_quantity":1,"bundle_virtual":false,"bundle_layout":"","bundle_add_to_cart_form_location":"","bundle_editable_in_cart":false,"bundle_sold_individually_context":"","bundle_item_grouping":"","bundle_min_size":"","bundle_max_size":"","bundled_items":[],"yoast_head":"<!-- This site is optimized with the Yoast SEO plugin v20.6 - https:\/\/yoast.com\/wordpress\/plugins\/seo\/ -->\n<title>EXTEND IT UP - GRIS - Tienda Er\u00f3tica<\/title>\n<meta name=\"robots\" content=\"noindex, follow, max-snippet:-1, max-image-preview:large, max-video-preview:-1\" \/>\n<meta property=\"og:locale\" content=\"es_ES\" \/>\n<meta property=\"og:type\" content=\"article\" \/>\n<meta property=\"og:title\" content=\"EXTEND IT UP - GRIS - Tienda Er\u00f3tica\" \/>\n<meta property=\"og:description\" content=\"EXTEND IT UP Extiende tu placer y tu pene con EXTEND IT UP ! Esta incre\u00edble funda de extensi\u00f3n es\" \/>\n<meta property=\"og:url\" content=\"https:\/\/demoweb.info\/sexshop001\/producto\/extend-it-up-gris\/\" \/>\n<meta property=\"og:site_name\" content=\"Tienda Er\u00f3tica\" \/>\n<meta property=\"article:modified_time\" content=\"2022-01-22T10:07:49+00:00\" \/>\n<meta property=\"og:image\" content=\"https:\/\/demoweb.info\/sexshop001\/wp-content\/uploads\/2022\/01\/EXTEND-IT-UP-GRIS.jpg\" \/>\n\t<meta property=\"og:image:width\" content=\"550\" \/>\n\t<meta property=\"og:image:height\" content=\"550\" \/>\n\t<meta property=\"og:image:type\" content=\"image\/jpeg\" \/>\n<meta name=\"twitter:card\" content=\"summary_large_image\" \/>\n<meta name=\"twitter:label1\" content=\"Tiempo de lectura\" \/>\n\t<meta name=\"twitter:data1\" content=\"1 minuto\" \/>\n<script type=\"application\/ld+json\" class=\"yoast-schema-graph\">{\"@context\":\"https:\/\/schema.org\",\"@graph\":[{\"@type\":\"WebPage\",\"@id\":\"https:\/\/demoweb.info\/sexshop001\/producto\/extend-it-up-gris\/\",\"url\":\"https:\/\/demoweb.info\/sexshop001\/producto\/extend-it-up-gris\/\",\"name\":\"EXTEND IT UP - GRIS - Tienda Er\u00f3tica\",\"isPartOf\":{\"@id\":\"https:\/\/demoweb.info\/sexshop001\/#website\"},\"datePublished\":\"2022-01-22T10:07:45+00:00\",\"dateModified\":\"2022-01-22T10:07:49+00:00\",\"breadcrumb\":{\"@id\":\"https:\/\/demoweb.info\/sexshop001\/producto\/extend-it-up-gris\/#breadcrumb\"},\"inLanguage\":\"es\",\"potentialAction\":[{\"@type\":\"ReadAction\",\"target\":[\"https:\/\/demoweb.info\/sexshop001\/producto\/extend-it-up-gris\/\"]}]},{\"@type\":\"BreadcrumbList\",\"@id\":\"https:\/\/demoweb.info\/sexshop001\/producto\/extend-it-up-gris\/#breadcrumb\",\"itemListElement\":[{\"@type\":\"ListItem\",\"position\":1,\"name\":\"Portada\",\"item\":\"https:\/\/demoweb.info\/sexshop001\/\"},{\"@type\":\"ListItem\",\"position\":2,\"name\":\"Tienda\",\"item\":\"https:\/\/demoweb.info\/sexshop001\/tienda\/\"},{\"@type\":\"ListItem\",\"position\":3,\"name\":\"EXTEND IT UP &#8211; GRIS\"}]},{\"@type\":\"WebSite\",\"@id\":\"https:\/\/demoweb.info\/sexshop001\/#website\",\"url\":\"https:\/\/demoweb.info\/sexshop001\/\",\"name\":\"Tienda Er\u00f3tica\",\"description\":\"DEMOWEB SL\",\"potentialAction\":[{\"@type\":\"SearchAction\",\"target\":{\"@type\":\"EntryPoint\",\"urlTemplate\":\"https:\/\/demoweb.info\/sexshop001\/?s={search_term_string}\"},\"query-input\":\"required name=search_term_string\"}],\"inLanguage\":\"es\"}]}<\/script>\n<!-- \/ Yoast SEO plugin. -->","yoast_head_json":{"title":"EXTEND IT UP - GRIS - Tienda Er\u00f3tica","robots":{"index":"noindex","follow":"follow","max-snippet":"max-snippet:-1","max-image-preview":"max-image-preview:large","max-video-preview":"max-video-preview:-1"},"og_locale":"es_ES","og_type":"article","og_title":"EXTEND IT UP - GRIS - Tienda Er\u00f3tica","og_description":"EXTEND IT UP Extiende tu placer y tu pene con EXTEND IT UP ! Esta incre\u00edble funda de extensi\u00f3n es","og_url":"https:\/\/demoweb.info\/sexshop001\/producto\/extend-it-up-gris\/","og_site_name":"Tienda Er\u00f3tica","article_modified_time":"2022-01-22T10:07:49+00:00","og_image":[{"width":550,"height":550,"url":"https:\/\/demoweb.info\/sexshop001\/wp-content\/uploads\/2022\/01\/EXTEND-IT-UP-GRIS.jpg","type":"image\/jpeg"}],"twitter_card":"summary_large_image","twitter_misc":{"Tiempo de lectura":"1 minuto"},"schema":{"@context":"https:\/\/schema.org","@graph":[{"@type":"WebPage","@id":"https:\/\/demoweb.info\/sexshop001\/producto\/extend-it-up-gris\/","url":"https:\/\/demoweb.info\/sexshop001\/producto\/extend-it-up-gris\/","name":"EXTEND IT UP - GRIS - Tienda Er\u00f3tica","isPartOf":{"@id":"https:\/\/demoweb.info\/sexshop001\/#website"},"datePublished":"2022-01-22T10:07:45+00:00","dateModified":"2022-01-22T10:07:49+00:00","breadcrumb":{"@id":"https:\/\/demoweb.info\/sexshop001\/producto\/extend-it-up-gris\/#breadcrumb"},"inLanguage":"es","potentialAction":[{"@type":"ReadAction","target":["https:\/\/demoweb.info\/sexshop001\/producto\/extend-it-up-gris\/"]}]},{"@type":"BreadcrumbList","@id":"https:\/\/demoweb.info\/sexshop001\/producto\/extend-it-up-gris\/#breadcrumb","itemListElement":[{"@type":"ListItem","position":1,"name":"Portada","item":"https:\/\/demoweb.info\/sexshop001\/"},{"@type":"ListItem","position":2,"name":"Tienda","item":"https:\/\/demoweb.info\/sexshop001\/tienda\/"},{"@type":"ListItem","position":3,"name":"EXTEND IT UP &#8211; GRIS"}]},{"@type":"WebSite","@id":"https:\/\/demoweb.info\/sexshop001\/#website","url":"https:\/\/demoweb.info\/sexshop001\/","name":"Tienda Er\u00f3tica","description":"DEMOWEB SL","potentialAction":[{"@type":"SearchAction","target":{"@type":"EntryPoint","urlTemplate":"https:\/\/demoweb.info\/sexshop001\/?s={search_term_string}"},"query-input":"required name=search_term_string"}],"inLanguage":"es"}]}},"_links":{"self":[{"href":"https:\/\/demoweb.info\/sexshop001\/wp-json\/wp\/v3\/product\/20201","targetHints":{"allow":["GET"]}}],"collection":[{"href":"https:\/\/demoweb.info\/sexshop001\/wp-json\/wp\/v3\/product"}],"about":[{"href":"https:\/\/demoweb.info\/sexshop001\/wp-json\/wp\/v2\/types\/product"}],"replies":[{"embeddable":true,"href":"https:\/\/demoweb.info\/sexshop001\/wp-json\/wp\/v2\/comments?post=20201"}],"wp:featuredmedia":[{"embeddable":true,"href":"https:\/\/demoweb.info\/sexshop001\/wp-json\/wp\/v2\/media\/20202"}],"wp:attachment":[{"href":"https:\/\/demoweb.info\/sexshop001\/wp-json\/wp\/v2\/media?parent=20201"}],"wp:term":[{"taxonomy":"product_cat","embeddable":true,"href":"https:\/\/demoweb.info\/sexshop001\/wp-json\/wp\/v2\/product_cat?post=20201"},{"taxonomy":"product_tag","embeddable":true,"href":"https:\/\/demoweb.info\/sexshop001\/wp-json\/wp\/v2\/product_tag?post=20201"}],"curies":[{"name":"wp","href":"https:\/\/api.w.org\/{rel}","templated":true}]}}