{"id":20197,"date":"2022-01-22T11:07:45","date_gmt":"2022-01-22T10:07:45","guid":{"rendered":"https:\/\/demoweb.info\/sexshop001\/producto\/masturbador-doble-veined-superslim-dong-44-cm\/"},"modified":"2022-01-22T11:07:47","modified_gmt":"2022-01-22T10:07:47","slug":"masturbador-doble-veined-superslim-dong-44-cm","status":"publish","type":"product","link":"https:\/\/demoweb.info\/sexshop001\/producto\/masturbador-doble-veined-superslim-dong-44-cm\/","title":{"rendered":"MASTURBADOR DOBLE VEINED SUPERSLIM DONG 44 CM"},"content":{"rendered":"<p><strong>VEINED SUPERSLIM DONG 17.5 IN.<\/strong><\/p>\n<p>Si desea un juguete sexual extralargo de doble punta con una forma delgada, el Slim Jim Duo \u2122 Veined Super Slim Dong es imprescindible para su colecci\u00f3n. Mide 44 cm de largo de un extremo a otro, hay mucha diversi\u00f3n para ti y tu pareja, y est\u00e1 dise\u00f1ado con una bonita silueta delgada, este juguete de doble penetraci\u00f3n ofrece un paseo suave y c\u00f3modo incluso para principiantes y principiantes.<\/p>\n<p>Con 4 cm de ancho, la silueta delgada os facilitar\u00e1 el viaje de vuestras vidas. Sincroniza tu estimulaci\u00f3n sexual con este juguete de doble penetraci\u00f3n para parejas: est\u00e1 dise\u00f1ado para sentirse como si fuera real y convertir\u00e1 todas tus fantas\u00edas sexuales en realidad.<\/p>\n<p>Las crestas venosas realistas imitan los surcos naturales de la anatom\u00eda masculina para una aut\u00e9ntica experiencia de hacer el amor, y las curvas tambi\u00e9n agregar\u00e1n estimulaci\u00f3n adicional para su punto G y otras zonas er\u00f3genas. Hecho de un PVC flexible y seguro para el cuerpo, este juguete es gelatinoso suave al tacto y sorprendentemente suave para la piel. Para un juguete sexual vers\u00e1til para probar solo o en pareja, el Slim Jim Duo \u2122 Veined Super Slim Dong es una opci\u00f3n fant\u00e1stica.<\/p>\n<p><strong>Longitud total:   <\/strong>   46cm &#8211; 4 cm <br \/>\n<strong>Longitud insertable: <\/strong>  44 x 4cm<br \/>\n<strong>Material:  <\/strong>  PVC Plastic<\/p>\n","protected":false},"excerpt":{"rendered":"<p>VEINED SUPERSLIM DONG 17.5 IN. Si desea un juguete sexual extralargo de doble punta con una forma delgada, el Slim<\/p>\n","protected":false},"featured_media":20198,"comment_status":"open","ping_status":"open","template":"","meta":[],"product_cat":[386],"product_tag":[660,988],"class_list":["post-20197","product","type-product","status-publish","has-post-thumbnail","hentry","product_cat-realisticos","product_tag-calexotics","product_tag-playful-dongs"],"bundled_by":[],"bundle_stock_status":"outofstock","bundle_stock_quantity":0,"bundle_virtual":false,"bundle_layout":"","bundle_add_to_cart_form_location":"","bundle_editable_in_cart":false,"bundle_sold_individually_context":"","bundle_item_grouping":"","bundle_min_size":"","bundle_max_size":"","bundled_items":[],"yoast_head":"<!-- This site is optimized with the Yoast SEO plugin v20.6 - https:\/\/yoast.com\/wordpress\/plugins\/seo\/ -->\n<title>MASTURBADOR DOBLE VEINED SUPERSLIM DONG 44 CM - Tienda Er\u00f3tica<\/title>\n<meta name=\"robots\" content=\"noindex, follow, max-snippet:-1, max-image-preview:large, max-video-preview:-1\" \/>\n<meta property=\"og:locale\" content=\"es_ES\" \/>\n<meta property=\"og:type\" content=\"article\" \/>\n<meta property=\"og:title\" content=\"MASTURBADOR DOBLE VEINED SUPERSLIM DONG 44 CM - Tienda Er\u00f3tica\" \/>\n<meta property=\"og:description\" content=\"VEINED SUPERSLIM DONG 17.5 IN. Si desea un juguete sexual extralargo de doble punta con una forma delgada, el Slim\" \/>\n<meta property=\"og:url\" content=\"https:\/\/demoweb.info\/sexshop001\/producto\/masturbador-doble-veined-superslim-dong-44-cm\/\" \/>\n<meta property=\"og:site_name\" content=\"Tienda Er\u00f3tica\" \/>\n<meta property=\"article:modified_time\" content=\"2022-01-22T10:07:47+00:00\" \/>\n<meta property=\"og:image\" content=\"https:\/\/demoweb.info\/sexshop001\/wp-content\/uploads\/2022\/01\/MASTURBADOR-DOBLE-VEINED-SUPERSLIM-DONG-44-CM.jpg\" \/>\n\t<meta property=\"og:image:width\" content=\"550\" \/>\n\t<meta property=\"og:image:height\" content=\"550\" \/>\n\t<meta property=\"og:image:type\" content=\"image\/jpeg\" \/>\n<meta name=\"twitter:card\" content=\"summary_large_image\" \/>\n<meta name=\"twitter:label1\" content=\"Tiempo de lectura\" \/>\n\t<meta name=\"twitter:data1\" content=\"1 minuto\" \/>\n<script type=\"application\/ld+json\" class=\"yoast-schema-graph\">{\"@context\":\"https:\/\/schema.org\",\"@graph\":[{\"@type\":\"WebPage\",\"@id\":\"https:\/\/demoweb.info\/sexshop001\/producto\/masturbador-doble-veined-superslim-dong-44-cm\/\",\"url\":\"https:\/\/demoweb.info\/sexshop001\/producto\/masturbador-doble-veined-superslim-dong-44-cm\/\",\"name\":\"MASTURBADOR DOBLE VEINED SUPERSLIM DONG 44 CM - Tienda Er\u00f3tica\",\"isPartOf\":{\"@id\":\"https:\/\/demoweb.info\/sexshop001\/#website\"},\"datePublished\":\"2022-01-22T10:07:45+00:00\",\"dateModified\":\"2022-01-22T10:07:47+00:00\",\"breadcrumb\":{\"@id\":\"https:\/\/demoweb.info\/sexshop001\/producto\/masturbador-doble-veined-superslim-dong-44-cm\/#breadcrumb\"},\"inLanguage\":\"es\",\"potentialAction\":[{\"@type\":\"ReadAction\",\"target\":[\"https:\/\/demoweb.info\/sexshop001\/producto\/masturbador-doble-veined-superslim-dong-44-cm\/\"]}]},{\"@type\":\"BreadcrumbList\",\"@id\":\"https:\/\/demoweb.info\/sexshop001\/producto\/masturbador-doble-veined-superslim-dong-44-cm\/#breadcrumb\",\"itemListElement\":[{\"@type\":\"ListItem\",\"position\":1,\"name\":\"Portada\",\"item\":\"https:\/\/demoweb.info\/sexshop001\/\"},{\"@type\":\"ListItem\",\"position\":2,\"name\":\"Tienda\",\"item\":\"https:\/\/demoweb.info\/sexshop001\/tienda\/\"},{\"@type\":\"ListItem\",\"position\":3,\"name\":\"MASTURBADOR DOBLE VEINED SUPERSLIM DONG 44 CM\"}]},{\"@type\":\"WebSite\",\"@id\":\"https:\/\/demoweb.info\/sexshop001\/#website\",\"url\":\"https:\/\/demoweb.info\/sexshop001\/\",\"name\":\"Tienda Er\u00f3tica\",\"description\":\"DEMOWEB SL\",\"potentialAction\":[{\"@type\":\"SearchAction\",\"target\":{\"@type\":\"EntryPoint\",\"urlTemplate\":\"https:\/\/demoweb.info\/sexshop001\/?s={search_term_string}\"},\"query-input\":\"required name=search_term_string\"}],\"inLanguage\":\"es\"}]}<\/script>\n<!-- \/ Yoast SEO plugin. -->","yoast_head_json":{"title":"MASTURBADOR DOBLE VEINED SUPERSLIM DONG 44 CM - Tienda Er\u00f3tica","robots":{"index":"noindex","follow":"follow","max-snippet":"max-snippet:-1","max-image-preview":"max-image-preview:large","max-video-preview":"max-video-preview:-1"},"og_locale":"es_ES","og_type":"article","og_title":"MASTURBADOR DOBLE VEINED SUPERSLIM DONG 44 CM - Tienda Er\u00f3tica","og_description":"VEINED SUPERSLIM DONG 17.5 IN. Si desea un juguete sexual extralargo de doble punta con una forma delgada, el Slim","og_url":"https:\/\/demoweb.info\/sexshop001\/producto\/masturbador-doble-veined-superslim-dong-44-cm\/","og_site_name":"Tienda Er\u00f3tica","article_modified_time":"2022-01-22T10:07:47+00:00","og_image":[{"width":550,"height":550,"url":"https:\/\/demoweb.info\/sexshop001\/wp-content\/uploads\/2022\/01\/MASTURBADOR-DOBLE-VEINED-SUPERSLIM-DONG-44-CM.jpg","type":"image\/jpeg"}],"twitter_card":"summary_large_image","twitter_misc":{"Tiempo de lectura":"1 minuto"},"schema":{"@context":"https:\/\/schema.org","@graph":[{"@type":"WebPage","@id":"https:\/\/demoweb.info\/sexshop001\/producto\/masturbador-doble-veined-superslim-dong-44-cm\/","url":"https:\/\/demoweb.info\/sexshop001\/producto\/masturbador-doble-veined-superslim-dong-44-cm\/","name":"MASTURBADOR DOBLE VEINED SUPERSLIM DONG 44 CM - Tienda Er\u00f3tica","isPartOf":{"@id":"https:\/\/demoweb.info\/sexshop001\/#website"},"datePublished":"2022-01-22T10:07:45+00:00","dateModified":"2022-01-22T10:07:47+00:00","breadcrumb":{"@id":"https:\/\/demoweb.info\/sexshop001\/producto\/masturbador-doble-veined-superslim-dong-44-cm\/#breadcrumb"},"inLanguage":"es","potentialAction":[{"@type":"ReadAction","target":["https:\/\/demoweb.info\/sexshop001\/producto\/masturbador-doble-veined-superslim-dong-44-cm\/"]}]},{"@type":"BreadcrumbList","@id":"https:\/\/demoweb.info\/sexshop001\/producto\/masturbador-doble-veined-superslim-dong-44-cm\/#breadcrumb","itemListElement":[{"@type":"ListItem","position":1,"name":"Portada","item":"https:\/\/demoweb.info\/sexshop001\/"},{"@type":"ListItem","position":2,"name":"Tienda","item":"https:\/\/demoweb.info\/sexshop001\/tienda\/"},{"@type":"ListItem","position":3,"name":"MASTURBADOR DOBLE VEINED SUPERSLIM DONG 44 CM"}]},{"@type":"WebSite","@id":"https:\/\/demoweb.info\/sexshop001\/#website","url":"https:\/\/demoweb.info\/sexshop001\/","name":"Tienda Er\u00f3tica","description":"DEMOWEB SL","potentialAction":[{"@type":"SearchAction","target":{"@type":"EntryPoint","urlTemplate":"https:\/\/demoweb.info\/sexshop001\/?s={search_term_string}"},"query-input":"required name=search_term_string"}],"inLanguage":"es"}]}},"_links":{"self":[{"href":"https:\/\/demoweb.info\/sexshop001\/wp-json\/wp\/v3\/product\/20197","targetHints":{"allow":["GET"]}}],"collection":[{"href":"https:\/\/demoweb.info\/sexshop001\/wp-json\/wp\/v3\/product"}],"about":[{"href":"https:\/\/demoweb.info\/sexshop001\/wp-json\/wp\/v2\/types\/product"}],"replies":[{"embeddable":true,"href":"https:\/\/demoweb.info\/sexshop001\/wp-json\/wp\/v2\/comments?post=20197"}],"wp:featuredmedia":[{"embeddable":true,"href":"https:\/\/demoweb.info\/sexshop001\/wp-json\/wp\/v2\/media\/20198"}],"wp:attachment":[{"href":"https:\/\/demoweb.info\/sexshop001\/wp-json\/wp\/v2\/media?parent=20197"}],"wp:term":[{"taxonomy":"product_cat","embeddable":true,"href":"https:\/\/demoweb.info\/sexshop001\/wp-json\/wp\/v2\/product_cat?post=20197"},{"taxonomy":"product_tag","embeddable":true,"href":"https:\/\/demoweb.info\/sexshop001\/wp-json\/wp\/v2\/product_tag?post=20197"}],"curies":[{"name":"wp","href":"https:\/\/api.w.org\/{rel}","templated":true}]}}