{"id":20192,"date":"2022-01-22T11:07:45","date_gmt":"2022-01-22T10:07:45","guid":{"rendered":"https:\/\/demoweb.info\/sexshop001\/producto\/sue-johanson-head-honcho-boca-transparente\/"},"modified":"2022-01-22T11:07:45","modified_gmt":"2022-01-22T10:07:45","slug":"sue-johanson-head-honcho-boca-transparente","status":"publish","type":"product","link":"https:\/\/demoweb.info\/sexshop001\/producto\/sue-johanson-head-honcho-boca-transparente\/","title":{"rendered":"SUE JOHANSON HEAD HONCHO &#8211; BOCA TRANSPARENTE"},"content":{"rendered":"<\/p>\n<p>El galardonado Head Honcho est\u00e1 de regreso con una experiencia a\u00fan m\u00e1s larga y er\u00f3tica que antes.<br \/>\nEl Super Head Honcho est\u00e1 equipado con unos centimetros extra de placer.  Con 16,51 cm de largo por 6,88 cm de ancho, el Super Head Honcho es el tama\u00f1o perfecto para complacerte exactamente de la manera que deseas. Su material suave y el\u00e1stico se envuelve alrededor de tu pene como si estuviera hecho para ti, brind\u00e1ndote esa experiencia ultra realista de una boca alrededor de tu hombr\u00eda.<br \/>\nEl Super Head Honcho cuenta con tres c\u00e1maras de succi\u00f3n org\u00e1smicas para simular la sensaci\u00f3n de una mamada real. Te encantar\u00e1 el tir\u00f3n y la presi\u00f3n de las c\u00e1maras contra las \u00e1reas espec\u00edficas mientras el Honcho se balancea y te chupa como a ti te gusta.<br \/>\nPara una sensaci\u00f3n a\u00fan m\u00e1s realista, ba\u00f1a tu pene o el interior del stroker con tu lubricante favorito. Cierra los ojos, desl\u00edzate dentro del Super Head Honcho y prep\u00e1rate para ser transportado a un lugar de placer.<\/p>\n<p><strong>Longitud total <\/strong>   17 x 7cm<br \/>\n<strong>Material<\/strong>    Thermoplastic Rubber<\/p>\n","protected":false},"excerpt":{"rendered":"<p>El galardonado Head Honcho est\u00e1 de regreso con una experiencia a\u00fan m\u00e1s larga y er\u00f3tica que antes. El Super Head<\/p>\n","protected":false},"featured_media":20193,"comment_status":"open","ping_status":"open","template":"","meta":[],"product_cat":[656],"product_tag":[660,987],"class_list":["post-20192","product","type-product","status-publish","has-post-thumbnail","hentry","product_cat-bocas","product_tag-calexotics","product_tag-sue-johanson"],"bundled_by":[],"bundle_stock_status":"instock","bundle_stock_quantity":1,"bundle_virtual":false,"bundle_layout":"","bundle_add_to_cart_form_location":"","bundle_editable_in_cart":false,"bundle_sold_individually_context":"","bundle_item_grouping":"","bundle_min_size":"","bundle_max_size":"","bundled_items":[],"yoast_head":"<!-- This site is optimized with the Yoast SEO plugin v20.6 - https:\/\/yoast.com\/wordpress\/plugins\/seo\/ -->\n<title>SUE JOHANSON HEAD HONCHO - BOCA TRANSPARENTE - Tienda Er\u00f3tica<\/title>\n<meta name=\"robots\" content=\"noindex, follow, max-snippet:-1, max-image-preview:large, max-video-preview:-1\" \/>\n<meta property=\"og:locale\" content=\"es_ES\" \/>\n<meta property=\"og:type\" content=\"article\" \/>\n<meta property=\"og:title\" content=\"SUE JOHANSON HEAD HONCHO - BOCA TRANSPARENTE - Tienda Er\u00f3tica\" \/>\n<meta property=\"og:description\" content=\"El galardonado Head Honcho est\u00e1 de regreso con una experiencia a\u00fan m\u00e1s larga y er\u00f3tica que antes. El Super Head\" \/>\n<meta property=\"og:url\" content=\"https:\/\/demoweb.info\/sexshop001\/producto\/sue-johanson-head-honcho-boca-transparente\/\" \/>\n<meta property=\"og:site_name\" content=\"Tienda Er\u00f3tica\" \/>\n<meta property=\"og:image\" content=\"https:\/\/demoweb.info\/sexshop001\/wp-content\/uploads\/2022\/01\/SUE-JOHANSON-HEAD-HONCHO-BOCA-TRANSPARENTE.jpg\" \/>\n\t<meta property=\"og:image:width\" content=\"550\" \/>\n\t<meta property=\"og:image:height\" content=\"550\" \/>\n\t<meta property=\"og:image:type\" content=\"image\/jpeg\" \/>\n<meta name=\"twitter:card\" content=\"summary_large_image\" \/>\n<meta name=\"twitter:label1\" content=\"Tiempo de lectura\" \/>\n\t<meta name=\"twitter:data1\" content=\"1 minuto\" \/>\n<script type=\"application\/ld+json\" class=\"yoast-schema-graph\">{\"@context\":\"https:\/\/schema.org\",\"@graph\":[{\"@type\":\"WebPage\",\"@id\":\"https:\/\/demoweb.info\/sexshop001\/producto\/sue-johanson-head-honcho-boca-transparente\/\",\"url\":\"https:\/\/demoweb.info\/sexshop001\/producto\/sue-johanson-head-honcho-boca-transparente\/\",\"name\":\"SUE JOHANSON HEAD HONCHO - BOCA TRANSPARENTE - Tienda Er\u00f3tica\",\"isPartOf\":{\"@id\":\"https:\/\/demoweb.info\/sexshop001\/#website\"},\"datePublished\":\"2022-01-22T10:07:45+00:00\",\"dateModified\":\"2022-01-22T10:07:45+00:00\",\"breadcrumb\":{\"@id\":\"https:\/\/demoweb.info\/sexshop001\/producto\/sue-johanson-head-honcho-boca-transparente\/#breadcrumb\"},\"inLanguage\":\"es\",\"potentialAction\":[{\"@type\":\"ReadAction\",\"target\":[\"https:\/\/demoweb.info\/sexshop001\/producto\/sue-johanson-head-honcho-boca-transparente\/\"]}]},{\"@type\":\"BreadcrumbList\",\"@id\":\"https:\/\/demoweb.info\/sexshop001\/producto\/sue-johanson-head-honcho-boca-transparente\/#breadcrumb\",\"itemListElement\":[{\"@type\":\"ListItem\",\"position\":1,\"name\":\"Portada\",\"item\":\"https:\/\/demoweb.info\/sexshop001\/\"},{\"@type\":\"ListItem\",\"position\":2,\"name\":\"Tienda\",\"item\":\"https:\/\/demoweb.info\/sexshop001\/tienda\/\"},{\"@type\":\"ListItem\",\"position\":3,\"name\":\"SUE JOHANSON HEAD HONCHO &#8211; BOCA TRANSPARENTE\"}]},{\"@type\":\"WebSite\",\"@id\":\"https:\/\/demoweb.info\/sexshop001\/#website\",\"url\":\"https:\/\/demoweb.info\/sexshop001\/\",\"name\":\"Tienda Er\u00f3tica\",\"description\":\"DEMOWEB SL\",\"potentialAction\":[{\"@type\":\"SearchAction\",\"target\":{\"@type\":\"EntryPoint\",\"urlTemplate\":\"https:\/\/demoweb.info\/sexshop001\/?s={search_term_string}\"},\"query-input\":\"required name=search_term_string\"}],\"inLanguage\":\"es\"}]}<\/script>\n<!-- \/ Yoast SEO plugin. -->","yoast_head_json":{"title":"SUE JOHANSON HEAD HONCHO - BOCA TRANSPARENTE - Tienda Er\u00f3tica","robots":{"index":"noindex","follow":"follow","max-snippet":"max-snippet:-1","max-image-preview":"max-image-preview:large","max-video-preview":"max-video-preview:-1"},"og_locale":"es_ES","og_type":"article","og_title":"SUE JOHANSON HEAD HONCHO - BOCA TRANSPARENTE - Tienda Er\u00f3tica","og_description":"El galardonado Head Honcho est\u00e1 de regreso con una experiencia a\u00fan m\u00e1s larga y er\u00f3tica que antes. El Super Head","og_url":"https:\/\/demoweb.info\/sexshop001\/producto\/sue-johanson-head-honcho-boca-transparente\/","og_site_name":"Tienda Er\u00f3tica","og_image":[{"width":550,"height":550,"url":"https:\/\/demoweb.info\/sexshop001\/wp-content\/uploads\/2022\/01\/SUE-JOHANSON-HEAD-HONCHO-BOCA-TRANSPARENTE.jpg","type":"image\/jpeg"}],"twitter_card":"summary_large_image","twitter_misc":{"Tiempo de lectura":"1 minuto"},"schema":{"@context":"https:\/\/schema.org","@graph":[{"@type":"WebPage","@id":"https:\/\/demoweb.info\/sexshop001\/producto\/sue-johanson-head-honcho-boca-transparente\/","url":"https:\/\/demoweb.info\/sexshop001\/producto\/sue-johanson-head-honcho-boca-transparente\/","name":"SUE JOHANSON HEAD HONCHO - BOCA TRANSPARENTE - Tienda Er\u00f3tica","isPartOf":{"@id":"https:\/\/demoweb.info\/sexshop001\/#website"},"datePublished":"2022-01-22T10:07:45+00:00","dateModified":"2022-01-22T10:07:45+00:00","breadcrumb":{"@id":"https:\/\/demoweb.info\/sexshop001\/producto\/sue-johanson-head-honcho-boca-transparente\/#breadcrumb"},"inLanguage":"es","potentialAction":[{"@type":"ReadAction","target":["https:\/\/demoweb.info\/sexshop001\/producto\/sue-johanson-head-honcho-boca-transparente\/"]}]},{"@type":"BreadcrumbList","@id":"https:\/\/demoweb.info\/sexshop001\/producto\/sue-johanson-head-honcho-boca-transparente\/#breadcrumb","itemListElement":[{"@type":"ListItem","position":1,"name":"Portada","item":"https:\/\/demoweb.info\/sexshop001\/"},{"@type":"ListItem","position":2,"name":"Tienda","item":"https:\/\/demoweb.info\/sexshop001\/tienda\/"},{"@type":"ListItem","position":3,"name":"SUE JOHANSON HEAD HONCHO &#8211; BOCA TRANSPARENTE"}]},{"@type":"WebSite","@id":"https:\/\/demoweb.info\/sexshop001\/#website","url":"https:\/\/demoweb.info\/sexshop001\/","name":"Tienda Er\u00f3tica","description":"DEMOWEB SL","potentialAction":[{"@type":"SearchAction","target":{"@type":"EntryPoint","urlTemplate":"https:\/\/demoweb.info\/sexshop001\/?s={search_term_string}"},"query-input":"required name=search_term_string"}],"inLanguage":"es"}]}},"_links":{"self":[{"href":"https:\/\/demoweb.info\/sexshop001\/wp-json\/wp\/v3\/product\/20192","targetHints":{"allow":["GET"]}}],"collection":[{"href":"https:\/\/demoweb.info\/sexshop001\/wp-json\/wp\/v3\/product"}],"about":[{"href":"https:\/\/demoweb.info\/sexshop001\/wp-json\/wp\/v2\/types\/product"}],"replies":[{"embeddable":true,"href":"https:\/\/demoweb.info\/sexshop001\/wp-json\/wp\/v2\/comments?post=20192"}],"wp:featuredmedia":[{"embeddable":true,"href":"https:\/\/demoweb.info\/sexshop001\/wp-json\/wp\/v2\/media\/20193"}],"wp:attachment":[{"href":"https:\/\/demoweb.info\/sexshop001\/wp-json\/wp\/v2\/media?parent=20192"}],"wp:term":[{"taxonomy":"product_cat","embeddable":true,"href":"https:\/\/demoweb.info\/sexshop001\/wp-json\/wp\/v2\/product_cat?post=20192"},{"taxonomy":"product_tag","embeddable":true,"href":"https:\/\/demoweb.info\/sexshop001\/wp-json\/wp\/v2\/product_tag?post=20192"}],"curies":[{"name":"wp","href":"https:\/\/api.w.org\/{rel}","templated":true}]}}