{"id":20182,"date":"2022-01-22T11:07:09","date_gmt":"2022-01-22T10:07:09","guid":{"rendered":"https:\/\/demoweb.info\/sexshop001\/producto\/estimulador-de-clitoris-climactic-climaxer\/"},"modified":"2022-01-22T11:07:39","modified_gmt":"2022-01-22T10:07:39","slug":"estimulador-de-clitoris-climactic-climaxer","status":"publish","type":"product","link":"https:\/\/demoweb.info\/sexshop001\/producto\/estimulador-de-clitoris-climactic-climaxer\/","title":{"rendered":"ESTIMULADOR DE CLITORIS CLIMACTIC CLIMAXER"},"content":{"rendered":"<p><strong>CLIMACTIC CLIMAXER<\/strong><\/p>\n<p>El Climactic Climaxer est\u00e1 especialmente dise\u00f1ado para proporcionar una sensaci\u00f3n de boca suave que envuelve tu cl\u00edtoris en un placer incre\u00edble. Est\u00e1 esculpido para proporcionar una excitaci\u00f3n femenina completa en tu cl\u00edtoris o en cualquier otro lugar que te vuelva loca, as\u00ed que deja que le haga cosquillas.<\/p>\n<p>Presiona esta c\u00f3moda y potente boca contra cualquier zona er\u00f3gena y deja que el teaser te mime con placer. El estimulador es suave y flexible gracias a un material puro y seguro.El masajeador es f\u00e1cil de usar: simplemente inserta 2 pilas AAA en la tapa del extremo y presiona el interruptor en la parte inferior de la tapa para que el masajeador funcione.<\/p>\n<p>Luego presiona sus ansiosos labios contra el clitoris y prep\u00e1rete para perderte en la m\u00e1xima estimulaci\u00f3n que te enviar\u00e1 al l\u00edmite en poco tiempo. Este estimulador contorneado mide 13,97 de largo y 6,98 cm de ancho y est\u00e1 listo para complacerte de la manera correcta.<\/p>\n<p><strong>Longitud total : <\/strong>14 cm x 7 cm<br \/>\n<strong>Material :   <\/strong>Phthalate-Free PVC , ABS.<br \/>\n<strong>Bater\u00edas requeridas :<\/strong>   AAA<\/p>\n","protected":false},"excerpt":{"rendered":"<p>CLIMACTIC CLIMAXER El Climactic Climaxer est\u00e1 especialmente dise\u00f1ado para proporcionar una sensaci\u00f3n de boca suave que envuelve tu cl\u00edtoris en<\/p>\n","protected":false},"featured_media":20183,"comment_status":"open","ping_status":"open","template":"","meta":[],"product_cat":[370],"product_tag":[660,986],"class_list":["post-20182","product","type-product","status-publish","has-post-thumbnail","hentry","product_cat-clitoris","product_tag-calexotics","product_tag-personality-vibes"],"bundled_by":[],"bundle_stock_status":"instock","bundle_stock_quantity":2,"bundle_virtual":false,"bundle_layout":"","bundle_add_to_cart_form_location":"","bundle_editable_in_cart":false,"bundle_sold_individually_context":"","bundle_item_grouping":"","bundle_min_size":"","bundle_max_size":"","bundled_items":[],"yoast_head":"<!-- This site is optimized with the Yoast SEO plugin v20.6 - https:\/\/yoast.com\/wordpress\/plugins\/seo\/ -->\n<title>ESTIMULADOR DE CLITORIS CLIMACTIC CLIMAXER - Tienda Er\u00f3tica<\/title>\n<meta name=\"robots\" content=\"noindex, follow, max-snippet:-1, max-image-preview:large, max-video-preview:-1\" \/>\n<meta property=\"og:locale\" content=\"es_ES\" \/>\n<meta property=\"og:type\" content=\"article\" \/>\n<meta property=\"og:title\" content=\"ESTIMULADOR DE CLITORIS CLIMACTIC CLIMAXER - Tienda Er\u00f3tica\" \/>\n<meta property=\"og:description\" content=\"CLIMACTIC CLIMAXER El Climactic Climaxer est\u00e1 especialmente dise\u00f1ado para proporcionar una sensaci\u00f3n de boca suave que envuelve tu cl\u00edtoris en\" \/>\n<meta property=\"og:url\" content=\"https:\/\/demoweb.info\/sexshop001\/producto\/estimulador-de-clitoris-climactic-climaxer\/\" \/>\n<meta property=\"og:site_name\" content=\"Tienda Er\u00f3tica\" \/>\n<meta property=\"article:modified_time\" content=\"2022-01-22T10:07:39+00:00\" \/>\n<meta property=\"og:image\" content=\"https:\/\/demoweb.info\/sexshop001\/wp-content\/uploads\/2022\/01\/ESTIMULADOR-DE-CLITORIS-CLIMACTIC-CLIMAXER.jpg\" \/>\n\t<meta property=\"og:image:width\" content=\"550\" \/>\n\t<meta property=\"og:image:height\" content=\"550\" \/>\n\t<meta property=\"og:image:type\" content=\"image\/jpeg\" \/>\n<meta name=\"twitter:card\" content=\"summary_large_image\" \/>\n<meta name=\"twitter:label1\" content=\"Tiempo de lectura\" \/>\n\t<meta name=\"twitter:data1\" content=\"1 minuto\" \/>\n<script type=\"application\/ld+json\" class=\"yoast-schema-graph\">{\"@context\":\"https:\/\/schema.org\",\"@graph\":[{\"@type\":\"WebPage\",\"@id\":\"https:\/\/demoweb.info\/sexshop001\/producto\/estimulador-de-clitoris-climactic-climaxer\/\",\"url\":\"https:\/\/demoweb.info\/sexshop001\/producto\/estimulador-de-clitoris-climactic-climaxer\/\",\"name\":\"ESTIMULADOR DE CLITORIS CLIMACTIC CLIMAXER - Tienda Er\u00f3tica\",\"isPartOf\":{\"@id\":\"https:\/\/demoweb.info\/sexshop001\/#website\"},\"datePublished\":\"2022-01-22T10:07:09+00:00\",\"dateModified\":\"2022-01-22T10:07:39+00:00\",\"breadcrumb\":{\"@id\":\"https:\/\/demoweb.info\/sexshop001\/producto\/estimulador-de-clitoris-climactic-climaxer\/#breadcrumb\"},\"inLanguage\":\"es\",\"potentialAction\":[{\"@type\":\"ReadAction\",\"target\":[\"https:\/\/demoweb.info\/sexshop001\/producto\/estimulador-de-clitoris-climactic-climaxer\/\"]}]},{\"@type\":\"BreadcrumbList\",\"@id\":\"https:\/\/demoweb.info\/sexshop001\/producto\/estimulador-de-clitoris-climactic-climaxer\/#breadcrumb\",\"itemListElement\":[{\"@type\":\"ListItem\",\"position\":1,\"name\":\"Portada\",\"item\":\"https:\/\/demoweb.info\/sexshop001\/\"},{\"@type\":\"ListItem\",\"position\":2,\"name\":\"Tienda\",\"item\":\"https:\/\/demoweb.info\/sexshop001\/tienda\/\"},{\"@type\":\"ListItem\",\"position\":3,\"name\":\"ESTIMULADOR DE CLITORIS CLIMACTIC CLIMAXER\"}]},{\"@type\":\"WebSite\",\"@id\":\"https:\/\/demoweb.info\/sexshop001\/#website\",\"url\":\"https:\/\/demoweb.info\/sexshop001\/\",\"name\":\"Tienda Er\u00f3tica\",\"description\":\"DEMOWEB SL\",\"potentialAction\":[{\"@type\":\"SearchAction\",\"target\":{\"@type\":\"EntryPoint\",\"urlTemplate\":\"https:\/\/demoweb.info\/sexshop001\/?s={search_term_string}\"},\"query-input\":\"required name=search_term_string\"}],\"inLanguage\":\"es\"}]}<\/script>\n<!-- \/ Yoast SEO plugin. -->","yoast_head_json":{"title":"ESTIMULADOR DE CLITORIS CLIMACTIC CLIMAXER - Tienda Er\u00f3tica","robots":{"index":"noindex","follow":"follow","max-snippet":"max-snippet:-1","max-image-preview":"max-image-preview:large","max-video-preview":"max-video-preview:-1"},"og_locale":"es_ES","og_type":"article","og_title":"ESTIMULADOR DE CLITORIS CLIMACTIC CLIMAXER - Tienda Er\u00f3tica","og_description":"CLIMACTIC CLIMAXER El Climactic Climaxer est\u00e1 especialmente dise\u00f1ado para proporcionar una sensaci\u00f3n de boca suave que envuelve tu cl\u00edtoris en","og_url":"https:\/\/demoweb.info\/sexshop001\/producto\/estimulador-de-clitoris-climactic-climaxer\/","og_site_name":"Tienda Er\u00f3tica","article_modified_time":"2022-01-22T10:07:39+00:00","og_image":[{"width":550,"height":550,"url":"https:\/\/demoweb.info\/sexshop001\/wp-content\/uploads\/2022\/01\/ESTIMULADOR-DE-CLITORIS-CLIMACTIC-CLIMAXER.jpg","type":"image\/jpeg"}],"twitter_card":"summary_large_image","twitter_misc":{"Tiempo de lectura":"1 minuto"},"schema":{"@context":"https:\/\/schema.org","@graph":[{"@type":"WebPage","@id":"https:\/\/demoweb.info\/sexshop001\/producto\/estimulador-de-clitoris-climactic-climaxer\/","url":"https:\/\/demoweb.info\/sexshop001\/producto\/estimulador-de-clitoris-climactic-climaxer\/","name":"ESTIMULADOR DE CLITORIS CLIMACTIC CLIMAXER - Tienda Er\u00f3tica","isPartOf":{"@id":"https:\/\/demoweb.info\/sexshop001\/#website"},"datePublished":"2022-01-22T10:07:09+00:00","dateModified":"2022-01-22T10:07:39+00:00","breadcrumb":{"@id":"https:\/\/demoweb.info\/sexshop001\/producto\/estimulador-de-clitoris-climactic-climaxer\/#breadcrumb"},"inLanguage":"es","potentialAction":[{"@type":"ReadAction","target":["https:\/\/demoweb.info\/sexshop001\/producto\/estimulador-de-clitoris-climactic-climaxer\/"]}]},{"@type":"BreadcrumbList","@id":"https:\/\/demoweb.info\/sexshop001\/producto\/estimulador-de-clitoris-climactic-climaxer\/#breadcrumb","itemListElement":[{"@type":"ListItem","position":1,"name":"Portada","item":"https:\/\/demoweb.info\/sexshop001\/"},{"@type":"ListItem","position":2,"name":"Tienda","item":"https:\/\/demoweb.info\/sexshop001\/tienda\/"},{"@type":"ListItem","position":3,"name":"ESTIMULADOR DE CLITORIS CLIMACTIC CLIMAXER"}]},{"@type":"WebSite","@id":"https:\/\/demoweb.info\/sexshop001\/#website","url":"https:\/\/demoweb.info\/sexshop001\/","name":"Tienda Er\u00f3tica","description":"DEMOWEB SL","potentialAction":[{"@type":"SearchAction","target":{"@type":"EntryPoint","urlTemplate":"https:\/\/demoweb.info\/sexshop001\/?s={search_term_string}"},"query-input":"required name=search_term_string"}],"inLanguage":"es"}]}},"_links":{"self":[{"href":"https:\/\/demoweb.info\/sexshop001\/wp-json\/wp\/v3\/product\/20182","targetHints":{"allow":["GET"]}}],"collection":[{"href":"https:\/\/demoweb.info\/sexshop001\/wp-json\/wp\/v3\/product"}],"about":[{"href":"https:\/\/demoweb.info\/sexshop001\/wp-json\/wp\/v2\/types\/product"}],"replies":[{"embeddable":true,"href":"https:\/\/demoweb.info\/sexshop001\/wp-json\/wp\/v2\/comments?post=20182"}],"wp:featuredmedia":[{"embeddable":true,"href":"https:\/\/demoweb.info\/sexshop001\/wp-json\/wp\/v2\/media\/20183"}],"wp:attachment":[{"href":"https:\/\/demoweb.info\/sexshop001\/wp-json\/wp\/v2\/media?parent=20182"}],"wp:term":[{"taxonomy":"product_cat","embeddable":true,"href":"https:\/\/demoweb.info\/sexshop001\/wp-json\/wp\/v2\/product_cat?post=20182"},{"taxonomy":"product_tag","embeddable":true,"href":"https:\/\/demoweb.info\/sexshop001\/wp-json\/wp\/v2\/product_tag?post=20182"}],"curies":[{"name":"wp","href":"https:\/\/api.w.org\/{rel}","templated":true}]}}