{"id":20177,"date":"2022-01-22T11:07:09","date_gmt":"2022-01-22T10:07:09","guid":{"rendered":"https:\/\/demoweb.info\/sexshop001\/producto\/anillo-vibrador-rosa-dual-clit-flicker\/"},"modified":"2022-01-22T11:07:37","modified_gmt":"2022-01-22T10:07:37","slug":"anillo-vibrador-rosa-dual-clit-flicker","status":"publish","type":"product","link":"https:\/\/demoweb.info\/sexshop001\/producto\/anillo-vibrador-rosa-dual-clit-flicker\/","title":{"rendered":"ANILLO VIBRADOR ROSA DUAL CLIT FLICKER"},"content":{"rendered":"<p><strong>DUAL CLIT FLICKER<\/strong><\/p>\n<p>Comparte el \u00e9xtasis con el Dual Clit Flicker.<br \/>\nEl potenciador de la erecci\u00f3n ofrece el m\u00e1ximo apoyo dual para \u00e9l y un tentador placer de estimulaci\u00f3n del cl\u00edtoris para ella. El anillo el\u00e1stico f\u00e1cil de usar se suministra con un estimulador vibratorio en forma de bala extra\u00edble y reutilizable para una experiencia memorable.<\/p>\n<p>El Dual Clit Flicker est\u00e1 hecho de TPR sin perfume s\u00faper suave y ultrael\u00e1stico. El anillo proporciona soporte de erecci\u00f3n doble e incluye un anillo de pene texturizado y un anillo flexible m\u00e1s grande que asegura alrededor del escroto. El teaser lleno de placer cuenta con la acci\u00f3n er\u00f3tica de la lengua parpadeante para una intensa aventura de estimulaci\u00f3n del cl\u00edtoris.<\/p>\n<p>El microestimulador de bala ofrece vibraciones llenas de energ\u00eda y tambi\u00e9n se puede utilizar de forma independiente. Ideal para usuarios experimentados y por primera vez, el Dual Clit Flicker mejora la diversi\u00f3n del tiempo de juego de los adultos. \u00dasalo con un lubricante de base de agua. Antes y despu\u00e9s de cada uso, limpia el anillo protector de erecci\u00f3n con un spray limpiador de juguetes o l\u00e1valo con agua y jab\u00f3n.<\/p>\n<p><strong>Longitud total <\/strong>: 9 x 6 cm \/ 7 x 2 cm<br \/>\n<strong>Impermeable<\/strong> SI<br \/>\n<strong>Material <\/strong>Thermoplastic Rubber, ABS Plastic \/ Metallic Plating<br \/>\n<strong>Bater\u00edas requeridas <\/strong>N<br \/>\n<strong>Cantidad de la bater\u00eda<\/strong> 1<br \/>\n<strong>Baterias incluidas <\/strong> SI<\/p>\n","protected":false},"excerpt":{"rendered":"<p>DUAL CLIT FLICKER Comparte el \u00e9xtasis con el Dual Clit Flicker. El potenciador de la erecci\u00f3n ofrece el m\u00e1ximo apoyo<\/p>\n","protected":false},"featured_media":20178,"comment_status":"open","ping_status":"open","template":"","meta":[],"product_cat":[438],"product_tag":[660,809],"class_list":["post-20177","product","type-product","status-publish","has-post-thumbnail","hentry","product_cat-con-vibrador-anillos","product_tag-calexotics","product_tag-couples-enhancers"],"bundled_by":[],"bundle_stock_status":"instock","bundle_stock_quantity":1,"bundle_virtual":false,"bundle_layout":"","bundle_add_to_cart_form_location":"","bundle_editable_in_cart":false,"bundle_sold_individually_context":"","bundle_item_grouping":"","bundle_min_size":"","bundle_max_size":"","bundled_items":[],"yoast_head":"<!-- This site is optimized with the Yoast SEO plugin v20.6 - https:\/\/yoast.com\/wordpress\/plugins\/seo\/ -->\n<title>ANILLO VIBRADOR ROSA DUAL CLIT FLICKER - Tienda Er\u00f3tica<\/title>\n<meta name=\"robots\" content=\"noindex, follow, max-snippet:-1, max-image-preview:large, max-video-preview:-1\" \/>\n<meta property=\"og:locale\" content=\"es_ES\" \/>\n<meta property=\"og:type\" content=\"article\" \/>\n<meta property=\"og:title\" content=\"ANILLO VIBRADOR ROSA DUAL CLIT FLICKER - Tienda Er\u00f3tica\" \/>\n<meta property=\"og:description\" content=\"DUAL CLIT FLICKER Comparte el \u00e9xtasis con el Dual Clit Flicker. El potenciador de la erecci\u00f3n ofrece el m\u00e1ximo apoyo\" \/>\n<meta property=\"og:url\" content=\"https:\/\/demoweb.info\/sexshop001\/producto\/anillo-vibrador-rosa-dual-clit-flicker\/\" \/>\n<meta property=\"og:site_name\" content=\"Tienda Er\u00f3tica\" \/>\n<meta property=\"article:modified_time\" content=\"2022-01-22T10:07:37+00:00\" \/>\n<meta property=\"og:image\" content=\"https:\/\/demoweb.info\/sexshop001\/wp-content\/uploads\/2022\/01\/ANILLO-VIBRADOR-ROSA-DUAL-CLIT-FLICKER.jpg\" \/>\n\t<meta property=\"og:image:width\" content=\"550\" \/>\n\t<meta property=\"og:image:height\" content=\"550\" \/>\n\t<meta property=\"og:image:type\" content=\"image\/jpeg\" \/>\n<meta name=\"twitter:card\" content=\"summary_large_image\" \/>\n<meta name=\"twitter:label1\" content=\"Tiempo de lectura\" \/>\n\t<meta name=\"twitter:data1\" content=\"1 minuto\" \/>\n<script type=\"application\/ld+json\" class=\"yoast-schema-graph\">{\"@context\":\"https:\/\/schema.org\",\"@graph\":[{\"@type\":\"WebPage\",\"@id\":\"https:\/\/demoweb.info\/sexshop001\/producto\/anillo-vibrador-rosa-dual-clit-flicker\/\",\"url\":\"https:\/\/demoweb.info\/sexshop001\/producto\/anillo-vibrador-rosa-dual-clit-flicker\/\",\"name\":\"ANILLO VIBRADOR ROSA DUAL CLIT FLICKER - Tienda Er\u00f3tica\",\"isPartOf\":{\"@id\":\"https:\/\/demoweb.info\/sexshop001\/#website\"},\"datePublished\":\"2022-01-22T10:07:09+00:00\",\"dateModified\":\"2022-01-22T10:07:37+00:00\",\"breadcrumb\":{\"@id\":\"https:\/\/demoweb.info\/sexshop001\/producto\/anillo-vibrador-rosa-dual-clit-flicker\/#breadcrumb\"},\"inLanguage\":\"es\",\"potentialAction\":[{\"@type\":\"ReadAction\",\"target\":[\"https:\/\/demoweb.info\/sexshop001\/producto\/anillo-vibrador-rosa-dual-clit-flicker\/\"]}]},{\"@type\":\"BreadcrumbList\",\"@id\":\"https:\/\/demoweb.info\/sexshop001\/producto\/anillo-vibrador-rosa-dual-clit-flicker\/#breadcrumb\",\"itemListElement\":[{\"@type\":\"ListItem\",\"position\":1,\"name\":\"Portada\",\"item\":\"https:\/\/demoweb.info\/sexshop001\/\"},{\"@type\":\"ListItem\",\"position\":2,\"name\":\"Tienda\",\"item\":\"https:\/\/demoweb.info\/sexshop001\/tienda\/\"},{\"@type\":\"ListItem\",\"position\":3,\"name\":\"ANILLO VIBRADOR ROSA DUAL CLIT FLICKER\"}]},{\"@type\":\"WebSite\",\"@id\":\"https:\/\/demoweb.info\/sexshop001\/#website\",\"url\":\"https:\/\/demoweb.info\/sexshop001\/\",\"name\":\"Tienda Er\u00f3tica\",\"description\":\"DEMOWEB SL\",\"potentialAction\":[{\"@type\":\"SearchAction\",\"target\":{\"@type\":\"EntryPoint\",\"urlTemplate\":\"https:\/\/demoweb.info\/sexshop001\/?s={search_term_string}\"},\"query-input\":\"required name=search_term_string\"}],\"inLanguage\":\"es\"}]}<\/script>\n<!-- \/ Yoast SEO plugin. -->","yoast_head_json":{"title":"ANILLO VIBRADOR ROSA DUAL CLIT FLICKER - Tienda Er\u00f3tica","robots":{"index":"noindex","follow":"follow","max-snippet":"max-snippet:-1","max-image-preview":"max-image-preview:large","max-video-preview":"max-video-preview:-1"},"og_locale":"es_ES","og_type":"article","og_title":"ANILLO VIBRADOR ROSA DUAL CLIT FLICKER - Tienda Er\u00f3tica","og_description":"DUAL CLIT FLICKER Comparte el \u00e9xtasis con el Dual Clit Flicker. El potenciador de la erecci\u00f3n ofrece el m\u00e1ximo apoyo","og_url":"https:\/\/demoweb.info\/sexshop001\/producto\/anillo-vibrador-rosa-dual-clit-flicker\/","og_site_name":"Tienda Er\u00f3tica","article_modified_time":"2022-01-22T10:07:37+00:00","og_image":[{"width":550,"height":550,"url":"https:\/\/demoweb.info\/sexshop001\/wp-content\/uploads\/2022\/01\/ANILLO-VIBRADOR-ROSA-DUAL-CLIT-FLICKER.jpg","type":"image\/jpeg"}],"twitter_card":"summary_large_image","twitter_misc":{"Tiempo de lectura":"1 minuto"},"schema":{"@context":"https:\/\/schema.org","@graph":[{"@type":"WebPage","@id":"https:\/\/demoweb.info\/sexshop001\/producto\/anillo-vibrador-rosa-dual-clit-flicker\/","url":"https:\/\/demoweb.info\/sexshop001\/producto\/anillo-vibrador-rosa-dual-clit-flicker\/","name":"ANILLO VIBRADOR ROSA DUAL CLIT FLICKER - Tienda Er\u00f3tica","isPartOf":{"@id":"https:\/\/demoweb.info\/sexshop001\/#website"},"datePublished":"2022-01-22T10:07:09+00:00","dateModified":"2022-01-22T10:07:37+00:00","breadcrumb":{"@id":"https:\/\/demoweb.info\/sexshop001\/producto\/anillo-vibrador-rosa-dual-clit-flicker\/#breadcrumb"},"inLanguage":"es","potentialAction":[{"@type":"ReadAction","target":["https:\/\/demoweb.info\/sexshop001\/producto\/anillo-vibrador-rosa-dual-clit-flicker\/"]}]},{"@type":"BreadcrumbList","@id":"https:\/\/demoweb.info\/sexshop001\/producto\/anillo-vibrador-rosa-dual-clit-flicker\/#breadcrumb","itemListElement":[{"@type":"ListItem","position":1,"name":"Portada","item":"https:\/\/demoweb.info\/sexshop001\/"},{"@type":"ListItem","position":2,"name":"Tienda","item":"https:\/\/demoweb.info\/sexshop001\/tienda\/"},{"@type":"ListItem","position":3,"name":"ANILLO VIBRADOR ROSA DUAL CLIT FLICKER"}]},{"@type":"WebSite","@id":"https:\/\/demoweb.info\/sexshop001\/#website","url":"https:\/\/demoweb.info\/sexshop001\/","name":"Tienda Er\u00f3tica","description":"DEMOWEB SL","potentialAction":[{"@type":"SearchAction","target":{"@type":"EntryPoint","urlTemplate":"https:\/\/demoweb.info\/sexshop001\/?s={search_term_string}"},"query-input":"required name=search_term_string"}],"inLanguage":"es"}]}},"_links":{"self":[{"href":"https:\/\/demoweb.info\/sexshop001\/wp-json\/wp\/v3\/product\/20177","targetHints":{"allow":["GET"]}}],"collection":[{"href":"https:\/\/demoweb.info\/sexshop001\/wp-json\/wp\/v3\/product"}],"about":[{"href":"https:\/\/demoweb.info\/sexshop001\/wp-json\/wp\/v2\/types\/product"}],"replies":[{"embeddable":true,"href":"https:\/\/demoweb.info\/sexshop001\/wp-json\/wp\/v2\/comments?post=20177"}],"wp:featuredmedia":[{"embeddable":true,"href":"https:\/\/demoweb.info\/sexshop001\/wp-json\/wp\/v2\/media\/20178"}],"wp:attachment":[{"href":"https:\/\/demoweb.info\/sexshop001\/wp-json\/wp\/v2\/media?parent=20177"}],"wp:term":[{"taxonomy":"product_cat","embeddable":true,"href":"https:\/\/demoweb.info\/sexshop001\/wp-json\/wp\/v2\/product_cat?post=20177"},{"taxonomy":"product_tag","embeddable":true,"href":"https:\/\/demoweb.info\/sexshop001\/wp-json\/wp\/v2\/product_tag?post=20177"}],"curies":[{"name":"wp","href":"https:\/\/api.w.org\/{rel}","templated":true}]}}