{"id":20165,"date":"2022-01-22T11:07:09","date_gmt":"2022-01-22T10:07:09","guid":{"rendered":"https:\/\/demoweb.info\/sexshop001\/producto\/the-accomodator-mordaza-con-pene-realistico\/"},"modified":"2022-01-22T11:07:32","modified_gmt":"2022-01-22T10:07:32","slug":"the-accomodator-mordaza-con-pene-realistico","status":"publish","type":"product","link":"https:\/\/demoweb.info\/sexshop001\/producto\/the-accomodator-mordaza-con-pene-realistico\/","title":{"rendered":"THE ACCOMODATOR &#8211; MORDAZA CON PENE REAL\u00cdSTICO"},"content":{"rendered":"<p><strong>THE ACCOMODATOR <\/strong><\/p>\n<p>Explora tus deseos y fantas\u00edas m\u00e1s salvajes con el er\u00f3tico Original Acomodador Latex Dong.<br \/>\nEl estimulador de sexo oral original est\u00e1 dise\u00f1ado para brindar un intenso placer org\u00e1smico, para ti y tu amante.<\/p>\n<p>El dong est\u00e1 hecho de l\u00e1tex suave, s\u00faper flexible y el\u00e1stico, y consta de una sonda con forma de pene unida a correas flexibles que se colocan sobre la cabeza. Una vez en posici\u00f3n, el ex\u00f3tico dong ofrece la m\u00e1xima entrega flexible de placer oral sensual. El dongle manos libres te permite tomar el control total de la satisfacci\u00f3n de tu amante a trav\u00e9s de la exploraci\u00f3n vaginal y anal.<\/p>\n<p>Para aumentar la sensibilidad, utiliza siempre un lubricante de calidad con este juguete. El dong mide un tama\u00f1o compacto de 12,75 cm x 3,25 cm y es ideal para usuarios experimentados y para los que sea su primera vez. Usa tu imaginaci\u00f3n y deja que el dong entregue un para\u00edso de estimulaci\u00f3n alucinante.<\/p>\n<p>Para usarlo, estira las c\u00f3modas correas anchas de l\u00e1tex sobre la cabeza. Bromea, estimula y excita a tu amante hasta un cl\u00edmax explosivo.<\/p>\n<p><strong>Longitud total <\/strong> 12.75 cm x 3.25 cm<br \/>\n<strong>Material <\/strong>Latex<\/p>\n","protected":false},"excerpt":{"rendered":"<p>THE ACCOMODATOR Explora tus deseos y fantas\u00edas m\u00e1s salvajes con el er\u00f3tico Original Acomodador Latex Dong. El estimulador de sexo<\/p>\n","protected":false},"featured_media":20166,"comment_status":"open","ping_status":"open","template":"","meta":[],"product_cat":[288],"product_tag":[660,808],"class_list":["post-20165","product","type-product","status-publish","has-post-thumbnail","hentry","product_cat-mordazas","product_tag-calexotics","product_tag-extensions"],"bundled_by":[],"bundle_stock_status":"outofstock","bundle_stock_quantity":0,"bundle_virtual":false,"bundle_layout":"","bundle_add_to_cart_form_location":"","bundle_editable_in_cart":false,"bundle_sold_individually_context":"","bundle_item_grouping":"","bundle_min_size":"","bundle_max_size":"","bundled_items":[],"yoast_head":"<!-- This site is optimized with the Yoast SEO plugin v20.6 - https:\/\/yoast.com\/wordpress\/plugins\/seo\/ -->\n<title>THE ACCOMODATOR - MORDAZA CON PENE REAL\u00cdSTICO - Tienda Er\u00f3tica<\/title>\n<meta name=\"robots\" content=\"noindex, follow, max-snippet:-1, max-image-preview:large, max-video-preview:-1\" \/>\n<meta property=\"og:locale\" content=\"es_ES\" \/>\n<meta property=\"og:type\" content=\"article\" \/>\n<meta property=\"og:title\" content=\"THE ACCOMODATOR - MORDAZA CON PENE REAL\u00cdSTICO - Tienda Er\u00f3tica\" \/>\n<meta property=\"og:description\" content=\"THE ACCOMODATOR Explora tus deseos y fantas\u00edas m\u00e1s salvajes con el er\u00f3tico Original Acomodador Latex Dong. El estimulador de sexo\" \/>\n<meta property=\"og:url\" content=\"https:\/\/demoweb.info\/sexshop001\/producto\/the-accomodator-mordaza-con-pene-realistico\/\" \/>\n<meta property=\"og:site_name\" content=\"Tienda Er\u00f3tica\" \/>\n<meta property=\"article:modified_time\" content=\"2022-01-22T10:07:32+00:00\" \/>\n<meta property=\"og:image\" content=\"https:\/\/demoweb.info\/sexshop001\/wp-content\/uploads\/2022\/01\/THE-ACCOMODATOR-MORDAZA-CON-PENE-REALISTICO.jpg\" \/>\n\t<meta property=\"og:image:width\" content=\"550\" \/>\n\t<meta property=\"og:image:height\" content=\"550\" \/>\n\t<meta property=\"og:image:type\" content=\"image\/jpeg\" \/>\n<meta name=\"twitter:card\" content=\"summary_large_image\" \/>\n<meta name=\"twitter:label1\" content=\"Tiempo de lectura\" \/>\n\t<meta name=\"twitter:data1\" content=\"1 minuto\" \/>\n<script type=\"application\/ld+json\" class=\"yoast-schema-graph\">{\"@context\":\"https:\/\/schema.org\",\"@graph\":[{\"@type\":\"WebPage\",\"@id\":\"https:\/\/demoweb.info\/sexshop001\/producto\/the-accomodator-mordaza-con-pene-realistico\/\",\"url\":\"https:\/\/demoweb.info\/sexshop001\/producto\/the-accomodator-mordaza-con-pene-realistico\/\",\"name\":\"THE ACCOMODATOR - MORDAZA CON PENE REAL\u00cdSTICO - Tienda Er\u00f3tica\",\"isPartOf\":{\"@id\":\"https:\/\/demoweb.info\/sexshop001\/#website\"},\"datePublished\":\"2022-01-22T10:07:09+00:00\",\"dateModified\":\"2022-01-22T10:07:32+00:00\",\"breadcrumb\":{\"@id\":\"https:\/\/demoweb.info\/sexshop001\/producto\/the-accomodator-mordaza-con-pene-realistico\/#breadcrumb\"},\"inLanguage\":\"es\",\"potentialAction\":[{\"@type\":\"ReadAction\",\"target\":[\"https:\/\/demoweb.info\/sexshop001\/producto\/the-accomodator-mordaza-con-pene-realistico\/\"]}]},{\"@type\":\"BreadcrumbList\",\"@id\":\"https:\/\/demoweb.info\/sexshop001\/producto\/the-accomodator-mordaza-con-pene-realistico\/#breadcrumb\",\"itemListElement\":[{\"@type\":\"ListItem\",\"position\":1,\"name\":\"Portada\",\"item\":\"https:\/\/demoweb.info\/sexshop001\/\"},{\"@type\":\"ListItem\",\"position\":2,\"name\":\"Tienda\",\"item\":\"https:\/\/demoweb.info\/sexshop001\/tienda\/\"},{\"@type\":\"ListItem\",\"position\":3,\"name\":\"THE ACCOMODATOR &#8211; MORDAZA CON PENE REAL\u00cdSTICO\"}]},{\"@type\":\"WebSite\",\"@id\":\"https:\/\/demoweb.info\/sexshop001\/#website\",\"url\":\"https:\/\/demoweb.info\/sexshop001\/\",\"name\":\"Tienda Er\u00f3tica\",\"description\":\"DEMOWEB SL\",\"potentialAction\":[{\"@type\":\"SearchAction\",\"target\":{\"@type\":\"EntryPoint\",\"urlTemplate\":\"https:\/\/demoweb.info\/sexshop001\/?s={search_term_string}\"},\"query-input\":\"required name=search_term_string\"}],\"inLanguage\":\"es\"}]}<\/script>\n<!-- \/ Yoast SEO plugin. -->","yoast_head_json":{"title":"THE ACCOMODATOR - MORDAZA CON PENE REAL\u00cdSTICO - Tienda Er\u00f3tica","robots":{"index":"noindex","follow":"follow","max-snippet":"max-snippet:-1","max-image-preview":"max-image-preview:large","max-video-preview":"max-video-preview:-1"},"og_locale":"es_ES","og_type":"article","og_title":"THE ACCOMODATOR - MORDAZA CON PENE REAL\u00cdSTICO - Tienda Er\u00f3tica","og_description":"THE ACCOMODATOR Explora tus deseos y fantas\u00edas m\u00e1s salvajes con el er\u00f3tico Original Acomodador Latex Dong. El estimulador de sexo","og_url":"https:\/\/demoweb.info\/sexshop001\/producto\/the-accomodator-mordaza-con-pene-realistico\/","og_site_name":"Tienda Er\u00f3tica","article_modified_time":"2022-01-22T10:07:32+00:00","og_image":[{"width":550,"height":550,"url":"https:\/\/demoweb.info\/sexshop001\/wp-content\/uploads\/2022\/01\/THE-ACCOMODATOR-MORDAZA-CON-PENE-REALISTICO.jpg","type":"image\/jpeg"}],"twitter_card":"summary_large_image","twitter_misc":{"Tiempo de lectura":"1 minuto"},"schema":{"@context":"https:\/\/schema.org","@graph":[{"@type":"WebPage","@id":"https:\/\/demoweb.info\/sexshop001\/producto\/the-accomodator-mordaza-con-pene-realistico\/","url":"https:\/\/demoweb.info\/sexshop001\/producto\/the-accomodator-mordaza-con-pene-realistico\/","name":"THE ACCOMODATOR - MORDAZA CON PENE REAL\u00cdSTICO - Tienda Er\u00f3tica","isPartOf":{"@id":"https:\/\/demoweb.info\/sexshop001\/#website"},"datePublished":"2022-01-22T10:07:09+00:00","dateModified":"2022-01-22T10:07:32+00:00","breadcrumb":{"@id":"https:\/\/demoweb.info\/sexshop001\/producto\/the-accomodator-mordaza-con-pene-realistico\/#breadcrumb"},"inLanguage":"es","potentialAction":[{"@type":"ReadAction","target":["https:\/\/demoweb.info\/sexshop001\/producto\/the-accomodator-mordaza-con-pene-realistico\/"]}]},{"@type":"BreadcrumbList","@id":"https:\/\/demoweb.info\/sexshop001\/producto\/the-accomodator-mordaza-con-pene-realistico\/#breadcrumb","itemListElement":[{"@type":"ListItem","position":1,"name":"Portada","item":"https:\/\/demoweb.info\/sexshop001\/"},{"@type":"ListItem","position":2,"name":"Tienda","item":"https:\/\/demoweb.info\/sexshop001\/tienda\/"},{"@type":"ListItem","position":3,"name":"THE ACCOMODATOR &#8211; MORDAZA CON PENE REAL\u00cdSTICO"}]},{"@type":"WebSite","@id":"https:\/\/demoweb.info\/sexshop001\/#website","url":"https:\/\/demoweb.info\/sexshop001\/","name":"Tienda Er\u00f3tica","description":"DEMOWEB SL","potentialAction":[{"@type":"SearchAction","target":{"@type":"EntryPoint","urlTemplate":"https:\/\/demoweb.info\/sexshop001\/?s={search_term_string}"},"query-input":"required name=search_term_string"}],"inLanguage":"es"}]}},"_links":{"self":[{"href":"https:\/\/demoweb.info\/sexshop001\/wp-json\/wp\/v3\/product\/20165","targetHints":{"allow":["GET"]}}],"collection":[{"href":"https:\/\/demoweb.info\/sexshop001\/wp-json\/wp\/v3\/product"}],"about":[{"href":"https:\/\/demoweb.info\/sexshop001\/wp-json\/wp\/v2\/types\/product"}],"replies":[{"embeddable":true,"href":"https:\/\/demoweb.info\/sexshop001\/wp-json\/wp\/v2\/comments?post=20165"}],"wp:featuredmedia":[{"embeddable":true,"href":"https:\/\/demoweb.info\/sexshop001\/wp-json\/wp\/v2\/media\/20166"}],"wp:attachment":[{"href":"https:\/\/demoweb.info\/sexshop001\/wp-json\/wp\/v2\/media?parent=20165"}],"wp:term":[{"taxonomy":"product_cat","embeddable":true,"href":"https:\/\/demoweb.info\/sexshop001\/wp-json\/wp\/v2\/product_cat?post=20165"},{"taxonomy":"product_tag","embeddable":true,"href":"https:\/\/demoweb.info\/sexshop001\/wp-json\/wp\/v2\/product_tag?post=20165"}],"curies":[{"name":"wp","href":"https:\/\/api.w.org\/{rel}","templated":true}]}}