{"id":20155,"date":"2022-01-22T11:07:09","date_gmt":"2022-01-22T10:07:09","guid":{"rendered":"https:\/\/demoweb.info\/sexshop001\/producto\/power-stud-over-under-negro\/"},"modified":"2022-01-22T11:07:28","modified_gmt":"2022-01-22T10:07:28","slug":"power-stud-over-under-negro","status":"publish","type":"product","link":"https:\/\/demoweb.info\/sexshop001\/producto\/power-stud-over-under-negro\/","title":{"rendered":"POWER STUD OVER &#038; UNDER &#8211; NEGRO"},"content":{"rendered":"<p><strong>POWER STUD OVER &#038; UNDER<\/strong><\/p>\n<p>El Power Stud Over &#038; Under impermeable demuestra que dos dongs son mejores que uno.<br \/>\nEste potente estimulador es el juguete sensual perfecto para disfrutar de una doble penetraci\u00f3n. Explora tu lado travieso y disfruta del placer en dos de tus puntos m\u00e1s sensibles. El doble penetrador tiene 13,97cm de largo y 4,44cm de circunferencia en su eje.<br \/>\nSu punta curva permite una estimulaci\u00f3n dirigida, mientras que las venas realistas agregan una sensaci\u00f3n que te enloquecer\u00e1 de placer.<br \/>\nEl eje m\u00e1s peque\u00f1o mide 8,50cm de largo y 2,54cm de ancho, el tama\u00f1o perfecto para explorar nuevos territorios y estimular esas terminaciones nerviosas anales s\u00faper sensibles. El penetrador doble presenta un material suave, flexible y seguro para el cuerpo.<br \/>\nSu nuevo estimulador doble cuenta con 3 velocidades de vibraci\u00f3n incre\u00edble para llenarlo con ondas vibrantes de placer. Divi\u00e9rtete alivi\u00e1ndote hasta la vibraci\u00f3n m\u00e1s fuerte o sum\u00e9rgete y pi\u00e9rdete en un zumbido de felicidad que te enviar\u00e1 al l\u00edmite de placer.<br \/>\nEl doble penetrador cuenta con un sistema de control de bot\u00f3n pulsador f\u00e1cil de usar. Un solo bot\u00f3n te permite encender tu Stud, recorrer sus 3 velocidades intensas y apagarlo cuando hayas terminado. Todo lo que necesitas para comenzar el camino hacia un placer impresionante son 2 bater\u00edas AA.<\/p>\n<p><strong>Longitud total <\/strong> 14cm x 4.5cm \/ 9cm x 2.5cm<br \/>\n<strong>Impermeable <\/strong>SI<br \/>\n<strong>Material <\/strong>PVC Plastic<br \/>\n<strong>Bater\u00edas requeridas <\/strong>AA<br \/>\n<strong>Cantidad<\/strong> <strong>de la bater\u00eda <\/strong> 2<br \/>\n<strong>Baterias incluidas <\/strong> No<\/p>\n","protected":false},"excerpt":{"rendered":"<p>POWER STUD OVER &#038; UNDER El Power Stud Over &#038; Under impermeable demuestra que dos dongs son mejores que uno.<\/p>\n","protected":false},"featured_media":20156,"comment_status":"open","ping_status":"open","template":"","meta":[],"product_cat":[437],"product_tag":[660,959],"class_list":["post-20155","product","type-product","status-publish","has-post-thumbnail","hentry","product_cat-dobles","product_tag-calexotics","product_tag-stud"],"bundled_by":[],"bundle_stock_status":"outofstock","bundle_stock_quantity":0,"bundle_virtual":false,"bundle_layout":"","bundle_add_to_cart_form_location":"","bundle_editable_in_cart":false,"bundle_sold_individually_context":"","bundle_item_grouping":"","bundle_min_size":"","bundle_max_size":"","bundled_items":[],"yoast_head":"<!-- This site is optimized with the Yoast SEO plugin v20.6 - https:\/\/yoast.com\/wordpress\/plugins\/seo\/ -->\n<title>POWER STUD OVER &amp; UNDER - NEGRO - Tienda Er\u00f3tica<\/title>\n<meta name=\"robots\" content=\"noindex, follow, max-snippet:-1, max-image-preview:large, max-video-preview:-1\" \/>\n<meta property=\"og:locale\" content=\"es_ES\" \/>\n<meta property=\"og:type\" content=\"article\" \/>\n<meta property=\"og:title\" content=\"POWER STUD OVER &amp; UNDER - NEGRO - Tienda Er\u00f3tica\" \/>\n<meta property=\"og:description\" content=\"POWER STUD OVER &#038; UNDER El Power Stud Over &#038; Under impermeable demuestra que dos dongs son mejores que uno.\" \/>\n<meta property=\"og:url\" content=\"https:\/\/demoweb.info\/sexshop001\/producto\/power-stud-over-under-negro\/\" \/>\n<meta property=\"og:site_name\" content=\"Tienda Er\u00f3tica\" \/>\n<meta property=\"article:modified_time\" content=\"2022-01-22T10:07:28+00:00\" \/>\n<meta property=\"og:image\" content=\"https:\/\/demoweb.info\/sexshop001\/wp-content\/uploads\/2022\/01\/POWER-STUD-OVER-UNDER-NEGRO.jpg\" \/>\n\t<meta property=\"og:image:width\" content=\"550\" \/>\n\t<meta property=\"og:image:height\" content=\"550\" \/>\n\t<meta property=\"og:image:type\" content=\"image\/jpeg\" \/>\n<meta name=\"twitter:card\" content=\"summary_large_image\" \/>\n<meta name=\"twitter:label1\" content=\"Tiempo de lectura\" \/>\n\t<meta name=\"twitter:data1\" content=\"1 minuto\" \/>\n<script type=\"application\/ld+json\" class=\"yoast-schema-graph\">{\"@context\":\"https:\/\/schema.org\",\"@graph\":[{\"@type\":\"WebPage\",\"@id\":\"https:\/\/demoweb.info\/sexshop001\/producto\/power-stud-over-under-negro\/\",\"url\":\"https:\/\/demoweb.info\/sexshop001\/producto\/power-stud-over-under-negro\/\",\"name\":\"POWER STUD OVER & UNDER - NEGRO - Tienda Er\u00f3tica\",\"isPartOf\":{\"@id\":\"https:\/\/demoweb.info\/sexshop001\/#website\"},\"datePublished\":\"2022-01-22T10:07:09+00:00\",\"dateModified\":\"2022-01-22T10:07:28+00:00\",\"breadcrumb\":{\"@id\":\"https:\/\/demoweb.info\/sexshop001\/producto\/power-stud-over-under-negro\/#breadcrumb\"},\"inLanguage\":\"es\",\"potentialAction\":[{\"@type\":\"ReadAction\",\"target\":[\"https:\/\/demoweb.info\/sexshop001\/producto\/power-stud-over-under-negro\/\"]}]},{\"@type\":\"BreadcrumbList\",\"@id\":\"https:\/\/demoweb.info\/sexshop001\/producto\/power-stud-over-under-negro\/#breadcrumb\",\"itemListElement\":[{\"@type\":\"ListItem\",\"position\":1,\"name\":\"Portada\",\"item\":\"https:\/\/demoweb.info\/sexshop001\/\"},{\"@type\":\"ListItem\",\"position\":2,\"name\":\"Tienda\",\"item\":\"https:\/\/demoweb.info\/sexshop001\/tienda\/\"},{\"@type\":\"ListItem\",\"position\":3,\"name\":\"POWER STUD OVER &#038; UNDER &#8211; NEGRO\"}]},{\"@type\":\"WebSite\",\"@id\":\"https:\/\/demoweb.info\/sexshop001\/#website\",\"url\":\"https:\/\/demoweb.info\/sexshop001\/\",\"name\":\"Tienda Er\u00f3tica\",\"description\":\"DEMOWEB SL\",\"potentialAction\":[{\"@type\":\"SearchAction\",\"target\":{\"@type\":\"EntryPoint\",\"urlTemplate\":\"https:\/\/demoweb.info\/sexshop001\/?s={search_term_string}\"},\"query-input\":\"required name=search_term_string\"}],\"inLanguage\":\"es\"}]}<\/script>\n<!-- \/ Yoast SEO plugin. -->","yoast_head_json":{"title":"POWER STUD OVER & UNDER - NEGRO - Tienda Er\u00f3tica","robots":{"index":"noindex","follow":"follow","max-snippet":"max-snippet:-1","max-image-preview":"max-image-preview:large","max-video-preview":"max-video-preview:-1"},"og_locale":"es_ES","og_type":"article","og_title":"POWER STUD OVER & UNDER - NEGRO - Tienda Er\u00f3tica","og_description":"POWER STUD OVER &#038; UNDER El Power Stud Over &#038; Under impermeable demuestra que dos dongs son mejores que uno.","og_url":"https:\/\/demoweb.info\/sexshop001\/producto\/power-stud-over-under-negro\/","og_site_name":"Tienda Er\u00f3tica","article_modified_time":"2022-01-22T10:07:28+00:00","og_image":[{"width":550,"height":550,"url":"https:\/\/demoweb.info\/sexshop001\/wp-content\/uploads\/2022\/01\/POWER-STUD-OVER-UNDER-NEGRO.jpg","type":"image\/jpeg"}],"twitter_card":"summary_large_image","twitter_misc":{"Tiempo de lectura":"1 minuto"},"schema":{"@context":"https:\/\/schema.org","@graph":[{"@type":"WebPage","@id":"https:\/\/demoweb.info\/sexshop001\/producto\/power-stud-over-under-negro\/","url":"https:\/\/demoweb.info\/sexshop001\/producto\/power-stud-over-under-negro\/","name":"POWER STUD OVER & UNDER - NEGRO - Tienda Er\u00f3tica","isPartOf":{"@id":"https:\/\/demoweb.info\/sexshop001\/#website"},"datePublished":"2022-01-22T10:07:09+00:00","dateModified":"2022-01-22T10:07:28+00:00","breadcrumb":{"@id":"https:\/\/demoweb.info\/sexshop001\/producto\/power-stud-over-under-negro\/#breadcrumb"},"inLanguage":"es","potentialAction":[{"@type":"ReadAction","target":["https:\/\/demoweb.info\/sexshop001\/producto\/power-stud-over-under-negro\/"]}]},{"@type":"BreadcrumbList","@id":"https:\/\/demoweb.info\/sexshop001\/producto\/power-stud-over-under-negro\/#breadcrumb","itemListElement":[{"@type":"ListItem","position":1,"name":"Portada","item":"https:\/\/demoweb.info\/sexshop001\/"},{"@type":"ListItem","position":2,"name":"Tienda","item":"https:\/\/demoweb.info\/sexshop001\/tienda\/"},{"@type":"ListItem","position":3,"name":"POWER STUD OVER &#038; UNDER &#8211; NEGRO"}]},{"@type":"WebSite","@id":"https:\/\/demoweb.info\/sexshop001\/#website","url":"https:\/\/demoweb.info\/sexshop001\/","name":"Tienda Er\u00f3tica","description":"DEMOWEB SL","potentialAction":[{"@type":"SearchAction","target":{"@type":"EntryPoint","urlTemplate":"https:\/\/demoweb.info\/sexshop001\/?s={search_term_string}"},"query-input":"required name=search_term_string"}],"inLanguage":"es"}]}},"_links":{"self":[{"href":"https:\/\/demoweb.info\/sexshop001\/wp-json\/wp\/v3\/product\/20155","targetHints":{"allow":["GET"]}}],"collection":[{"href":"https:\/\/demoweb.info\/sexshop001\/wp-json\/wp\/v3\/product"}],"about":[{"href":"https:\/\/demoweb.info\/sexshop001\/wp-json\/wp\/v2\/types\/product"}],"replies":[{"embeddable":true,"href":"https:\/\/demoweb.info\/sexshop001\/wp-json\/wp\/v2\/comments?post=20155"}],"wp:featuredmedia":[{"embeddable":true,"href":"https:\/\/demoweb.info\/sexshop001\/wp-json\/wp\/v2\/media\/20156"}],"wp:attachment":[{"href":"https:\/\/demoweb.info\/sexshop001\/wp-json\/wp\/v2\/media?parent=20155"}],"wp:term":[{"taxonomy":"product_cat","embeddable":true,"href":"https:\/\/demoweb.info\/sexshop001\/wp-json\/wp\/v2\/product_cat?post=20155"},{"taxonomy":"product_tag","embeddable":true,"href":"https:\/\/demoweb.info\/sexshop001\/wp-json\/wp\/v2\/product_tag?post=20155"}],"curies":[{"name":"wp","href":"https:\/\/api.w.org\/{rel}","templated":true}]}}