{"id":20150,"date":"2022-01-22T11:07:09","date_gmt":"2022-01-22T10:07:09","guid":{"rendered":"https:\/\/demoweb.info\/sexshop001\/producto\/sparkle-vibe-rosa\/"},"modified":"2022-01-22T11:07:26","modified_gmt":"2022-01-22T10:07:26","slug":"sparkle-vibe-rosa","status":"publish","type":"product","link":"https:\/\/demoweb.info\/sexshop001\/producto\/sparkle-vibe-rosa\/","title":{"rendered":"SPARKLE VIBE &#8211; ROSA"},"content":{"rendered":"<p><strong>SPARKLE VIBE <\/strong><\/p>\n<p>\u00bfPor qu\u00e9 no agregar un poco de brillo a tus orgasmos?<br \/>\nEl Shane&#39;s World Sparkle Vibe es un vibrador potente, compacto y perfecto para fiestas, con acci\u00f3n de m\u00faltiples velocidades que proporciona un placer intenso.<br \/>\nEste peque\u00f1o juguete sexual femenino y brillante es maravillosamente suave y sin costuras para un placer total en tus labios, cl\u00edtoris o punto G.<br \/>\nMide 11,43cm de largo y 2,54cmde ancho.<br \/>\nEste vibrador perfecto para principiantes tiene un acabado brillante y est\u00e1 dise\u00f1ado para cualquier tipo de diversi\u00f3n que puedas imaginar. Sube las vibraciones en esta peque\u00f1a vibra enga\u00f1osamente poderosa pero totalmente discreta para que la fiesta realmente contin\u00fae.<br \/>\nColoca una sola bater\u00eda AA y cierra el compartimiento de forma segura antes de despegar.<\/p>\n<p><strong>Longitud total <\/strong> 4.5 x 1 &#8211; 11 x 3cm<br \/>\n<strong>Material <\/strong>ABS Plastic<br \/>\n<strong>Bater\u00edas requeridas <\/strong> AA<br \/>\n<strong>Cantidad de la bater\u00eda <\/strong> 1<br \/>\n<strong>Baterias incluidas <\/strong> No<\/p>\n","protected":false},"excerpt":{"rendered":"<p>SPARKLE VIBE \u00bfPor qu\u00e9 no agregar un poco de brillo a tus orgasmos? El Shane&#39;s World Sparkle Vibe es un<\/p>\n","protected":false},"featured_media":20151,"comment_status":"open","ping_status":"open","template":"","meta":[],"product_cat":[313],"product_tag":[660],"class_list":["post-20150","product","type-product","status-publish","has-post-thumbnail","hentry","product_cat-balas-y-huevos","product_tag-calexotics"],"bundled_by":[],"bundle_stock_status":"outofstock","bundle_stock_quantity":0,"bundle_virtual":false,"bundle_layout":"","bundle_add_to_cart_form_location":"","bundle_editable_in_cart":false,"bundle_sold_individually_context":"","bundle_item_grouping":"","bundle_min_size":"","bundle_max_size":"","bundled_items":[],"yoast_head":"<!-- This site is optimized with the Yoast SEO plugin v20.6 - https:\/\/yoast.com\/wordpress\/plugins\/seo\/ -->\n<title>SPARKLE VIBE - ROSA - Tienda Er\u00f3tica<\/title>\n<meta name=\"robots\" content=\"noindex, follow, max-snippet:-1, max-image-preview:large, max-video-preview:-1\" \/>\n<meta property=\"og:locale\" content=\"es_ES\" \/>\n<meta property=\"og:type\" content=\"article\" \/>\n<meta property=\"og:title\" content=\"SPARKLE VIBE - ROSA - Tienda Er\u00f3tica\" \/>\n<meta property=\"og:description\" content=\"SPARKLE VIBE \u00bfPor qu\u00e9 no agregar un poco de brillo a tus orgasmos? El Shane&#039;s World Sparkle Vibe es un\" \/>\n<meta property=\"og:url\" content=\"https:\/\/demoweb.info\/sexshop001\/producto\/sparkle-vibe-rosa\/\" \/>\n<meta property=\"og:site_name\" content=\"Tienda Er\u00f3tica\" \/>\n<meta property=\"article:modified_time\" content=\"2022-01-22T10:07:26+00:00\" \/>\n<meta property=\"og:image\" content=\"https:\/\/demoweb.info\/sexshop001\/wp-content\/uploads\/2022\/01\/SPARKLE-VIBE-ROSA.jpg\" \/>\n\t<meta property=\"og:image:width\" content=\"550\" \/>\n\t<meta property=\"og:image:height\" content=\"550\" \/>\n\t<meta property=\"og:image:type\" content=\"image\/jpeg\" \/>\n<meta name=\"twitter:card\" content=\"summary_large_image\" \/>\n<meta name=\"twitter:label1\" content=\"Tiempo de lectura\" \/>\n\t<meta name=\"twitter:data1\" content=\"1 minuto\" \/>\n<script type=\"application\/ld+json\" class=\"yoast-schema-graph\">{\"@context\":\"https:\/\/schema.org\",\"@graph\":[{\"@type\":\"WebPage\",\"@id\":\"https:\/\/demoweb.info\/sexshop001\/producto\/sparkle-vibe-rosa\/\",\"url\":\"https:\/\/demoweb.info\/sexshop001\/producto\/sparkle-vibe-rosa\/\",\"name\":\"SPARKLE VIBE - ROSA - Tienda Er\u00f3tica\",\"isPartOf\":{\"@id\":\"https:\/\/demoweb.info\/sexshop001\/#website\"},\"datePublished\":\"2022-01-22T10:07:09+00:00\",\"dateModified\":\"2022-01-22T10:07:26+00:00\",\"breadcrumb\":{\"@id\":\"https:\/\/demoweb.info\/sexshop001\/producto\/sparkle-vibe-rosa\/#breadcrumb\"},\"inLanguage\":\"es\",\"potentialAction\":[{\"@type\":\"ReadAction\",\"target\":[\"https:\/\/demoweb.info\/sexshop001\/producto\/sparkle-vibe-rosa\/\"]}]},{\"@type\":\"BreadcrumbList\",\"@id\":\"https:\/\/demoweb.info\/sexshop001\/producto\/sparkle-vibe-rosa\/#breadcrumb\",\"itemListElement\":[{\"@type\":\"ListItem\",\"position\":1,\"name\":\"Portada\",\"item\":\"https:\/\/demoweb.info\/sexshop001\/\"},{\"@type\":\"ListItem\",\"position\":2,\"name\":\"Tienda\",\"item\":\"https:\/\/demoweb.info\/sexshop001\/tienda\/\"},{\"@type\":\"ListItem\",\"position\":3,\"name\":\"SPARKLE VIBE &#8211; ROSA\"}]},{\"@type\":\"WebSite\",\"@id\":\"https:\/\/demoweb.info\/sexshop001\/#website\",\"url\":\"https:\/\/demoweb.info\/sexshop001\/\",\"name\":\"Tienda Er\u00f3tica\",\"description\":\"DEMOWEB SL\",\"potentialAction\":[{\"@type\":\"SearchAction\",\"target\":{\"@type\":\"EntryPoint\",\"urlTemplate\":\"https:\/\/demoweb.info\/sexshop001\/?s={search_term_string}\"},\"query-input\":\"required name=search_term_string\"}],\"inLanguage\":\"es\"}]}<\/script>\n<!-- \/ Yoast SEO plugin. -->","yoast_head_json":{"title":"SPARKLE VIBE - ROSA - Tienda Er\u00f3tica","robots":{"index":"noindex","follow":"follow","max-snippet":"max-snippet:-1","max-image-preview":"max-image-preview:large","max-video-preview":"max-video-preview:-1"},"og_locale":"es_ES","og_type":"article","og_title":"SPARKLE VIBE - ROSA - Tienda Er\u00f3tica","og_description":"SPARKLE VIBE \u00bfPor qu\u00e9 no agregar un poco de brillo a tus orgasmos? El Shane&#39;s World Sparkle Vibe es un","og_url":"https:\/\/demoweb.info\/sexshop001\/producto\/sparkle-vibe-rosa\/","og_site_name":"Tienda Er\u00f3tica","article_modified_time":"2022-01-22T10:07:26+00:00","og_image":[{"width":550,"height":550,"url":"https:\/\/demoweb.info\/sexshop001\/wp-content\/uploads\/2022\/01\/SPARKLE-VIBE-ROSA.jpg","type":"image\/jpeg"}],"twitter_card":"summary_large_image","twitter_misc":{"Tiempo de lectura":"1 minuto"},"schema":{"@context":"https:\/\/schema.org","@graph":[{"@type":"WebPage","@id":"https:\/\/demoweb.info\/sexshop001\/producto\/sparkle-vibe-rosa\/","url":"https:\/\/demoweb.info\/sexshop001\/producto\/sparkle-vibe-rosa\/","name":"SPARKLE VIBE - ROSA - Tienda Er\u00f3tica","isPartOf":{"@id":"https:\/\/demoweb.info\/sexshop001\/#website"},"datePublished":"2022-01-22T10:07:09+00:00","dateModified":"2022-01-22T10:07:26+00:00","breadcrumb":{"@id":"https:\/\/demoweb.info\/sexshop001\/producto\/sparkle-vibe-rosa\/#breadcrumb"},"inLanguage":"es","potentialAction":[{"@type":"ReadAction","target":["https:\/\/demoweb.info\/sexshop001\/producto\/sparkle-vibe-rosa\/"]}]},{"@type":"BreadcrumbList","@id":"https:\/\/demoweb.info\/sexshop001\/producto\/sparkle-vibe-rosa\/#breadcrumb","itemListElement":[{"@type":"ListItem","position":1,"name":"Portada","item":"https:\/\/demoweb.info\/sexshop001\/"},{"@type":"ListItem","position":2,"name":"Tienda","item":"https:\/\/demoweb.info\/sexshop001\/tienda\/"},{"@type":"ListItem","position":3,"name":"SPARKLE VIBE &#8211; ROSA"}]},{"@type":"WebSite","@id":"https:\/\/demoweb.info\/sexshop001\/#website","url":"https:\/\/demoweb.info\/sexshop001\/","name":"Tienda Er\u00f3tica","description":"DEMOWEB SL","potentialAction":[{"@type":"SearchAction","target":{"@type":"EntryPoint","urlTemplate":"https:\/\/demoweb.info\/sexshop001\/?s={search_term_string}"},"query-input":"required name=search_term_string"}],"inLanguage":"es"}]}},"_links":{"self":[{"href":"https:\/\/demoweb.info\/sexshop001\/wp-json\/wp\/v3\/product\/20150","targetHints":{"allow":["GET"]}}],"collection":[{"href":"https:\/\/demoweb.info\/sexshop001\/wp-json\/wp\/v3\/product"}],"about":[{"href":"https:\/\/demoweb.info\/sexshop001\/wp-json\/wp\/v2\/types\/product"}],"replies":[{"embeddable":true,"href":"https:\/\/demoweb.info\/sexshop001\/wp-json\/wp\/v2\/comments?post=20150"}],"wp:featuredmedia":[{"embeddable":true,"href":"https:\/\/demoweb.info\/sexshop001\/wp-json\/wp\/v2\/media\/20151"}],"wp:attachment":[{"href":"https:\/\/demoweb.info\/sexshop001\/wp-json\/wp\/v2\/media?parent=20150"}],"wp:term":[{"taxonomy":"product_cat","embeddable":true,"href":"https:\/\/demoweb.info\/sexshop001\/wp-json\/wp\/v2\/product_cat?post=20150"},{"taxonomy":"product_tag","embeddable":true,"href":"https:\/\/demoweb.info\/sexshop001\/wp-json\/wp\/v2\/product_tag?post=20150"}],"curies":[{"name":"wp","href":"https:\/\/api.w.org\/{rel}","templated":true}]}}