{"id":20131,"date":"2022-01-22T11:07:09","date_gmt":"2022-01-22T10:07:09","guid":{"rendered":"https:\/\/demoweb.info\/sexshop001\/producto\/wristband-remote-beaded-probe\/"},"modified":"2022-01-22T11:07:17","modified_gmt":"2022-01-22T10:07:17","slug":"wristband-remote-beaded-probe","status":"publish","type":"product","link":"https:\/\/demoweb.info\/sexshop001\/producto\/wristband-remote-beaded-probe\/","title":{"rendered":"WRISTBAND REMOTE BEADED PROBE"},"content":{"rendered":"<p>La sonda con cuentas Eclipse \u2122 Wristband es una sonda de silicona sensual creada para facilitarle el placer anal.<br \/>\nLa elegante pulsera remota controla las 12 funciones de vibraci\u00f3n y un eje de cuentas giratorio para una sensaci\u00f3n intensa. El elegante y discreto controlador de pulsera facilita que tu o tu pareja controleis la intensidad de la vibraci\u00f3n con solo tocar un bot\u00f3n.<br \/>\nCuando o donde la pasi\u00f3n te lleve, este apasionado vibrador y las 12 intensas funciones de vibraci\u00f3n est\u00e1n listas para jugar.<br \/>\nElige la intensidad de tu placer y monta las ondas de la estimulaci\u00f3n interna org\u00e1smica con rotaci\u00f3n y vibraci\u00f3n sincronizadas. El eje sensualmente curvado, la base contorneada y el control de empuje te permite sumergirte profundamente en la estimulaci\u00f3n sin esfuerzo. Disfruta de una inserci\u00f3n c\u00f3moda, una estimulaci\u00f3n sin esfuerzo y una extracci\u00f3n suave con la forma ergon\u00f3mica, el dise\u00f1o flexible y la base curva.<br \/>\nRecarga el masajeador de silicona premium en 80 minutos con el cable de carga USB provisto para disfrutar de 50 minutos de estimulaci\u00f3n de alta velocidad o 60 minutos de vibraciones de baja velocidad.<br \/>\nMientras que el bot\u00f3n f\u00e1cil controla la intensidad y la sonda regordeta te brinda la estimulaci\u00f3n que desea, el chip de memoria integrado de \u00faltima generaci\u00f3n recuerda c\u00f3mo te gusta al comenzar con la \u00faltima funci\u00f3n utilizada.<\/p>\n<p><strong>Longitud total <\/strong> 10.25 x 3.25<br \/>\n<strong>Longitud insertable <\/strong> 10.25 cm<br \/>\n<strong>Modos de vibraci\u00f3n<\/strong> 12<br \/>\n<strong>Impermeable <\/strong>SI<strong> <\/strong><br \/>\n<strong>Bodysafe <\/strong>Yes<br \/>\n<strong>Material <\/strong>Silicone (sonda, controller) ABS with Silver Plating (decor) Stainless Steel (corchete)<br \/>\n<strong>Recargable <\/strong> SI<br \/>\n<strong>Bater\u00edas requeridas<\/strong> USB Rechargeable<br \/>\n<strong>Control remoto<\/strong> Si<\/p>\n","protected":false},"excerpt":{"rendered":"<p>La sonda con cuentas Eclipse \u2122 Wristband es una sonda de silicona sensual creada para facilitarle el placer anal. La<\/p>\n","protected":false},"featured_media":20132,"comment_status":"open","ping_status":"open","template":"","meta":[],"product_cat":[279],"product_tag":[660,983],"class_list":["post-20131","product","type-product","status-publish","has-post-thumbnail","hentry","product_cat-plugs","product_tag-calexotics","product_tag-eclipse"],"bundled_by":[],"bundle_stock_status":"instock","bundle_stock_quantity":1,"bundle_virtual":false,"bundle_layout":"","bundle_add_to_cart_form_location":"","bundle_editable_in_cart":false,"bundle_sold_individually_context":"","bundle_item_grouping":"","bundle_min_size":"","bundle_max_size":"","bundled_items":[],"yoast_head":"<!-- This site is optimized with the Yoast SEO plugin v20.6 - https:\/\/yoast.com\/wordpress\/plugins\/seo\/ -->\n<title>WRISTBAND REMOTE BEADED PROBE - Tienda Er\u00f3tica<\/title>\n<meta name=\"robots\" content=\"noindex, follow, max-snippet:-1, max-image-preview:large, max-video-preview:-1\" \/>\n<meta property=\"og:locale\" content=\"es_ES\" \/>\n<meta property=\"og:type\" content=\"article\" \/>\n<meta property=\"og:title\" content=\"WRISTBAND REMOTE BEADED PROBE - Tienda Er\u00f3tica\" \/>\n<meta property=\"og:description\" content=\"La sonda con cuentas Eclipse \u2122 Wristband es una sonda de silicona sensual creada para facilitarle el placer anal. La\" \/>\n<meta property=\"og:url\" content=\"https:\/\/demoweb.info\/sexshop001\/producto\/wristband-remote-beaded-probe\/\" \/>\n<meta property=\"og:site_name\" content=\"Tienda Er\u00f3tica\" \/>\n<meta property=\"article:modified_time\" content=\"2022-01-22T10:07:17+00:00\" \/>\n<meta property=\"og:image\" content=\"https:\/\/demoweb.info\/sexshop001\/wp-content\/uploads\/2022\/01\/WRISTBAND-REMOTE-BEADED-PROBE.jpg\" \/>\n\t<meta property=\"og:image:width\" content=\"550\" \/>\n\t<meta property=\"og:image:height\" content=\"550\" \/>\n\t<meta property=\"og:image:type\" content=\"image\/jpeg\" \/>\n<meta name=\"twitter:card\" content=\"summary_large_image\" \/>\n<meta name=\"twitter:label1\" content=\"Tiempo de lectura\" \/>\n\t<meta name=\"twitter:data1\" content=\"1 minuto\" \/>\n<script type=\"application\/ld+json\" class=\"yoast-schema-graph\">{\"@context\":\"https:\/\/schema.org\",\"@graph\":[{\"@type\":\"WebPage\",\"@id\":\"https:\/\/demoweb.info\/sexshop001\/producto\/wristband-remote-beaded-probe\/\",\"url\":\"https:\/\/demoweb.info\/sexshop001\/producto\/wristband-remote-beaded-probe\/\",\"name\":\"WRISTBAND REMOTE BEADED PROBE - Tienda Er\u00f3tica\",\"isPartOf\":{\"@id\":\"https:\/\/demoweb.info\/sexshop001\/#website\"},\"datePublished\":\"2022-01-22T10:07:09+00:00\",\"dateModified\":\"2022-01-22T10:07:17+00:00\",\"breadcrumb\":{\"@id\":\"https:\/\/demoweb.info\/sexshop001\/producto\/wristband-remote-beaded-probe\/#breadcrumb\"},\"inLanguage\":\"es\",\"potentialAction\":[{\"@type\":\"ReadAction\",\"target\":[\"https:\/\/demoweb.info\/sexshop001\/producto\/wristband-remote-beaded-probe\/\"]}]},{\"@type\":\"BreadcrumbList\",\"@id\":\"https:\/\/demoweb.info\/sexshop001\/producto\/wristband-remote-beaded-probe\/#breadcrumb\",\"itemListElement\":[{\"@type\":\"ListItem\",\"position\":1,\"name\":\"Portada\",\"item\":\"https:\/\/demoweb.info\/sexshop001\/\"},{\"@type\":\"ListItem\",\"position\":2,\"name\":\"Tienda\",\"item\":\"https:\/\/demoweb.info\/sexshop001\/tienda\/\"},{\"@type\":\"ListItem\",\"position\":3,\"name\":\"WRISTBAND REMOTE BEADED PROBE\"}]},{\"@type\":\"WebSite\",\"@id\":\"https:\/\/demoweb.info\/sexshop001\/#website\",\"url\":\"https:\/\/demoweb.info\/sexshop001\/\",\"name\":\"Tienda Er\u00f3tica\",\"description\":\"DEMOWEB SL\",\"potentialAction\":[{\"@type\":\"SearchAction\",\"target\":{\"@type\":\"EntryPoint\",\"urlTemplate\":\"https:\/\/demoweb.info\/sexshop001\/?s={search_term_string}\"},\"query-input\":\"required name=search_term_string\"}],\"inLanguage\":\"es\"}]}<\/script>\n<!-- \/ Yoast SEO plugin. -->","yoast_head_json":{"title":"WRISTBAND REMOTE BEADED PROBE - Tienda Er\u00f3tica","robots":{"index":"noindex","follow":"follow","max-snippet":"max-snippet:-1","max-image-preview":"max-image-preview:large","max-video-preview":"max-video-preview:-1"},"og_locale":"es_ES","og_type":"article","og_title":"WRISTBAND REMOTE BEADED PROBE - Tienda Er\u00f3tica","og_description":"La sonda con cuentas Eclipse \u2122 Wristband es una sonda de silicona sensual creada para facilitarle el placer anal. La","og_url":"https:\/\/demoweb.info\/sexshop001\/producto\/wristband-remote-beaded-probe\/","og_site_name":"Tienda Er\u00f3tica","article_modified_time":"2022-01-22T10:07:17+00:00","og_image":[{"width":550,"height":550,"url":"https:\/\/demoweb.info\/sexshop001\/wp-content\/uploads\/2022\/01\/WRISTBAND-REMOTE-BEADED-PROBE.jpg","type":"image\/jpeg"}],"twitter_card":"summary_large_image","twitter_misc":{"Tiempo de lectura":"1 minuto"},"schema":{"@context":"https:\/\/schema.org","@graph":[{"@type":"WebPage","@id":"https:\/\/demoweb.info\/sexshop001\/producto\/wristband-remote-beaded-probe\/","url":"https:\/\/demoweb.info\/sexshop001\/producto\/wristband-remote-beaded-probe\/","name":"WRISTBAND REMOTE BEADED PROBE - Tienda Er\u00f3tica","isPartOf":{"@id":"https:\/\/demoweb.info\/sexshop001\/#website"},"datePublished":"2022-01-22T10:07:09+00:00","dateModified":"2022-01-22T10:07:17+00:00","breadcrumb":{"@id":"https:\/\/demoweb.info\/sexshop001\/producto\/wristband-remote-beaded-probe\/#breadcrumb"},"inLanguage":"es","potentialAction":[{"@type":"ReadAction","target":["https:\/\/demoweb.info\/sexshop001\/producto\/wristband-remote-beaded-probe\/"]}]},{"@type":"BreadcrumbList","@id":"https:\/\/demoweb.info\/sexshop001\/producto\/wristband-remote-beaded-probe\/#breadcrumb","itemListElement":[{"@type":"ListItem","position":1,"name":"Portada","item":"https:\/\/demoweb.info\/sexshop001\/"},{"@type":"ListItem","position":2,"name":"Tienda","item":"https:\/\/demoweb.info\/sexshop001\/tienda\/"},{"@type":"ListItem","position":3,"name":"WRISTBAND REMOTE BEADED PROBE"}]},{"@type":"WebSite","@id":"https:\/\/demoweb.info\/sexshop001\/#website","url":"https:\/\/demoweb.info\/sexshop001\/","name":"Tienda Er\u00f3tica","description":"DEMOWEB SL","potentialAction":[{"@type":"SearchAction","target":{"@type":"EntryPoint","urlTemplate":"https:\/\/demoweb.info\/sexshop001\/?s={search_term_string}"},"query-input":"required name=search_term_string"}],"inLanguage":"es"}]}},"_links":{"self":[{"href":"https:\/\/demoweb.info\/sexshop001\/wp-json\/wp\/v3\/product\/20131","targetHints":{"allow":["GET"]}}],"collection":[{"href":"https:\/\/demoweb.info\/sexshop001\/wp-json\/wp\/v3\/product"}],"about":[{"href":"https:\/\/demoweb.info\/sexshop001\/wp-json\/wp\/v2\/types\/product"}],"replies":[{"embeddable":true,"href":"https:\/\/demoweb.info\/sexshop001\/wp-json\/wp\/v2\/comments?post=20131"}],"wp:featuredmedia":[{"embeddable":true,"href":"https:\/\/demoweb.info\/sexshop001\/wp-json\/wp\/v2\/media\/20132"}],"wp:attachment":[{"href":"https:\/\/demoweb.info\/sexshop001\/wp-json\/wp\/v2\/media?parent=20131"}],"wp:term":[{"taxonomy":"product_cat","embeddable":true,"href":"https:\/\/demoweb.info\/sexshop001\/wp-json\/wp\/v2\/product_cat?post=20131"},{"taxonomy":"product_tag","embeddable":true,"href":"https:\/\/demoweb.info\/sexshop001\/wp-json\/wp\/v2\/product_tag?post=20131"}],"curies":[{"name":"wp","href":"https:\/\/api.w.org\/{rel}","templated":true}]}}