{"id":20126,"date":"2022-01-22T11:07:09","date_gmt":"2022-01-22T10:07:09","guid":{"rendered":"https:\/\/demoweb.info\/sexshop001\/producto\/tanga-vibrador-estimulador-remoto-astrea-ii\/"},"modified":"2022-01-22T11:07:15","modified_gmt":"2022-01-22T10:07:15","slug":"tanga-vibrador-estimulador-remoto-astrea-ii","status":"publish","type":"product","link":"https:\/\/demoweb.info\/sexshop001\/producto\/tanga-vibrador-estimulador-remoto-astrea-ii\/","title":{"rendered":"TANGA VIBRADOR ESTIMULADOR REMOTO ASTREA II"},"content":{"rendered":"<p><strong>ASTREA II REMOTE VIBR. THONG<\/strong><\/p>\n<p>Disfruta del placer er\u00f3tico secreto y las fantas\u00edas alucinantes con el tanga vibrador remoto Astrea II de Dr. Laura Berman Intimate Basics. El discreto excitante femenino ofrece una placentera estimulaci\u00f3n manos libres para tentadores hormigueos dondequiera que vayas.<\/p>\n<p>Manten tu ex\u00f3tica indulgencia escondida debajo de tu ropa y disfruta intensamente del \u00e9xtasis satisfactorio con solo tocar un bot\u00f3n. La ropa \u00edntima vibrante est\u00e1 hecha de un tama\u00f1o el\u00e1stico para adaptarse, nailon \/ spandex de encaje y se suministra con un mini estimulador de control remoto extra\u00edble. El control remoto tiene un alcance de hasta 12 &#39;\/ 4 m, lo que lo hace perfecto para darle el m\u00e1ximo control de su \u00e9xtasis a tu amante.<\/p>\n<p>El sensual tanga vibrador es perfecto para divertirse espont\u00e1neamente. Ponte el tanga de ajuste c\u00f3modo, inserta el mini vibrador compacto y prep\u00e1rate para disfrutar de la seducci\u00f3n sensual del tipo vibrante \u00edntimo. Retira el estimulador antes de lavar el tanga.<\/p>\n","protected":false},"excerpt":{"rendered":"<p>ASTREA II REMOTE VIBR. THONG Disfruta del placer er\u00f3tico secreto y las fantas\u00edas alucinantes con el tanga vibrador remoto Astrea<\/p>\n","protected":false},"featured_media":20127,"comment_status":"open","ping_status":"open","template":"","meta":[],"product_cat":[818],"product_tag":[660,982],"class_list":["post-20126","product","type-product","status-publish","has-post-thumbnail","hentry","product_cat-para-braguita","product_tag-calexotics","product_tag-dra-laura-berman"],"bundled_by":[],"bundle_stock_status":"instock","bundle_stock_quantity":2,"bundle_virtual":false,"bundle_layout":"","bundle_add_to_cart_form_location":"","bundle_editable_in_cart":false,"bundle_sold_individually_context":"","bundle_item_grouping":"","bundle_min_size":"","bundle_max_size":"","bundled_items":[],"yoast_head":"<!-- This site is optimized with the Yoast SEO plugin v20.6 - https:\/\/yoast.com\/wordpress\/plugins\/seo\/ -->\n<title>TANGA VIBRADOR ESTIMULADOR REMOTO ASTREA II - Tienda Er\u00f3tica<\/title>\n<meta name=\"robots\" content=\"noindex, follow, max-snippet:-1, max-image-preview:large, max-video-preview:-1\" \/>\n<meta property=\"og:locale\" content=\"es_ES\" \/>\n<meta property=\"og:type\" content=\"article\" \/>\n<meta property=\"og:title\" content=\"TANGA VIBRADOR ESTIMULADOR REMOTO ASTREA II - Tienda Er\u00f3tica\" \/>\n<meta property=\"og:description\" content=\"ASTREA II REMOTE VIBR. THONG Disfruta del placer er\u00f3tico secreto y las fantas\u00edas alucinantes con el tanga vibrador remoto Astrea\" \/>\n<meta property=\"og:url\" content=\"https:\/\/demoweb.info\/sexshop001\/producto\/tanga-vibrador-estimulador-remoto-astrea-ii\/\" \/>\n<meta property=\"og:site_name\" content=\"Tienda Er\u00f3tica\" \/>\n<meta property=\"article:modified_time\" content=\"2022-01-22T10:07:15+00:00\" \/>\n<meta property=\"og:image\" content=\"https:\/\/demoweb.info\/sexshop001\/wp-content\/uploads\/2022\/01\/TANGA-VIBRADOR-ESTIMULADOR-REMOTO-ASTREA-II.jpg\" \/>\n\t<meta property=\"og:image:width\" content=\"550\" \/>\n\t<meta property=\"og:image:height\" content=\"550\" \/>\n\t<meta property=\"og:image:type\" content=\"image\/jpeg\" \/>\n<meta name=\"twitter:card\" content=\"summary_large_image\" \/>\n<meta name=\"twitter:label1\" content=\"Tiempo de lectura\" \/>\n\t<meta name=\"twitter:data1\" content=\"1 minuto\" \/>\n<script type=\"application\/ld+json\" class=\"yoast-schema-graph\">{\"@context\":\"https:\/\/schema.org\",\"@graph\":[{\"@type\":\"WebPage\",\"@id\":\"https:\/\/demoweb.info\/sexshop001\/producto\/tanga-vibrador-estimulador-remoto-astrea-ii\/\",\"url\":\"https:\/\/demoweb.info\/sexshop001\/producto\/tanga-vibrador-estimulador-remoto-astrea-ii\/\",\"name\":\"TANGA VIBRADOR ESTIMULADOR REMOTO ASTREA II - Tienda Er\u00f3tica\",\"isPartOf\":{\"@id\":\"https:\/\/demoweb.info\/sexshop001\/#website\"},\"datePublished\":\"2022-01-22T10:07:09+00:00\",\"dateModified\":\"2022-01-22T10:07:15+00:00\",\"breadcrumb\":{\"@id\":\"https:\/\/demoweb.info\/sexshop001\/producto\/tanga-vibrador-estimulador-remoto-astrea-ii\/#breadcrumb\"},\"inLanguage\":\"es\",\"potentialAction\":[{\"@type\":\"ReadAction\",\"target\":[\"https:\/\/demoweb.info\/sexshop001\/producto\/tanga-vibrador-estimulador-remoto-astrea-ii\/\"]}]},{\"@type\":\"BreadcrumbList\",\"@id\":\"https:\/\/demoweb.info\/sexshop001\/producto\/tanga-vibrador-estimulador-remoto-astrea-ii\/#breadcrumb\",\"itemListElement\":[{\"@type\":\"ListItem\",\"position\":1,\"name\":\"Portada\",\"item\":\"https:\/\/demoweb.info\/sexshop001\/\"},{\"@type\":\"ListItem\",\"position\":2,\"name\":\"Tienda\",\"item\":\"https:\/\/demoweb.info\/sexshop001\/tienda\/\"},{\"@type\":\"ListItem\",\"position\":3,\"name\":\"TANGA VIBRADOR ESTIMULADOR REMOTO ASTREA II\"}]},{\"@type\":\"WebSite\",\"@id\":\"https:\/\/demoweb.info\/sexshop001\/#website\",\"url\":\"https:\/\/demoweb.info\/sexshop001\/\",\"name\":\"Tienda Er\u00f3tica\",\"description\":\"DEMOWEB SL\",\"potentialAction\":[{\"@type\":\"SearchAction\",\"target\":{\"@type\":\"EntryPoint\",\"urlTemplate\":\"https:\/\/demoweb.info\/sexshop001\/?s={search_term_string}\"},\"query-input\":\"required name=search_term_string\"}],\"inLanguage\":\"es\"}]}<\/script>\n<!-- \/ Yoast SEO plugin. -->","yoast_head_json":{"title":"TANGA VIBRADOR ESTIMULADOR REMOTO ASTREA II - Tienda Er\u00f3tica","robots":{"index":"noindex","follow":"follow","max-snippet":"max-snippet:-1","max-image-preview":"max-image-preview:large","max-video-preview":"max-video-preview:-1"},"og_locale":"es_ES","og_type":"article","og_title":"TANGA VIBRADOR ESTIMULADOR REMOTO ASTREA II - Tienda Er\u00f3tica","og_description":"ASTREA II REMOTE VIBR. THONG Disfruta del placer er\u00f3tico secreto y las fantas\u00edas alucinantes con el tanga vibrador remoto Astrea","og_url":"https:\/\/demoweb.info\/sexshop001\/producto\/tanga-vibrador-estimulador-remoto-astrea-ii\/","og_site_name":"Tienda Er\u00f3tica","article_modified_time":"2022-01-22T10:07:15+00:00","og_image":[{"width":550,"height":550,"url":"https:\/\/demoweb.info\/sexshop001\/wp-content\/uploads\/2022\/01\/TANGA-VIBRADOR-ESTIMULADOR-REMOTO-ASTREA-II.jpg","type":"image\/jpeg"}],"twitter_card":"summary_large_image","twitter_misc":{"Tiempo de lectura":"1 minuto"},"schema":{"@context":"https:\/\/schema.org","@graph":[{"@type":"WebPage","@id":"https:\/\/demoweb.info\/sexshop001\/producto\/tanga-vibrador-estimulador-remoto-astrea-ii\/","url":"https:\/\/demoweb.info\/sexshop001\/producto\/tanga-vibrador-estimulador-remoto-astrea-ii\/","name":"TANGA VIBRADOR ESTIMULADOR REMOTO ASTREA II - Tienda Er\u00f3tica","isPartOf":{"@id":"https:\/\/demoweb.info\/sexshop001\/#website"},"datePublished":"2022-01-22T10:07:09+00:00","dateModified":"2022-01-22T10:07:15+00:00","breadcrumb":{"@id":"https:\/\/demoweb.info\/sexshop001\/producto\/tanga-vibrador-estimulador-remoto-astrea-ii\/#breadcrumb"},"inLanguage":"es","potentialAction":[{"@type":"ReadAction","target":["https:\/\/demoweb.info\/sexshop001\/producto\/tanga-vibrador-estimulador-remoto-astrea-ii\/"]}]},{"@type":"BreadcrumbList","@id":"https:\/\/demoweb.info\/sexshop001\/producto\/tanga-vibrador-estimulador-remoto-astrea-ii\/#breadcrumb","itemListElement":[{"@type":"ListItem","position":1,"name":"Portada","item":"https:\/\/demoweb.info\/sexshop001\/"},{"@type":"ListItem","position":2,"name":"Tienda","item":"https:\/\/demoweb.info\/sexshop001\/tienda\/"},{"@type":"ListItem","position":3,"name":"TANGA VIBRADOR ESTIMULADOR REMOTO ASTREA II"}]},{"@type":"WebSite","@id":"https:\/\/demoweb.info\/sexshop001\/#website","url":"https:\/\/demoweb.info\/sexshop001\/","name":"Tienda Er\u00f3tica","description":"DEMOWEB SL","potentialAction":[{"@type":"SearchAction","target":{"@type":"EntryPoint","urlTemplate":"https:\/\/demoweb.info\/sexshop001\/?s={search_term_string}"},"query-input":"required name=search_term_string"}],"inLanguage":"es"}]}},"_links":{"self":[{"href":"https:\/\/demoweb.info\/sexshop001\/wp-json\/wp\/v3\/product\/20126","targetHints":{"allow":["GET"]}}],"collection":[{"href":"https:\/\/demoweb.info\/sexshop001\/wp-json\/wp\/v3\/product"}],"about":[{"href":"https:\/\/demoweb.info\/sexshop001\/wp-json\/wp\/v2\/types\/product"}],"replies":[{"embeddable":true,"href":"https:\/\/demoweb.info\/sexshop001\/wp-json\/wp\/v2\/comments?post=20126"}],"wp:featuredmedia":[{"embeddable":true,"href":"https:\/\/demoweb.info\/sexshop001\/wp-json\/wp\/v2\/media\/20127"}],"wp:attachment":[{"href":"https:\/\/demoweb.info\/sexshop001\/wp-json\/wp\/v2\/media?parent=20126"}],"wp:term":[{"taxonomy":"product_cat","embeddable":true,"href":"https:\/\/demoweb.info\/sexshop001\/wp-json\/wp\/v2\/product_cat?post=20126"},{"taxonomy":"product_tag","embeddable":true,"href":"https:\/\/demoweb.info\/sexshop001\/wp-json\/wp\/v2\/product_tag?post=20126"}],"curies":[{"name":"wp","href":"https:\/\/api.w.org\/{rel}","templated":true}]}}