{"id":20121,"date":"2022-01-22T11:07:09","date_gmt":"2022-01-22T10:07:09","guid":{"rendered":"https:\/\/demoweb.info\/sexshop001\/producto\/athena-mini-massager-morado\/"},"modified":"2022-01-22T11:07:13","modified_gmt":"2022-01-22T10:07:13","slug":"athena-mini-massager-morado","status":"publish","type":"product","link":"https:\/\/demoweb.info\/sexshop001\/producto\/athena-mini-massager-morado\/","title":{"rendered":"ATHENA MINI MASSAGER &#8211; MORADO"},"content":{"rendered":"<pre>\n<span style=&quot;font-family:tahoma,geneva,sans-serif&quot;>Satisface tus deseos \u00edntimos con el mini masajeador impermeable Athena Intimate Basics de Dr. Laura Berman.\nEl mini masajeador personal compacto y liviano est\u00e1 dise\u00f1ado para provocar y tentar sus puntos dulces m\u00e1s sensuales. El estimulador de tama\u00f1o de viaje cabe discretamente en tu bolso o bolsillo para disfrutar de un \u00e9xtasis placentero d\u00f3nde quiera que vayas \nEl discreto arouser mide  10.25 cm x 2.25 cm y est\u00e1 hecho de ABS duradero y seguro para el cuerpo.\nEl masajeador transl\u00facido cuenta con cuatro puntas suaves intercambiables, adornadas con teasers y protuberancias para un placer sensual. Selecciona su punta texturizada preferida y simplemente con\u00e9ctela al mini vibrador de mano.\nApliica la estimulaci\u00f3n er\u00f3tica en todo el cuerpo y disfruta  de sensaciones alucinantes y una experiencia de excitaci\u00f3n y cl\u00edmax inolvidable. \nEl potente mini estimulador es ideal para jugar espont\u00e1neamente dentro o fuera del agua. \nEl masajeador es adecuado para usuarios experimentados y principiantes, e ideal para estimulaci\u00f3n precisa. Usa siempre un lubricante de calidad con este juguete para aumentar la sensibilidad y extender su placer \u00edntimo. Limpia las puntas de TPR desmontables con agua y  jabon o un spray limpiador de juguetes antes y despu\u00e9s de cada uso.\n<\/span>\n<span style=&quot;font-family:tahoma,geneva,sans-serif&quot;><strong>Longitud total   <\/strong>10 x 3cm\n<strong>Impermeable   <\/strong> Si \n<strong>Material<\/strong>    Thermoplastic Rubber, ABS Plastic\n<strong>Bater\u00edas requeridas<\/strong>    AA\n<strong>Cantidad<\/strong> <strong>de la bater\u00eda    <\/strong>1\n<strong>Baterias incluidas    <\/strong>No<\/span>\n<\/pre>\n","protected":false},"excerpt":{"rendered":"<p>Satisface tus deseos \u00edntimos con el mini masajeador impermeable Athena Intimate Basics de Dr. Laura Berman. El mini masajeador personal<\/p>\n","protected":false},"featured_media":20122,"comment_status":"open","ping_status":"open","template":"","meta":[],"product_cat":[370],"product_tag":[660,982],"class_list":["post-20121","product","type-product","status-publish","has-post-thumbnail","hentry","product_cat-clitoris","product_tag-calexotics","product_tag-dra-laura-berman"],"bundled_by":[],"bundle_stock_status":"instock","bundle_stock_quantity":1,"bundle_virtual":false,"bundle_layout":"","bundle_add_to_cart_form_location":"","bundle_editable_in_cart":false,"bundle_sold_individually_context":"","bundle_item_grouping":"","bundle_min_size":"","bundle_max_size":"","bundled_items":[],"yoast_head":"<!-- This site is optimized with the Yoast SEO plugin v20.6 - https:\/\/yoast.com\/wordpress\/plugins\/seo\/ -->\n<title>ATHENA MINI MASSAGER - MORADO - Tienda Er\u00f3tica<\/title>\n<meta name=\"robots\" content=\"noindex, follow, max-snippet:-1, max-image-preview:large, max-video-preview:-1\" \/>\n<meta property=\"og:locale\" content=\"es_ES\" \/>\n<meta property=\"og:type\" content=\"article\" \/>\n<meta property=\"og:title\" content=\"ATHENA MINI MASSAGER - MORADO - Tienda Er\u00f3tica\" \/>\n<meta property=\"og:description\" content=\"Satisface tus deseos \u00edntimos con el mini masajeador impermeable Athena Intimate Basics de Dr. Laura Berman. El mini masajeador personal\" \/>\n<meta property=\"og:url\" content=\"https:\/\/demoweb.info\/sexshop001\/producto\/athena-mini-massager-morado\/\" \/>\n<meta property=\"og:site_name\" content=\"Tienda Er\u00f3tica\" \/>\n<meta property=\"article:modified_time\" content=\"2022-01-22T10:07:13+00:00\" \/>\n<meta property=\"og:image\" content=\"https:\/\/demoweb.info\/sexshop001\/wp-content\/uploads\/2022\/01\/ATHENA-MINI-MASSAGER-MORADO.jpg\" \/>\n\t<meta property=\"og:image:width\" content=\"550\" \/>\n\t<meta property=\"og:image:height\" content=\"550\" \/>\n\t<meta property=\"og:image:type\" content=\"image\/jpeg\" \/>\n<meta name=\"twitter:card\" content=\"summary_large_image\" \/>\n<meta name=\"twitter:label1\" content=\"Tiempo de lectura\" \/>\n\t<meta name=\"twitter:data1\" content=\"1 minuto\" \/>\n<script type=\"application\/ld+json\" class=\"yoast-schema-graph\">{\"@context\":\"https:\/\/schema.org\",\"@graph\":[{\"@type\":\"WebPage\",\"@id\":\"https:\/\/demoweb.info\/sexshop001\/producto\/athena-mini-massager-morado\/\",\"url\":\"https:\/\/demoweb.info\/sexshop001\/producto\/athena-mini-massager-morado\/\",\"name\":\"ATHENA MINI MASSAGER - MORADO - Tienda Er\u00f3tica\",\"isPartOf\":{\"@id\":\"https:\/\/demoweb.info\/sexshop001\/#website\"},\"datePublished\":\"2022-01-22T10:07:09+00:00\",\"dateModified\":\"2022-01-22T10:07:13+00:00\",\"breadcrumb\":{\"@id\":\"https:\/\/demoweb.info\/sexshop001\/producto\/athena-mini-massager-morado\/#breadcrumb\"},\"inLanguage\":\"es\",\"potentialAction\":[{\"@type\":\"ReadAction\",\"target\":[\"https:\/\/demoweb.info\/sexshop001\/producto\/athena-mini-massager-morado\/\"]}]},{\"@type\":\"BreadcrumbList\",\"@id\":\"https:\/\/demoweb.info\/sexshop001\/producto\/athena-mini-massager-morado\/#breadcrumb\",\"itemListElement\":[{\"@type\":\"ListItem\",\"position\":1,\"name\":\"Portada\",\"item\":\"https:\/\/demoweb.info\/sexshop001\/\"},{\"@type\":\"ListItem\",\"position\":2,\"name\":\"Tienda\",\"item\":\"https:\/\/demoweb.info\/sexshop001\/tienda\/\"},{\"@type\":\"ListItem\",\"position\":3,\"name\":\"ATHENA MINI MASSAGER &#8211; MORADO\"}]},{\"@type\":\"WebSite\",\"@id\":\"https:\/\/demoweb.info\/sexshop001\/#website\",\"url\":\"https:\/\/demoweb.info\/sexshop001\/\",\"name\":\"Tienda Er\u00f3tica\",\"description\":\"DEMOWEB SL\",\"potentialAction\":[{\"@type\":\"SearchAction\",\"target\":{\"@type\":\"EntryPoint\",\"urlTemplate\":\"https:\/\/demoweb.info\/sexshop001\/?s={search_term_string}\"},\"query-input\":\"required name=search_term_string\"}],\"inLanguage\":\"es\"}]}<\/script>\n<!-- \/ Yoast SEO plugin. -->","yoast_head_json":{"title":"ATHENA MINI MASSAGER - MORADO - Tienda Er\u00f3tica","robots":{"index":"noindex","follow":"follow","max-snippet":"max-snippet:-1","max-image-preview":"max-image-preview:large","max-video-preview":"max-video-preview:-1"},"og_locale":"es_ES","og_type":"article","og_title":"ATHENA MINI MASSAGER - MORADO - Tienda Er\u00f3tica","og_description":"Satisface tus deseos \u00edntimos con el mini masajeador impermeable Athena Intimate Basics de Dr. Laura Berman. El mini masajeador personal","og_url":"https:\/\/demoweb.info\/sexshop001\/producto\/athena-mini-massager-morado\/","og_site_name":"Tienda Er\u00f3tica","article_modified_time":"2022-01-22T10:07:13+00:00","og_image":[{"width":550,"height":550,"url":"https:\/\/demoweb.info\/sexshop001\/wp-content\/uploads\/2022\/01\/ATHENA-MINI-MASSAGER-MORADO.jpg","type":"image\/jpeg"}],"twitter_card":"summary_large_image","twitter_misc":{"Tiempo de lectura":"1 minuto"},"schema":{"@context":"https:\/\/schema.org","@graph":[{"@type":"WebPage","@id":"https:\/\/demoweb.info\/sexshop001\/producto\/athena-mini-massager-morado\/","url":"https:\/\/demoweb.info\/sexshop001\/producto\/athena-mini-massager-morado\/","name":"ATHENA MINI MASSAGER - MORADO - Tienda Er\u00f3tica","isPartOf":{"@id":"https:\/\/demoweb.info\/sexshop001\/#website"},"datePublished":"2022-01-22T10:07:09+00:00","dateModified":"2022-01-22T10:07:13+00:00","breadcrumb":{"@id":"https:\/\/demoweb.info\/sexshop001\/producto\/athena-mini-massager-morado\/#breadcrumb"},"inLanguage":"es","potentialAction":[{"@type":"ReadAction","target":["https:\/\/demoweb.info\/sexshop001\/producto\/athena-mini-massager-morado\/"]}]},{"@type":"BreadcrumbList","@id":"https:\/\/demoweb.info\/sexshop001\/producto\/athena-mini-massager-morado\/#breadcrumb","itemListElement":[{"@type":"ListItem","position":1,"name":"Portada","item":"https:\/\/demoweb.info\/sexshop001\/"},{"@type":"ListItem","position":2,"name":"Tienda","item":"https:\/\/demoweb.info\/sexshop001\/tienda\/"},{"@type":"ListItem","position":3,"name":"ATHENA MINI MASSAGER &#8211; MORADO"}]},{"@type":"WebSite","@id":"https:\/\/demoweb.info\/sexshop001\/#website","url":"https:\/\/demoweb.info\/sexshop001\/","name":"Tienda Er\u00f3tica","description":"DEMOWEB SL","potentialAction":[{"@type":"SearchAction","target":{"@type":"EntryPoint","urlTemplate":"https:\/\/demoweb.info\/sexshop001\/?s={search_term_string}"},"query-input":"required name=search_term_string"}],"inLanguage":"es"}]}},"_links":{"self":[{"href":"https:\/\/demoweb.info\/sexshop001\/wp-json\/wp\/v3\/product\/20121","targetHints":{"allow":["GET"]}}],"collection":[{"href":"https:\/\/demoweb.info\/sexshop001\/wp-json\/wp\/v3\/product"}],"about":[{"href":"https:\/\/demoweb.info\/sexshop001\/wp-json\/wp\/v2\/types\/product"}],"replies":[{"embeddable":true,"href":"https:\/\/demoweb.info\/sexshop001\/wp-json\/wp\/v2\/comments?post=20121"}],"wp:featuredmedia":[{"embeddable":true,"href":"https:\/\/demoweb.info\/sexshop001\/wp-json\/wp\/v2\/media\/20122"}],"wp:attachment":[{"href":"https:\/\/demoweb.info\/sexshop001\/wp-json\/wp\/v2\/media?parent=20121"}],"wp:term":[{"taxonomy":"product_cat","embeddable":true,"href":"https:\/\/demoweb.info\/sexshop001\/wp-json\/wp\/v2\/product_cat?post=20121"},{"taxonomy":"product_tag","embeddable":true,"href":"https:\/\/demoweb.info\/sexshop001\/wp-json\/wp\/v2\/product_tag?post=20121"}],"curies":[{"name":"wp","href":"https:\/\/api.w.org\/{rel}","templated":true}]}}