{"id":20112,"date":"2022-01-22T11:07:09","date_gmt":"2022-01-22T10:07:09","guid":{"rendered":"https:\/\/demoweb.info\/sexshop001\/producto\/masajeador-recargable-kit\/"},"modified":"2022-01-22T11:07:09","modified_gmt":"2022-01-22T10:07:09","slug":"masajeador-recargable-kit","status":"publish","type":"product","link":"https:\/\/demoweb.info\/sexshop001\/producto\/masajeador-recargable-kit\/","title":{"rendered":"MASAJEADOR RECARGABLE KIT"},"content":{"rendered":"<p><strong>MASAJEADOR RECARGABLE KIT <\/strong><\/p>\n<p>Sube la temperatura en el dormitorio, en el ba\u00f1o o en tus pr\u00f3ximas vacaciones sensuales con el kit de masajeador recargable.<br \/>\nEl discreto estimulador de varita emocionar\u00e1 donde sea que lo lleves con 3 vibraciones, 3 accesorios y un cuello suave y flexible.<br \/>\nTres puntas de placer de silicona de felpa crean una experiencia de placer verdaderamente personalizable. Elije entre aleteo de orejas de conejo, un cosquilleo similar a una lengua o una punta protuberante y burlona y disfrute de tus fantas\u00edas m\u00e1s traviesas.<br \/>\nCon el toque de un bot\u00f3n, la varita silenciosa aumenta sin esfuerzo la velocidad de vibraci\u00f3n; aplique el mini vibrador a los puntos sensuales dulces mientras 3 intensas velocidades de vibraci\u00f3n provocan y estimulan. Controla f\u00e1cilmente el puro placer con un solo bot\u00f3n de silicona. Manten presionado el bot\u00f3n de toque f\u00e1cil durante 3 segundos para encender \/ apagar. El cuello flexible y los aditamentos de silicona sedosa te permiten producir vibraciones intensas desde casi cualquier \u00e1ngulo. Utiliza el \u00fanico bot\u00f3n f\u00e1cil de tocar para alternar hasta 2,5 horas de estimulaci\u00f3n vibratoria. Recarga tu pasi\u00f3n en solo 50 minutos con el cable USB.<br \/>\nEl tama\u00f1o discreto hace que este masajeador sea el compa\u00f1ero de viaje perfecto, guarda esta mini vibra en tu bolso, bolsillo para llevar el \u00e9xtasis org\u00e1smico a donde quiera que vayas.<\/p>\n<p>\n<strong>Longitud total: <\/strong> 10.25 x 2.5 cm<br \/>\n<strong>Modos de velocidad <\/strong> 3<br \/>\n<strong>Impermeable<\/strong> SI<br \/>\n<strong>Bodysafe<\/strong> SI<br \/>\n<strong>Material <\/strong>Silicone, ABS Plastic<br \/>\n<strong>Bater\u00edas requeridas<\/strong> USB Rechargeable<\/p>\n","protected":false},"excerpt":{"rendered":"<p>MASAJEADOR RECARGABLE KIT Sube la temperatura en el dormitorio, en el ba\u00f1o o en tus pr\u00f3ximas vacaciones sensuales con el<\/p>\n","protected":false},"featured_media":20113,"comment_status":"open","ping_status":"open","template":"","meta":[],"product_cat":[370],"product_tag":[977,660],"class_list":["post-20112","product","type-product","status-publish","has-post-thumbnail","hentry","product_cat-clitoris","product_tag-bullets","product_tag-calexotics"],"bundled_by":[],"bundle_stock_status":"outofstock","bundle_stock_quantity":0,"bundle_virtual":false,"bundle_layout":"","bundle_add_to_cart_form_location":"","bundle_editable_in_cart":false,"bundle_sold_individually_context":"","bundle_item_grouping":"","bundle_min_size":"","bundle_max_size":"","bundled_items":[],"yoast_head":"<!-- This site is optimized with the Yoast SEO plugin v20.6 - https:\/\/yoast.com\/wordpress\/plugins\/seo\/ -->\n<title>MASAJEADOR RECARGABLE KIT - Tienda Er\u00f3tica<\/title>\n<meta name=\"robots\" content=\"noindex, follow, max-snippet:-1, max-image-preview:large, max-video-preview:-1\" \/>\n<meta property=\"og:locale\" content=\"es_ES\" \/>\n<meta property=\"og:type\" content=\"article\" \/>\n<meta property=\"og:title\" content=\"MASAJEADOR RECARGABLE KIT - Tienda Er\u00f3tica\" \/>\n<meta property=\"og:description\" content=\"MASAJEADOR RECARGABLE KIT Sube la temperatura en el dormitorio, en el ba\u00f1o o en tus pr\u00f3ximas vacaciones sensuales con el\" \/>\n<meta property=\"og:url\" content=\"https:\/\/demoweb.info\/sexshop001\/producto\/masajeador-recargable-kit\/\" \/>\n<meta property=\"og:site_name\" content=\"Tienda Er\u00f3tica\" \/>\n<meta property=\"og:image\" content=\"https:\/\/demoweb.info\/sexshop001\/wp-content\/uploads\/2022\/01\/MASAJEADOR-RECARGABLE-KIT.jpg\" \/>\n\t<meta property=\"og:image:width\" content=\"550\" \/>\n\t<meta property=\"og:image:height\" content=\"550\" \/>\n\t<meta property=\"og:image:type\" content=\"image\/jpeg\" \/>\n<meta name=\"twitter:card\" content=\"summary_large_image\" \/>\n<meta name=\"twitter:label1\" content=\"Tiempo de lectura\" \/>\n\t<meta name=\"twitter:data1\" content=\"1 minuto\" \/>\n<script type=\"application\/ld+json\" class=\"yoast-schema-graph\">{\"@context\":\"https:\/\/schema.org\",\"@graph\":[{\"@type\":\"WebPage\",\"@id\":\"https:\/\/demoweb.info\/sexshop001\/producto\/masajeador-recargable-kit\/\",\"url\":\"https:\/\/demoweb.info\/sexshop001\/producto\/masajeador-recargable-kit\/\",\"name\":\"MASAJEADOR RECARGABLE KIT - Tienda Er\u00f3tica\",\"isPartOf\":{\"@id\":\"https:\/\/demoweb.info\/sexshop001\/#website\"},\"datePublished\":\"2022-01-22T10:07:09+00:00\",\"dateModified\":\"2022-01-22T10:07:09+00:00\",\"breadcrumb\":{\"@id\":\"https:\/\/demoweb.info\/sexshop001\/producto\/masajeador-recargable-kit\/#breadcrumb\"},\"inLanguage\":\"es\",\"potentialAction\":[{\"@type\":\"ReadAction\",\"target\":[\"https:\/\/demoweb.info\/sexshop001\/producto\/masajeador-recargable-kit\/\"]}]},{\"@type\":\"BreadcrumbList\",\"@id\":\"https:\/\/demoweb.info\/sexshop001\/producto\/masajeador-recargable-kit\/#breadcrumb\",\"itemListElement\":[{\"@type\":\"ListItem\",\"position\":1,\"name\":\"Portada\",\"item\":\"https:\/\/demoweb.info\/sexshop001\/\"},{\"@type\":\"ListItem\",\"position\":2,\"name\":\"Tienda\",\"item\":\"https:\/\/demoweb.info\/sexshop001\/tienda\/\"},{\"@type\":\"ListItem\",\"position\":3,\"name\":\"MASAJEADOR RECARGABLE KIT\"}]},{\"@type\":\"WebSite\",\"@id\":\"https:\/\/demoweb.info\/sexshop001\/#website\",\"url\":\"https:\/\/demoweb.info\/sexshop001\/\",\"name\":\"Tienda Er\u00f3tica\",\"description\":\"DEMOWEB SL\",\"potentialAction\":[{\"@type\":\"SearchAction\",\"target\":{\"@type\":\"EntryPoint\",\"urlTemplate\":\"https:\/\/demoweb.info\/sexshop001\/?s={search_term_string}\"},\"query-input\":\"required name=search_term_string\"}],\"inLanguage\":\"es\"}]}<\/script>\n<!-- \/ Yoast SEO plugin. -->","yoast_head_json":{"title":"MASAJEADOR RECARGABLE KIT - Tienda Er\u00f3tica","robots":{"index":"noindex","follow":"follow","max-snippet":"max-snippet:-1","max-image-preview":"max-image-preview:large","max-video-preview":"max-video-preview:-1"},"og_locale":"es_ES","og_type":"article","og_title":"MASAJEADOR RECARGABLE KIT - Tienda Er\u00f3tica","og_description":"MASAJEADOR RECARGABLE KIT Sube la temperatura en el dormitorio, en el ba\u00f1o o en tus pr\u00f3ximas vacaciones sensuales con el","og_url":"https:\/\/demoweb.info\/sexshop001\/producto\/masajeador-recargable-kit\/","og_site_name":"Tienda Er\u00f3tica","og_image":[{"width":550,"height":550,"url":"https:\/\/demoweb.info\/sexshop001\/wp-content\/uploads\/2022\/01\/MASAJEADOR-RECARGABLE-KIT.jpg","type":"image\/jpeg"}],"twitter_card":"summary_large_image","twitter_misc":{"Tiempo de lectura":"1 minuto"},"schema":{"@context":"https:\/\/schema.org","@graph":[{"@type":"WebPage","@id":"https:\/\/demoweb.info\/sexshop001\/producto\/masajeador-recargable-kit\/","url":"https:\/\/demoweb.info\/sexshop001\/producto\/masajeador-recargable-kit\/","name":"MASAJEADOR RECARGABLE KIT - Tienda Er\u00f3tica","isPartOf":{"@id":"https:\/\/demoweb.info\/sexshop001\/#website"},"datePublished":"2022-01-22T10:07:09+00:00","dateModified":"2022-01-22T10:07:09+00:00","breadcrumb":{"@id":"https:\/\/demoweb.info\/sexshop001\/producto\/masajeador-recargable-kit\/#breadcrumb"},"inLanguage":"es","potentialAction":[{"@type":"ReadAction","target":["https:\/\/demoweb.info\/sexshop001\/producto\/masajeador-recargable-kit\/"]}]},{"@type":"BreadcrumbList","@id":"https:\/\/demoweb.info\/sexshop001\/producto\/masajeador-recargable-kit\/#breadcrumb","itemListElement":[{"@type":"ListItem","position":1,"name":"Portada","item":"https:\/\/demoweb.info\/sexshop001\/"},{"@type":"ListItem","position":2,"name":"Tienda","item":"https:\/\/demoweb.info\/sexshop001\/tienda\/"},{"@type":"ListItem","position":3,"name":"MASAJEADOR RECARGABLE KIT"}]},{"@type":"WebSite","@id":"https:\/\/demoweb.info\/sexshop001\/#website","url":"https:\/\/demoweb.info\/sexshop001\/","name":"Tienda Er\u00f3tica","description":"DEMOWEB SL","potentialAction":[{"@type":"SearchAction","target":{"@type":"EntryPoint","urlTemplate":"https:\/\/demoweb.info\/sexshop001\/?s={search_term_string}"},"query-input":"required name=search_term_string"}],"inLanguage":"es"}]}},"_links":{"self":[{"href":"https:\/\/demoweb.info\/sexshop001\/wp-json\/wp\/v3\/product\/20112","targetHints":{"allow":["GET"]}}],"collection":[{"href":"https:\/\/demoweb.info\/sexshop001\/wp-json\/wp\/v3\/product"}],"about":[{"href":"https:\/\/demoweb.info\/sexshop001\/wp-json\/wp\/v2\/types\/product"}],"replies":[{"embeddable":true,"href":"https:\/\/demoweb.info\/sexshop001\/wp-json\/wp\/v2\/comments?post=20112"}],"wp:featuredmedia":[{"embeddable":true,"href":"https:\/\/demoweb.info\/sexshop001\/wp-json\/wp\/v2\/media\/20113"}],"wp:attachment":[{"href":"https:\/\/demoweb.info\/sexshop001\/wp-json\/wp\/v2\/media?parent=20112"}],"wp:term":[{"taxonomy":"product_cat","embeddable":true,"href":"https:\/\/demoweb.info\/sexshop001\/wp-json\/wp\/v2\/product_cat?post=20112"},{"taxonomy":"product_tag","embeddable":true,"href":"https:\/\/demoweb.info\/sexshop001\/wp-json\/wp\/v2\/product_tag?post=20112"}],"curies":[{"name":"wp","href":"https:\/\/api.w.org\/{rel}","templated":true}]}}