{"id":20084,"date":"2022-01-22T11:06:31","date_gmt":"2022-01-22T10:06:31","guid":{"rendered":"https:\/\/demoweb.info\/sexshop001\/producto\/funda-silicona-suave-stand-to-pee-negro\/"},"modified":"2022-01-22T11:06:55","modified_gmt":"2022-01-22T10:06:55","slug":"funda-silicona-suave-stand-to-pee-negro","status":"publish","type":"product","link":"https:\/\/demoweb.info\/sexshop001\/producto\/funda-silicona-suave-stand-to-pee-negro\/","title":{"rendered":"FUNDA SILICONA SUAVE STAND TO PEE &#8211; NEGRO"},"content":{"rendered":"<p><strong>PACKER GEAR 5 IN. \/12.8 CM STP<\/strong><\/p>\n<p>El Packer Gear \u2122 Ultra-Soft \u2122 STP Packer es el \u00fanico packer dise\u00f1ado con un eje hueco y una amplia apertura para la funcionalidad FTM Stand-to-pee.<br \/>\nDise\u00f1ado pensando en la funci\u00f3n y la comodidad, el esculpido se adapta a su arn\u00e9s favorito y la silicona Ultra-Soft \u2122 de primera calidad se adapta al cuerpo.<\/p>\n<p>La silicona suave y flexible, la sensaci\u00f3n realista y el tono de piel negro lo convierten en la sonda perfecta para usar y usar durante todo el d\u00eda. La silicona de primera calidad hipoalerg\u00e9nica es segura para el cuerpo, sin perfume y sin ftalatos para mantener los puntos m\u00e1s sensibles, felices y saludables.<br \/>\nAntes y despu\u00e9s de su uso, limpialo con jab\u00f3n y agua tibia y luego roc\u00eda con un Limpiador Universal para Juguetes.<\/p>\n<p><strong>Longitud total<\/strong> 7.5 cm<br \/>\n<strong>Bodysafe <\/strong> Si<br \/>\nM<strong>aterial <\/strong>Silicona<\/p>\n","protected":false},"excerpt":{"rendered":"<p>PACKER GEAR 5 IN. \/12.8 CM STP El Packer Gear \u2122 Ultra-Soft \u2122 STP Packer es el \u00fanico packer dise\u00f1ado<\/p>\n","protected":false},"featured_media":20085,"comment_status":"open","ping_status":"open","template":"","meta":[],"product_cat":[704],"product_tag":[660,980],"class_list":["post-20084","product","type-product","status-publish","has-post-thumbnail","hentry","product_cat-silicona-fundas","product_tag-calexotics","product_tag-packer-gear"],"bundled_by":[],"bundle_stock_status":"outofstock","bundle_stock_quantity":0,"bundle_virtual":false,"bundle_layout":"","bundle_add_to_cart_form_location":"","bundle_editable_in_cart":false,"bundle_sold_individually_context":"","bundle_item_grouping":"","bundle_min_size":"","bundle_max_size":"","bundled_items":[],"yoast_head":"<!-- This site is optimized with the Yoast SEO plugin v20.6 - https:\/\/yoast.com\/wordpress\/plugins\/seo\/ -->\n<title>FUNDA SILICONA SUAVE STAND TO PEE - NEGRO - Tienda Er\u00f3tica<\/title>\n<meta name=\"robots\" content=\"noindex, follow, max-snippet:-1, max-image-preview:large, max-video-preview:-1\" \/>\n<meta property=\"og:locale\" content=\"es_ES\" \/>\n<meta property=\"og:type\" content=\"article\" \/>\n<meta property=\"og:title\" content=\"FUNDA SILICONA SUAVE STAND TO PEE - NEGRO - Tienda Er\u00f3tica\" \/>\n<meta property=\"og:description\" content=\"PACKER GEAR 5 IN. \/12.8 CM STP El Packer Gear \u2122 Ultra-Soft \u2122 STP Packer es el \u00fanico packer dise\u00f1ado\" \/>\n<meta property=\"og:url\" content=\"https:\/\/demoweb.info\/sexshop001\/producto\/funda-silicona-suave-stand-to-pee-negro\/\" \/>\n<meta property=\"og:site_name\" content=\"Tienda Er\u00f3tica\" \/>\n<meta property=\"article:modified_time\" content=\"2022-01-22T10:06:55+00:00\" \/>\n<meta property=\"og:image\" content=\"https:\/\/demoweb.info\/sexshop001\/wp-content\/uploads\/2022\/01\/FUNDA-SILICONA-SUAVE-STAND-TO-PEE-NEGRO.jpg\" \/>\n\t<meta property=\"og:image:width\" content=\"550\" \/>\n\t<meta property=\"og:image:height\" content=\"550\" \/>\n\t<meta property=\"og:image:type\" content=\"image\/jpeg\" \/>\n<meta name=\"twitter:card\" content=\"summary_large_image\" \/>\n<meta name=\"twitter:label1\" content=\"Tiempo de lectura\" \/>\n\t<meta name=\"twitter:data1\" content=\"1 minuto\" \/>\n<script type=\"application\/ld+json\" class=\"yoast-schema-graph\">{\"@context\":\"https:\/\/schema.org\",\"@graph\":[{\"@type\":\"WebPage\",\"@id\":\"https:\/\/demoweb.info\/sexshop001\/producto\/funda-silicona-suave-stand-to-pee-negro\/\",\"url\":\"https:\/\/demoweb.info\/sexshop001\/producto\/funda-silicona-suave-stand-to-pee-negro\/\",\"name\":\"FUNDA SILICONA SUAVE STAND TO PEE - NEGRO - Tienda Er\u00f3tica\",\"isPartOf\":{\"@id\":\"https:\/\/demoweb.info\/sexshop001\/#website\"},\"datePublished\":\"2022-01-22T10:06:31+00:00\",\"dateModified\":\"2022-01-22T10:06:55+00:00\",\"breadcrumb\":{\"@id\":\"https:\/\/demoweb.info\/sexshop001\/producto\/funda-silicona-suave-stand-to-pee-negro\/#breadcrumb\"},\"inLanguage\":\"es\",\"potentialAction\":[{\"@type\":\"ReadAction\",\"target\":[\"https:\/\/demoweb.info\/sexshop001\/producto\/funda-silicona-suave-stand-to-pee-negro\/\"]}]},{\"@type\":\"BreadcrumbList\",\"@id\":\"https:\/\/demoweb.info\/sexshop001\/producto\/funda-silicona-suave-stand-to-pee-negro\/#breadcrumb\",\"itemListElement\":[{\"@type\":\"ListItem\",\"position\":1,\"name\":\"Portada\",\"item\":\"https:\/\/demoweb.info\/sexshop001\/\"},{\"@type\":\"ListItem\",\"position\":2,\"name\":\"Tienda\",\"item\":\"https:\/\/demoweb.info\/sexshop001\/tienda\/\"},{\"@type\":\"ListItem\",\"position\":3,\"name\":\"FUNDA SILICONA SUAVE STAND TO PEE &#8211; NEGRO\"}]},{\"@type\":\"WebSite\",\"@id\":\"https:\/\/demoweb.info\/sexshop001\/#website\",\"url\":\"https:\/\/demoweb.info\/sexshop001\/\",\"name\":\"Tienda Er\u00f3tica\",\"description\":\"DEMOWEB SL\",\"potentialAction\":[{\"@type\":\"SearchAction\",\"target\":{\"@type\":\"EntryPoint\",\"urlTemplate\":\"https:\/\/demoweb.info\/sexshop001\/?s={search_term_string}\"},\"query-input\":\"required name=search_term_string\"}],\"inLanguage\":\"es\"}]}<\/script>\n<!-- \/ Yoast SEO plugin. -->","yoast_head_json":{"title":"FUNDA SILICONA SUAVE STAND TO PEE - NEGRO - Tienda Er\u00f3tica","robots":{"index":"noindex","follow":"follow","max-snippet":"max-snippet:-1","max-image-preview":"max-image-preview:large","max-video-preview":"max-video-preview:-1"},"og_locale":"es_ES","og_type":"article","og_title":"FUNDA SILICONA SUAVE STAND TO PEE - NEGRO - Tienda Er\u00f3tica","og_description":"PACKER GEAR 5 IN. \/12.8 CM STP El Packer Gear \u2122 Ultra-Soft \u2122 STP Packer es el \u00fanico packer dise\u00f1ado","og_url":"https:\/\/demoweb.info\/sexshop001\/producto\/funda-silicona-suave-stand-to-pee-negro\/","og_site_name":"Tienda Er\u00f3tica","article_modified_time":"2022-01-22T10:06:55+00:00","og_image":[{"width":550,"height":550,"url":"https:\/\/demoweb.info\/sexshop001\/wp-content\/uploads\/2022\/01\/FUNDA-SILICONA-SUAVE-STAND-TO-PEE-NEGRO.jpg","type":"image\/jpeg"}],"twitter_card":"summary_large_image","twitter_misc":{"Tiempo de lectura":"1 minuto"},"schema":{"@context":"https:\/\/schema.org","@graph":[{"@type":"WebPage","@id":"https:\/\/demoweb.info\/sexshop001\/producto\/funda-silicona-suave-stand-to-pee-negro\/","url":"https:\/\/demoweb.info\/sexshop001\/producto\/funda-silicona-suave-stand-to-pee-negro\/","name":"FUNDA SILICONA SUAVE STAND TO PEE - NEGRO - Tienda Er\u00f3tica","isPartOf":{"@id":"https:\/\/demoweb.info\/sexshop001\/#website"},"datePublished":"2022-01-22T10:06:31+00:00","dateModified":"2022-01-22T10:06:55+00:00","breadcrumb":{"@id":"https:\/\/demoweb.info\/sexshop001\/producto\/funda-silicona-suave-stand-to-pee-negro\/#breadcrumb"},"inLanguage":"es","potentialAction":[{"@type":"ReadAction","target":["https:\/\/demoweb.info\/sexshop001\/producto\/funda-silicona-suave-stand-to-pee-negro\/"]}]},{"@type":"BreadcrumbList","@id":"https:\/\/demoweb.info\/sexshop001\/producto\/funda-silicona-suave-stand-to-pee-negro\/#breadcrumb","itemListElement":[{"@type":"ListItem","position":1,"name":"Portada","item":"https:\/\/demoweb.info\/sexshop001\/"},{"@type":"ListItem","position":2,"name":"Tienda","item":"https:\/\/demoweb.info\/sexshop001\/tienda\/"},{"@type":"ListItem","position":3,"name":"FUNDA SILICONA SUAVE STAND TO PEE &#8211; NEGRO"}]},{"@type":"WebSite","@id":"https:\/\/demoweb.info\/sexshop001\/#website","url":"https:\/\/demoweb.info\/sexshop001\/","name":"Tienda Er\u00f3tica","description":"DEMOWEB SL","potentialAction":[{"@type":"SearchAction","target":{"@type":"EntryPoint","urlTemplate":"https:\/\/demoweb.info\/sexshop001\/?s={search_term_string}"},"query-input":"required name=search_term_string"}],"inLanguage":"es"}]}},"_links":{"self":[{"href":"https:\/\/demoweb.info\/sexshop001\/wp-json\/wp\/v3\/product\/20084","targetHints":{"allow":["GET"]}}],"collection":[{"href":"https:\/\/demoweb.info\/sexshop001\/wp-json\/wp\/v3\/product"}],"about":[{"href":"https:\/\/demoweb.info\/sexshop001\/wp-json\/wp\/v2\/types\/product"}],"replies":[{"embeddable":true,"href":"https:\/\/demoweb.info\/sexshop001\/wp-json\/wp\/v2\/comments?post=20084"}],"wp:featuredmedia":[{"embeddable":true,"href":"https:\/\/demoweb.info\/sexshop001\/wp-json\/wp\/v2\/media\/20085"}],"wp:attachment":[{"href":"https:\/\/demoweb.info\/sexshop001\/wp-json\/wp\/v2\/media?parent=20084"}],"wp:term":[{"taxonomy":"product_cat","embeddable":true,"href":"https:\/\/demoweb.info\/sexshop001\/wp-json\/wp\/v2\/product_cat?post=20084"},{"taxonomy":"product_tag","embeddable":true,"href":"https:\/\/demoweb.info\/sexshop001\/wp-json\/wp\/v2\/product_tag?post=20084"}],"curies":[{"name":"wp","href":"https:\/\/api.w.org\/{rel}","templated":true}]}}