{"id":20079,"date":"2022-01-22T11:06:31","date_gmt":"2022-01-22T10:06:31","guid":{"rendered":"https:\/\/demoweb.info\/sexshop001\/producto\/boxer-brief-arnes-xs-s\/"},"modified":"2022-01-22T11:06:53","modified_gmt":"2022-01-22T10:06:53","slug":"boxer-brief-arnes-xs-s","status":"publish","type":"product","link":"https:\/\/demoweb.info\/sexshop001\/producto\/boxer-brief-arnes-xs-s\/","title":{"rendered":"BOXER BRIEF ARNES &#8211; XS\/S"},"content":{"rendered":"<p>Dise\u00f1ado para brindar estilo y soporte, el arn\u00e9s Packer Gear Black Boxer es s\u00faper suave y ultra c\u00f3modo de usar. El moderno calzoncillo de corte masculino tiene una forma cl\u00e1sica de b\u00f3xer y cuenta con discretos bolsillos internos para guardar su estimulador vibratorio favorito con forma de bala. Ponte los b\u00f3xers, inserta un packer, sonda o dong y estar\u00e1s listo para la acci\u00f3n org\u00e1smica uno a uno. El arn\u00e9s Packer Gear Black Boxer est\u00e1 hecho de algod\u00f3n \/ spandex suave el\u00e1stico y c\u00f3modo y tiene una pretina extra ancha de apoyo. El forro suave del b\u00f3xer lavable tiene bolsillos internos y una correa interna para asegurar su empaque preferido en su lugar. El dise\u00f1o reforzado de 2 paneles tambi\u00e9n cuenta con una junta t\u00f3rica s\u00faper el\u00e1stica que se adapta f\u00e1cilmente a la mayor\u00eda de los tama\u00f1os de herramientas de penetraci\u00f3n. El arn\u00e9s Packer Gear Black Boxer no tiene correas externas para ajustarse completamente y es perfecto para usuarios experimentados y por primera vez. Los calzoncillos tipo b\u00f3xer se ponen como ropa interior para un ajuste c\u00f3modo y f\u00e1cil. Para experimentar la diversi\u00f3n de usar el arn\u00e9s, inserta su empaque o juguete estimulante a trav\u00e9s del anillo de soporte especialmente dise\u00f1ado. Insertar un estimulador vibratorio en el bolsillo interno tambi\u00e9n significa que disfrutas del doble del \u00e9xtasis.<\/p>\n<p><strong>Impermeable <\/strong> Si<br \/>\n<strong>Bodysafe <\/strong>Si<br \/>\n<strong>Material <\/strong>95% Cotton, 5% Spandex (briefs), 13% Polyester, 62% Nylon, 25% Spandex (waistband)<\/p>\n","protected":false},"excerpt":{"rendered":"<p>Dise\u00f1ado para brindar estilo y soporte, el arn\u00e9s Packer Gear Black Boxer es s\u00faper suave y ultra c\u00f3modo de usar.<\/p>\n","protected":false},"featured_media":20080,"comment_status":"open","ping_status":"open","template":"","meta":[],"product_cat":[780],"product_tag":[660,980],"class_list":["post-20079","product","type-product","status-publish","has-post-thumbnail","hentry","product_cat-basicos-arneses","product_tag-calexotics","product_tag-packer-gear"],"bundled_by":[],"bundle_stock_status":"instock","bundle_stock_quantity":2,"bundle_virtual":false,"bundle_layout":"","bundle_add_to_cart_form_location":"","bundle_editable_in_cart":false,"bundle_sold_individually_context":"","bundle_item_grouping":"","bundle_min_size":"","bundle_max_size":"","bundled_items":[],"yoast_head":"<!-- This site is optimized with the Yoast SEO plugin v20.6 - https:\/\/yoast.com\/wordpress\/plugins\/seo\/ -->\n<title>BOXER BRIEF ARNES - XS\/S - Tienda Er\u00f3tica<\/title>\n<meta name=\"robots\" content=\"noindex, follow, max-snippet:-1, max-image-preview:large, max-video-preview:-1\" \/>\n<meta property=\"og:locale\" content=\"es_ES\" \/>\n<meta property=\"og:type\" content=\"article\" \/>\n<meta property=\"og:title\" content=\"BOXER BRIEF ARNES - XS\/S - Tienda Er\u00f3tica\" \/>\n<meta property=\"og:description\" content=\"Dise\u00f1ado para brindar estilo y soporte, el arn\u00e9s Packer Gear Black Boxer es s\u00faper suave y ultra c\u00f3modo de usar.\" \/>\n<meta property=\"og:url\" content=\"https:\/\/demoweb.info\/sexshop001\/producto\/boxer-brief-arnes-xs-s\/\" \/>\n<meta property=\"og:site_name\" content=\"Tienda Er\u00f3tica\" \/>\n<meta property=\"article:modified_time\" content=\"2022-01-22T10:06:53+00:00\" \/>\n<meta property=\"og:image\" content=\"https:\/\/demoweb.info\/sexshop001\/wp-content\/uploads\/2022\/01\/BOXER-BRIEF-ARNES-XSS.jpg\" \/>\n\t<meta property=\"og:image:width\" content=\"550\" \/>\n\t<meta property=\"og:image:height\" content=\"550\" \/>\n\t<meta property=\"og:image:type\" content=\"image\/jpeg\" \/>\n<meta name=\"twitter:card\" content=\"summary_large_image\" \/>\n<meta name=\"twitter:label1\" content=\"Tiempo de lectura\" \/>\n\t<meta name=\"twitter:data1\" content=\"1 minuto\" \/>\n<script type=\"application\/ld+json\" class=\"yoast-schema-graph\">{\"@context\":\"https:\/\/schema.org\",\"@graph\":[{\"@type\":\"WebPage\",\"@id\":\"https:\/\/demoweb.info\/sexshop001\/producto\/boxer-brief-arnes-xs-s\/\",\"url\":\"https:\/\/demoweb.info\/sexshop001\/producto\/boxer-brief-arnes-xs-s\/\",\"name\":\"BOXER BRIEF ARNES - XS\/S - Tienda Er\u00f3tica\",\"isPartOf\":{\"@id\":\"https:\/\/demoweb.info\/sexshop001\/#website\"},\"datePublished\":\"2022-01-22T10:06:31+00:00\",\"dateModified\":\"2022-01-22T10:06:53+00:00\",\"breadcrumb\":{\"@id\":\"https:\/\/demoweb.info\/sexshop001\/producto\/boxer-brief-arnes-xs-s\/#breadcrumb\"},\"inLanguage\":\"es\",\"potentialAction\":[{\"@type\":\"ReadAction\",\"target\":[\"https:\/\/demoweb.info\/sexshop001\/producto\/boxer-brief-arnes-xs-s\/\"]}]},{\"@type\":\"BreadcrumbList\",\"@id\":\"https:\/\/demoweb.info\/sexshop001\/producto\/boxer-brief-arnes-xs-s\/#breadcrumb\",\"itemListElement\":[{\"@type\":\"ListItem\",\"position\":1,\"name\":\"Portada\",\"item\":\"https:\/\/demoweb.info\/sexshop001\/\"},{\"@type\":\"ListItem\",\"position\":2,\"name\":\"Tienda\",\"item\":\"https:\/\/demoweb.info\/sexshop001\/tienda\/\"},{\"@type\":\"ListItem\",\"position\":3,\"name\":\"BOXER BRIEF ARNES &#8211; XS\/S\"}]},{\"@type\":\"WebSite\",\"@id\":\"https:\/\/demoweb.info\/sexshop001\/#website\",\"url\":\"https:\/\/demoweb.info\/sexshop001\/\",\"name\":\"Tienda Er\u00f3tica\",\"description\":\"DEMOWEB SL\",\"potentialAction\":[{\"@type\":\"SearchAction\",\"target\":{\"@type\":\"EntryPoint\",\"urlTemplate\":\"https:\/\/demoweb.info\/sexshop001\/?s={search_term_string}\"},\"query-input\":\"required name=search_term_string\"}],\"inLanguage\":\"es\"}]}<\/script>\n<!-- \/ Yoast SEO plugin. -->","yoast_head_json":{"title":"BOXER BRIEF ARNES - XS\/S - Tienda Er\u00f3tica","robots":{"index":"noindex","follow":"follow","max-snippet":"max-snippet:-1","max-image-preview":"max-image-preview:large","max-video-preview":"max-video-preview:-1"},"og_locale":"es_ES","og_type":"article","og_title":"BOXER BRIEF ARNES - XS\/S - Tienda Er\u00f3tica","og_description":"Dise\u00f1ado para brindar estilo y soporte, el arn\u00e9s Packer Gear Black Boxer es s\u00faper suave y ultra c\u00f3modo de usar.","og_url":"https:\/\/demoweb.info\/sexshop001\/producto\/boxer-brief-arnes-xs-s\/","og_site_name":"Tienda Er\u00f3tica","article_modified_time":"2022-01-22T10:06:53+00:00","og_image":[{"width":550,"height":550,"url":"https:\/\/demoweb.info\/sexshop001\/wp-content\/uploads\/2022\/01\/BOXER-BRIEF-ARNES-XSS.jpg","type":"image\/jpeg"}],"twitter_card":"summary_large_image","twitter_misc":{"Tiempo de lectura":"1 minuto"},"schema":{"@context":"https:\/\/schema.org","@graph":[{"@type":"WebPage","@id":"https:\/\/demoweb.info\/sexshop001\/producto\/boxer-brief-arnes-xs-s\/","url":"https:\/\/demoweb.info\/sexshop001\/producto\/boxer-brief-arnes-xs-s\/","name":"BOXER BRIEF ARNES - XS\/S - Tienda Er\u00f3tica","isPartOf":{"@id":"https:\/\/demoweb.info\/sexshop001\/#website"},"datePublished":"2022-01-22T10:06:31+00:00","dateModified":"2022-01-22T10:06:53+00:00","breadcrumb":{"@id":"https:\/\/demoweb.info\/sexshop001\/producto\/boxer-brief-arnes-xs-s\/#breadcrumb"},"inLanguage":"es","potentialAction":[{"@type":"ReadAction","target":["https:\/\/demoweb.info\/sexshop001\/producto\/boxer-brief-arnes-xs-s\/"]}]},{"@type":"BreadcrumbList","@id":"https:\/\/demoweb.info\/sexshop001\/producto\/boxer-brief-arnes-xs-s\/#breadcrumb","itemListElement":[{"@type":"ListItem","position":1,"name":"Portada","item":"https:\/\/demoweb.info\/sexshop001\/"},{"@type":"ListItem","position":2,"name":"Tienda","item":"https:\/\/demoweb.info\/sexshop001\/tienda\/"},{"@type":"ListItem","position":3,"name":"BOXER BRIEF ARNES &#8211; XS\/S"}]},{"@type":"WebSite","@id":"https:\/\/demoweb.info\/sexshop001\/#website","url":"https:\/\/demoweb.info\/sexshop001\/","name":"Tienda Er\u00f3tica","description":"DEMOWEB SL","potentialAction":[{"@type":"SearchAction","target":{"@type":"EntryPoint","urlTemplate":"https:\/\/demoweb.info\/sexshop001\/?s={search_term_string}"},"query-input":"required name=search_term_string"}],"inLanguage":"es"}]}},"_links":{"self":[{"href":"https:\/\/demoweb.info\/sexshop001\/wp-json\/wp\/v3\/product\/20079","targetHints":{"allow":["GET"]}}],"collection":[{"href":"https:\/\/demoweb.info\/sexshop001\/wp-json\/wp\/v3\/product"}],"about":[{"href":"https:\/\/demoweb.info\/sexshop001\/wp-json\/wp\/v2\/types\/product"}],"replies":[{"embeddable":true,"href":"https:\/\/demoweb.info\/sexshop001\/wp-json\/wp\/v2\/comments?post=20079"}],"wp:featuredmedia":[{"embeddable":true,"href":"https:\/\/demoweb.info\/sexshop001\/wp-json\/wp\/v2\/media\/20080"}],"wp:attachment":[{"href":"https:\/\/demoweb.info\/sexshop001\/wp-json\/wp\/v2\/media?parent=20079"}],"wp:term":[{"taxonomy":"product_cat","embeddable":true,"href":"https:\/\/demoweb.info\/sexshop001\/wp-json\/wp\/v2\/product_cat?post=20079"},{"taxonomy":"product_tag","embeddable":true,"href":"https:\/\/demoweb.info\/sexshop001\/wp-json\/wp\/v2\/product_tag?post=20079"}],"curies":[{"name":"wp","href":"https:\/\/api.w.org\/{rel}","templated":true}]}}