{"id":20064,"date":"2022-01-22T11:06:31","date_gmt":"2022-01-22T10:06:31","guid":{"rendered":"https:\/\/demoweb.info\/sexshop001\/producto\/packer-gear-brief-arnes-xxl-xxxl\/"},"modified":"2022-01-22T11:06:47","modified_gmt":"2022-01-22T10:06:47","slug":"packer-gear-brief-arnes-xxl-xxxl","status":"publish","type":"product","link":"https:\/\/demoweb.info\/sexshop001\/producto\/packer-gear-brief-arnes-xxl-xxxl\/","title":{"rendered":"PACKER GEAR BRIEF ARNES \/ XXL &#8211; XXXL"},"content":{"rendered":"<p>El c\u00f3modo y s\u00f3lido arn\u00e9s Packer Gear Black Brief est\u00e1 dise\u00f1ado para ofrecer lo \u00faltimo en estilo y comodidad al dise\u00f1ar su estimulador favorito. El calzoncillo de estilo hipster tiene un moderno corte masculino y bolsillos internos para guardar su estimulador vibratorio favorito. Ponte los calzoncillos, inserta un empacador, sonda o dong y luego disfruta del juego \u00edntimo. El arn\u00e9s lavable Packer Gear Black Brief est\u00e1 hecho de algod\u00f3n \/ spandex ultra suave, el\u00e1stico y c\u00f3modo y tiene una pretina extra ancha de apoyo.<br \/>\nEl forro suave cuenta con bolsillos internos y una correa interna que asegura su herramienta de placer preferida en su lugar. El dise\u00f1o reforzado de 2 paneles tambi\u00e9n cuenta con una junta t\u00f3rica el\u00e1stica que se adapta f\u00e1cilmente a la mayor\u00eda de los tama\u00f1os de estimuladores de penetraci\u00f3n.<br \/>\nIdeal para usuarios experimentados y por primera vez, el arn\u00e9s negro Packer Gear no requiere abrocharse ni ajustarse las correas externas. En cambio, los calzoncillos se deslizan como la ropa interior para brindar el m\u00e1ximo confort. Para disfrutar de la diversi\u00f3n de la penetraci\u00f3n con manos libres, todo lo que tiene que hacer es seleccionar su juguete estimulante favorito. O inserta un estimulador vibratorio en el bolsillo interno y experimente el doble de \u00e9xtasis er\u00f3tico.<\/p>\n<p><strong>Material<\/strong> 95% Cotton, 5% Spandex<\/p>\n","protected":false},"excerpt":{"rendered":"<p>El c\u00f3modo y s\u00f3lido arn\u00e9s Packer Gear Black Brief est\u00e1 dise\u00f1ado para ofrecer lo \u00faltimo en estilo y comodidad al<\/p>\n","protected":false},"featured_media":20065,"comment_status":"open","ping_status":"open","template":"","meta":[],"product_cat":[780],"product_tag":[660,980],"class_list":["post-20064","product","type-product","status-publish","has-post-thumbnail","hentry","product_cat-basicos-arneses","product_tag-calexotics","product_tag-packer-gear"],"bundled_by":[],"bundle_stock_status":"instock","bundle_stock_quantity":1,"bundle_virtual":false,"bundle_layout":"","bundle_add_to_cart_form_location":"","bundle_editable_in_cart":false,"bundle_sold_individually_context":"","bundle_item_grouping":"","bundle_min_size":"","bundle_max_size":"","bundled_items":[],"yoast_head":"<!-- This site is optimized with the Yoast SEO plugin v20.6 - https:\/\/yoast.com\/wordpress\/plugins\/seo\/ -->\n<title>PACKER GEAR BRIEF ARNES \/ XXL - XXXL - Tienda Er\u00f3tica<\/title>\n<meta name=\"robots\" content=\"noindex, follow, max-snippet:-1, max-image-preview:large, max-video-preview:-1\" \/>\n<meta property=\"og:locale\" content=\"es_ES\" \/>\n<meta property=\"og:type\" content=\"article\" \/>\n<meta property=\"og:title\" content=\"PACKER GEAR BRIEF ARNES \/ XXL - XXXL - Tienda Er\u00f3tica\" \/>\n<meta property=\"og:description\" content=\"El c\u00f3modo y s\u00f3lido arn\u00e9s Packer Gear Black Brief est\u00e1 dise\u00f1ado para ofrecer lo \u00faltimo en estilo y comodidad al\" \/>\n<meta property=\"og:url\" content=\"https:\/\/demoweb.info\/sexshop001\/producto\/packer-gear-brief-arnes-xxl-xxxl\/\" \/>\n<meta property=\"og:site_name\" content=\"Tienda Er\u00f3tica\" \/>\n<meta property=\"article:modified_time\" content=\"2022-01-22T10:06:47+00:00\" \/>\n<meta property=\"og:image\" content=\"https:\/\/demoweb.info\/sexshop001\/wp-content\/uploads\/2022\/01\/PACKER-GEAR-BRIEF-ARNES-XXL-XXXL.jpg\" \/>\n\t<meta property=\"og:image:width\" content=\"550\" \/>\n\t<meta property=\"og:image:height\" content=\"550\" \/>\n\t<meta property=\"og:image:type\" content=\"image\/jpeg\" \/>\n<meta name=\"twitter:card\" content=\"summary_large_image\" \/>\n<meta name=\"twitter:label1\" content=\"Tiempo de lectura\" \/>\n\t<meta name=\"twitter:data1\" content=\"1 minuto\" \/>\n<script type=\"application\/ld+json\" class=\"yoast-schema-graph\">{\"@context\":\"https:\/\/schema.org\",\"@graph\":[{\"@type\":\"WebPage\",\"@id\":\"https:\/\/demoweb.info\/sexshop001\/producto\/packer-gear-brief-arnes-xxl-xxxl\/\",\"url\":\"https:\/\/demoweb.info\/sexshop001\/producto\/packer-gear-brief-arnes-xxl-xxxl\/\",\"name\":\"PACKER GEAR BRIEF ARNES \/ XXL - XXXL - Tienda Er\u00f3tica\",\"isPartOf\":{\"@id\":\"https:\/\/demoweb.info\/sexshop001\/#website\"},\"datePublished\":\"2022-01-22T10:06:31+00:00\",\"dateModified\":\"2022-01-22T10:06:47+00:00\",\"breadcrumb\":{\"@id\":\"https:\/\/demoweb.info\/sexshop001\/producto\/packer-gear-brief-arnes-xxl-xxxl\/#breadcrumb\"},\"inLanguage\":\"es\",\"potentialAction\":[{\"@type\":\"ReadAction\",\"target\":[\"https:\/\/demoweb.info\/sexshop001\/producto\/packer-gear-brief-arnes-xxl-xxxl\/\"]}]},{\"@type\":\"BreadcrumbList\",\"@id\":\"https:\/\/demoweb.info\/sexshop001\/producto\/packer-gear-brief-arnes-xxl-xxxl\/#breadcrumb\",\"itemListElement\":[{\"@type\":\"ListItem\",\"position\":1,\"name\":\"Portada\",\"item\":\"https:\/\/demoweb.info\/sexshop001\/\"},{\"@type\":\"ListItem\",\"position\":2,\"name\":\"Tienda\",\"item\":\"https:\/\/demoweb.info\/sexshop001\/tienda\/\"},{\"@type\":\"ListItem\",\"position\":3,\"name\":\"PACKER GEAR BRIEF ARNES \/ XXL &#8211; XXXL\"}]},{\"@type\":\"WebSite\",\"@id\":\"https:\/\/demoweb.info\/sexshop001\/#website\",\"url\":\"https:\/\/demoweb.info\/sexshop001\/\",\"name\":\"Tienda Er\u00f3tica\",\"description\":\"DEMOWEB SL\",\"potentialAction\":[{\"@type\":\"SearchAction\",\"target\":{\"@type\":\"EntryPoint\",\"urlTemplate\":\"https:\/\/demoweb.info\/sexshop001\/?s={search_term_string}\"},\"query-input\":\"required name=search_term_string\"}],\"inLanguage\":\"es\"}]}<\/script>\n<!-- \/ Yoast SEO plugin. -->","yoast_head_json":{"title":"PACKER GEAR BRIEF ARNES \/ XXL - XXXL - Tienda Er\u00f3tica","robots":{"index":"noindex","follow":"follow","max-snippet":"max-snippet:-1","max-image-preview":"max-image-preview:large","max-video-preview":"max-video-preview:-1"},"og_locale":"es_ES","og_type":"article","og_title":"PACKER GEAR BRIEF ARNES \/ XXL - XXXL - Tienda Er\u00f3tica","og_description":"El c\u00f3modo y s\u00f3lido arn\u00e9s Packer Gear Black Brief est\u00e1 dise\u00f1ado para ofrecer lo \u00faltimo en estilo y comodidad al","og_url":"https:\/\/demoweb.info\/sexshop001\/producto\/packer-gear-brief-arnes-xxl-xxxl\/","og_site_name":"Tienda Er\u00f3tica","article_modified_time":"2022-01-22T10:06:47+00:00","og_image":[{"width":550,"height":550,"url":"https:\/\/demoweb.info\/sexshop001\/wp-content\/uploads\/2022\/01\/PACKER-GEAR-BRIEF-ARNES-XXL-XXXL.jpg","type":"image\/jpeg"}],"twitter_card":"summary_large_image","twitter_misc":{"Tiempo de lectura":"1 minuto"},"schema":{"@context":"https:\/\/schema.org","@graph":[{"@type":"WebPage","@id":"https:\/\/demoweb.info\/sexshop001\/producto\/packer-gear-brief-arnes-xxl-xxxl\/","url":"https:\/\/demoweb.info\/sexshop001\/producto\/packer-gear-brief-arnes-xxl-xxxl\/","name":"PACKER GEAR BRIEF ARNES \/ XXL - XXXL - Tienda Er\u00f3tica","isPartOf":{"@id":"https:\/\/demoweb.info\/sexshop001\/#website"},"datePublished":"2022-01-22T10:06:31+00:00","dateModified":"2022-01-22T10:06:47+00:00","breadcrumb":{"@id":"https:\/\/demoweb.info\/sexshop001\/producto\/packer-gear-brief-arnes-xxl-xxxl\/#breadcrumb"},"inLanguage":"es","potentialAction":[{"@type":"ReadAction","target":["https:\/\/demoweb.info\/sexshop001\/producto\/packer-gear-brief-arnes-xxl-xxxl\/"]}]},{"@type":"BreadcrumbList","@id":"https:\/\/demoweb.info\/sexshop001\/producto\/packer-gear-brief-arnes-xxl-xxxl\/#breadcrumb","itemListElement":[{"@type":"ListItem","position":1,"name":"Portada","item":"https:\/\/demoweb.info\/sexshop001\/"},{"@type":"ListItem","position":2,"name":"Tienda","item":"https:\/\/demoweb.info\/sexshop001\/tienda\/"},{"@type":"ListItem","position":3,"name":"PACKER GEAR BRIEF ARNES \/ XXL &#8211; XXXL"}]},{"@type":"WebSite","@id":"https:\/\/demoweb.info\/sexshop001\/#website","url":"https:\/\/demoweb.info\/sexshop001\/","name":"Tienda Er\u00f3tica","description":"DEMOWEB SL","potentialAction":[{"@type":"SearchAction","target":{"@type":"EntryPoint","urlTemplate":"https:\/\/demoweb.info\/sexshop001\/?s={search_term_string}"},"query-input":"required name=search_term_string"}],"inLanguage":"es"}]}},"_links":{"self":[{"href":"https:\/\/demoweb.info\/sexshop001\/wp-json\/wp\/v3\/product\/20064","targetHints":{"allow":["GET"]}}],"collection":[{"href":"https:\/\/demoweb.info\/sexshop001\/wp-json\/wp\/v3\/product"}],"about":[{"href":"https:\/\/demoweb.info\/sexshop001\/wp-json\/wp\/v2\/types\/product"}],"replies":[{"embeddable":true,"href":"https:\/\/demoweb.info\/sexshop001\/wp-json\/wp\/v2\/comments?post=20064"}],"wp:featuredmedia":[{"embeddable":true,"href":"https:\/\/demoweb.info\/sexshop001\/wp-json\/wp\/v2\/media\/20065"}],"wp:attachment":[{"href":"https:\/\/demoweb.info\/sexshop001\/wp-json\/wp\/v2\/media?parent=20064"}],"wp:term":[{"taxonomy":"product_cat","embeddable":true,"href":"https:\/\/demoweb.info\/sexshop001\/wp-json\/wp\/v2\/product_cat?post=20064"},{"taxonomy":"product_tag","embeddable":true,"href":"https:\/\/demoweb.info\/sexshop001\/wp-json\/wp\/v2\/product_tag?post=20064"}],"curies":[{"name":"wp","href":"https:\/\/api.w.org\/{rel}","templated":true}]}}