{"id":20013,"date":"2022-01-22T11:05:44","date_gmt":"2022-01-22T10:05:44","guid":{"rendered":"https:\/\/demoweb.info\/sexshop001\/producto\/funda-pene-12-8-cm-packer-gear-caramelo\/"},"modified":"2022-01-22T11:06:23","modified_gmt":"2022-01-22T10:06:23","slug":"funda-pene-12-8-cm-packer-gear-caramelo","status":"publish","type":"product","link":"https:\/\/demoweb.info\/sexshop001\/producto\/funda-pene-12-8-cm-packer-gear-caramelo\/","title":{"rendered":"FUNDA PENE 12.8 CM PACKER GEAR &#8211; CARAMELO"},"content":{"rendered":"<p><strong>PACKER GEAR 5 IN. \/ 12.8 CM STP<\/strong><\/p>\n<p>El Packer Gear \u2122 5-Inch Ultra-Soft \u2122 Silicone STP es un empaquetador \u00fanico dise\u00f1ado con un eje hueco y una amplia apertura para la funcionalidad FTM Stand-to-pee.<br \/>\nDise\u00f1ado pensando en la funcionalidad y la comodidad, el empaque esculpido se adapta f\u00e1cilmente a tu arn\u00e9s favorito y la silicona Ultra-Soft \u2122 de primera calidad se adapta al cuerpo.<\/p>\n<p>La silicona suave y flexible, la sensaci\u00f3n realista y el tono de piel caramelo lo convierten en la sonda perfecta para usar durante todo el d\u00eda. La silicona de primera calidad hipoalerg\u00e9nica es segura para el cuerpo, sin perfume y sin ftalatos para mantener los puntos m\u00e1s sensibles, felices y saludables. Antes y despu\u00e9s de su uso, l\u00e1vese con jab\u00f3n y agua tibia y luego roc\u00ede con un Limpiador Universal para Juguetes.<\/p>\n<p><strong>Longitud total: <\/strong>12.75 cm x 4.5 cm <br \/>\n<strong>Impermeable:   <\/strong>Si <br \/>\n<strong>Bodysafe: <\/strong>Si <br \/>\n<strong>Material: <\/strong>Silicona<\/p>\n","protected":false},"excerpt":{"rendered":"<p>PACKER GEAR 5 IN. \/ 12.8 CM STP El Packer Gear \u2122 5-Inch Ultra-Soft \u2122 Silicone STP es un empaquetador<\/p>\n","protected":false},"featured_media":20014,"comment_status":"open","ping_status":"open","template":"","meta":[],"product_cat":[543],"product_tag":[660,980],"class_list":["post-20013","product","type-product","status-publish","has-post-thumbnail","hentry","product_cat-fundas","product_tag-calexotics","product_tag-packer-gear"],"bundled_by":[],"bundle_stock_status":"instock","bundle_stock_quantity":1,"bundle_virtual":false,"bundle_layout":"","bundle_add_to_cart_form_location":"","bundle_editable_in_cart":false,"bundle_sold_individually_context":"","bundle_item_grouping":"","bundle_min_size":"","bundle_max_size":"","bundled_items":[],"yoast_head":"<!-- This site is optimized with the Yoast SEO plugin v20.6 - https:\/\/yoast.com\/wordpress\/plugins\/seo\/ -->\n<title>FUNDA PENE 12.8 CM PACKER GEAR - CARAMELO - Tienda Er\u00f3tica<\/title>\n<meta name=\"robots\" content=\"noindex, follow, max-snippet:-1, max-image-preview:large, max-video-preview:-1\" \/>\n<meta property=\"og:locale\" content=\"es_ES\" \/>\n<meta property=\"og:type\" content=\"article\" \/>\n<meta property=\"og:title\" content=\"FUNDA PENE 12.8 CM PACKER GEAR - CARAMELO - Tienda Er\u00f3tica\" \/>\n<meta property=\"og:description\" content=\"PACKER GEAR 5 IN. \/ 12.8 CM STP El Packer Gear \u2122 5-Inch Ultra-Soft \u2122 Silicone STP es un empaquetador\" \/>\n<meta property=\"og:url\" content=\"https:\/\/demoweb.info\/sexshop001\/producto\/funda-pene-12-8-cm-packer-gear-caramelo\/\" \/>\n<meta property=\"og:site_name\" content=\"Tienda Er\u00f3tica\" \/>\n<meta property=\"article:modified_time\" content=\"2022-01-22T10:06:23+00:00\" \/>\n<meta property=\"og:image\" content=\"https:\/\/demoweb.info\/sexshop001\/wp-content\/uploads\/2022\/01\/FUNDA-PENE-12.8-CM-PACKER-GEAR-CARAMELO.jpg\" \/>\n\t<meta property=\"og:image:width\" content=\"550\" \/>\n\t<meta property=\"og:image:height\" content=\"550\" \/>\n\t<meta property=\"og:image:type\" content=\"image\/jpeg\" \/>\n<meta name=\"twitter:card\" content=\"summary_large_image\" \/>\n<meta name=\"twitter:label1\" content=\"Tiempo de lectura\" \/>\n\t<meta name=\"twitter:data1\" content=\"1 minuto\" \/>\n<script type=\"application\/ld+json\" class=\"yoast-schema-graph\">{\"@context\":\"https:\/\/schema.org\",\"@graph\":[{\"@type\":\"WebPage\",\"@id\":\"https:\/\/demoweb.info\/sexshop001\/producto\/funda-pene-12-8-cm-packer-gear-caramelo\/\",\"url\":\"https:\/\/demoweb.info\/sexshop001\/producto\/funda-pene-12-8-cm-packer-gear-caramelo\/\",\"name\":\"FUNDA PENE 12.8 CM PACKER GEAR - CARAMELO - Tienda Er\u00f3tica\",\"isPartOf\":{\"@id\":\"https:\/\/demoweb.info\/sexshop001\/#website\"},\"datePublished\":\"2022-01-22T10:05:44+00:00\",\"dateModified\":\"2022-01-22T10:06:23+00:00\",\"breadcrumb\":{\"@id\":\"https:\/\/demoweb.info\/sexshop001\/producto\/funda-pene-12-8-cm-packer-gear-caramelo\/#breadcrumb\"},\"inLanguage\":\"es\",\"potentialAction\":[{\"@type\":\"ReadAction\",\"target\":[\"https:\/\/demoweb.info\/sexshop001\/producto\/funda-pene-12-8-cm-packer-gear-caramelo\/\"]}]},{\"@type\":\"BreadcrumbList\",\"@id\":\"https:\/\/demoweb.info\/sexshop001\/producto\/funda-pene-12-8-cm-packer-gear-caramelo\/#breadcrumb\",\"itemListElement\":[{\"@type\":\"ListItem\",\"position\":1,\"name\":\"Portada\",\"item\":\"https:\/\/demoweb.info\/sexshop001\/\"},{\"@type\":\"ListItem\",\"position\":2,\"name\":\"Tienda\",\"item\":\"https:\/\/demoweb.info\/sexshop001\/tienda\/\"},{\"@type\":\"ListItem\",\"position\":3,\"name\":\"FUNDA PENE 12.8 CM PACKER GEAR &#8211; CARAMELO\"}]},{\"@type\":\"WebSite\",\"@id\":\"https:\/\/demoweb.info\/sexshop001\/#website\",\"url\":\"https:\/\/demoweb.info\/sexshop001\/\",\"name\":\"Tienda Er\u00f3tica\",\"description\":\"DEMOWEB SL\",\"potentialAction\":[{\"@type\":\"SearchAction\",\"target\":{\"@type\":\"EntryPoint\",\"urlTemplate\":\"https:\/\/demoweb.info\/sexshop001\/?s={search_term_string}\"},\"query-input\":\"required name=search_term_string\"}],\"inLanguage\":\"es\"}]}<\/script>\n<!-- \/ Yoast SEO plugin. -->","yoast_head_json":{"title":"FUNDA PENE 12.8 CM PACKER GEAR - CARAMELO - Tienda Er\u00f3tica","robots":{"index":"noindex","follow":"follow","max-snippet":"max-snippet:-1","max-image-preview":"max-image-preview:large","max-video-preview":"max-video-preview:-1"},"og_locale":"es_ES","og_type":"article","og_title":"FUNDA PENE 12.8 CM PACKER GEAR - CARAMELO - Tienda Er\u00f3tica","og_description":"PACKER GEAR 5 IN. \/ 12.8 CM STP El Packer Gear \u2122 5-Inch Ultra-Soft \u2122 Silicone STP es un empaquetador","og_url":"https:\/\/demoweb.info\/sexshop001\/producto\/funda-pene-12-8-cm-packer-gear-caramelo\/","og_site_name":"Tienda Er\u00f3tica","article_modified_time":"2022-01-22T10:06:23+00:00","og_image":[{"width":550,"height":550,"url":"https:\/\/demoweb.info\/sexshop001\/wp-content\/uploads\/2022\/01\/FUNDA-PENE-12.8-CM-PACKER-GEAR-CARAMELO.jpg","type":"image\/jpeg"}],"twitter_card":"summary_large_image","twitter_misc":{"Tiempo de lectura":"1 minuto"},"schema":{"@context":"https:\/\/schema.org","@graph":[{"@type":"WebPage","@id":"https:\/\/demoweb.info\/sexshop001\/producto\/funda-pene-12-8-cm-packer-gear-caramelo\/","url":"https:\/\/demoweb.info\/sexshop001\/producto\/funda-pene-12-8-cm-packer-gear-caramelo\/","name":"FUNDA PENE 12.8 CM PACKER GEAR - CARAMELO - Tienda Er\u00f3tica","isPartOf":{"@id":"https:\/\/demoweb.info\/sexshop001\/#website"},"datePublished":"2022-01-22T10:05:44+00:00","dateModified":"2022-01-22T10:06:23+00:00","breadcrumb":{"@id":"https:\/\/demoweb.info\/sexshop001\/producto\/funda-pene-12-8-cm-packer-gear-caramelo\/#breadcrumb"},"inLanguage":"es","potentialAction":[{"@type":"ReadAction","target":["https:\/\/demoweb.info\/sexshop001\/producto\/funda-pene-12-8-cm-packer-gear-caramelo\/"]}]},{"@type":"BreadcrumbList","@id":"https:\/\/demoweb.info\/sexshop001\/producto\/funda-pene-12-8-cm-packer-gear-caramelo\/#breadcrumb","itemListElement":[{"@type":"ListItem","position":1,"name":"Portada","item":"https:\/\/demoweb.info\/sexshop001\/"},{"@type":"ListItem","position":2,"name":"Tienda","item":"https:\/\/demoweb.info\/sexshop001\/tienda\/"},{"@type":"ListItem","position":3,"name":"FUNDA PENE 12.8 CM PACKER GEAR &#8211; CARAMELO"}]},{"@type":"WebSite","@id":"https:\/\/demoweb.info\/sexshop001\/#website","url":"https:\/\/demoweb.info\/sexshop001\/","name":"Tienda Er\u00f3tica","description":"DEMOWEB SL","potentialAction":[{"@type":"SearchAction","target":{"@type":"EntryPoint","urlTemplate":"https:\/\/demoweb.info\/sexshop001\/?s={search_term_string}"},"query-input":"required name=search_term_string"}],"inLanguage":"es"}]}},"_links":{"self":[{"href":"https:\/\/demoweb.info\/sexshop001\/wp-json\/wp\/v3\/product\/20013","targetHints":{"allow":["GET"]}}],"collection":[{"href":"https:\/\/demoweb.info\/sexshop001\/wp-json\/wp\/v3\/product"}],"about":[{"href":"https:\/\/demoweb.info\/sexshop001\/wp-json\/wp\/v2\/types\/product"}],"replies":[{"embeddable":true,"href":"https:\/\/demoweb.info\/sexshop001\/wp-json\/wp\/v2\/comments?post=20013"}],"wp:featuredmedia":[{"embeddable":true,"href":"https:\/\/demoweb.info\/sexshop001\/wp-json\/wp\/v2\/media\/20014"}],"wp:attachment":[{"href":"https:\/\/demoweb.info\/sexshop001\/wp-json\/wp\/v2\/media?parent=20013"}],"wp:term":[{"taxonomy":"product_cat","embeddable":true,"href":"https:\/\/demoweb.info\/sexshop001\/wp-json\/wp\/v2\/product_cat?post=20013"},{"taxonomy":"product_tag","embeddable":true,"href":"https:\/\/demoweb.info\/sexshop001\/wp-json\/wp\/v2\/product_tag?post=20013"}],"curies":[{"name":"wp","href":"https:\/\/api.w.org\/{rel}","templated":true}]}}