{"id":19991,"date":"2022-01-22T11:05:44","date_gmt":"2022-01-22T10:05:44","guid":{"rendered":"https:\/\/demoweb.info\/sexshop001\/producto\/boxer-brief-arnes-basico\/"},"modified":"2022-01-22T11:06:15","modified_gmt":"2022-01-22T10:06:15","slug":"boxer-brief-arnes-basico","status":"publish","type":"product","link":"https:\/\/demoweb.info\/sexshop001\/producto\/boxer-brief-arnes-basico\/","title":{"rendered":"BOXER BRIEF &#8211; ARN\u00c9S B\u00c1SICO"},"content":{"rendered":"<p><strong>BOXER BRIEF WITH PACKING POUCH<\/strong><\/p>\n<p>El b\u00f3xer con bolsa de embalaje Packer Gear \u2122 es el arn\u00e9s discreto y c\u00f3modo con el que siempre so\u00f1aste. Hecho para ser lo \u00faltimo en comodidad y estilo, el calzoncillo cl\u00e1sico est\u00e1 hecho de una tela suave y el\u00e1stica con una bolsa de embalaje segura. La c\u00f3moda bolsa de empaque tiene un aspecto natural y completo para una experiencia de empaque real.<\/p>\n<p><strong>Impermeable: <\/strong> Lavable<br \/>\n<strong>Material <\/strong>95% Cotton, 5% Spandex (fabric) 13% Polyester, 62% Nylon, 25% Spandex (waistband)<\/p>\n","protected":false},"excerpt":{"rendered":"<p>BOXER BRIEF WITH PACKING POUCH El b\u00f3xer con bolsa de embalaje Packer Gear \u2122 es el arn\u00e9s discreto y c\u00f3modo<\/p>\n","protected":false},"featured_media":19992,"comment_status":"open","ping_status":"open","template":"","meta":[],"product_cat":[979],"product_tag":[660,980],"class_list":["post-19991","product","type-product","status-publish","has-post-thumbnail","hentry","product_cat-boxers-para-el-lenceria","product_tag-calexotics","product_tag-packer-gear"],"bundled_by":[],"bundle_stock_status":"instock","bundle_stock_quantity":1,"bundle_virtual":false,"bundle_layout":"","bundle_add_to_cart_form_location":"","bundle_editable_in_cart":false,"bundle_sold_individually_context":"","bundle_item_grouping":"","bundle_min_size":"","bundle_max_size":"","bundled_items":[],"yoast_head":"<!-- This site is optimized with the Yoast SEO plugin v20.6 - https:\/\/yoast.com\/wordpress\/plugins\/seo\/ -->\n<title>BOXER BRIEF - ARN\u00c9S B\u00c1SICO - Tienda Er\u00f3tica<\/title>\n<meta name=\"robots\" content=\"noindex, follow, max-snippet:-1, max-image-preview:large, max-video-preview:-1\" \/>\n<meta property=\"og:locale\" content=\"es_ES\" \/>\n<meta property=\"og:type\" content=\"article\" \/>\n<meta property=\"og:title\" content=\"BOXER BRIEF - ARN\u00c9S B\u00c1SICO - Tienda Er\u00f3tica\" \/>\n<meta property=\"og:description\" content=\"BOXER BRIEF WITH PACKING POUCH El b\u00f3xer con bolsa de embalaje Packer Gear \u2122 es el arn\u00e9s discreto y c\u00f3modo\" \/>\n<meta property=\"og:url\" content=\"https:\/\/demoweb.info\/sexshop001\/producto\/boxer-brief-arnes-basico\/\" \/>\n<meta property=\"og:site_name\" content=\"Tienda Er\u00f3tica\" \/>\n<meta property=\"article:modified_time\" content=\"2022-01-22T10:06:15+00:00\" \/>\n<meta property=\"og:image\" content=\"https:\/\/demoweb.info\/sexshop001\/wp-content\/uploads\/2022\/01\/BOXER-BRIEF-ARNES-BASICO.jpg\" \/>\n\t<meta property=\"og:image:width\" content=\"550\" \/>\n\t<meta property=\"og:image:height\" content=\"550\" \/>\n\t<meta property=\"og:image:type\" content=\"image\/jpeg\" \/>\n<meta name=\"twitter:card\" content=\"summary_large_image\" \/>\n<script type=\"application\/ld+json\" class=\"yoast-schema-graph\">{\"@context\":\"https:\/\/schema.org\",\"@graph\":[{\"@type\":\"WebPage\",\"@id\":\"https:\/\/demoweb.info\/sexshop001\/producto\/boxer-brief-arnes-basico\/\",\"url\":\"https:\/\/demoweb.info\/sexshop001\/producto\/boxer-brief-arnes-basico\/\",\"name\":\"BOXER BRIEF - ARN\u00c9S B\u00c1SICO - Tienda Er\u00f3tica\",\"isPartOf\":{\"@id\":\"https:\/\/demoweb.info\/sexshop001\/#website\"},\"datePublished\":\"2022-01-22T10:05:44+00:00\",\"dateModified\":\"2022-01-22T10:06:15+00:00\",\"breadcrumb\":{\"@id\":\"https:\/\/demoweb.info\/sexshop001\/producto\/boxer-brief-arnes-basico\/#breadcrumb\"},\"inLanguage\":\"es\",\"potentialAction\":[{\"@type\":\"ReadAction\",\"target\":[\"https:\/\/demoweb.info\/sexshop001\/producto\/boxer-brief-arnes-basico\/\"]}]},{\"@type\":\"BreadcrumbList\",\"@id\":\"https:\/\/demoweb.info\/sexshop001\/producto\/boxer-brief-arnes-basico\/#breadcrumb\",\"itemListElement\":[{\"@type\":\"ListItem\",\"position\":1,\"name\":\"Portada\",\"item\":\"https:\/\/demoweb.info\/sexshop001\/\"},{\"@type\":\"ListItem\",\"position\":2,\"name\":\"Tienda\",\"item\":\"https:\/\/demoweb.info\/sexshop001\/tienda\/\"},{\"@type\":\"ListItem\",\"position\":3,\"name\":\"BOXER BRIEF &#8211; ARN\u00c9S B\u00c1SICO\"}]},{\"@type\":\"WebSite\",\"@id\":\"https:\/\/demoweb.info\/sexshop001\/#website\",\"url\":\"https:\/\/demoweb.info\/sexshop001\/\",\"name\":\"Tienda Er\u00f3tica\",\"description\":\"DEMOWEB SL\",\"potentialAction\":[{\"@type\":\"SearchAction\",\"target\":{\"@type\":\"EntryPoint\",\"urlTemplate\":\"https:\/\/demoweb.info\/sexshop001\/?s={search_term_string}\"},\"query-input\":\"required name=search_term_string\"}],\"inLanguage\":\"es\"}]}<\/script>\n<!-- \/ Yoast SEO plugin. -->","yoast_head_json":{"title":"BOXER BRIEF - ARN\u00c9S B\u00c1SICO - Tienda Er\u00f3tica","robots":{"index":"noindex","follow":"follow","max-snippet":"max-snippet:-1","max-image-preview":"max-image-preview:large","max-video-preview":"max-video-preview:-1"},"og_locale":"es_ES","og_type":"article","og_title":"BOXER BRIEF - ARN\u00c9S B\u00c1SICO - Tienda Er\u00f3tica","og_description":"BOXER BRIEF WITH PACKING POUCH El b\u00f3xer con bolsa de embalaje Packer Gear \u2122 es el arn\u00e9s discreto y c\u00f3modo","og_url":"https:\/\/demoweb.info\/sexshop001\/producto\/boxer-brief-arnes-basico\/","og_site_name":"Tienda Er\u00f3tica","article_modified_time":"2022-01-22T10:06:15+00:00","og_image":[{"width":550,"height":550,"url":"https:\/\/demoweb.info\/sexshop001\/wp-content\/uploads\/2022\/01\/BOXER-BRIEF-ARNES-BASICO.jpg","type":"image\/jpeg"}],"twitter_card":"summary_large_image","schema":{"@context":"https:\/\/schema.org","@graph":[{"@type":"WebPage","@id":"https:\/\/demoweb.info\/sexshop001\/producto\/boxer-brief-arnes-basico\/","url":"https:\/\/demoweb.info\/sexshop001\/producto\/boxer-brief-arnes-basico\/","name":"BOXER BRIEF - ARN\u00c9S B\u00c1SICO - Tienda Er\u00f3tica","isPartOf":{"@id":"https:\/\/demoweb.info\/sexshop001\/#website"},"datePublished":"2022-01-22T10:05:44+00:00","dateModified":"2022-01-22T10:06:15+00:00","breadcrumb":{"@id":"https:\/\/demoweb.info\/sexshop001\/producto\/boxer-brief-arnes-basico\/#breadcrumb"},"inLanguage":"es","potentialAction":[{"@type":"ReadAction","target":["https:\/\/demoweb.info\/sexshop001\/producto\/boxer-brief-arnes-basico\/"]}]},{"@type":"BreadcrumbList","@id":"https:\/\/demoweb.info\/sexshop001\/producto\/boxer-brief-arnes-basico\/#breadcrumb","itemListElement":[{"@type":"ListItem","position":1,"name":"Portada","item":"https:\/\/demoweb.info\/sexshop001\/"},{"@type":"ListItem","position":2,"name":"Tienda","item":"https:\/\/demoweb.info\/sexshop001\/tienda\/"},{"@type":"ListItem","position":3,"name":"BOXER BRIEF &#8211; ARN\u00c9S B\u00c1SICO"}]},{"@type":"WebSite","@id":"https:\/\/demoweb.info\/sexshop001\/#website","url":"https:\/\/demoweb.info\/sexshop001\/","name":"Tienda Er\u00f3tica","description":"DEMOWEB SL","potentialAction":[{"@type":"SearchAction","target":{"@type":"EntryPoint","urlTemplate":"https:\/\/demoweb.info\/sexshop001\/?s={search_term_string}"},"query-input":"required name=search_term_string"}],"inLanguage":"es"}]}},"_links":{"self":[{"href":"https:\/\/demoweb.info\/sexshop001\/wp-json\/wp\/v3\/product\/19991","targetHints":{"allow":["GET"]}}],"collection":[{"href":"https:\/\/demoweb.info\/sexshop001\/wp-json\/wp\/v3\/product"}],"about":[{"href":"https:\/\/demoweb.info\/sexshop001\/wp-json\/wp\/v2\/types\/product"}],"replies":[{"embeddable":true,"href":"https:\/\/demoweb.info\/sexshop001\/wp-json\/wp\/v2\/comments?post=19991"}],"wp:featuredmedia":[{"embeddable":true,"href":"https:\/\/demoweb.info\/sexshop001\/wp-json\/wp\/v2\/media\/19992"}],"wp:attachment":[{"href":"https:\/\/demoweb.info\/sexshop001\/wp-json\/wp\/v2\/media?parent=19991"}],"wp:term":[{"taxonomy":"product_cat","embeddable":true,"href":"https:\/\/demoweb.info\/sexshop001\/wp-json\/wp\/v2\/product_cat?post=19991"},{"taxonomy":"product_tag","embeddable":true,"href":"https:\/\/demoweb.info\/sexshop001\/wp-json\/wp\/v2\/product_tag?post=19991"}],"curies":[{"name":"wp","href":"https:\/\/api.w.org\/{rel}","templated":true}]}}