{"id":19960,"date":"2022-01-22T11:05:44","date_gmt":"2022-01-22T10:05:44","guid":{"rendered":"https:\/\/demoweb.info\/sexshop001\/producto\/malibu-minx-rosa\/"},"modified":"2022-01-22T11:06:00","modified_gmt":"2022-01-22T10:06:00","slug":"malibu-minx-rosa","status":"publish","type":"product","link":"https:\/\/demoweb.info\/sexshop001\/producto\/malibu-minx-rosa\/","title":{"rendered":"MALIBU MINX &#8211; ROSA"},"content":{"rendered":"<\/p>\n<p>La divertida colecci\u00f3n California Dreaming \u2122 hace que las fantas\u00edas ba\u00f1adas por el sol cobren vida con el maravilloso Malbu Minx.<br \/>\nEl masajeador de dise\u00f1o \u00fanico est\u00e1 listo para revivir tus aventuras de verano favoritas con 10 poderosas funciones de succi\u00f3n del cl\u00edtoris y 3 velocidades de vibraci\u00f3n que hacen temblar las rodillas. Mientras que las vibraciones parpadeantes hacen su magia, la punta de succi\u00f3n de cobertura total le brinda una estimulaci\u00f3n de succi\u00f3n que hace temblar las rodillas. El encaser estimulante tiene 10 funciones de succi\u00f3n para onda tras onda de estimulaci\u00f3n externa.<br \/>\nEl eje tembloroso de este encantador conejo utiliza un motor de vibraci\u00f3n intensa para una estimulaci\u00f3n interna profundamente satisfactoria. Las vibraciones flexibles del tickler se pueden utilizar independientemente de las funciones de succi\u00f3n para un placer verdaderamente personalizable. Conecta el cable USB provisto en el puerto de carga autorregenerable para recargar su pasi\u00f3n en 2.5 horas. Emoci\u00f3nate con hasta 150 minutos de placer vibrante. Para controlar sin esfuerzo la estimulaci\u00f3n, el elegante panel de control de 3 botones te permite operar de forma independiente las opciones de vibraci\u00f3n y golpes. El chip de memoria de alta tecnolog\u00eda recuerda c\u00f3mo te gusta, reanuda el juego en la \u00faltima funci\u00f3n utilizada<\/p>\n<p>\n<strong>Longitud total <\/strong> : 12 x 3.75 cm<br \/>\n<strong>Stimulator<\/strong>: 2.75cm x 2.5 cm<br \/>\n<strong>Vibrando <\/strong> Si<br \/>\n<strong>Modos de vibraci\u00f3n <\/strong> 10<br \/>\n<strong>Modos de velocidad<\/strong> 3<br \/>\n<strong>Impermeable<\/strong> Si<br \/>\n<strong>Bodysafe <\/strong> Si<br \/>\n<strong>Material <\/strong>Silicone, ABS Plastic \/ Metallic Plating<br \/>\n<strong>Recargable<\/strong> : Si<br \/>\n<strong>Bater\u00edas requeridas : <\/strong>USB Rechargeable<\/p>\n","protected":false},"excerpt":{"rendered":"<p>La divertida colecci\u00f3n California Dreaming \u2122 hace que las fantas\u00edas ba\u00f1adas por el sol cobren vida con el maravilloso Malbu<\/p>\n","protected":false},"featured_media":19961,"comment_status":"open","ping_status":"open","template":"","meta":[],"product_cat":[355],"product_tag":[660,663],"class_list":["post-19960","product","type-product","status-publish","has-post-thumbnail","hentry","product_cat-ellas","product_tag-calexotics","product_tag-california-dreaming"],"bundled_by":[],"bundle_stock_status":"instock","bundle_stock_quantity":3,"bundle_virtual":false,"bundle_layout":"","bundle_add_to_cart_form_location":"","bundle_editable_in_cart":false,"bundle_sold_individually_context":"","bundle_item_grouping":"","bundle_min_size":"","bundle_max_size":"","bundled_items":[],"yoast_head":"<!-- This site is optimized with the Yoast SEO plugin v20.6 - https:\/\/yoast.com\/wordpress\/plugins\/seo\/ -->\n<title>MALIBU MINX - ROSA - Tienda Er\u00f3tica<\/title>\n<meta name=\"robots\" content=\"noindex, follow, max-snippet:-1, max-image-preview:large, max-video-preview:-1\" \/>\n<meta property=\"og:locale\" content=\"es_ES\" \/>\n<meta property=\"og:type\" content=\"article\" \/>\n<meta property=\"og:title\" content=\"MALIBU MINX - ROSA - Tienda Er\u00f3tica\" \/>\n<meta property=\"og:description\" content=\"La divertida colecci\u00f3n California Dreaming \u2122 hace que las fantas\u00edas ba\u00f1adas por el sol cobren vida con el maravilloso Malbu\" \/>\n<meta property=\"og:url\" content=\"https:\/\/demoweb.info\/sexshop001\/producto\/malibu-minx-rosa\/\" \/>\n<meta property=\"og:site_name\" content=\"Tienda Er\u00f3tica\" \/>\n<meta property=\"article:modified_time\" content=\"2022-01-22T10:06:00+00:00\" \/>\n<meta property=\"og:image\" content=\"https:\/\/demoweb.info\/sexshop001\/wp-content\/uploads\/2022\/01\/MALIBU-MINX-ROSA.jpg\" \/>\n\t<meta property=\"og:image:width\" content=\"550\" \/>\n\t<meta property=\"og:image:height\" content=\"550\" \/>\n\t<meta property=\"og:image:type\" content=\"image\/jpeg\" \/>\n<meta name=\"twitter:card\" content=\"summary_large_image\" \/>\n<meta name=\"twitter:label1\" content=\"Tiempo de lectura\" \/>\n\t<meta name=\"twitter:data1\" content=\"1 minuto\" \/>\n<script type=\"application\/ld+json\" class=\"yoast-schema-graph\">{\"@context\":\"https:\/\/schema.org\",\"@graph\":[{\"@type\":\"WebPage\",\"@id\":\"https:\/\/demoweb.info\/sexshop001\/producto\/malibu-minx-rosa\/\",\"url\":\"https:\/\/demoweb.info\/sexshop001\/producto\/malibu-minx-rosa\/\",\"name\":\"MALIBU MINX - ROSA - Tienda Er\u00f3tica\",\"isPartOf\":{\"@id\":\"https:\/\/demoweb.info\/sexshop001\/#website\"},\"datePublished\":\"2022-01-22T10:05:44+00:00\",\"dateModified\":\"2022-01-22T10:06:00+00:00\",\"breadcrumb\":{\"@id\":\"https:\/\/demoweb.info\/sexshop001\/producto\/malibu-minx-rosa\/#breadcrumb\"},\"inLanguage\":\"es\",\"potentialAction\":[{\"@type\":\"ReadAction\",\"target\":[\"https:\/\/demoweb.info\/sexshop001\/producto\/malibu-minx-rosa\/\"]}]},{\"@type\":\"BreadcrumbList\",\"@id\":\"https:\/\/demoweb.info\/sexshop001\/producto\/malibu-minx-rosa\/#breadcrumb\",\"itemListElement\":[{\"@type\":\"ListItem\",\"position\":1,\"name\":\"Portada\",\"item\":\"https:\/\/demoweb.info\/sexshop001\/\"},{\"@type\":\"ListItem\",\"position\":2,\"name\":\"Tienda\",\"item\":\"https:\/\/demoweb.info\/sexshop001\/tienda\/\"},{\"@type\":\"ListItem\",\"position\":3,\"name\":\"MALIBU MINX &#8211; ROSA\"}]},{\"@type\":\"WebSite\",\"@id\":\"https:\/\/demoweb.info\/sexshop001\/#website\",\"url\":\"https:\/\/demoweb.info\/sexshop001\/\",\"name\":\"Tienda Er\u00f3tica\",\"description\":\"DEMOWEB SL\",\"potentialAction\":[{\"@type\":\"SearchAction\",\"target\":{\"@type\":\"EntryPoint\",\"urlTemplate\":\"https:\/\/demoweb.info\/sexshop001\/?s={search_term_string}\"},\"query-input\":\"required name=search_term_string\"}],\"inLanguage\":\"es\"}]}<\/script>\n<!-- \/ Yoast SEO plugin. -->","yoast_head_json":{"title":"MALIBU MINX - ROSA - Tienda Er\u00f3tica","robots":{"index":"noindex","follow":"follow","max-snippet":"max-snippet:-1","max-image-preview":"max-image-preview:large","max-video-preview":"max-video-preview:-1"},"og_locale":"es_ES","og_type":"article","og_title":"MALIBU MINX - ROSA - Tienda Er\u00f3tica","og_description":"La divertida colecci\u00f3n California Dreaming \u2122 hace que las fantas\u00edas ba\u00f1adas por el sol cobren vida con el maravilloso Malbu","og_url":"https:\/\/demoweb.info\/sexshop001\/producto\/malibu-minx-rosa\/","og_site_name":"Tienda Er\u00f3tica","article_modified_time":"2022-01-22T10:06:00+00:00","og_image":[{"width":550,"height":550,"url":"https:\/\/demoweb.info\/sexshop001\/wp-content\/uploads\/2022\/01\/MALIBU-MINX-ROSA.jpg","type":"image\/jpeg"}],"twitter_card":"summary_large_image","twitter_misc":{"Tiempo de lectura":"1 minuto"},"schema":{"@context":"https:\/\/schema.org","@graph":[{"@type":"WebPage","@id":"https:\/\/demoweb.info\/sexshop001\/producto\/malibu-minx-rosa\/","url":"https:\/\/demoweb.info\/sexshop001\/producto\/malibu-minx-rosa\/","name":"MALIBU MINX - ROSA - Tienda Er\u00f3tica","isPartOf":{"@id":"https:\/\/demoweb.info\/sexshop001\/#website"},"datePublished":"2022-01-22T10:05:44+00:00","dateModified":"2022-01-22T10:06:00+00:00","breadcrumb":{"@id":"https:\/\/demoweb.info\/sexshop001\/producto\/malibu-minx-rosa\/#breadcrumb"},"inLanguage":"es","potentialAction":[{"@type":"ReadAction","target":["https:\/\/demoweb.info\/sexshop001\/producto\/malibu-minx-rosa\/"]}]},{"@type":"BreadcrumbList","@id":"https:\/\/demoweb.info\/sexshop001\/producto\/malibu-minx-rosa\/#breadcrumb","itemListElement":[{"@type":"ListItem","position":1,"name":"Portada","item":"https:\/\/demoweb.info\/sexshop001\/"},{"@type":"ListItem","position":2,"name":"Tienda","item":"https:\/\/demoweb.info\/sexshop001\/tienda\/"},{"@type":"ListItem","position":3,"name":"MALIBU MINX &#8211; ROSA"}]},{"@type":"WebSite","@id":"https:\/\/demoweb.info\/sexshop001\/#website","url":"https:\/\/demoweb.info\/sexshop001\/","name":"Tienda Er\u00f3tica","description":"DEMOWEB SL","potentialAction":[{"@type":"SearchAction","target":{"@type":"EntryPoint","urlTemplate":"https:\/\/demoweb.info\/sexshop001\/?s={search_term_string}"},"query-input":"required name=search_term_string"}],"inLanguage":"es"}]}},"_links":{"self":[{"href":"https:\/\/demoweb.info\/sexshop001\/wp-json\/wp\/v3\/product\/19960","targetHints":{"allow":["GET"]}}],"collection":[{"href":"https:\/\/demoweb.info\/sexshop001\/wp-json\/wp\/v3\/product"}],"about":[{"href":"https:\/\/demoweb.info\/sexshop001\/wp-json\/wp\/v2\/types\/product"}],"replies":[{"embeddable":true,"href":"https:\/\/demoweb.info\/sexshop001\/wp-json\/wp\/v2\/comments?post=19960"}],"wp:featuredmedia":[{"embeddable":true,"href":"https:\/\/demoweb.info\/sexshop001\/wp-json\/wp\/v2\/media\/19961"}],"wp:attachment":[{"href":"https:\/\/demoweb.info\/sexshop001\/wp-json\/wp\/v2\/media?parent=19960"}],"wp:term":[{"taxonomy":"product_cat","embeddable":true,"href":"https:\/\/demoweb.info\/sexshop001\/wp-json\/wp\/v2\/product_cat?post=19960"},{"taxonomy":"product_tag","embeddable":true,"href":"https:\/\/demoweb.info\/sexshop001\/wp-json\/wp\/v2\/product_tag?post=19960"}],"curies":[{"name":"wp","href":"https:\/\/api.w.org\/{rel}","templated":true}]}}