{"id":19946,"date":"2022-01-22T11:05:44","date_gmt":"2022-01-22T10:05:44","guid":{"rendered":"https:\/\/demoweb.info\/sexshop001\/producto\/county-cutie-naranja\/"},"modified":"2022-01-22T11:05:52","modified_gmt":"2022-01-22T10:05:52","slug":"county-cutie-naranja","status":"publish","type":"product","link":"https:\/\/demoweb.info\/sexshop001\/producto\/county-cutie-naranja\/","title":{"rendered":"COUNTY CUTIE &#8211; NARANJA"},"content":{"rendered":"<\/p>\n<p>La divertida colecci\u00f3n California Dreaming \u2122 hace que las lujosas fantas\u00edas cobren vida con Orange County Cutie. El masajeador de dise\u00f1o ergon\u00f3mico est\u00e1 listo para revivir sus fantas\u00edas favoritas de aventuras de verano con 10 potentes funciones de vibraci\u00f3n y 3 velocidades de empuje que te haran temblar.<br \/>\nEl estimulador parpadeante, el eje acanalado y la punta curva proporcionan una estimulaci\u00f3n profunda del punto G. La punta curva tiene una poderosa acci\u00f3n de ida y vuelta para asegurarte de que siempre llegues al lugar correcto. El cosquilleo burl\u00f3n utiliza un potente motor de vibraci\u00f3n para proporcionar una maravillosa estimulaci\u00f3n externa.<br \/>\nEl teaser flexible se puede utilizar independientemente de la funci\u00f3n de empuje para un placer totalmente personalizable. Conecta el cable USB provisto en el puerto de carga autorregenerable para recargar su pasi\u00f3n en 2.5 horas. Emoci\u00f3nate con hasta 150 minutos de placer vibrante. Para controlar sin esfuerzo la estimulaci\u00f3n, con 3 botones que te permitir\u00e1n operar de forma independiente las opciones de vibraci\u00f3n y empuje. El chip de memoria de alta tecnolog\u00eda recuerda c\u00f3mo te gusta, reanuda el juego en la \u00faltima funci\u00f3n utilizada.<\/p>\n<p><strong>Longitud total <\/strong>: 11.5 x 3.75 cm<br \/>\n<strong>Stimulator<\/strong>: 5.75 x 2.5 cm<br \/>\n<strong>Vibrando<\/strong> Si<br \/>\n<strong>Modos de vibraci\u00f3n<\/strong> 10<br \/>\n<strong>Modos de velocidad<\/strong> 3<br \/>\n<strong>Impermeable <\/strong>Si<br \/>\n<strong>Bodysafe <\/strong>Si<br \/>\n<strong>Material<\/strong> Silicone, ABS Plastic \/ Metallic Plating<br \/>\n<strong>Recargable <\/strong>Si<br \/>\n<strong>Bater\u00edas requeridas<\/strong> USB Rechargeable<\/p><\/p>\n","protected":false},"excerpt":{"rendered":"<p>La divertida colecci\u00f3n California Dreaming \u2122 hace que las lujosas fantas\u00edas cobren vida con Orange County Cutie. El masajeador de<\/p>\n","protected":false},"featured_media":19947,"comment_status":"open","ping_status":"open","template":"","meta":[],"product_cat":[434],"product_tag":[660,663],"class_list":["post-19946","product","type-product","status-publish","has-post-thumbnail","hentry","product_cat-doble-estimulacion-vibradores-juguetes-xxx","product_tag-calexotics","product_tag-california-dreaming"],"bundled_by":[],"bundle_stock_status":"outofstock","bundle_stock_quantity":0,"bundle_virtual":false,"bundle_layout":"","bundle_add_to_cart_form_location":"","bundle_editable_in_cart":false,"bundle_sold_individually_context":"","bundle_item_grouping":"","bundle_min_size":"","bundle_max_size":"","bundled_items":[],"yoast_head":"<!-- This site is optimized with the Yoast SEO plugin v20.6 - https:\/\/yoast.com\/wordpress\/plugins\/seo\/ -->\n<title>COUNTY CUTIE - NARANJA - Tienda Er\u00f3tica<\/title>\n<meta name=\"robots\" content=\"noindex, follow, max-snippet:-1, max-image-preview:large, max-video-preview:-1\" \/>\n<meta property=\"og:locale\" content=\"es_ES\" \/>\n<meta property=\"og:type\" content=\"article\" \/>\n<meta property=\"og:title\" content=\"COUNTY CUTIE - NARANJA - Tienda Er\u00f3tica\" \/>\n<meta property=\"og:description\" content=\"La divertida colecci\u00f3n California Dreaming \u2122 hace que las lujosas fantas\u00edas cobren vida con Orange County Cutie. El masajeador de\" \/>\n<meta property=\"og:url\" content=\"https:\/\/demoweb.info\/sexshop001\/producto\/county-cutie-naranja\/\" \/>\n<meta property=\"og:site_name\" content=\"Tienda Er\u00f3tica\" \/>\n<meta property=\"article:modified_time\" content=\"2022-01-22T10:05:52+00:00\" \/>\n<meta property=\"og:image\" content=\"https:\/\/demoweb.info\/sexshop001\/wp-content\/uploads\/2022\/01\/COUNTY-CUTIE-NARANJA.jpg\" \/>\n\t<meta property=\"og:image:width\" content=\"550\" \/>\n\t<meta property=\"og:image:height\" content=\"550\" \/>\n\t<meta property=\"og:image:type\" content=\"image\/jpeg\" \/>\n<meta name=\"twitter:card\" content=\"summary_large_image\" \/>\n<meta name=\"twitter:label1\" content=\"Tiempo de lectura\" \/>\n\t<meta name=\"twitter:data1\" content=\"1 minuto\" \/>\n<script type=\"application\/ld+json\" class=\"yoast-schema-graph\">{\"@context\":\"https:\/\/schema.org\",\"@graph\":[{\"@type\":\"WebPage\",\"@id\":\"https:\/\/demoweb.info\/sexshop001\/producto\/county-cutie-naranja\/\",\"url\":\"https:\/\/demoweb.info\/sexshop001\/producto\/county-cutie-naranja\/\",\"name\":\"COUNTY CUTIE - NARANJA - Tienda Er\u00f3tica\",\"isPartOf\":{\"@id\":\"https:\/\/demoweb.info\/sexshop001\/#website\"},\"datePublished\":\"2022-01-22T10:05:44+00:00\",\"dateModified\":\"2022-01-22T10:05:52+00:00\",\"breadcrumb\":{\"@id\":\"https:\/\/demoweb.info\/sexshop001\/producto\/county-cutie-naranja\/#breadcrumb\"},\"inLanguage\":\"es\",\"potentialAction\":[{\"@type\":\"ReadAction\",\"target\":[\"https:\/\/demoweb.info\/sexshop001\/producto\/county-cutie-naranja\/\"]}]},{\"@type\":\"BreadcrumbList\",\"@id\":\"https:\/\/demoweb.info\/sexshop001\/producto\/county-cutie-naranja\/#breadcrumb\",\"itemListElement\":[{\"@type\":\"ListItem\",\"position\":1,\"name\":\"Portada\",\"item\":\"https:\/\/demoweb.info\/sexshop001\/\"},{\"@type\":\"ListItem\",\"position\":2,\"name\":\"Tienda\",\"item\":\"https:\/\/demoweb.info\/sexshop001\/tienda\/\"},{\"@type\":\"ListItem\",\"position\":3,\"name\":\"COUNTY CUTIE &#8211; NARANJA\"}]},{\"@type\":\"WebSite\",\"@id\":\"https:\/\/demoweb.info\/sexshop001\/#website\",\"url\":\"https:\/\/demoweb.info\/sexshop001\/\",\"name\":\"Tienda Er\u00f3tica\",\"description\":\"DEMOWEB SL\",\"potentialAction\":[{\"@type\":\"SearchAction\",\"target\":{\"@type\":\"EntryPoint\",\"urlTemplate\":\"https:\/\/demoweb.info\/sexshop001\/?s={search_term_string}\"},\"query-input\":\"required name=search_term_string\"}],\"inLanguage\":\"es\"}]}<\/script>\n<!-- \/ Yoast SEO plugin. -->","yoast_head_json":{"title":"COUNTY CUTIE - NARANJA - Tienda Er\u00f3tica","robots":{"index":"noindex","follow":"follow","max-snippet":"max-snippet:-1","max-image-preview":"max-image-preview:large","max-video-preview":"max-video-preview:-1"},"og_locale":"es_ES","og_type":"article","og_title":"COUNTY CUTIE - NARANJA - Tienda Er\u00f3tica","og_description":"La divertida colecci\u00f3n California Dreaming \u2122 hace que las lujosas fantas\u00edas cobren vida con Orange County Cutie. El masajeador de","og_url":"https:\/\/demoweb.info\/sexshop001\/producto\/county-cutie-naranja\/","og_site_name":"Tienda Er\u00f3tica","article_modified_time":"2022-01-22T10:05:52+00:00","og_image":[{"width":550,"height":550,"url":"https:\/\/demoweb.info\/sexshop001\/wp-content\/uploads\/2022\/01\/COUNTY-CUTIE-NARANJA.jpg","type":"image\/jpeg"}],"twitter_card":"summary_large_image","twitter_misc":{"Tiempo de lectura":"1 minuto"},"schema":{"@context":"https:\/\/schema.org","@graph":[{"@type":"WebPage","@id":"https:\/\/demoweb.info\/sexshop001\/producto\/county-cutie-naranja\/","url":"https:\/\/demoweb.info\/sexshop001\/producto\/county-cutie-naranja\/","name":"COUNTY CUTIE - NARANJA - Tienda Er\u00f3tica","isPartOf":{"@id":"https:\/\/demoweb.info\/sexshop001\/#website"},"datePublished":"2022-01-22T10:05:44+00:00","dateModified":"2022-01-22T10:05:52+00:00","breadcrumb":{"@id":"https:\/\/demoweb.info\/sexshop001\/producto\/county-cutie-naranja\/#breadcrumb"},"inLanguage":"es","potentialAction":[{"@type":"ReadAction","target":["https:\/\/demoweb.info\/sexshop001\/producto\/county-cutie-naranja\/"]}]},{"@type":"BreadcrumbList","@id":"https:\/\/demoweb.info\/sexshop001\/producto\/county-cutie-naranja\/#breadcrumb","itemListElement":[{"@type":"ListItem","position":1,"name":"Portada","item":"https:\/\/demoweb.info\/sexshop001\/"},{"@type":"ListItem","position":2,"name":"Tienda","item":"https:\/\/demoweb.info\/sexshop001\/tienda\/"},{"@type":"ListItem","position":3,"name":"COUNTY CUTIE &#8211; NARANJA"}]},{"@type":"WebSite","@id":"https:\/\/demoweb.info\/sexshop001\/#website","url":"https:\/\/demoweb.info\/sexshop001\/","name":"Tienda Er\u00f3tica","description":"DEMOWEB SL","potentialAction":[{"@type":"SearchAction","target":{"@type":"EntryPoint","urlTemplate":"https:\/\/demoweb.info\/sexshop001\/?s={search_term_string}"},"query-input":"required name=search_term_string"}],"inLanguage":"es"}]}},"_links":{"self":[{"href":"https:\/\/demoweb.info\/sexshop001\/wp-json\/wp\/v3\/product\/19946","targetHints":{"allow":["GET"]}}],"collection":[{"href":"https:\/\/demoweb.info\/sexshop001\/wp-json\/wp\/v3\/product"}],"about":[{"href":"https:\/\/demoweb.info\/sexshop001\/wp-json\/wp\/v2\/types\/product"}],"replies":[{"embeddable":true,"href":"https:\/\/demoweb.info\/sexshop001\/wp-json\/wp\/v2\/comments?post=19946"}],"wp:featuredmedia":[{"embeddable":true,"href":"https:\/\/demoweb.info\/sexshop001\/wp-json\/wp\/v2\/media\/19947"}],"wp:attachment":[{"href":"https:\/\/demoweb.info\/sexshop001\/wp-json\/wp\/v2\/media?parent=19946"}],"wp:term":[{"taxonomy":"product_cat","embeddable":true,"href":"https:\/\/demoweb.info\/sexshop001\/wp-json\/wp\/v2\/product_cat?post=19946"},{"taxonomy":"product_tag","embeddable":true,"href":"https:\/\/demoweb.info\/sexshop001\/wp-json\/wp\/v2\/product_tag?post=19946"}],"curies":[{"name":"wp","href":"https:\/\/api.w.org\/{rel}","templated":true}]}}