{"id":19932,"date":"2022-01-22T11:05:44","date_gmt":"2022-01-22T10:05:44","guid":{"rendered":"https:\/\/demoweb.info\/sexshop001\/producto\/aplicador-lubricante-azul\/"},"modified":"2022-01-22T11:05:45","modified_gmt":"2022-01-22T10:05:45","slug":"aplicador-lubricante-azul","status":"publish","type":"product","link":"https:\/\/demoweb.info\/sexshop001\/producto\/aplicador-lubricante-azul\/","title":{"rendered":"APLICADOR LUBRICANTE &#8211; AZUL"},"content":{"rendered":"<pre>\n<span style=&quot;font-family:tahoma,geneva,sans-serif&quot;>Reutilizable, recargable y f\u00e1cil de limpiar, Lube Tube \u2122 es un juego de tubos dispensadores de lubricante que te permite lubricar con precisi\u00f3n milim\u00e9trica. \nPara brindar una deliciosa lubricaci\u00f3n en el lugar correcto, Lube Tube \u2122 tiene un eje delgado, punta redondeada y cuerpo sin costuras. Cada tubo delgado est\u00e1 equipado con dos presillas para los dedos y un \u00e9mbolo f\u00e1cil de usar que permite controlar el flujo de lubricante. Simplemente llena el tubo con el lubricante  que elijas y usa la punta delgada para entregar la dosis perfecta de lubricante en el lugar correcto.\nEste tubo transparente es f\u00e1cil de usar, f\u00e1cil de limpiar y se puede desinfectar. Antes y despu\u00e9s de cada uso, lava la sonda y la bombilla interna y externamente con agua tibia y jab\u00f3n, luego desinfecta con Universal Toy Cleaner.\n\n<strong>Longitud total<\/strong>    8.25 cm\n<strong>Di\u00e1metro    <\/strong>1.25 cm \n<strong>Impermeable    <\/strong>Si\n<strong>Bodysafe<\/strong>    Si\n<strong>Material    <\/strong>ABS Plastic<\/span>\n<\/pre>\n","protected":false},"excerpt":{"rendered":"<p>Reutilizable, recargable y f\u00e1cil de limpiar, Lube Tube \u2122 es un juego de tubos dispensadores de lubricante que te permite<\/p>\n","protected":false},"featured_media":19933,"comment_status":"open","ping_status":"open","template":"","meta":[],"product_cat":[557],"product_tag":[660,805],"class_list":["post-19932","product","type-product","status-publish","has-post-thumbnail","hentry","product_cat-limpieza-intima","product_tag-calexotics","product_tag-water-systems"],"bundled_by":[],"bundle_stock_status":"instock","bundle_stock_quantity":1,"bundle_virtual":false,"bundle_layout":"","bundle_add_to_cart_form_location":"","bundle_editable_in_cart":false,"bundle_sold_individually_context":"","bundle_item_grouping":"","bundle_min_size":"","bundle_max_size":"","bundled_items":[],"yoast_head":"<!-- This site is optimized with the Yoast SEO plugin v20.6 - https:\/\/yoast.com\/wordpress\/plugins\/seo\/ -->\n<title>APLICADOR LUBRICANTE - AZUL - Tienda Er\u00f3tica<\/title>\n<meta name=\"robots\" content=\"noindex, follow, max-snippet:-1, max-image-preview:large, max-video-preview:-1\" \/>\n<meta property=\"og:locale\" content=\"es_ES\" \/>\n<meta property=\"og:type\" content=\"article\" \/>\n<meta property=\"og:title\" content=\"APLICADOR LUBRICANTE - AZUL - Tienda Er\u00f3tica\" \/>\n<meta property=\"og:description\" content=\"Reutilizable, recargable y f\u00e1cil de limpiar, Lube Tube \u2122 es un juego de tubos dispensadores de lubricante que te permite\" \/>\n<meta property=\"og:url\" content=\"https:\/\/demoweb.info\/sexshop001\/producto\/aplicador-lubricante-azul\/\" \/>\n<meta property=\"og:site_name\" content=\"Tienda Er\u00f3tica\" \/>\n<meta property=\"article:modified_time\" content=\"2022-01-22T10:05:45+00:00\" \/>\n<meta property=\"og:image\" content=\"https:\/\/demoweb.info\/sexshop001\/wp-content\/uploads\/2022\/01\/APLICADOR-LUBRICANTE-AZUL.jpg\" \/>\n\t<meta property=\"og:image:width\" content=\"550\" \/>\n\t<meta property=\"og:image:height\" content=\"550\" \/>\n\t<meta property=\"og:image:type\" content=\"image\/jpeg\" \/>\n<meta name=\"twitter:card\" content=\"summary_large_image\" \/>\n<meta name=\"twitter:label1\" content=\"Tiempo de lectura\" \/>\n\t<meta name=\"twitter:data1\" content=\"1 minuto\" \/>\n<script type=\"application\/ld+json\" class=\"yoast-schema-graph\">{\"@context\":\"https:\/\/schema.org\",\"@graph\":[{\"@type\":\"WebPage\",\"@id\":\"https:\/\/demoweb.info\/sexshop001\/producto\/aplicador-lubricante-azul\/\",\"url\":\"https:\/\/demoweb.info\/sexshop001\/producto\/aplicador-lubricante-azul\/\",\"name\":\"APLICADOR LUBRICANTE - AZUL - Tienda Er\u00f3tica\",\"isPartOf\":{\"@id\":\"https:\/\/demoweb.info\/sexshop001\/#website\"},\"datePublished\":\"2022-01-22T10:05:44+00:00\",\"dateModified\":\"2022-01-22T10:05:45+00:00\",\"breadcrumb\":{\"@id\":\"https:\/\/demoweb.info\/sexshop001\/producto\/aplicador-lubricante-azul\/#breadcrumb\"},\"inLanguage\":\"es\",\"potentialAction\":[{\"@type\":\"ReadAction\",\"target\":[\"https:\/\/demoweb.info\/sexshop001\/producto\/aplicador-lubricante-azul\/\"]}]},{\"@type\":\"BreadcrumbList\",\"@id\":\"https:\/\/demoweb.info\/sexshop001\/producto\/aplicador-lubricante-azul\/#breadcrumb\",\"itemListElement\":[{\"@type\":\"ListItem\",\"position\":1,\"name\":\"Portada\",\"item\":\"https:\/\/demoweb.info\/sexshop001\/\"},{\"@type\":\"ListItem\",\"position\":2,\"name\":\"Tienda\",\"item\":\"https:\/\/demoweb.info\/sexshop001\/tienda\/\"},{\"@type\":\"ListItem\",\"position\":3,\"name\":\"APLICADOR LUBRICANTE &#8211; AZUL\"}]},{\"@type\":\"WebSite\",\"@id\":\"https:\/\/demoweb.info\/sexshop001\/#website\",\"url\":\"https:\/\/demoweb.info\/sexshop001\/\",\"name\":\"Tienda Er\u00f3tica\",\"description\":\"DEMOWEB SL\",\"potentialAction\":[{\"@type\":\"SearchAction\",\"target\":{\"@type\":\"EntryPoint\",\"urlTemplate\":\"https:\/\/demoweb.info\/sexshop001\/?s={search_term_string}\"},\"query-input\":\"required name=search_term_string\"}],\"inLanguage\":\"es\"}]}<\/script>\n<!-- \/ Yoast SEO plugin. -->","yoast_head_json":{"title":"APLICADOR LUBRICANTE - AZUL - Tienda Er\u00f3tica","robots":{"index":"noindex","follow":"follow","max-snippet":"max-snippet:-1","max-image-preview":"max-image-preview:large","max-video-preview":"max-video-preview:-1"},"og_locale":"es_ES","og_type":"article","og_title":"APLICADOR LUBRICANTE - AZUL - Tienda Er\u00f3tica","og_description":"Reutilizable, recargable y f\u00e1cil de limpiar, Lube Tube \u2122 es un juego de tubos dispensadores de lubricante que te permite","og_url":"https:\/\/demoweb.info\/sexshop001\/producto\/aplicador-lubricante-azul\/","og_site_name":"Tienda Er\u00f3tica","article_modified_time":"2022-01-22T10:05:45+00:00","og_image":[{"width":550,"height":550,"url":"https:\/\/demoweb.info\/sexshop001\/wp-content\/uploads\/2022\/01\/APLICADOR-LUBRICANTE-AZUL.jpg","type":"image\/jpeg"}],"twitter_card":"summary_large_image","twitter_misc":{"Tiempo de lectura":"1 minuto"},"schema":{"@context":"https:\/\/schema.org","@graph":[{"@type":"WebPage","@id":"https:\/\/demoweb.info\/sexshop001\/producto\/aplicador-lubricante-azul\/","url":"https:\/\/demoweb.info\/sexshop001\/producto\/aplicador-lubricante-azul\/","name":"APLICADOR LUBRICANTE - AZUL - Tienda Er\u00f3tica","isPartOf":{"@id":"https:\/\/demoweb.info\/sexshop001\/#website"},"datePublished":"2022-01-22T10:05:44+00:00","dateModified":"2022-01-22T10:05:45+00:00","breadcrumb":{"@id":"https:\/\/demoweb.info\/sexshop001\/producto\/aplicador-lubricante-azul\/#breadcrumb"},"inLanguage":"es","potentialAction":[{"@type":"ReadAction","target":["https:\/\/demoweb.info\/sexshop001\/producto\/aplicador-lubricante-azul\/"]}]},{"@type":"BreadcrumbList","@id":"https:\/\/demoweb.info\/sexshop001\/producto\/aplicador-lubricante-azul\/#breadcrumb","itemListElement":[{"@type":"ListItem","position":1,"name":"Portada","item":"https:\/\/demoweb.info\/sexshop001\/"},{"@type":"ListItem","position":2,"name":"Tienda","item":"https:\/\/demoweb.info\/sexshop001\/tienda\/"},{"@type":"ListItem","position":3,"name":"APLICADOR LUBRICANTE &#8211; AZUL"}]},{"@type":"WebSite","@id":"https:\/\/demoweb.info\/sexshop001\/#website","url":"https:\/\/demoweb.info\/sexshop001\/","name":"Tienda Er\u00f3tica","description":"DEMOWEB SL","potentialAction":[{"@type":"SearchAction","target":{"@type":"EntryPoint","urlTemplate":"https:\/\/demoweb.info\/sexshop001\/?s={search_term_string}"},"query-input":"required name=search_term_string"}],"inLanguage":"es"}]}},"_links":{"self":[{"href":"https:\/\/demoweb.info\/sexshop001\/wp-json\/wp\/v3\/product\/19932","targetHints":{"allow":["GET"]}}],"collection":[{"href":"https:\/\/demoweb.info\/sexshop001\/wp-json\/wp\/v3\/product"}],"about":[{"href":"https:\/\/demoweb.info\/sexshop001\/wp-json\/wp\/v2\/types\/product"}],"replies":[{"embeddable":true,"href":"https:\/\/demoweb.info\/sexshop001\/wp-json\/wp\/v2\/comments?post=19932"}],"wp:featuredmedia":[{"embeddable":true,"href":"https:\/\/demoweb.info\/sexshop001\/wp-json\/wp\/v2\/media\/19933"}],"wp:attachment":[{"href":"https:\/\/demoweb.info\/sexshop001\/wp-json\/wp\/v2\/media?parent=19932"}],"wp:term":[{"taxonomy":"product_cat","embeddable":true,"href":"https:\/\/demoweb.info\/sexshop001\/wp-json\/wp\/v2\/product_cat?post=19932"},{"taxonomy":"product_tag","embeddable":true,"href":"https:\/\/demoweb.info\/sexshop001\/wp-json\/wp\/v2\/product_tag?post=19932"}],"curies":[{"name":"wp","href":"https:\/\/api.w.org\/{rel}","templated":true}]}}