{"id":19927,"date":"2022-01-22T11:05:03","date_gmt":"2022-01-22T10:05:03","guid":{"rendered":"https:\/\/demoweb.info\/sexshop001\/producto\/accomodator-arnes-para-doble-penetracion-negro\/"},"modified":"2022-01-22T11:05:40","modified_gmt":"2022-01-22T10:05:40","slug":"accomodator-arnes-para-doble-penetracion-negro","status":"publish","type":"product","link":"https:\/\/demoweb.info\/sexshop001\/producto\/accomodator-arnes-para-doble-penetracion-negro\/","title":{"rendered":"ACCOMODATOR ARNES PARA DOBLE PENETRACION &#8211; NEGRO"},"content":{"rendered":"<pre>\n<span style=&quot;font-family:tahoma,geneva,sans-serif&quot;><strong>ACCOMMODATOR PENETRADOR SYSTEM <\/strong>\n\nDeja que tu amante disfrute del doble del placer intensamente satisfactorio con el penetrador doble de acomodaci\u00f3n. \nEl penetrador er\u00f3tico y contorneado en forma de pene te da el control total de la experiencia de DP alucinante, sin la necesidad de invitar a otra pareja a unirse a la diversi\u00f3n \u00edntima.\n\nEl delgado dong est\u00e1 hecho de TPR suave, liso y sin ftalatos, y cuenta con contornos realistas para un encuentro realista. El robusto sistema de soporte doble est\u00e1 dise\u00f1ado para la sujeci\u00f3n directa del pene y tiene dos lazos flexibles y el\u00e1sticos que envuelven la base de la erecci\u00f3n y el escroto. Una vez en su lugar, puede disfrutar de la total libertad de manos libres para despertar, tentar y penetrar los puntos dulces de tu amante. \n\nPara aumentar las sensaciones placenteras, utiliza siempre un lubricante de calidad con este juguete. El dong realista es ideal para juegos de fantas\u00eda pervertidos y es un gran compa\u00f1ero para el juego de \u00e9xtasis con DP. El penetrador es ideal para usuarios principiantes y experimentados, y es perfecto para la seducci\u00f3n imaginativa. \nRealiza tus fantas\u00edas m\u00e1s salvajes y ampl\u00eda la satisfacci\u00f3n org\u00e1smica con el mejor compa\u00f1ero de juego. La herramienta de placer esbelta y complaciente mide un tama\u00f1o compacto de 13 cm x 3,25 cm y tiene un tama\u00f1o perfecto para una exploraci\u00f3n anal. Antes y despu\u00e9s de cada uso, limpia el penetrador con agua y jab\u00f3n  o con un spray limpiador de juguetes.\n\n<strong>Longitud total <\/strong>   13.25 cm \n<strong>Di\u00e1metro    <\/strong>3.25 cm \n<strong>Impermeable    <\/strong>No\n<strong>Bodysafe    <\/strong>SI\n<strong>Material    <\/strong>Thermoplastic Rubber<\/span>\n<\/pre>\n","protected":false},"excerpt":{"rendered":"<p>ACCOMMODATOR PENETRADOR SYSTEM Deja que tu amante disfrute del doble del placer intensamente satisfactorio con el penetrador doble de acomodaci\u00f3n.<\/p>\n","protected":false},"featured_media":19928,"comment_status":"open","ping_status":"open","template":"","meta":[],"product_cat":[480],"product_tag":[660,808],"class_list":["post-19927","product","type-product","status-publish","has-post-thumbnail","hentry","product_cat-con-pene","product_tag-calexotics","product_tag-extensions"],"bundled_by":[],"bundle_stock_status":"instock","bundle_stock_quantity":9,"bundle_virtual":false,"bundle_layout":"","bundle_add_to_cart_form_location":"","bundle_editable_in_cart":false,"bundle_sold_individually_context":"","bundle_item_grouping":"","bundle_min_size":"","bundle_max_size":"","bundled_items":[],"yoast_head":"<!-- This site is optimized with the Yoast SEO plugin v20.6 - https:\/\/yoast.com\/wordpress\/plugins\/seo\/ -->\n<title>ACCOMODATOR ARNES PARA DOBLE PENETRACION - NEGRO - Tienda Er\u00f3tica<\/title>\n<meta name=\"robots\" content=\"noindex, follow, max-snippet:-1, max-image-preview:large, max-video-preview:-1\" \/>\n<meta property=\"og:locale\" content=\"es_ES\" \/>\n<meta property=\"og:type\" content=\"article\" \/>\n<meta property=\"og:title\" content=\"ACCOMODATOR ARNES PARA DOBLE PENETRACION - NEGRO - Tienda Er\u00f3tica\" \/>\n<meta property=\"og:description\" content=\"ACCOMMODATOR PENETRADOR SYSTEM Deja que tu amante disfrute del doble del placer intensamente satisfactorio con el penetrador doble de acomodaci\u00f3n.\" \/>\n<meta property=\"og:url\" content=\"https:\/\/demoweb.info\/sexshop001\/producto\/accomodator-arnes-para-doble-penetracion-negro\/\" \/>\n<meta property=\"og:site_name\" content=\"Tienda Er\u00f3tica\" \/>\n<meta property=\"article:modified_time\" content=\"2022-01-22T10:05:40+00:00\" \/>\n<meta property=\"og:image\" content=\"https:\/\/demoweb.info\/sexshop001\/wp-content\/uploads\/2022\/01\/ACCOMODATOR-ARNES-PARA-DOBLE-PENETRACION-NEGRO.jpg\" \/>\n\t<meta property=\"og:image:width\" content=\"550\" \/>\n\t<meta property=\"og:image:height\" content=\"550\" \/>\n\t<meta property=\"og:image:type\" content=\"image\/jpeg\" \/>\n<meta name=\"twitter:card\" content=\"summary_large_image\" \/>\n<meta name=\"twitter:label1\" content=\"Tiempo de lectura\" \/>\n\t<meta name=\"twitter:data1\" content=\"1 minuto\" \/>\n<script type=\"application\/ld+json\" class=\"yoast-schema-graph\">{\"@context\":\"https:\/\/schema.org\",\"@graph\":[{\"@type\":\"WebPage\",\"@id\":\"https:\/\/demoweb.info\/sexshop001\/producto\/accomodator-arnes-para-doble-penetracion-negro\/\",\"url\":\"https:\/\/demoweb.info\/sexshop001\/producto\/accomodator-arnes-para-doble-penetracion-negro\/\",\"name\":\"ACCOMODATOR ARNES PARA DOBLE PENETRACION - NEGRO - Tienda Er\u00f3tica\",\"isPartOf\":{\"@id\":\"https:\/\/demoweb.info\/sexshop001\/#website\"},\"datePublished\":\"2022-01-22T10:05:03+00:00\",\"dateModified\":\"2022-01-22T10:05:40+00:00\",\"breadcrumb\":{\"@id\":\"https:\/\/demoweb.info\/sexshop001\/producto\/accomodator-arnes-para-doble-penetracion-negro\/#breadcrumb\"},\"inLanguage\":\"es\",\"potentialAction\":[{\"@type\":\"ReadAction\",\"target\":[\"https:\/\/demoweb.info\/sexshop001\/producto\/accomodator-arnes-para-doble-penetracion-negro\/\"]}]},{\"@type\":\"BreadcrumbList\",\"@id\":\"https:\/\/demoweb.info\/sexshop001\/producto\/accomodator-arnes-para-doble-penetracion-negro\/#breadcrumb\",\"itemListElement\":[{\"@type\":\"ListItem\",\"position\":1,\"name\":\"Portada\",\"item\":\"https:\/\/demoweb.info\/sexshop001\/\"},{\"@type\":\"ListItem\",\"position\":2,\"name\":\"Tienda\",\"item\":\"https:\/\/demoweb.info\/sexshop001\/tienda\/\"},{\"@type\":\"ListItem\",\"position\":3,\"name\":\"ACCOMODATOR ARNES PARA DOBLE PENETRACION &#8211; NEGRO\"}]},{\"@type\":\"WebSite\",\"@id\":\"https:\/\/demoweb.info\/sexshop001\/#website\",\"url\":\"https:\/\/demoweb.info\/sexshop001\/\",\"name\":\"Tienda Er\u00f3tica\",\"description\":\"DEMOWEB SL\",\"potentialAction\":[{\"@type\":\"SearchAction\",\"target\":{\"@type\":\"EntryPoint\",\"urlTemplate\":\"https:\/\/demoweb.info\/sexshop001\/?s={search_term_string}\"},\"query-input\":\"required name=search_term_string\"}],\"inLanguage\":\"es\"}]}<\/script>\n<!-- \/ Yoast SEO plugin. -->","yoast_head_json":{"title":"ACCOMODATOR ARNES PARA DOBLE PENETRACION - NEGRO - Tienda Er\u00f3tica","robots":{"index":"noindex","follow":"follow","max-snippet":"max-snippet:-1","max-image-preview":"max-image-preview:large","max-video-preview":"max-video-preview:-1"},"og_locale":"es_ES","og_type":"article","og_title":"ACCOMODATOR ARNES PARA DOBLE PENETRACION - NEGRO - Tienda Er\u00f3tica","og_description":"ACCOMMODATOR PENETRADOR SYSTEM Deja que tu amante disfrute del doble del placer intensamente satisfactorio con el penetrador doble de acomodaci\u00f3n.","og_url":"https:\/\/demoweb.info\/sexshop001\/producto\/accomodator-arnes-para-doble-penetracion-negro\/","og_site_name":"Tienda Er\u00f3tica","article_modified_time":"2022-01-22T10:05:40+00:00","og_image":[{"width":550,"height":550,"url":"https:\/\/demoweb.info\/sexshop001\/wp-content\/uploads\/2022\/01\/ACCOMODATOR-ARNES-PARA-DOBLE-PENETRACION-NEGRO.jpg","type":"image\/jpeg"}],"twitter_card":"summary_large_image","twitter_misc":{"Tiempo de lectura":"1 minuto"},"schema":{"@context":"https:\/\/schema.org","@graph":[{"@type":"WebPage","@id":"https:\/\/demoweb.info\/sexshop001\/producto\/accomodator-arnes-para-doble-penetracion-negro\/","url":"https:\/\/demoweb.info\/sexshop001\/producto\/accomodator-arnes-para-doble-penetracion-negro\/","name":"ACCOMODATOR ARNES PARA DOBLE PENETRACION - NEGRO - Tienda Er\u00f3tica","isPartOf":{"@id":"https:\/\/demoweb.info\/sexshop001\/#website"},"datePublished":"2022-01-22T10:05:03+00:00","dateModified":"2022-01-22T10:05:40+00:00","breadcrumb":{"@id":"https:\/\/demoweb.info\/sexshop001\/producto\/accomodator-arnes-para-doble-penetracion-negro\/#breadcrumb"},"inLanguage":"es","potentialAction":[{"@type":"ReadAction","target":["https:\/\/demoweb.info\/sexshop001\/producto\/accomodator-arnes-para-doble-penetracion-negro\/"]}]},{"@type":"BreadcrumbList","@id":"https:\/\/demoweb.info\/sexshop001\/producto\/accomodator-arnes-para-doble-penetracion-negro\/#breadcrumb","itemListElement":[{"@type":"ListItem","position":1,"name":"Portada","item":"https:\/\/demoweb.info\/sexshop001\/"},{"@type":"ListItem","position":2,"name":"Tienda","item":"https:\/\/demoweb.info\/sexshop001\/tienda\/"},{"@type":"ListItem","position":3,"name":"ACCOMODATOR ARNES PARA DOBLE PENETRACION &#8211; NEGRO"}]},{"@type":"WebSite","@id":"https:\/\/demoweb.info\/sexshop001\/#website","url":"https:\/\/demoweb.info\/sexshop001\/","name":"Tienda Er\u00f3tica","description":"DEMOWEB SL","potentialAction":[{"@type":"SearchAction","target":{"@type":"EntryPoint","urlTemplate":"https:\/\/demoweb.info\/sexshop001\/?s={search_term_string}"},"query-input":"required name=search_term_string"}],"inLanguage":"es"}]}},"_links":{"self":[{"href":"https:\/\/demoweb.info\/sexshop001\/wp-json\/wp\/v3\/product\/19927","targetHints":{"allow":["GET"]}}],"collection":[{"href":"https:\/\/demoweb.info\/sexshop001\/wp-json\/wp\/v3\/product"}],"about":[{"href":"https:\/\/demoweb.info\/sexshop001\/wp-json\/wp\/v2\/types\/product"}],"replies":[{"embeddable":true,"href":"https:\/\/demoweb.info\/sexshop001\/wp-json\/wp\/v2\/comments?post=19927"}],"wp:featuredmedia":[{"embeddable":true,"href":"https:\/\/demoweb.info\/sexshop001\/wp-json\/wp\/v2\/media\/19928"}],"wp:attachment":[{"href":"https:\/\/demoweb.info\/sexshop001\/wp-json\/wp\/v2\/media?parent=19927"}],"wp:term":[{"taxonomy":"product_cat","embeddable":true,"href":"https:\/\/demoweb.info\/sexshop001\/wp-json\/wp\/v2\/product_cat?post=19927"},{"taxonomy":"product_tag","embeddable":true,"href":"https:\/\/demoweb.info\/sexshop001\/wp-json\/wp\/v2\/product_tag?post=19927"}],"curies":[{"name":"wp","href":"https:\/\/api.w.org\/{rel}","templated":true}]}}