{"id":19914,"date":"2022-01-22T11:05:03","date_gmt":"2022-01-22T10:05:03","guid":{"rendered":"https:\/\/demoweb.info\/sexshop001\/producto\/anillo-de-cuero-strap-5-broches\/"},"modified":"2022-01-22T11:05:34","modified_gmt":"2022-01-22T10:05:34","slug":"anillo-de-cuero-strap-5-broches","status":"publish","type":"product","link":"https:\/\/demoweb.info\/sexshop001\/producto\/anillo-de-cuero-strap-5-broches\/","title":{"rendered":"ANILLO DE CUERO STRAP 5 BROCHES"},"content":{"rendered":"<h2><strong><span style=&quot;font-size:14px&quot;>COLT LEATHER C\/B STRAP 5-SNAP<\/span><\/strong><\/h2>\n<p>Los hombres COLT se divierten mucho porque son grandes, fornidos y engre\u00eddos.<br \/>\nConvi\u00e9rtete en un hombre COLT con la correa de cuero ajustable de 5 broches COLT. A pesar de su apariencia sorprendentemente masculina, es suave y flexible, hecho de material de alta calidad, cosido a mano, con doble costura con broches seguros para mimar tu pene de la manera correcta.<\/p>\n<p>Crea la apariencia masculina que todo hombre desea en su viaje hacia el placer. Perfecta para hacerles saber qui\u00e9n es el jefe, la correa de cuero ajustable de 5 broches COLT ayudar\u00e1 a transmitir fuerza y sensualidad, para que puedas complacer todas tus fantas\u00edas m\u00e1s salvajes.<\/p>\n<p>La correa de cuero negro levanta el pene lo que hace que seas m\u00e1s hombre. Sin embargo, es ajustable para adaptarse c\u00f3modamente a cualquier tama\u00f1o de pene para que pueda recorrer la distancia sin preocupaciones. Esta correa de cuero incre\u00edblemente sexy est\u00e1 hecha de un hermoso cuero suave y los broches son de acero cromado, lo que brinda la m\u00e1xima durabilidad teniendo en cuenta la seguridad.<\/p>\n<p><strong>Longitud total <\/strong> 29 x 2cm<br \/>\n<strong>Material<\/strong> Leather<\/p>\n","protected":false},"excerpt":{"rendered":"<p>COLT LEATHER C\/B STRAP 5-SNAP Los hombres COLT se divierten mucho porque son grandes, fornidos y engre\u00eddos. Convi\u00e9rtete en un<\/p>\n","protected":false},"featured_media":19915,"comment_status":"open","ping_status":"open","template":"","meta":[],"product_cat":[976],"product_tag":[660,724],"class_list":["post-19914","product","type-product","status-publish","has-post-thumbnail","hentry","product_cat-cuero-anillos","product_tag-calexotics","product_tag-colt-gear"],"bundled_by":[],"bundle_stock_status":"instock","bundle_stock_quantity":5,"bundle_virtual":false,"bundle_layout":"","bundle_add_to_cart_form_location":"","bundle_editable_in_cart":false,"bundle_sold_individually_context":"","bundle_item_grouping":"","bundle_min_size":"","bundle_max_size":"","bundled_items":[],"yoast_head":"<!-- This site is optimized with the Yoast SEO plugin v20.6 - https:\/\/yoast.com\/wordpress\/plugins\/seo\/ -->\n<title>ANILLO DE CUERO STRAP 5 BROCHES - Tienda Er\u00f3tica<\/title>\n<meta name=\"robots\" content=\"noindex, follow, max-snippet:-1, max-image-preview:large, max-video-preview:-1\" \/>\n<meta property=\"og:locale\" content=\"es_ES\" \/>\n<meta property=\"og:type\" content=\"article\" \/>\n<meta property=\"og:title\" content=\"ANILLO DE CUERO STRAP 5 BROCHES - Tienda Er\u00f3tica\" \/>\n<meta property=\"og:description\" content=\"COLT LEATHER C\/B STRAP 5-SNAP Los hombres COLT se divierten mucho porque son grandes, fornidos y engre\u00eddos. Convi\u00e9rtete en un\" \/>\n<meta property=\"og:url\" content=\"https:\/\/demoweb.info\/sexshop001\/producto\/anillo-de-cuero-strap-5-broches\/\" \/>\n<meta property=\"og:site_name\" content=\"Tienda Er\u00f3tica\" \/>\n<meta property=\"article:modified_time\" content=\"2022-01-22T10:05:34+00:00\" \/>\n<meta property=\"og:image\" content=\"https:\/\/demoweb.info\/sexshop001\/wp-content\/uploads\/2022\/01\/ANILLO-DE-CUERO-STRAP-5-BROCHES.jpg\" \/>\n\t<meta property=\"og:image:width\" content=\"550\" \/>\n\t<meta property=\"og:image:height\" content=\"550\" \/>\n\t<meta property=\"og:image:type\" content=\"image\/jpeg\" \/>\n<meta name=\"twitter:card\" content=\"summary_large_image\" \/>\n<meta name=\"twitter:label1\" content=\"Tiempo de lectura\" \/>\n\t<meta name=\"twitter:data1\" content=\"1 minuto\" \/>\n<script type=\"application\/ld+json\" class=\"yoast-schema-graph\">{\"@context\":\"https:\/\/schema.org\",\"@graph\":[{\"@type\":\"WebPage\",\"@id\":\"https:\/\/demoweb.info\/sexshop001\/producto\/anillo-de-cuero-strap-5-broches\/\",\"url\":\"https:\/\/demoweb.info\/sexshop001\/producto\/anillo-de-cuero-strap-5-broches\/\",\"name\":\"ANILLO DE CUERO STRAP 5 BROCHES - Tienda Er\u00f3tica\",\"isPartOf\":{\"@id\":\"https:\/\/demoweb.info\/sexshop001\/#website\"},\"datePublished\":\"2022-01-22T10:05:03+00:00\",\"dateModified\":\"2022-01-22T10:05:34+00:00\",\"breadcrumb\":{\"@id\":\"https:\/\/demoweb.info\/sexshop001\/producto\/anillo-de-cuero-strap-5-broches\/#breadcrumb\"},\"inLanguage\":\"es\",\"potentialAction\":[{\"@type\":\"ReadAction\",\"target\":[\"https:\/\/demoweb.info\/sexshop001\/producto\/anillo-de-cuero-strap-5-broches\/\"]}]},{\"@type\":\"BreadcrumbList\",\"@id\":\"https:\/\/demoweb.info\/sexshop001\/producto\/anillo-de-cuero-strap-5-broches\/#breadcrumb\",\"itemListElement\":[{\"@type\":\"ListItem\",\"position\":1,\"name\":\"Portada\",\"item\":\"https:\/\/demoweb.info\/sexshop001\/\"},{\"@type\":\"ListItem\",\"position\":2,\"name\":\"Tienda\",\"item\":\"https:\/\/demoweb.info\/sexshop001\/tienda\/\"},{\"@type\":\"ListItem\",\"position\":3,\"name\":\"ANILLO DE CUERO STRAP 5 BROCHES\"}]},{\"@type\":\"WebSite\",\"@id\":\"https:\/\/demoweb.info\/sexshop001\/#website\",\"url\":\"https:\/\/demoweb.info\/sexshop001\/\",\"name\":\"Tienda Er\u00f3tica\",\"description\":\"DEMOWEB SL\",\"potentialAction\":[{\"@type\":\"SearchAction\",\"target\":{\"@type\":\"EntryPoint\",\"urlTemplate\":\"https:\/\/demoweb.info\/sexshop001\/?s={search_term_string}\"},\"query-input\":\"required name=search_term_string\"}],\"inLanguage\":\"es\"}]}<\/script>\n<!-- \/ Yoast SEO plugin. -->","yoast_head_json":{"title":"ANILLO DE CUERO STRAP 5 BROCHES - Tienda Er\u00f3tica","robots":{"index":"noindex","follow":"follow","max-snippet":"max-snippet:-1","max-image-preview":"max-image-preview:large","max-video-preview":"max-video-preview:-1"},"og_locale":"es_ES","og_type":"article","og_title":"ANILLO DE CUERO STRAP 5 BROCHES - Tienda Er\u00f3tica","og_description":"COLT LEATHER C\/B STRAP 5-SNAP Los hombres COLT se divierten mucho porque son grandes, fornidos y engre\u00eddos. Convi\u00e9rtete en un","og_url":"https:\/\/demoweb.info\/sexshop001\/producto\/anillo-de-cuero-strap-5-broches\/","og_site_name":"Tienda Er\u00f3tica","article_modified_time":"2022-01-22T10:05:34+00:00","og_image":[{"width":550,"height":550,"url":"https:\/\/demoweb.info\/sexshop001\/wp-content\/uploads\/2022\/01\/ANILLO-DE-CUERO-STRAP-5-BROCHES.jpg","type":"image\/jpeg"}],"twitter_card":"summary_large_image","twitter_misc":{"Tiempo de lectura":"1 minuto"},"schema":{"@context":"https:\/\/schema.org","@graph":[{"@type":"WebPage","@id":"https:\/\/demoweb.info\/sexshop001\/producto\/anillo-de-cuero-strap-5-broches\/","url":"https:\/\/demoweb.info\/sexshop001\/producto\/anillo-de-cuero-strap-5-broches\/","name":"ANILLO DE CUERO STRAP 5 BROCHES - Tienda Er\u00f3tica","isPartOf":{"@id":"https:\/\/demoweb.info\/sexshop001\/#website"},"datePublished":"2022-01-22T10:05:03+00:00","dateModified":"2022-01-22T10:05:34+00:00","breadcrumb":{"@id":"https:\/\/demoweb.info\/sexshop001\/producto\/anillo-de-cuero-strap-5-broches\/#breadcrumb"},"inLanguage":"es","potentialAction":[{"@type":"ReadAction","target":["https:\/\/demoweb.info\/sexshop001\/producto\/anillo-de-cuero-strap-5-broches\/"]}]},{"@type":"BreadcrumbList","@id":"https:\/\/demoweb.info\/sexshop001\/producto\/anillo-de-cuero-strap-5-broches\/#breadcrumb","itemListElement":[{"@type":"ListItem","position":1,"name":"Portada","item":"https:\/\/demoweb.info\/sexshop001\/"},{"@type":"ListItem","position":2,"name":"Tienda","item":"https:\/\/demoweb.info\/sexshop001\/tienda\/"},{"@type":"ListItem","position":3,"name":"ANILLO DE CUERO STRAP 5 BROCHES"}]},{"@type":"WebSite","@id":"https:\/\/demoweb.info\/sexshop001\/#website","url":"https:\/\/demoweb.info\/sexshop001\/","name":"Tienda Er\u00f3tica","description":"DEMOWEB SL","potentialAction":[{"@type":"SearchAction","target":{"@type":"EntryPoint","urlTemplate":"https:\/\/demoweb.info\/sexshop001\/?s={search_term_string}"},"query-input":"required name=search_term_string"}],"inLanguage":"es"}]}},"_links":{"self":[{"href":"https:\/\/demoweb.info\/sexshop001\/wp-json\/wp\/v3\/product\/19914","targetHints":{"allow":["GET"]}}],"collection":[{"href":"https:\/\/demoweb.info\/sexshop001\/wp-json\/wp\/v3\/product"}],"about":[{"href":"https:\/\/demoweb.info\/sexshop001\/wp-json\/wp\/v2\/types\/product"}],"replies":[{"embeddable":true,"href":"https:\/\/demoweb.info\/sexshop001\/wp-json\/wp\/v2\/comments?post=19914"}],"wp:featuredmedia":[{"embeddable":true,"href":"https:\/\/demoweb.info\/sexshop001\/wp-json\/wp\/v2\/media\/19915"}],"wp:attachment":[{"href":"https:\/\/demoweb.info\/sexshop001\/wp-json\/wp\/v2\/media?parent=19914"}],"wp:term":[{"taxonomy":"product_cat","embeddable":true,"href":"https:\/\/demoweb.info\/sexshop001\/wp-json\/wp\/v2\/product_cat?post=19914"},{"taxonomy":"product_tag","embeddable":true,"href":"https:\/\/demoweb.info\/sexshop001\/wp-json\/wp\/v2\/product_tag?post=19914"}],"curies":[{"name":"wp","href":"https:\/\/api.w.org\/{rel}","templated":true}]}}