{"id":19906,"date":"2022-01-22T11:05:03","date_gmt":"2022-01-22T10:05:03","guid":{"rendered":"https:\/\/demoweb.info\/sexshop001\/producto\/colt-camo-ball-gag-militar\/"},"modified":"2022-01-22T11:05:31","modified_gmt":"2022-01-22T10:05:31","slug":"colt-camo-ball-gag-militar","status":"publish","type":"product","link":"https:\/\/demoweb.info\/sexshop001\/producto\/colt-camo-ball-gag-militar\/","title":{"rendered":"COLT CAMO BALL GAG &#8211; MILITAR"},"content":{"rendered":"<\/p>\n<p>Entr\u00e9gate a la pasi\u00f3n con el Colt\u00ae Camo Ball Gag.<br \/>\nDisfruta de gemidos y eleva el placer con la mordaza de silicona flexible, el interior acolchado de cuero vegano y la lona de camuflaje resistente.<br \/>\nPi\u00e9rdete en la sumisi\u00f3n y entr\u00e9gate a los caprichos er\u00f3ticos de tu amante con la bola de silicona mordible; El material seguro para el cuerpo se flexiona con cada mordisco para ofrecer lo \u00faltimo en juego de sujeci\u00f3n c\u00f3modo.<br \/>\nDa vida a tus deseos m\u00e1s traviesos cuando envuelvas a tu amante con las correas de doble acolchado; La duradera tela de camuflaje masculino y la piel sint\u00e9tica acolchada de PU se dise\u00f1aron pensando en la comodidad y el control er\u00f3tico.<br \/>\n La pelota er\u00f3tica est\u00e1 hecha de una silicona suave de calidad; Para asegurarse de que la bola no se mueva, cada mordaza cuidadosamente elaborada est\u00e1 hecha con un cierre de hebilla de hierro sin n\u00edquel ajustable. Para asegurarse de que disfruta de sus juguetes de sujeci\u00f3n durante el mayor tiempo posible, l\u00e1velos a mano con jab\u00f3n en agua tibia despu\u00e9s de usarlos y cu\u00e9lguelos para que se sequen. Almaceza en la bolsa de camuflaje provista o en un lugar fresco y seco<\/p>\n<p>\n<strong>Longitud total<\/strong>  : 78.75cm<br \/>\n<strong>Di\u00e1metro : <\/strong> 3.75cm<br \/>\n<strong>Material    <\/strong>Silicona, Cotton, Polyurethane, Iron<\/p>\n","protected":false},"excerpt":{"rendered":"<p>Entr\u00e9gate a la pasi\u00f3n con el Colt\u00ae Camo Ball Gag. Disfruta de gemidos y eleva el placer con la mordaza<\/p>\n","protected":false},"featured_media":19907,"comment_status":"open","ping_status":"open","template":"","meta":[],"product_cat":[288],"product_tag":[660,724],"class_list":["post-19906","product","type-product","status-publish","has-post-thumbnail","hentry","product_cat-mordazas","product_tag-calexotics","product_tag-colt-gear"],"bundled_by":[],"bundle_stock_status":"instock","bundle_stock_quantity":1,"bundle_virtual":false,"bundle_layout":"","bundle_add_to_cart_form_location":"","bundle_editable_in_cart":false,"bundle_sold_individually_context":"","bundle_item_grouping":"","bundle_min_size":"","bundle_max_size":"","bundled_items":[],"yoast_head":"<!-- This site is optimized with the Yoast SEO plugin v20.6 - https:\/\/yoast.com\/wordpress\/plugins\/seo\/ -->\n<title>COLT CAMO BALL GAG - MILITAR - Tienda Er\u00f3tica<\/title>\n<meta name=\"robots\" content=\"noindex, follow, max-snippet:-1, max-image-preview:large, max-video-preview:-1\" \/>\n<meta property=\"og:locale\" content=\"es_ES\" \/>\n<meta property=\"og:type\" content=\"article\" \/>\n<meta property=\"og:title\" content=\"COLT CAMO BALL GAG - MILITAR - Tienda Er\u00f3tica\" \/>\n<meta property=\"og:description\" content=\"Entr\u00e9gate a la pasi\u00f3n con el Colt\u00ae Camo Ball Gag. Disfruta de gemidos y eleva el placer con la mordaza\" \/>\n<meta property=\"og:url\" content=\"https:\/\/demoweb.info\/sexshop001\/producto\/colt-camo-ball-gag-militar\/\" \/>\n<meta property=\"og:site_name\" content=\"Tienda Er\u00f3tica\" \/>\n<meta property=\"article:modified_time\" content=\"2022-01-22T10:05:31+00:00\" \/>\n<meta property=\"og:image\" content=\"https:\/\/demoweb.info\/sexshop001\/wp-content\/uploads\/2022\/01\/COLT-CAMO-BALL-GAG-MILITAR.jpg\" \/>\n\t<meta property=\"og:image:width\" content=\"550\" \/>\n\t<meta property=\"og:image:height\" content=\"550\" \/>\n\t<meta property=\"og:image:type\" content=\"image\/jpeg\" \/>\n<meta name=\"twitter:card\" content=\"summary_large_image\" \/>\n<meta name=\"twitter:label1\" content=\"Tiempo de lectura\" \/>\n\t<meta name=\"twitter:data1\" content=\"1 minuto\" \/>\n<script type=\"application\/ld+json\" class=\"yoast-schema-graph\">{\"@context\":\"https:\/\/schema.org\",\"@graph\":[{\"@type\":\"WebPage\",\"@id\":\"https:\/\/demoweb.info\/sexshop001\/producto\/colt-camo-ball-gag-militar\/\",\"url\":\"https:\/\/demoweb.info\/sexshop001\/producto\/colt-camo-ball-gag-militar\/\",\"name\":\"COLT CAMO BALL GAG - MILITAR - Tienda Er\u00f3tica\",\"isPartOf\":{\"@id\":\"https:\/\/demoweb.info\/sexshop001\/#website\"},\"datePublished\":\"2022-01-22T10:05:03+00:00\",\"dateModified\":\"2022-01-22T10:05:31+00:00\",\"breadcrumb\":{\"@id\":\"https:\/\/demoweb.info\/sexshop001\/producto\/colt-camo-ball-gag-militar\/#breadcrumb\"},\"inLanguage\":\"es\",\"potentialAction\":[{\"@type\":\"ReadAction\",\"target\":[\"https:\/\/demoweb.info\/sexshop001\/producto\/colt-camo-ball-gag-militar\/\"]}]},{\"@type\":\"BreadcrumbList\",\"@id\":\"https:\/\/demoweb.info\/sexshop001\/producto\/colt-camo-ball-gag-militar\/#breadcrumb\",\"itemListElement\":[{\"@type\":\"ListItem\",\"position\":1,\"name\":\"Portada\",\"item\":\"https:\/\/demoweb.info\/sexshop001\/\"},{\"@type\":\"ListItem\",\"position\":2,\"name\":\"Tienda\",\"item\":\"https:\/\/demoweb.info\/sexshop001\/tienda\/\"},{\"@type\":\"ListItem\",\"position\":3,\"name\":\"COLT CAMO BALL GAG &#8211; MILITAR\"}]},{\"@type\":\"WebSite\",\"@id\":\"https:\/\/demoweb.info\/sexshop001\/#website\",\"url\":\"https:\/\/demoweb.info\/sexshop001\/\",\"name\":\"Tienda Er\u00f3tica\",\"description\":\"DEMOWEB SL\",\"potentialAction\":[{\"@type\":\"SearchAction\",\"target\":{\"@type\":\"EntryPoint\",\"urlTemplate\":\"https:\/\/demoweb.info\/sexshop001\/?s={search_term_string}\"},\"query-input\":\"required name=search_term_string\"}],\"inLanguage\":\"es\"}]}<\/script>\n<!-- \/ Yoast SEO plugin. -->","yoast_head_json":{"title":"COLT CAMO BALL GAG - MILITAR - Tienda Er\u00f3tica","robots":{"index":"noindex","follow":"follow","max-snippet":"max-snippet:-1","max-image-preview":"max-image-preview:large","max-video-preview":"max-video-preview:-1"},"og_locale":"es_ES","og_type":"article","og_title":"COLT CAMO BALL GAG - MILITAR - Tienda Er\u00f3tica","og_description":"Entr\u00e9gate a la pasi\u00f3n con el Colt\u00ae Camo Ball Gag. Disfruta de gemidos y eleva el placer con la mordaza","og_url":"https:\/\/demoweb.info\/sexshop001\/producto\/colt-camo-ball-gag-militar\/","og_site_name":"Tienda Er\u00f3tica","article_modified_time":"2022-01-22T10:05:31+00:00","og_image":[{"width":550,"height":550,"url":"https:\/\/demoweb.info\/sexshop001\/wp-content\/uploads\/2022\/01\/COLT-CAMO-BALL-GAG-MILITAR.jpg","type":"image\/jpeg"}],"twitter_card":"summary_large_image","twitter_misc":{"Tiempo de lectura":"1 minuto"},"schema":{"@context":"https:\/\/schema.org","@graph":[{"@type":"WebPage","@id":"https:\/\/demoweb.info\/sexshop001\/producto\/colt-camo-ball-gag-militar\/","url":"https:\/\/demoweb.info\/sexshop001\/producto\/colt-camo-ball-gag-militar\/","name":"COLT CAMO BALL GAG - MILITAR - Tienda Er\u00f3tica","isPartOf":{"@id":"https:\/\/demoweb.info\/sexshop001\/#website"},"datePublished":"2022-01-22T10:05:03+00:00","dateModified":"2022-01-22T10:05:31+00:00","breadcrumb":{"@id":"https:\/\/demoweb.info\/sexshop001\/producto\/colt-camo-ball-gag-militar\/#breadcrumb"},"inLanguage":"es","potentialAction":[{"@type":"ReadAction","target":["https:\/\/demoweb.info\/sexshop001\/producto\/colt-camo-ball-gag-militar\/"]}]},{"@type":"BreadcrumbList","@id":"https:\/\/demoweb.info\/sexshop001\/producto\/colt-camo-ball-gag-militar\/#breadcrumb","itemListElement":[{"@type":"ListItem","position":1,"name":"Portada","item":"https:\/\/demoweb.info\/sexshop001\/"},{"@type":"ListItem","position":2,"name":"Tienda","item":"https:\/\/demoweb.info\/sexshop001\/tienda\/"},{"@type":"ListItem","position":3,"name":"COLT CAMO BALL GAG &#8211; MILITAR"}]},{"@type":"WebSite","@id":"https:\/\/demoweb.info\/sexshop001\/#website","url":"https:\/\/demoweb.info\/sexshop001\/","name":"Tienda Er\u00f3tica","description":"DEMOWEB SL","potentialAction":[{"@type":"SearchAction","target":{"@type":"EntryPoint","urlTemplate":"https:\/\/demoweb.info\/sexshop001\/?s={search_term_string}"},"query-input":"required name=search_term_string"}],"inLanguage":"es"}]}},"_links":{"self":[{"href":"https:\/\/demoweb.info\/sexshop001\/wp-json\/wp\/v3\/product\/19906","targetHints":{"allow":["GET"]}}],"collection":[{"href":"https:\/\/demoweb.info\/sexshop001\/wp-json\/wp\/v3\/product"}],"about":[{"href":"https:\/\/demoweb.info\/sexshop001\/wp-json\/wp\/v2\/types\/product"}],"replies":[{"embeddable":true,"href":"https:\/\/demoweb.info\/sexshop001\/wp-json\/wp\/v2\/comments?post=19906"}],"wp:featuredmedia":[{"embeddable":true,"href":"https:\/\/demoweb.info\/sexshop001\/wp-json\/wp\/v2\/media\/19907"}],"wp:attachment":[{"href":"https:\/\/demoweb.info\/sexshop001\/wp-json\/wp\/v2\/media?parent=19906"}],"wp:term":[{"taxonomy":"product_cat","embeddable":true,"href":"https:\/\/demoweb.info\/sexshop001\/wp-json\/wp\/v2\/product_cat?post=19906"},{"taxonomy":"product_tag","embeddable":true,"href":"https:\/\/demoweb.info\/sexshop001\/wp-json\/wp\/v2\/product_tag?post=19906"}],"curies":[{"name":"wp","href":"https:\/\/api.w.org\/{rel}","templated":true}]}}