{"id":19899,"date":"2022-01-22T11:05:03","date_gmt":"2022-01-22T10:05:03","guid":{"rendered":"https:\/\/demoweb.info\/sexshop001\/producto\/colt-camo-arnes-chest-militar\/"},"modified":"2022-01-22T11:05:27","modified_gmt":"2022-01-22T10:05:27","slug":"colt-camo-arnes-chest-militar","status":"publish","type":"product","link":"https:\/\/demoweb.info\/sexshop001\/producto\/colt-camo-arnes-chest-militar\/","title":{"rendered":"COLT CAMO ARNES CHEST &#8211; MILITAR"},"content":{"rendered":"<\/p>\n<p>Los innovadores del placer de la Colt\u00ae  se han asociado para crear una l\u00ednea de restricciones de esclavitud dedicadas al buscador de pasiones masculinas.<br \/>\nEntr\u00e9gate a todos los deseos traviesos de tu amante y a tus deseos m\u00e1s primarios con el arn\u00e9s de pecho Colt\u00ae Camo. Este arn\u00e9s de pecho ultraduradero se ajusta hasta 150 cm con cierres de hebilla para un ajuste totalmente personalizable. El arn\u00e9s grueso con doble acolchado es la combinaci\u00f3n perfecta de dolor y placer que ans\u00edan los fetichistas experimentados y los principiantes del bondage.<\/p>\n<p><strong>Longitud total <\/strong>  150 cm <br \/>\n<strong>Bodysafe    <\/strong>Si<br \/>\n<strong>Material<\/strong>    Cotton  PU (forro correa) Nickel-Free and Non-Tarnishing Iron (hebilas) Nickel-Free and Non-Tarnishing Copper (remaches)\n <\/p>\n","protected":false},"excerpt":{"rendered":"<p>Los innovadores del placer de la Colt\u00ae se han asociado para crear una l\u00ednea de restricciones de esclavitud dedicadas al<\/p>\n","protected":false},"featured_media":19900,"comment_status":"open","ping_status":"open","template":"","meta":[],"product_cat":[631],"product_tag":[660,724],"class_list":["post-19899","product","type-product","status-publish","has-post-thumbnail","hentry","product_cat-huecos-con-dildo","product_tag-calexotics","product_tag-colt-gear"],"bundled_by":[],"bundle_stock_status":"instock","bundle_stock_quantity":1,"bundle_virtual":false,"bundle_layout":"","bundle_add_to_cart_form_location":"","bundle_editable_in_cart":false,"bundle_sold_individually_context":"","bundle_item_grouping":"","bundle_min_size":"","bundle_max_size":"","bundled_items":[],"yoast_head":"<!-- This site is optimized with the Yoast SEO plugin v20.6 - https:\/\/yoast.com\/wordpress\/plugins\/seo\/ -->\n<title>COLT CAMO ARNES CHEST - MILITAR - Tienda Er\u00f3tica<\/title>\n<meta name=\"robots\" content=\"noindex, follow, max-snippet:-1, max-image-preview:large, max-video-preview:-1\" \/>\n<meta property=\"og:locale\" content=\"es_ES\" \/>\n<meta property=\"og:type\" content=\"article\" \/>\n<meta property=\"og:title\" content=\"COLT CAMO ARNES CHEST - MILITAR - Tienda Er\u00f3tica\" \/>\n<meta property=\"og:description\" content=\"Los innovadores del placer de la Colt\u00ae se han asociado para crear una l\u00ednea de restricciones de esclavitud dedicadas al\" \/>\n<meta property=\"og:url\" content=\"https:\/\/demoweb.info\/sexshop001\/producto\/colt-camo-arnes-chest-militar\/\" \/>\n<meta property=\"og:site_name\" content=\"Tienda Er\u00f3tica\" \/>\n<meta property=\"article:modified_time\" content=\"2022-01-22T10:05:27+00:00\" \/>\n<meta property=\"og:image\" content=\"https:\/\/demoweb.info\/sexshop001\/wp-content\/uploads\/2022\/01\/COLT-CAMO-ARNES-CHEST-MILITAR.jpg\" \/>\n\t<meta property=\"og:image:width\" content=\"550\" \/>\n\t<meta property=\"og:image:height\" content=\"550\" \/>\n\t<meta property=\"og:image:type\" content=\"image\/jpeg\" \/>\n<meta name=\"twitter:card\" content=\"summary_large_image\" \/>\n<meta name=\"twitter:label1\" content=\"Tiempo de lectura\" \/>\n\t<meta name=\"twitter:data1\" content=\"1 minuto\" \/>\n<script type=\"application\/ld+json\" class=\"yoast-schema-graph\">{\"@context\":\"https:\/\/schema.org\",\"@graph\":[{\"@type\":\"WebPage\",\"@id\":\"https:\/\/demoweb.info\/sexshop001\/producto\/colt-camo-arnes-chest-militar\/\",\"url\":\"https:\/\/demoweb.info\/sexshop001\/producto\/colt-camo-arnes-chest-militar\/\",\"name\":\"COLT CAMO ARNES CHEST - MILITAR - Tienda Er\u00f3tica\",\"isPartOf\":{\"@id\":\"https:\/\/demoweb.info\/sexshop001\/#website\"},\"datePublished\":\"2022-01-22T10:05:03+00:00\",\"dateModified\":\"2022-01-22T10:05:27+00:00\",\"breadcrumb\":{\"@id\":\"https:\/\/demoweb.info\/sexshop001\/producto\/colt-camo-arnes-chest-militar\/#breadcrumb\"},\"inLanguage\":\"es\",\"potentialAction\":[{\"@type\":\"ReadAction\",\"target\":[\"https:\/\/demoweb.info\/sexshop001\/producto\/colt-camo-arnes-chest-militar\/\"]}]},{\"@type\":\"BreadcrumbList\",\"@id\":\"https:\/\/demoweb.info\/sexshop001\/producto\/colt-camo-arnes-chest-militar\/#breadcrumb\",\"itemListElement\":[{\"@type\":\"ListItem\",\"position\":1,\"name\":\"Portada\",\"item\":\"https:\/\/demoweb.info\/sexshop001\/\"},{\"@type\":\"ListItem\",\"position\":2,\"name\":\"Tienda\",\"item\":\"https:\/\/demoweb.info\/sexshop001\/tienda\/\"},{\"@type\":\"ListItem\",\"position\":3,\"name\":\"COLT CAMO ARNES CHEST &#8211; MILITAR\"}]},{\"@type\":\"WebSite\",\"@id\":\"https:\/\/demoweb.info\/sexshop001\/#website\",\"url\":\"https:\/\/demoweb.info\/sexshop001\/\",\"name\":\"Tienda Er\u00f3tica\",\"description\":\"DEMOWEB SL\",\"potentialAction\":[{\"@type\":\"SearchAction\",\"target\":{\"@type\":\"EntryPoint\",\"urlTemplate\":\"https:\/\/demoweb.info\/sexshop001\/?s={search_term_string}\"},\"query-input\":\"required name=search_term_string\"}],\"inLanguage\":\"es\"}]}<\/script>\n<!-- \/ Yoast SEO plugin. -->","yoast_head_json":{"title":"COLT CAMO ARNES CHEST - MILITAR - Tienda Er\u00f3tica","robots":{"index":"noindex","follow":"follow","max-snippet":"max-snippet:-1","max-image-preview":"max-image-preview:large","max-video-preview":"max-video-preview:-1"},"og_locale":"es_ES","og_type":"article","og_title":"COLT CAMO ARNES CHEST - MILITAR - Tienda Er\u00f3tica","og_description":"Los innovadores del placer de la Colt\u00ae se han asociado para crear una l\u00ednea de restricciones de esclavitud dedicadas al","og_url":"https:\/\/demoweb.info\/sexshop001\/producto\/colt-camo-arnes-chest-militar\/","og_site_name":"Tienda Er\u00f3tica","article_modified_time":"2022-01-22T10:05:27+00:00","og_image":[{"width":550,"height":550,"url":"https:\/\/demoweb.info\/sexshop001\/wp-content\/uploads\/2022\/01\/COLT-CAMO-ARNES-CHEST-MILITAR.jpg","type":"image\/jpeg"}],"twitter_card":"summary_large_image","twitter_misc":{"Tiempo de lectura":"1 minuto"},"schema":{"@context":"https:\/\/schema.org","@graph":[{"@type":"WebPage","@id":"https:\/\/demoweb.info\/sexshop001\/producto\/colt-camo-arnes-chest-militar\/","url":"https:\/\/demoweb.info\/sexshop001\/producto\/colt-camo-arnes-chest-militar\/","name":"COLT CAMO ARNES CHEST - MILITAR - Tienda Er\u00f3tica","isPartOf":{"@id":"https:\/\/demoweb.info\/sexshop001\/#website"},"datePublished":"2022-01-22T10:05:03+00:00","dateModified":"2022-01-22T10:05:27+00:00","breadcrumb":{"@id":"https:\/\/demoweb.info\/sexshop001\/producto\/colt-camo-arnes-chest-militar\/#breadcrumb"},"inLanguage":"es","potentialAction":[{"@type":"ReadAction","target":["https:\/\/demoweb.info\/sexshop001\/producto\/colt-camo-arnes-chest-militar\/"]}]},{"@type":"BreadcrumbList","@id":"https:\/\/demoweb.info\/sexshop001\/producto\/colt-camo-arnes-chest-militar\/#breadcrumb","itemListElement":[{"@type":"ListItem","position":1,"name":"Portada","item":"https:\/\/demoweb.info\/sexshop001\/"},{"@type":"ListItem","position":2,"name":"Tienda","item":"https:\/\/demoweb.info\/sexshop001\/tienda\/"},{"@type":"ListItem","position":3,"name":"COLT CAMO ARNES CHEST &#8211; MILITAR"}]},{"@type":"WebSite","@id":"https:\/\/demoweb.info\/sexshop001\/#website","url":"https:\/\/demoweb.info\/sexshop001\/","name":"Tienda Er\u00f3tica","description":"DEMOWEB SL","potentialAction":[{"@type":"SearchAction","target":{"@type":"EntryPoint","urlTemplate":"https:\/\/demoweb.info\/sexshop001\/?s={search_term_string}"},"query-input":"required name=search_term_string"}],"inLanguage":"es"}]}},"_links":{"self":[{"href":"https:\/\/demoweb.info\/sexshop001\/wp-json\/wp\/v3\/product\/19899","targetHints":{"allow":["GET"]}}],"collection":[{"href":"https:\/\/demoweb.info\/sexshop001\/wp-json\/wp\/v3\/product"}],"about":[{"href":"https:\/\/demoweb.info\/sexshop001\/wp-json\/wp\/v2\/types\/product"}],"replies":[{"embeddable":true,"href":"https:\/\/demoweb.info\/sexshop001\/wp-json\/wp\/v2\/comments?post=19899"}],"wp:featuredmedia":[{"embeddable":true,"href":"https:\/\/demoweb.info\/sexshop001\/wp-json\/wp\/v2\/media\/19900"}],"wp:attachment":[{"href":"https:\/\/demoweb.info\/sexshop001\/wp-json\/wp\/v2\/media?parent=19899"}],"wp:term":[{"taxonomy":"product_cat","embeddable":true,"href":"https:\/\/demoweb.info\/sexshop001\/wp-json\/wp\/v2\/product_cat?post=19899"},{"taxonomy":"product_tag","embeddable":true,"href":"https:\/\/demoweb.info\/sexshop001\/wp-json\/wp\/v2\/product_tag?post=19899"}],"curies":[{"name":"wp","href":"https:\/\/api.w.org\/{rel}","templated":true}]}}