{"id":19892,"date":"2022-01-22T11:05:03","date_gmt":"2022-01-22T10:05:03","guid":{"rendered":"https:\/\/demoweb.info\/sexshop001\/producto\/colt-barra-con-esposas\/"},"modified":"2022-01-22T11:05:24","modified_gmt":"2022-01-22T10:05:24","slug":"colt-barra-con-esposas","status":"publish","type":"product","link":"https:\/\/demoweb.info\/sexshop001\/producto\/colt-barra-con-esposas\/","title":{"rendered":"COLT BARRA CON ESPOSAS"},"content":{"rendered":"<\/p>\n<p>D\u00e9jate llevar por la pasi\u00f3n con el Colt\u00ae Camo Spread.<br \/>\nDisfruta de la pasi\u00f3n primordial mientras la barra separadora de acero s\u00f3lido abre a nuevos y emocionantes \u00e1ngulos de penetraci\u00f3n y sujeci\u00f3n totalmente ajustable.<br \/>\nTe encantar\u00e1 la vulnerabilidad de estar firmemente atado.<br \/>\nUsa las 2 juntas t\u00f3ricas universales para sujetar los pu\u00f1os y ajusta a tu amante en la posici\u00f3n perfecta para mostrar tus movimientos m\u00e1s calientes. Los pu\u00f1os se conectan a la barra de placer totalmente ajustable para mantenerte bien atado y  perder el control.<br \/>\nEsta barra se asegurar\u00e1 de que nunca m\u00e1s te aburras mientras pruebas cada combinaci\u00f3n y \u00e1ngulo.  La extensi\u00f3n ajustable y los pu\u00f1os de felpa son ideales para experimentar con un juego de sujeci\u00f3n infinitamente vers\u00e1til. Nuestros c\u00f3modos pu\u00f1os est\u00e1n hechos con un interior de PU acolchado y una capa exterior de lona de camuflaje; La parte posterior del esparcidor de acero inoxidable se ajusta de 54,75 cm a 85,75 cm.<\/p>\n<p>\n<strong>Longitud total<\/strong>    Barra 54.75 cm a 85.75 cm \/ Esposas 48.25 cm.<br \/>\n<strong>Bodysafe    <\/strong>Si<br \/>\n<strong>Material    <\/strong>Stainless Steel (barra, alfileres, ganchos) Cotton PU (forro esposa ) Nickel-Free and Non-Tarnishing Iron (anillos) Nickel-Free and Non-Tarnishing Zinc Alloy (clips) Nylon (Velcro ) PP (correa)<\/p>\n","protected":false},"excerpt":{"rendered":"<p>D\u00e9jate llevar por la pasi\u00f3n con el Colt\u00ae Camo Spread. Disfruta de la pasi\u00f3n primordial mientras la barra separadora de<\/p>\n","protected":false},"featured_media":19893,"comment_status":"open","ping_status":"open","template":"","meta":[],"product_cat":[644],"product_tag":[660,724],"class_list":["post-19892","product","type-product","status-publish","has-post-thumbnail","hentry","product_cat-barras-extension","product_tag-calexotics","product_tag-colt-gear"],"bundled_by":[],"bundle_stock_status":"outofstock","bundle_stock_quantity":0,"bundle_virtual":false,"bundle_layout":"","bundle_add_to_cart_form_location":"","bundle_editable_in_cart":false,"bundle_sold_individually_context":"","bundle_item_grouping":"","bundle_min_size":"","bundle_max_size":"","bundled_items":[],"yoast_head":"<!-- This site is optimized with the Yoast SEO plugin v20.6 - https:\/\/yoast.com\/wordpress\/plugins\/seo\/ -->\n<title>COLT BARRA CON ESPOSAS - Tienda Er\u00f3tica<\/title>\n<meta name=\"robots\" content=\"noindex, follow, max-snippet:-1, max-image-preview:large, max-video-preview:-1\" \/>\n<meta property=\"og:locale\" content=\"es_ES\" \/>\n<meta property=\"og:type\" content=\"article\" \/>\n<meta property=\"og:title\" content=\"COLT BARRA CON ESPOSAS - Tienda Er\u00f3tica\" \/>\n<meta property=\"og:description\" content=\"D\u00e9jate llevar por la pasi\u00f3n con el Colt\u00ae Camo Spread. Disfruta de la pasi\u00f3n primordial mientras la barra separadora de\" \/>\n<meta property=\"og:url\" content=\"https:\/\/demoweb.info\/sexshop001\/producto\/colt-barra-con-esposas\/\" \/>\n<meta property=\"og:site_name\" content=\"Tienda Er\u00f3tica\" \/>\n<meta property=\"article:modified_time\" content=\"2022-01-22T10:05:24+00:00\" \/>\n<meta property=\"og:image\" content=\"https:\/\/demoweb.info\/sexshop001\/wp-content\/uploads\/2022\/01\/COLT-BARRA-CON-ESPOSAS.jpg\" \/>\n\t<meta property=\"og:image:width\" content=\"550\" \/>\n\t<meta property=\"og:image:height\" content=\"550\" \/>\n\t<meta property=\"og:image:type\" content=\"image\/jpeg\" \/>\n<meta name=\"twitter:card\" content=\"summary_large_image\" \/>\n<meta name=\"twitter:label1\" content=\"Tiempo de lectura\" \/>\n\t<meta name=\"twitter:data1\" content=\"1 minuto\" \/>\n<script type=\"application\/ld+json\" class=\"yoast-schema-graph\">{\"@context\":\"https:\/\/schema.org\",\"@graph\":[{\"@type\":\"WebPage\",\"@id\":\"https:\/\/demoweb.info\/sexshop001\/producto\/colt-barra-con-esposas\/\",\"url\":\"https:\/\/demoweb.info\/sexshop001\/producto\/colt-barra-con-esposas\/\",\"name\":\"COLT BARRA CON ESPOSAS - Tienda Er\u00f3tica\",\"isPartOf\":{\"@id\":\"https:\/\/demoweb.info\/sexshop001\/#website\"},\"datePublished\":\"2022-01-22T10:05:03+00:00\",\"dateModified\":\"2022-01-22T10:05:24+00:00\",\"breadcrumb\":{\"@id\":\"https:\/\/demoweb.info\/sexshop001\/producto\/colt-barra-con-esposas\/#breadcrumb\"},\"inLanguage\":\"es\",\"potentialAction\":[{\"@type\":\"ReadAction\",\"target\":[\"https:\/\/demoweb.info\/sexshop001\/producto\/colt-barra-con-esposas\/\"]}]},{\"@type\":\"BreadcrumbList\",\"@id\":\"https:\/\/demoweb.info\/sexshop001\/producto\/colt-barra-con-esposas\/#breadcrumb\",\"itemListElement\":[{\"@type\":\"ListItem\",\"position\":1,\"name\":\"Portada\",\"item\":\"https:\/\/demoweb.info\/sexshop001\/\"},{\"@type\":\"ListItem\",\"position\":2,\"name\":\"Tienda\",\"item\":\"https:\/\/demoweb.info\/sexshop001\/tienda\/\"},{\"@type\":\"ListItem\",\"position\":3,\"name\":\"COLT BARRA CON ESPOSAS\"}]},{\"@type\":\"WebSite\",\"@id\":\"https:\/\/demoweb.info\/sexshop001\/#website\",\"url\":\"https:\/\/demoweb.info\/sexshop001\/\",\"name\":\"Tienda Er\u00f3tica\",\"description\":\"DEMOWEB SL\",\"potentialAction\":[{\"@type\":\"SearchAction\",\"target\":{\"@type\":\"EntryPoint\",\"urlTemplate\":\"https:\/\/demoweb.info\/sexshop001\/?s={search_term_string}\"},\"query-input\":\"required name=search_term_string\"}],\"inLanguage\":\"es\"}]}<\/script>\n<!-- \/ Yoast SEO plugin. -->","yoast_head_json":{"title":"COLT BARRA CON ESPOSAS - Tienda Er\u00f3tica","robots":{"index":"noindex","follow":"follow","max-snippet":"max-snippet:-1","max-image-preview":"max-image-preview:large","max-video-preview":"max-video-preview:-1"},"og_locale":"es_ES","og_type":"article","og_title":"COLT BARRA CON ESPOSAS - Tienda Er\u00f3tica","og_description":"D\u00e9jate llevar por la pasi\u00f3n con el Colt\u00ae Camo Spread. Disfruta de la pasi\u00f3n primordial mientras la barra separadora de","og_url":"https:\/\/demoweb.info\/sexshop001\/producto\/colt-barra-con-esposas\/","og_site_name":"Tienda Er\u00f3tica","article_modified_time":"2022-01-22T10:05:24+00:00","og_image":[{"width":550,"height":550,"url":"https:\/\/demoweb.info\/sexshop001\/wp-content\/uploads\/2022\/01\/COLT-BARRA-CON-ESPOSAS.jpg","type":"image\/jpeg"}],"twitter_card":"summary_large_image","twitter_misc":{"Tiempo de lectura":"1 minuto"},"schema":{"@context":"https:\/\/schema.org","@graph":[{"@type":"WebPage","@id":"https:\/\/demoweb.info\/sexshop001\/producto\/colt-barra-con-esposas\/","url":"https:\/\/demoweb.info\/sexshop001\/producto\/colt-barra-con-esposas\/","name":"COLT BARRA CON ESPOSAS - Tienda Er\u00f3tica","isPartOf":{"@id":"https:\/\/demoweb.info\/sexshop001\/#website"},"datePublished":"2022-01-22T10:05:03+00:00","dateModified":"2022-01-22T10:05:24+00:00","breadcrumb":{"@id":"https:\/\/demoweb.info\/sexshop001\/producto\/colt-barra-con-esposas\/#breadcrumb"},"inLanguage":"es","potentialAction":[{"@type":"ReadAction","target":["https:\/\/demoweb.info\/sexshop001\/producto\/colt-barra-con-esposas\/"]}]},{"@type":"BreadcrumbList","@id":"https:\/\/demoweb.info\/sexshop001\/producto\/colt-barra-con-esposas\/#breadcrumb","itemListElement":[{"@type":"ListItem","position":1,"name":"Portada","item":"https:\/\/demoweb.info\/sexshop001\/"},{"@type":"ListItem","position":2,"name":"Tienda","item":"https:\/\/demoweb.info\/sexshop001\/tienda\/"},{"@type":"ListItem","position":3,"name":"COLT BARRA CON ESPOSAS"}]},{"@type":"WebSite","@id":"https:\/\/demoweb.info\/sexshop001\/#website","url":"https:\/\/demoweb.info\/sexshop001\/","name":"Tienda Er\u00f3tica","description":"DEMOWEB SL","potentialAction":[{"@type":"SearchAction","target":{"@type":"EntryPoint","urlTemplate":"https:\/\/demoweb.info\/sexshop001\/?s={search_term_string}"},"query-input":"required name=search_term_string"}],"inLanguage":"es"}]}},"_links":{"self":[{"href":"https:\/\/demoweb.info\/sexshop001\/wp-json\/wp\/v3\/product\/19892","targetHints":{"allow":["GET"]}}],"collection":[{"href":"https:\/\/demoweb.info\/sexshop001\/wp-json\/wp\/v3\/product"}],"about":[{"href":"https:\/\/demoweb.info\/sexshop001\/wp-json\/wp\/v2\/types\/product"}],"replies":[{"embeddable":true,"href":"https:\/\/demoweb.info\/sexshop001\/wp-json\/wp\/v2\/comments?post=19892"}],"wp:featuredmedia":[{"embeddable":true,"href":"https:\/\/demoweb.info\/sexshop001\/wp-json\/wp\/v2\/media\/19893"}],"wp:attachment":[{"href":"https:\/\/demoweb.info\/sexshop001\/wp-json\/wp\/v2\/media?parent=19892"}],"wp:term":[{"taxonomy":"product_cat","embeddable":true,"href":"https:\/\/demoweb.info\/sexshop001\/wp-json\/wp\/v2\/product_cat?post=19892"},{"taxonomy":"product_tag","embeddable":true,"href":"https:\/\/demoweb.info\/sexshop001\/wp-json\/wp\/v2\/product_tag?post=19892"}],"curies":[{"name":"wp","href":"https:\/\/api.w.org\/{rel}","templated":true}]}}