{"id":19885,"date":"2022-01-22T11:05:03","date_gmt":"2022-01-22T10:05:03","guid":{"rendered":"https:\/\/demoweb.info\/sexshop001\/producto\/mordaza-camo-bone-gag-hueso\/"},"modified":"2022-01-22T11:05:21","modified_gmt":"2022-01-22T10:05:21","slug":"mordaza-camo-bone-gag-hueso","status":"publish","type":"product","link":"https:\/\/demoweb.info\/sexshop001\/producto\/mordaza-camo-bone-gag-hueso\/","title":{"rendered":"MORDAZA CAMO BONE GAG &#8211; HUESO"},"content":{"rendered":"<\/p>\n<p>D\u00e9jate llevar por la pasi\u00f3n con el Colt\u00ae Camo Bone Gag masculino.<br \/>\nDisfruta y  eleva el placer con la mordaza de silicona flexible con forma de hueso, el interior acolchado de cuero vegano y la lona de camuflaje resistente. Pi\u00e9rdete en la sumisi\u00f3n y entr\u00e9gate a los caprichos er\u00f3ticos de tu amante con el hueso de silicona mordible.<br \/>\nEl material seguro para el cuerpo se flexiona con cada mordisco para ofrecer lo \u00faltimo en juego de sujeci\u00f3n. Da vida a tus deseos m\u00e1s traviesos cuando envuelvas a tu amante con las correas de doble acolchado. La tela duradera de camuflaje y la piel sint\u00e9tica acolchada de PU se dise\u00f1aron pensando en la comodidad y el control er\u00f3tico.<br \/>\nPara asegurarse de que la bola no se mueva, cada mordaza  est\u00e1 hecha con un cierre de hebilla de hierro sin n\u00edquel ajustable. Para asegurarte  de que disfrutas de tus juguetes de sujeci\u00f3n durante el mayor tiempo posible, l\u00e1valos a mano con jab\u00f3n en agua tibia despu\u00e9s de usarlos y cu\u00e9lguelos para secarlos, guardalo en un lugar fresco y seco.<\/p>\n<p><strong>Longitud total <\/strong>   12.75 cm <br \/>\n<strong>Bodysafe    <\/strong>Si<br \/>\n<strong>Material    <\/strong>Silicona (hueso) Cotton PU (forro correa) Nickel-Free and Non-Tarnishing Iron (hebilla, anillos) Nickel-Free and Non-Tarnishing Copper (remaches)<\/p>\n","protected":false},"excerpt":{"rendered":"<p>D\u00e9jate llevar por la pasi\u00f3n con el Colt\u00ae Camo Bone Gag masculino. Disfruta y eleva el placer con la mordaza<\/p>\n","protected":false},"featured_media":19886,"comment_status":"open","ping_status":"open","template":"","meta":[],"product_cat":[288],"product_tag":[660,724],"class_list":["post-19885","product","type-product","status-publish","has-post-thumbnail","hentry","product_cat-mordazas","product_tag-calexotics","product_tag-colt-gear"],"bundled_by":[],"bundle_stock_status":"instock","bundle_stock_quantity":1,"bundle_virtual":false,"bundle_layout":"","bundle_add_to_cart_form_location":"","bundle_editable_in_cart":false,"bundle_sold_individually_context":"","bundle_item_grouping":"","bundle_min_size":"","bundle_max_size":"","bundled_items":[],"yoast_head":"<!-- This site is optimized with the Yoast SEO plugin v20.6 - https:\/\/yoast.com\/wordpress\/plugins\/seo\/ -->\n<title>MORDAZA CAMO BONE GAG - HUESO - Tienda Er\u00f3tica<\/title>\n<meta name=\"robots\" content=\"noindex, follow, max-snippet:-1, max-image-preview:large, max-video-preview:-1\" \/>\n<meta property=\"og:locale\" content=\"es_ES\" \/>\n<meta property=\"og:type\" content=\"article\" \/>\n<meta property=\"og:title\" content=\"MORDAZA CAMO BONE GAG - HUESO - Tienda Er\u00f3tica\" \/>\n<meta property=\"og:description\" content=\"D\u00e9jate llevar por la pasi\u00f3n con el Colt\u00ae Camo Bone Gag masculino. Disfruta y eleva el placer con la mordaza\" \/>\n<meta property=\"og:url\" content=\"https:\/\/demoweb.info\/sexshop001\/producto\/mordaza-camo-bone-gag-hueso\/\" \/>\n<meta property=\"og:site_name\" content=\"Tienda Er\u00f3tica\" \/>\n<meta property=\"article:modified_time\" content=\"2022-01-22T10:05:21+00:00\" \/>\n<meta property=\"og:image\" content=\"https:\/\/demoweb.info\/sexshop001\/wp-content\/uploads\/2022\/01\/MORDAZA-CAMO-BONE-GAG-HUESO.jpg\" \/>\n\t<meta property=\"og:image:width\" content=\"550\" \/>\n\t<meta property=\"og:image:height\" content=\"550\" \/>\n\t<meta property=\"og:image:type\" content=\"image\/jpeg\" \/>\n<meta name=\"twitter:card\" content=\"summary_large_image\" \/>\n<meta name=\"twitter:label1\" content=\"Tiempo de lectura\" \/>\n\t<meta name=\"twitter:data1\" content=\"1 minuto\" \/>\n<script type=\"application\/ld+json\" class=\"yoast-schema-graph\">{\"@context\":\"https:\/\/schema.org\",\"@graph\":[{\"@type\":\"WebPage\",\"@id\":\"https:\/\/demoweb.info\/sexshop001\/producto\/mordaza-camo-bone-gag-hueso\/\",\"url\":\"https:\/\/demoweb.info\/sexshop001\/producto\/mordaza-camo-bone-gag-hueso\/\",\"name\":\"MORDAZA CAMO BONE GAG - HUESO - Tienda Er\u00f3tica\",\"isPartOf\":{\"@id\":\"https:\/\/demoweb.info\/sexshop001\/#website\"},\"datePublished\":\"2022-01-22T10:05:03+00:00\",\"dateModified\":\"2022-01-22T10:05:21+00:00\",\"breadcrumb\":{\"@id\":\"https:\/\/demoweb.info\/sexshop001\/producto\/mordaza-camo-bone-gag-hueso\/#breadcrumb\"},\"inLanguage\":\"es\",\"potentialAction\":[{\"@type\":\"ReadAction\",\"target\":[\"https:\/\/demoweb.info\/sexshop001\/producto\/mordaza-camo-bone-gag-hueso\/\"]}]},{\"@type\":\"BreadcrumbList\",\"@id\":\"https:\/\/demoweb.info\/sexshop001\/producto\/mordaza-camo-bone-gag-hueso\/#breadcrumb\",\"itemListElement\":[{\"@type\":\"ListItem\",\"position\":1,\"name\":\"Portada\",\"item\":\"https:\/\/demoweb.info\/sexshop001\/\"},{\"@type\":\"ListItem\",\"position\":2,\"name\":\"Tienda\",\"item\":\"https:\/\/demoweb.info\/sexshop001\/tienda\/\"},{\"@type\":\"ListItem\",\"position\":3,\"name\":\"MORDAZA CAMO BONE GAG &#8211; HUESO\"}]},{\"@type\":\"WebSite\",\"@id\":\"https:\/\/demoweb.info\/sexshop001\/#website\",\"url\":\"https:\/\/demoweb.info\/sexshop001\/\",\"name\":\"Tienda Er\u00f3tica\",\"description\":\"DEMOWEB SL\",\"potentialAction\":[{\"@type\":\"SearchAction\",\"target\":{\"@type\":\"EntryPoint\",\"urlTemplate\":\"https:\/\/demoweb.info\/sexshop001\/?s={search_term_string}\"},\"query-input\":\"required name=search_term_string\"}],\"inLanguage\":\"es\"}]}<\/script>\n<!-- \/ Yoast SEO plugin. -->","yoast_head_json":{"title":"MORDAZA CAMO BONE GAG - HUESO - Tienda Er\u00f3tica","robots":{"index":"noindex","follow":"follow","max-snippet":"max-snippet:-1","max-image-preview":"max-image-preview:large","max-video-preview":"max-video-preview:-1"},"og_locale":"es_ES","og_type":"article","og_title":"MORDAZA CAMO BONE GAG - HUESO - Tienda Er\u00f3tica","og_description":"D\u00e9jate llevar por la pasi\u00f3n con el Colt\u00ae Camo Bone Gag masculino. Disfruta y eleva el placer con la mordaza","og_url":"https:\/\/demoweb.info\/sexshop001\/producto\/mordaza-camo-bone-gag-hueso\/","og_site_name":"Tienda Er\u00f3tica","article_modified_time":"2022-01-22T10:05:21+00:00","og_image":[{"width":550,"height":550,"url":"https:\/\/demoweb.info\/sexshop001\/wp-content\/uploads\/2022\/01\/MORDAZA-CAMO-BONE-GAG-HUESO.jpg","type":"image\/jpeg"}],"twitter_card":"summary_large_image","twitter_misc":{"Tiempo de lectura":"1 minuto"},"schema":{"@context":"https:\/\/schema.org","@graph":[{"@type":"WebPage","@id":"https:\/\/demoweb.info\/sexshop001\/producto\/mordaza-camo-bone-gag-hueso\/","url":"https:\/\/demoweb.info\/sexshop001\/producto\/mordaza-camo-bone-gag-hueso\/","name":"MORDAZA CAMO BONE GAG - HUESO - Tienda Er\u00f3tica","isPartOf":{"@id":"https:\/\/demoweb.info\/sexshop001\/#website"},"datePublished":"2022-01-22T10:05:03+00:00","dateModified":"2022-01-22T10:05:21+00:00","breadcrumb":{"@id":"https:\/\/demoweb.info\/sexshop001\/producto\/mordaza-camo-bone-gag-hueso\/#breadcrumb"},"inLanguage":"es","potentialAction":[{"@type":"ReadAction","target":["https:\/\/demoweb.info\/sexshop001\/producto\/mordaza-camo-bone-gag-hueso\/"]}]},{"@type":"BreadcrumbList","@id":"https:\/\/demoweb.info\/sexshop001\/producto\/mordaza-camo-bone-gag-hueso\/#breadcrumb","itemListElement":[{"@type":"ListItem","position":1,"name":"Portada","item":"https:\/\/demoweb.info\/sexshop001\/"},{"@type":"ListItem","position":2,"name":"Tienda","item":"https:\/\/demoweb.info\/sexshop001\/tienda\/"},{"@type":"ListItem","position":3,"name":"MORDAZA CAMO BONE GAG &#8211; HUESO"}]},{"@type":"WebSite","@id":"https:\/\/demoweb.info\/sexshop001\/#website","url":"https:\/\/demoweb.info\/sexshop001\/","name":"Tienda Er\u00f3tica","description":"DEMOWEB SL","potentialAction":[{"@type":"SearchAction","target":{"@type":"EntryPoint","urlTemplate":"https:\/\/demoweb.info\/sexshop001\/?s={search_term_string}"},"query-input":"required name=search_term_string"}],"inLanguage":"es"}]}},"_links":{"self":[{"href":"https:\/\/demoweb.info\/sexshop001\/wp-json\/wp\/v3\/product\/19885","targetHints":{"allow":["GET"]}}],"collection":[{"href":"https:\/\/demoweb.info\/sexshop001\/wp-json\/wp\/v3\/product"}],"about":[{"href":"https:\/\/demoweb.info\/sexshop001\/wp-json\/wp\/v2\/types\/product"}],"replies":[{"embeddable":true,"href":"https:\/\/demoweb.info\/sexshop001\/wp-json\/wp\/v2\/comments?post=19885"}],"wp:featuredmedia":[{"embeddable":true,"href":"https:\/\/demoweb.info\/sexshop001\/wp-json\/wp\/v2\/media\/19886"}],"wp:attachment":[{"href":"https:\/\/demoweb.info\/sexshop001\/wp-json\/wp\/v2\/media?parent=19885"}],"wp:term":[{"taxonomy":"product_cat","embeddable":true,"href":"https:\/\/demoweb.info\/sexshop001\/wp-json\/wp\/v2\/product_cat?post=19885"},{"taxonomy":"product_tag","embeddable":true,"href":"https:\/\/demoweb.info\/sexshop001\/wp-json\/wp\/v2\/product_tag?post=19885"}],"curies":[{"name":"wp","href":"https:\/\/api.w.org\/{rel}","templated":true}]}}