{"id":19871,"date":"2022-01-22T11:05:03","date_gmt":"2022-01-22T10:05:03","guid":{"rendered":"https:\/\/demoweb.info\/sexshop001\/producto\/anillo-colt-soporte-escroto\/"},"modified":"2022-01-22T11:05:14","modified_gmt":"2022-01-22T10:05:14","slug":"anillo-colt-soporte-escroto","status":"publish","type":"product","link":"https:\/\/demoweb.info\/sexshop001\/producto\/anillo-colt-soporte-escroto\/","title":{"rendered":"ANILLO COLT SOPORTE ESCROTO"},"content":{"rendered":"<p><strong>COLT SNUG GRIP <\/strong><\/p>\n<p>Los innovadores del placer centrado en los hombres de Colt\u00ae se han superado nuevamente al crear el Colt\u00ae Snug Grip extra el\u00e1stico.<br \/>\nDesde principiantes t\u00edmidos hasta expertos, el Colt\u00ae Snug Grip te envolver\u00e1 de placer con el anillo reforzador el\u00e1stico y el soporte de escroto incorporado. El potenciador el\u00e1stico y c\u00f3modo se cre\u00f3 para aumentar la resistencia, mejorar la sensibilidad y brindar un soporte superior para la erecci\u00f3n.<\/p>\n<p><strong>Longitud total <\/strong> 7 cm<br \/>\n<strong>Di\u00e1metro <\/strong>\u00d8 Eje: 3.75 cm \/ Escroto: 5 cm<br \/>\n<strong>Impermeable<\/strong> Si<br \/>\n<strong>Bodysafe <\/strong>Si<br \/>\n<strong>Material <\/strong>TPE<\/p>\n","protected":false},"excerpt":{"rendered":"<p>COLT SNUG GRIP Los innovadores del placer centrado en los hombres de Colt\u00ae se han superado nuevamente al crear el<\/p>\n","protected":false},"featured_media":19872,"comment_status":"open","ping_status":"open","template":"","meta":[],"product_cat":[643],"product_tag":[660,724],"class_list":["post-19871","product","type-product","status-publish","has-post-thumbnail","hentry","product_cat-basicos-anillos","product_tag-calexotics","product_tag-colt-gear"],"bundled_by":[],"bundle_stock_status":"instock","bundle_stock_quantity":1,"bundle_virtual":false,"bundle_layout":"","bundle_add_to_cart_form_location":"","bundle_editable_in_cart":false,"bundle_sold_individually_context":"","bundle_item_grouping":"","bundle_min_size":"","bundle_max_size":"","bundled_items":[],"yoast_head":"<!-- This site is optimized with the Yoast SEO plugin v20.6 - https:\/\/yoast.com\/wordpress\/plugins\/seo\/ -->\n<title>ANILLO COLT SOPORTE ESCROTO - Tienda Er\u00f3tica<\/title>\n<meta name=\"robots\" content=\"noindex, follow, max-snippet:-1, max-image-preview:large, max-video-preview:-1\" \/>\n<meta property=\"og:locale\" content=\"es_ES\" \/>\n<meta property=\"og:type\" content=\"article\" \/>\n<meta property=\"og:title\" content=\"ANILLO COLT SOPORTE ESCROTO - Tienda Er\u00f3tica\" \/>\n<meta property=\"og:description\" content=\"COLT SNUG GRIP Los innovadores del placer centrado en los hombres de Colt\u00ae se han superado nuevamente al crear el\" \/>\n<meta property=\"og:url\" content=\"https:\/\/demoweb.info\/sexshop001\/producto\/anillo-colt-soporte-escroto\/\" \/>\n<meta property=\"og:site_name\" content=\"Tienda Er\u00f3tica\" \/>\n<meta property=\"article:modified_time\" content=\"2022-01-22T10:05:14+00:00\" \/>\n<meta property=\"og:image\" content=\"https:\/\/demoweb.info\/sexshop001\/wp-content\/uploads\/2022\/01\/ANILLO-COLT-SOPORTE-ESCROTO.jpg\" \/>\n\t<meta property=\"og:image:width\" content=\"550\" \/>\n\t<meta property=\"og:image:height\" content=\"550\" \/>\n\t<meta property=\"og:image:type\" content=\"image\/jpeg\" \/>\n<meta name=\"twitter:card\" content=\"summary_large_image\" \/>\n<script type=\"application\/ld+json\" class=\"yoast-schema-graph\">{\"@context\":\"https:\/\/schema.org\",\"@graph\":[{\"@type\":\"WebPage\",\"@id\":\"https:\/\/demoweb.info\/sexshop001\/producto\/anillo-colt-soporte-escroto\/\",\"url\":\"https:\/\/demoweb.info\/sexshop001\/producto\/anillo-colt-soporte-escroto\/\",\"name\":\"ANILLO COLT SOPORTE ESCROTO - Tienda Er\u00f3tica\",\"isPartOf\":{\"@id\":\"https:\/\/demoweb.info\/sexshop001\/#website\"},\"datePublished\":\"2022-01-22T10:05:03+00:00\",\"dateModified\":\"2022-01-22T10:05:14+00:00\",\"breadcrumb\":{\"@id\":\"https:\/\/demoweb.info\/sexshop001\/producto\/anillo-colt-soporte-escroto\/#breadcrumb\"},\"inLanguage\":\"es\",\"potentialAction\":[{\"@type\":\"ReadAction\",\"target\":[\"https:\/\/demoweb.info\/sexshop001\/producto\/anillo-colt-soporte-escroto\/\"]}]},{\"@type\":\"BreadcrumbList\",\"@id\":\"https:\/\/demoweb.info\/sexshop001\/producto\/anillo-colt-soporte-escroto\/#breadcrumb\",\"itemListElement\":[{\"@type\":\"ListItem\",\"position\":1,\"name\":\"Portada\",\"item\":\"https:\/\/demoweb.info\/sexshop001\/\"},{\"@type\":\"ListItem\",\"position\":2,\"name\":\"Tienda\",\"item\":\"https:\/\/demoweb.info\/sexshop001\/tienda\/\"},{\"@type\":\"ListItem\",\"position\":3,\"name\":\"ANILLO COLT SOPORTE ESCROTO\"}]},{\"@type\":\"WebSite\",\"@id\":\"https:\/\/demoweb.info\/sexshop001\/#website\",\"url\":\"https:\/\/demoweb.info\/sexshop001\/\",\"name\":\"Tienda Er\u00f3tica\",\"description\":\"DEMOWEB SL\",\"potentialAction\":[{\"@type\":\"SearchAction\",\"target\":{\"@type\":\"EntryPoint\",\"urlTemplate\":\"https:\/\/demoweb.info\/sexshop001\/?s={search_term_string}\"},\"query-input\":\"required name=search_term_string\"}],\"inLanguage\":\"es\"}]}<\/script>\n<!-- \/ Yoast SEO plugin. -->","yoast_head_json":{"title":"ANILLO COLT SOPORTE ESCROTO - Tienda Er\u00f3tica","robots":{"index":"noindex","follow":"follow","max-snippet":"max-snippet:-1","max-image-preview":"max-image-preview:large","max-video-preview":"max-video-preview:-1"},"og_locale":"es_ES","og_type":"article","og_title":"ANILLO COLT SOPORTE ESCROTO - Tienda Er\u00f3tica","og_description":"COLT SNUG GRIP Los innovadores del placer centrado en los hombres de Colt\u00ae se han superado nuevamente al crear el","og_url":"https:\/\/demoweb.info\/sexshop001\/producto\/anillo-colt-soporte-escroto\/","og_site_name":"Tienda Er\u00f3tica","article_modified_time":"2022-01-22T10:05:14+00:00","og_image":[{"width":550,"height":550,"url":"https:\/\/demoweb.info\/sexshop001\/wp-content\/uploads\/2022\/01\/ANILLO-COLT-SOPORTE-ESCROTO.jpg","type":"image\/jpeg"}],"twitter_card":"summary_large_image","schema":{"@context":"https:\/\/schema.org","@graph":[{"@type":"WebPage","@id":"https:\/\/demoweb.info\/sexshop001\/producto\/anillo-colt-soporte-escroto\/","url":"https:\/\/demoweb.info\/sexshop001\/producto\/anillo-colt-soporte-escroto\/","name":"ANILLO COLT SOPORTE ESCROTO - Tienda Er\u00f3tica","isPartOf":{"@id":"https:\/\/demoweb.info\/sexshop001\/#website"},"datePublished":"2022-01-22T10:05:03+00:00","dateModified":"2022-01-22T10:05:14+00:00","breadcrumb":{"@id":"https:\/\/demoweb.info\/sexshop001\/producto\/anillo-colt-soporte-escroto\/#breadcrumb"},"inLanguage":"es","potentialAction":[{"@type":"ReadAction","target":["https:\/\/demoweb.info\/sexshop001\/producto\/anillo-colt-soporte-escroto\/"]}]},{"@type":"BreadcrumbList","@id":"https:\/\/demoweb.info\/sexshop001\/producto\/anillo-colt-soporte-escroto\/#breadcrumb","itemListElement":[{"@type":"ListItem","position":1,"name":"Portada","item":"https:\/\/demoweb.info\/sexshop001\/"},{"@type":"ListItem","position":2,"name":"Tienda","item":"https:\/\/demoweb.info\/sexshop001\/tienda\/"},{"@type":"ListItem","position":3,"name":"ANILLO COLT SOPORTE ESCROTO"}]},{"@type":"WebSite","@id":"https:\/\/demoweb.info\/sexshop001\/#website","url":"https:\/\/demoweb.info\/sexshop001\/","name":"Tienda Er\u00f3tica","description":"DEMOWEB SL","potentialAction":[{"@type":"SearchAction","target":{"@type":"EntryPoint","urlTemplate":"https:\/\/demoweb.info\/sexshop001\/?s={search_term_string}"},"query-input":"required name=search_term_string"}],"inLanguage":"es"}]}},"_links":{"self":[{"href":"https:\/\/demoweb.info\/sexshop001\/wp-json\/wp\/v3\/product\/19871","targetHints":{"allow":["GET"]}}],"collection":[{"href":"https:\/\/demoweb.info\/sexshop001\/wp-json\/wp\/v3\/product"}],"about":[{"href":"https:\/\/demoweb.info\/sexshop001\/wp-json\/wp\/v2\/types\/product"}],"replies":[{"embeddable":true,"href":"https:\/\/demoweb.info\/sexshop001\/wp-json\/wp\/v2\/comments?post=19871"}],"wp:featuredmedia":[{"embeddable":true,"href":"https:\/\/demoweb.info\/sexshop001\/wp-json\/wp\/v2\/media\/19872"}],"wp:attachment":[{"href":"https:\/\/demoweb.info\/sexshop001\/wp-json\/wp\/v2\/media?parent=19871"}],"wp:term":[{"taxonomy":"product_cat","embeddable":true,"href":"https:\/\/demoweb.info\/sexshop001\/wp-json\/wp\/v2\/product_cat?post=19871"},{"taxonomy":"product_tag","embeddable":true,"href":"https:\/\/demoweb.info\/sexshop001\/wp-json\/wp\/v2\/product_tag?post=19871"}],"curies":[{"name":"wp","href":"https:\/\/api.w.org\/{rel}","templated":true}]}}