{"id":19866,"date":"2022-01-22T11:05:03","date_gmt":"2022-01-22T10:05:03","guid":{"rendered":"https:\/\/demoweb.info\/sexshop001\/producto\/funda-triple-anillo-gris\/"},"modified":"2022-01-22T11:05:12","modified_gmt":"2022-01-22T10:05:12","slug":"funda-triple-anillo-gris","status":"publish","type":"product","link":"https:\/\/demoweb.info\/sexshop001\/producto\/funda-triple-anillo-gris\/","title":{"rendered":"FUNDA TRIPLE ANILLO &#8211; GRIS"},"content":{"rendered":"<pre>\n<span style=&quot;font-family:tahoma,geneva,sans-serif&quot;>Aumenta tu \u00e9xtasis org\u00e1smico con el vers\u00e1til apilador triple de anillos de circunferencia con cuentas Dr. Joel Kaplan.\nEl protector de erecci\u00f3n suave y ultra el\u00e1stico eleva su rendimiento, apoya la resistencia y mantiene una erecci\u00f3n dura como una roca para un juego placentero prolongado. \nEl potenciador f\u00e1cil de usar es adecuado para usuarios principiantes y experimentados.\nEl potenciador suave y flexible est\u00e1 hecho de TPR ultra suave y s\u00faper el\u00e1stico, sin ftalatos, y mide un discreto 8.25 cm x 3.75 cm. El anillo para el pene est\u00e1 contorneado para proporcionar un soporte \u00f3ptimo al mismo tiempo que aumenta la circunferencia e intensifica la experiencia de estimulaci\u00f3n er\u00f3tica. El anillo est\u00e1 tachonado sensualmente con cuentas texturizadas y crestas de placer para la satisfacci\u00f3n mutua.\nEl anillo es c\u00f3modo de usar, para intensificar los tentadores hormigueos y sensaciones, utiliza siempre un lubricante de calidad. Limpia el anillo con un spray limpiador de juguetes o agua y jab\u00f3n , antes y despu\u00e9s de cada uso.\n\n<strong>Longitud total<\/strong> : 8.25 cm x 3.75 cm\n<strong>Material : <\/strong>TPR\n<\/span>\n<\/pre>\n","protected":false},"excerpt":{"rendered":"<p>Aumenta tu \u00e9xtasis org\u00e1smico con el vers\u00e1til apilador triple de anillos de circunferencia con cuentas Dr. Joel Kaplan. El protector<\/p>\n","protected":false},"featured_media":19867,"comment_status":"open","ping_status":"open","template":"","meta":[],"product_cat":[704],"product_tag":[660,975],"class_list":["post-19866","product","type-product","status-publish","has-post-thumbnail","hentry","product_cat-silicona-fundas","product_tag-calexotics","product_tag-dr-joel-kaplan"],"bundled_by":[],"bundle_stock_status":"instock","bundle_stock_quantity":2,"bundle_virtual":false,"bundle_layout":"","bundle_add_to_cart_form_location":"","bundle_editable_in_cart":false,"bundle_sold_individually_context":"","bundle_item_grouping":"","bundle_min_size":"","bundle_max_size":"","bundled_items":[],"yoast_head":"<!-- This site is optimized with the Yoast SEO plugin v20.6 - https:\/\/yoast.com\/wordpress\/plugins\/seo\/ -->\n<title>FUNDA TRIPLE ANILLO - GRIS - Tienda Er\u00f3tica<\/title>\n<meta name=\"robots\" content=\"noindex, follow, max-snippet:-1, max-image-preview:large, max-video-preview:-1\" \/>\n<meta property=\"og:locale\" content=\"es_ES\" \/>\n<meta property=\"og:type\" content=\"article\" \/>\n<meta property=\"og:title\" content=\"FUNDA TRIPLE ANILLO - GRIS - Tienda Er\u00f3tica\" \/>\n<meta property=\"og:description\" content=\"Aumenta tu \u00e9xtasis org\u00e1smico con el vers\u00e1til apilador triple de anillos de circunferencia con cuentas Dr. Joel Kaplan. El protector\" \/>\n<meta property=\"og:url\" content=\"https:\/\/demoweb.info\/sexshop001\/producto\/funda-triple-anillo-gris\/\" \/>\n<meta property=\"og:site_name\" content=\"Tienda Er\u00f3tica\" \/>\n<meta property=\"article:modified_time\" content=\"2022-01-22T10:05:12+00:00\" \/>\n<meta property=\"og:image\" content=\"https:\/\/demoweb.info\/sexshop001\/wp-content\/uploads\/2022\/01\/FUNDA-TRIPLE-ANILLO-GRIS.jpg\" \/>\n\t<meta property=\"og:image:width\" content=\"550\" \/>\n\t<meta property=\"og:image:height\" content=\"550\" \/>\n\t<meta property=\"og:image:type\" content=\"image\/jpeg\" \/>\n<meta name=\"twitter:card\" content=\"summary_large_image\" \/>\n<meta name=\"twitter:label1\" content=\"Tiempo de lectura\" \/>\n\t<meta name=\"twitter:data1\" content=\"1 minuto\" \/>\n<script type=\"application\/ld+json\" class=\"yoast-schema-graph\">{\"@context\":\"https:\/\/schema.org\",\"@graph\":[{\"@type\":\"WebPage\",\"@id\":\"https:\/\/demoweb.info\/sexshop001\/producto\/funda-triple-anillo-gris\/\",\"url\":\"https:\/\/demoweb.info\/sexshop001\/producto\/funda-triple-anillo-gris\/\",\"name\":\"FUNDA TRIPLE ANILLO - GRIS - Tienda Er\u00f3tica\",\"isPartOf\":{\"@id\":\"https:\/\/demoweb.info\/sexshop001\/#website\"},\"datePublished\":\"2022-01-22T10:05:03+00:00\",\"dateModified\":\"2022-01-22T10:05:12+00:00\",\"breadcrumb\":{\"@id\":\"https:\/\/demoweb.info\/sexshop001\/producto\/funda-triple-anillo-gris\/#breadcrumb\"},\"inLanguage\":\"es\",\"potentialAction\":[{\"@type\":\"ReadAction\",\"target\":[\"https:\/\/demoweb.info\/sexshop001\/producto\/funda-triple-anillo-gris\/\"]}]},{\"@type\":\"BreadcrumbList\",\"@id\":\"https:\/\/demoweb.info\/sexshop001\/producto\/funda-triple-anillo-gris\/#breadcrumb\",\"itemListElement\":[{\"@type\":\"ListItem\",\"position\":1,\"name\":\"Portada\",\"item\":\"https:\/\/demoweb.info\/sexshop001\/\"},{\"@type\":\"ListItem\",\"position\":2,\"name\":\"Tienda\",\"item\":\"https:\/\/demoweb.info\/sexshop001\/tienda\/\"},{\"@type\":\"ListItem\",\"position\":3,\"name\":\"FUNDA TRIPLE ANILLO &#8211; GRIS\"}]},{\"@type\":\"WebSite\",\"@id\":\"https:\/\/demoweb.info\/sexshop001\/#website\",\"url\":\"https:\/\/demoweb.info\/sexshop001\/\",\"name\":\"Tienda Er\u00f3tica\",\"description\":\"DEMOWEB SL\",\"potentialAction\":[{\"@type\":\"SearchAction\",\"target\":{\"@type\":\"EntryPoint\",\"urlTemplate\":\"https:\/\/demoweb.info\/sexshop001\/?s={search_term_string}\"},\"query-input\":\"required name=search_term_string\"}],\"inLanguage\":\"es\"}]}<\/script>\n<!-- \/ Yoast SEO plugin. -->","yoast_head_json":{"title":"FUNDA TRIPLE ANILLO - GRIS - Tienda Er\u00f3tica","robots":{"index":"noindex","follow":"follow","max-snippet":"max-snippet:-1","max-image-preview":"max-image-preview:large","max-video-preview":"max-video-preview:-1"},"og_locale":"es_ES","og_type":"article","og_title":"FUNDA TRIPLE ANILLO - GRIS - Tienda Er\u00f3tica","og_description":"Aumenta tu \u00e9xtasis org\u00e1smico con el vers\u00e1til apilador triple de anillos de circunferencia con cuentas Dr. Joel Kaplan. El protector","og_url":"https:\/\/demoweb.info\/sexshop001\/producto\/funda-triple-anillo-gris\/","og_site_name":"Tienda Er\u00f3tica","article_modified_time":"2022-01-22T10:05:12+00:00","og_image":[{"width":550,"height":550,"url":"https:\/\/demoweb.info\/sexshop001\/wp-content\/uploads\/2022\/01\/FUNDA-TRIPLE-ANILLO-GRIS.jpg","type":"image\/jpeg"}],"twitter_card":"summary_large_image","twitter_misc":{"Tiempo de lectura":"1 minuto"},"schema":{"@context":"https:\/\/schema.org","@graph":[{"@type":"WebPage","@id":"https:\/\/demoweb.info\/sexshop001\/producto\/funda-triple-anillo-gris\/","url":"https:\/\/demoweb.info\/sexshop001\/producto\/funda-triple-anillo-gris\/","name":"FUNDA TRIPLE ANILLO - GRIS - Tienda Er\u00f3tica","isPartOf":{"@id":"https:\/\/demoweb.info\/sexshop001\/#website"},"datePublished":"2022-01-22T10:05:03+00:00","dateModified":"2022-01-22T10:05:12+00:00","breadcrumb":{"@id":"https:\/\/demoweb.info\/sexshop001\/producto\/funda-triple-anillo-gris\/#breadcrumb"},"inLanguage":"es","potentialAction":[{"@type":"ReadAction","target":["https:\/\/demoweb.info\/sexshop001\/producto\/funda-triple-anillo-gris\/"]}]},{"@type":"BreadcrumbList","@id":"https:\/\/demoweb.info\/sexshop001\/producto\/funda-triple-anillo-gris\/#breadcrumb","itemListElement":[{"@type":"ListItem","position":1,"name":"Portada","item":"https:\/\/demoweb.info\/sexshop001\/"},{"@type":"ListItem","position":2,"name":"Tienda","item":"https:\/\/demoweb.info\/sexshop001\/tienda\/"},{"@type":"ListItem","position":3,"name":"FUNDA TRIPLE ANILLO &#8211; GRIS"}]},{"@type":"WebSite","@id":"https:\/\/demoweb.info\/sexshop001\/#website","url":"https:\/\/demoweb.info\/sexshop001\/","name":"Tienda Er\u00f3tica","description":"DEMOWEB SL","potentialAction":[{"@type":"SearchAction","target":{"@type":"EntryPoint","urlTemplate":"https:\/\/demoweb.info\/sexshop001\/?s={search_term_string}"},"query-input":"required name=search_term_string"}],"inLanguage":"es"}]}},"_links":{"self":[{"href":"https:\/\/demoweb.info\/sexshop001\/wp-json\/wp\/v3\/product\/19866","targetHints":{"allow":["GET"]}}],"collection":[{"href":"https:\/\/demoweb.info\/sexshop001\/wp-json\/wp\/v3\/product"}],"about":[{"href":"https:\/\/demoweb.info\/sexshop001\/wp-json\/wp\/v2\/types\/product"}],"replies":[{"embeddable":true,"href":"https:\/\/demoweb.info\/sexshop001\/wp-json\/wp\/v2\/comments?post=19866"}],"wp:featuredmedia":[{"embeddable":true,"href":"https:\/\/demoweb.info\/sexshop001\/wp-json\/wp\/v2\/media\/19867"}],"wp:attachment":[{"href":"https:\/\/demoweb.info\/sexshop001\/wp-json\/wp\/v2\/media?parent=19866"}],"wp:term":[{"taxonomy":"product_cat","embeddable":true,"href":"https:\/\/demoweb.info\/sexshop001\/wp-json\/wp\/v2\/product_cat?post=19866"},{"taxonomy":"product_tag","embeddable":true,"href":"https:\/\/demoweb.info\/sexshop001\/wp-json\/wp\/v2\/product_tag?post=19866"}],"curies":[{"name":"wp","href":"https:\/\/api.w.org\/{rel}","templated":true}]}}