{"id":19847,"date":"2022-01-22T11:05:03","date_gmt":"2022-01-22T10:05:03","guid":{"rendered":"https:\/\/demoweb.info\/sexshop001\/producto\/silicona-marvelous-tickler-dedal-de-silicona-turquesa\/"},"modified":"2022-01-22T11:05:04","modified_gmt":"2022-01-22T10:05:04","slug":"silicona-marvelous-tickler-dedal-de-silicona-turquesa","status":"publish","type":"product","link":"https:\/\/demoweb.info\/sexshop001\/producto\/silicona-marvelous-tickler-dedal-de-silicona-turquesa\/","title":{"rendered":"SILICONA MARVELOUS TICKLER &#8211; DEDAL DE SILICONA TURQUESA"},"content":{"rendered":"<p><strong>SILICONE MARVELOUS TICKLER<\/strong><\/p>\n<p>El vibrador de dedos totalmente aut\u00f3nomo seguramente te emocionar\u00e1 con estimulaciones precisas y vibraciones totales.<br \/>\nLa vibraci\u00f3n de los dedos de tama\u00f1o peque\u00f1o a mediano satisface todas tus fantas\u00edas con 10 funciones de vibraci\u00f3n y crestas de placer.<\/p>\n<p>La forma del dedo contorneado y la silicona ultra suave est\u00e1n hechas para explorar el punto m\u00e1s sensual y se\u00f1alar los deseos \u00edntimos. La superficie suavemente acanalada y el cuerpo contorneado le permiten ofrecer vibraciones emocionantes desde cualquier \u00e1ngulo que desees.<\/p>\n<p>Encuentra tu configuraci\u00f3n favorita con solo tocar un bot\u00f3n mientras pasas por 10 poderosas funciones de vibraci\u00f3n y pulsaci\u00f3n. Los botones de control de f\u00e1cil toque te permiten disfrutar de un control sin frustraciones. Aprovecha hasta 55 minutos de placer vibratorio a baja velocidad o 75 minutos de estimulaci\u00f3n de alta intensidad.<\/p>\n<p>Carga tu pasi\u00f3n en solo 1 hora conectando el cable USB proporcionado en el puerto de carga en la parte posterior del masajeador. El discreto masajeador delgado de 10,16 cm lo convierte en el compa\u00f1ero de viaje perfecto, permiti\u00e9ndote abrazar el placer donde quiera que te lleven tus fantas\u00edas.<\/p>\n<p><strong>Longitud total: <\/strong> 10.25 x 3.25 cm<br \/>\n<strong>Modos de vibraci\u00f3n: <\/strong> 10<br \/>\n<strong>Impermeable: <\/strong>Si<br \/>\n<strong>Bodysafe: <\/strong>Si<br \/>\n<strong>Material : <\/strong>Silicona<br \/>\n<strong>Recargable: <\/strong>Si<br \/>\n<strong>Bater\u00edas requeridas: <\/strong> USB Recargable\n <\/p>\n","protected":false},"excerpt":{"rendered":"<p>SILICONE MARVELOUS TICKLER El vibrador de dedos totalmente aut\u00f3nomo seguramente te emocionar\u00e1 con estimulaciones precisas y vibraciones totales. La vibraci\u00f3n<\/p>\n","protected":false},"featured_media":19848,"comment_status":"open","ping_status":"open","template":"","meta":[],"product_cat":[552],"product_tag":[660,974],"class_list":["post-19847","product","type-product","status-publish","has-post-thumbnail","hentry","product_cat-dedales","product_tag-calexotics","product_tag-mini-marvels"],"bundled_by":[],"bundle_stock_status":"outofstock","bundle_stock_quantity":0,"bundle_virtual":false,"bundle_layout":"","bundle_add_to_cart_form_location":"","bundle_editable_in_cart":false,"bundle_sold_individually_context":"","bundle_item_grouping":"","bundle_min_size":"","bundle_max_size":"","bundled_items":[],"yoast_head":"<!-- This site is optimized with the Yoast SEO plugin v20.6 - https:\/\/yoast.com\/wordpress\/plugins\/seo\/ -->\n<title>SILICONA MARVELOUS TICKLER - DEDAL DE SILICONA TURQUESA - Tienda Er\u00f3tica<\/title>\n<meta name=\"robots\" content=\"noindex, follow, max-snippet:-1, max-image-preview:large, max-video-preview:-1\" \/>\n<meta property=\"og:locale\" content=\"es_ES\" \/>\n<meta property=\"og:type\" content=\"article\" \/>\n<meta property=\"og:title\" content=\"SILICONA MARVELOUS TICKLER - DEDAL DE SILICONA TURQUESA - Tienda Er\u00f3tica\" \/>\n<meta property=\"og:description\" content=\"SILICONE MARVELOUS TICKLER El vibrador de dedos totalmente aut\u00f3nomo seguramente te emocionar\u00e1 con estimulaciones precisas y vibraciones totales. La vibraci\u00f3n\" \/>\n<meta property=\"og:url\" content=\"https:\/\/demoweb.info\/sexshop001\/producto\/silicona-marvelous-tickler-dedal-de-silicona-turquesa\/\" \/>\n<meta property=\"og:site_name\" content=\"Tienda Er\u00f3tica\" \/>\n<meta property=\"article:modified_time\" content=\"2022-01-22T10:05:04+00:00\" \/>\n<meta property=\"og:image\" content=\"https:\/\/demoweb.info\/sexshop001\/wp-content\/uploads\/2022\/01\/SILICONA-MARVELOUS-TICKLER-DEDAL-DE-SILICONA-TURQUESA.jpg\" \/>\n\t<meta property=\"og:image:width\" content=\"550\" \/>\n\t<meta property=\"og:image:height\" content=\"550\" \/>\n\t<meta property=\"og:image:type\" content=\"image\/jpeg\" \/>\n<meta name=\"twitter:card\" content=\"summary_large_image\" \/>\n<meta name=\"twitter:label1\" content=\"Tiempo de lectura\" \/>\n\t<meta name=\"twitter:data1\" content=\"1 minuto\" \/>\n<script type=\"application\/ld+json\" class=\"yoast-schema-graph\">{\"@context\":\"https:\/\/schema.org\",\"@graph\":[{\"@type\":\"WebPage\",\"@id\":\"https:\/\/demoweb.info\/sexshop001\/producto\/silicona-marvelous-tickler-dedal-de-silicona-turquesa\/\",\"url\":\"https:\/\/demoweb.info\/sexshop001\/producto\/silicona-marvelous-tickler-dedal-de-silicona-turquesa\/\",\"name\":\"SILICONA MARVELOUS TICKLER - DEDAL DE SILICONA TURQUESA - Tienda Er\u00f3tica\",\"isPartOf\":{\"@id\":\"https:\/\/demoweb.info\/sexshop001\/#website\"},\"datePublished\":\"2022-01-22T10:05:03+00:00\",\"dateModified\":\"2022-01-22T10:05:04+00:00\",\"breadcrumb\":{\"@id\":\"https:\/\/demoweb.info\/sexshop001\/producto\/silicona-marvelous-tickler-dedal-de-silicona-turquesa\/#breadcrumb\"},\"inLanguage\":\"es\",\"potentialAction\":[{\"@type\":\"ReadAction\",\"target\":[\"https:\/\/demoweb.info\/sexshop001\/producto\/silicona-marvelous-tickler-dedal-de-silicona-turquesa\/\"]}]},{\"@type\":\"BreadcrumbList\",\"@id\":\"https:\/\/demoweb.info\/sexshop001\/producto\/silicona-marvelous-tickler-dedal-de-silicona-turquesa\/#breadcrumb\",\"itemListElement\":[{\"@type\":\"ListItem\",\"position\":1,\"name\":\"Portada\",\"item\":\"https:\/\/demoweb.info\/sexshop001\/\"},{\"@type\":\"ListItem\",\"position\":2,\"name\":\"Tienda\",\"item\":\"https:\/\/demoweb.info\/sexshop001\/tienda\/\"},{\"@type\":\"ListItem\",\"position\":3,\"name\":\"SILICONA MARVELOUS TICKLER &#8211; DEDAL DE SILICONA TURQUESA\"}]},{\"@type\":\"WebSite\",\"@id\":\"https:\/\/demoweb.info\/sexshop001\/#website\",\"url\":\"https:\/\/demoweb.info\/sexshop001\/\",\"name\":\"Tienda Er\u00f3tica\",\"description\":\"DEMOWEB SL\",\"potentialAction\":[{\"@type\":\"SearchAction\",\"target\":{\"@type\":\"EntryPoint\",\"urlTemplate\":\"https:\/\/demoweb.info\/sexshop001\/?s={search_term_string}\"},\"query-input\":\"required name=search_term_string\"}],\"inLanguage\":\"es\"}]}<\/script>\n<!-- \/ Yoast SEO plugin. -->","yoast_head_json":{"title":"SILICONA MARVELOUS TICKLER - DEDAL DE SILICONA TURQUESA - Tienda Er\u00f3tica","robots":{"index":"noindex","follow":"follow","max-snippet":"max-snippet:-1","max-image-preview":"max-image-preview:large","max-video-preview":"max-video-preview:-1"},"og_locale":"es_ES","og_type":"article","og_title":"SILICONA MARVELOUS TICKLER - DEDAL DE SILICONA TURQUESA - Tienda Er\u00f3tica","og_description":"SILICONE MARVELOUS TICKLER El vibrador de dedos totalmente aut\u00f3nomo seguramente te emocionar\u00e1 con estimulaciones precisas y vibraciones totales. La vibraci\u00f3n","og_url":"https:\/\/demoweb.info\/sexshop001\/producto\/silicona-marvelous-tickler-dedal-de-silicona-turquesa\/","og_site_name":"Tienda Er\u00f3tica","article_modified_time":"2022-01-22T10:05:04+00:00","og_image":[{"width":550,"height":550,"url":"https:\/\/demoweb.info\/sexshop001\/wp-content\/uploads\/2022\/01\/SILICONA-MARVELOUS-TICKLER-DEDAL-DE-SILICONA-TURQUESA.jpg","type":"image\/jpeg"}],"twitter_card":"summary_large_image","twitter_misc":{"Tiempo de lectura":"1 minuto"},"schema":{"@context":"https:\/\/schema.org","@graph":[{"@type":"WebPage","@id":"https:\/\/demoweb.info\/sexshop001\/producto\/silicona-marvelous-tickler-dedal-de-silicona-turquesa\/","url":"https:\/\/demoweb.info\/sexshop001\/producto\/silicona-marvelous-tickler-dedal-de-silicona-turquesa\/","name":"SILICONA MARVELOUS TICKLER - DEDAL DE SILICONA TURQUESA - Tienda Er\u00f3tica","isPartOf":{"@id":"https:\/\/demoweb.info\/sexshop001\/#website"},"datePublished":"2022-01-22T10:05:03+00:00","dateModified":"2022-01-22T10:05:04+00:00","breadcrumb":{"@id":"https:\/\/demoweb.info\/sexshop001\/producto\/silicona-marvelous-tickler-dedal-de-silicona-turquesa\/#breadcrumb"},"inLanguage":"es","potentialAction":[{"@type":"ReadAction","target":["https:\/\/demoweb.info\/sexshop001\/producto\/silicona-marvelous-tickler-dedal-de-silicona-turquesa\/"]}]},{"@type":"BreadcrumbList","@id":"https:\/\/demoweb.info\/sexshop001\/producto\/silicona-marvelous-tickler-dedal-de-silicona-turquesa\/#breadcrumb","itemListElement":[{"@type":"ListItem","position":1,"name":"Portada","item":"https:\/\/demoweb.info\/sexshop001\/"},{"@type":"ListItem","position":2,"name":"Tienda","item":"https:\/\/demoweb.info\/sexshop001\/tienda\/"},{"@type":"ListItem","position":3,"name":"SILICONA MARVELOUS TICKLER &#8211; DEDAL DE SILICONA TURQUESA"}]},{"@type":"WebSite","@id":"https:\/\/demoweb.info\/sexshop001\/#website","url":"https:\/\/demoweb.info\/sexshop001\/","name":"Tienda Er\u00f3tica","description":"DEMOWEB SL","potentialAction":[{"@type":"SearchAction","target":{"@type":"EntryPoint","urlTemplate":"https:\/\/demoweb.info\/sexshop001\/?s={search_term_string}"},"query-input":"required name=search_term_string"}],"inLanguage":"es"}]}},"_links":{"self":[{"href":"https:\/\/demoweb.info\/sexshop001\/wp-json\/wp\/v3\/product\/19847","targetHints":{"allow":["GET"]}}],"collection":[{"href":"https:\/\/demoweb.info\/sexshop001\/wp-json\/wp\/v3\/product"}],"about":[{"href":"https:\/\/demoweb.info\/sexshop001\/wp-json\/wp\/v2\/types\/product"}],"replies":[{"embeddable":true,"href":"https:\/\/demoweb.info\/sexshop001\/wp-json\/wp\/v2\/comments?post=19847"}],"wp:featuredmedia":[{"embeddable":true,"href":"https:\/\/demoweb.info\/sexshop001\/wp-json\/wp\/v2\/media\/19848"}],"wp:attachment":[{"href":"https:\/\/demoweb.info\/sexshop001\/wp-json\/wp\/v2\/media?parent=19847"}],"wp:term":[{"taxonomy":"product_cat","embeddable":true,"href":"https:\/\/demoweb.info\/sexshop001\/wp-json\/wp\/v2\/product_cat?post=19847"},{"taxonomy":"product_tag","embeddable":true,"href":"https:\/\/demoweb.info\/sexshop001\/wp-json\/wp\/v2\/product_tag?post=19847"}],"curies":[{"name":"wp","href":"https:\/\/api.w.org\/{rel}","templated":true}]}}