{"id":19840,"date":"2022-01-22T11:04:06","date_gmt":"2022-01-22T10:04:06","guid":{"rendered":"https:\/\/demoweb.info\/sexshop001\/producto\/red-hot-sizzle\/"},"modified":"2022-01-22T11:04:58","modified_gmt":"2022-01-22T10:04:58","slug":"red-hot-sizzle","status":"publish","type":"product","link":"https:\/\/demoweb.info\/sexshop001\/producto\/red-hot-sizzle\/","title":{"rendered":"RED HOT SIZZLE"},"content":{"rendered":"<p>El Red Hot \u2122 Sizzle seguramente encender\u00e1 un fuego en tu vida amorosa con los teasers de doble curva y las 10 potentes funciones de vibraci\u00f3n.<br \/>\nSu tama\u00f1o de viaje  su estilo compacto y su cuerpo \u00fanico lo convierten en un buen aliado. <br \/>\nLas puntas burlonas \u00fanicas, la forma contorneada y su \u00e1rea  acarician apasionadamente tus sensuales puntos.<br \/>\nLas puntas parpadeantes y el tama\u00f1o compacto brindan un placer preciso, donde quiera que vayas. Disfruta del placer personalizado mientras el masajeador curvo vibra al ritmo de 10 vibraciones vivaces, pulsaciones apasionadas y escaladas er\u00f3ticas.<br \/>\nControla esta variedad de opciones org\u00e1smicas con el bot\u00f3n de f\u00e1cil toque y aviva las llamas de la pasi\u00f3n. Ya sea  tomando un ba\u00f1o, con un amante o disfrutando de una apasionante sesi\u00f3n en solitario.<br \/>\nEl ambiente flexible est\u00e1 hecho de una silicona higi\u00e9nicamente superior. Este material seguro para el cuerpo no tiene perfume ni ftalatos para mantener tus puntos m\u00e1s sensibles felices y saludables.<\/p>\n<p>\n<strong>Longitud total <\/strong>   12.75 x 3.25 cm<br \/>\n<strong>Vibrando    <\/strong>Si<br \/>\n<strong>Modos de vibraci\u00f3n <\/strong>   10<br \/>\n<strong>Impermeable  <\/strong>Si <br \/>\n<strong>Bodysafe    <\/strong>Si<br \/>\n<strong>Material    <\/strong>Silicona<br \/>\n<strong>Recargable<\/strong>    Si<br \/>\n<strong>Bater\u00edas requeridas <\/strong>   USB Recargable <\/p>\n","protected":false},"excerpt":{"rendered":"<p>El Red Hot \u2122 Sizzle seguramente encender\u00e1 un fuego en tu vida amorosa con los teasers de doble curva y<\/p>\n","protected":false},"featured_media":19841,"comment_status":"open","ping_status":"open","template":"","meta":[],"product_cat":[315],"product_tag":[660],"class_list":["post-19840","product","type-product","status-publish","has-post-thumbnail","hentry","product_cat-silicona-vibradores-juguetes-xxx","product_tag-calexotics"],"bundled_by":[],"bundle_stock_status":"instock","bundle_stock_quantity":1,"bundle_virtual":false,"bundle_layout":"","bundle_add_to_cart_form_location":"","bundle_editable_in_cart":false,"bundle_sold_individually_context":"","bundle_item_grouping":"","bundle_min_size":"","bundle_max_size":"","bundled_items":[],"yoast_head":"<!-- This site is optimized with the Yoast SEO plugin v20.6 - https:\/\/yoast.com\/wordpress\/plugins\/seo\/ -->\n<title>RED HOT SIZZLE - Tienda Er\u00f3tica<\/title>\n<meta name=\"robots\" content=\"noindex, follow, max-snippet:-1, max-image-preview:large, max-video-preview:-1\" \/>\n<meta property=\"og:locale\" content=\"es_ES\" \/>\n<meta property=\"og:type\" content=\"article\" \/>\n<meta property=\"og:title\" content=\"RED HOT SIZZLE - Tienda Er\u00f3tica\" \/>\n<meta property=\"og:description\" content=\"El Red Hot \u2122 Sizzle seguramente encender\u00e1 un fuego en tu vida amorosa con los teasers de doble curva y\" \/>\n<meta property=\"og:url\" content=\"https:\/\/demoweb.info\/sexshop001\/producto\/red-hot-sizzle\/\" \/>\n<meta property=\"og:site_name\" content=\"Tienda Er\u00f3tica\" \/>\n<meta property=\"article:modified_time\" content=\"2022-01-22T10:04:58+00:00\" \/>\n<meta property=\"og:image\" content=\"https:\/\/demoweb.info\/sexshop001\/wp-content\/uploads\/2022\/01\/RED-HOT-SIZZLE.jpg\" \/>\n\t<meta property=\"og:image:width\" content=\"550\" \/>\n\t<meta property=\"og:image:height\" content=\"550\" \/>\n\t<meta property=\"og:image:type\" content=\"image\/jpeg\" \/>\n<meta name=\"twitter:card\" content=\"summary_large_image\" \/>\n<meta name=\"twitter:label1\" content=\"Tiempo de lectura\" \/>\n\t<meta name=\"twitter:data1\" content=\"1 minuto\" \/>\n<script type=\"application\/ld+json\" class=\"yoast-schema-graph\">{\"@context\":\"https:\/\/schema.org\",\"@graph\":[{\"@type\":\"WebPage\",\"@id\":\"https:\/\/demoweb.info\/sexshop001\/producto\/red-hot-sizzle\/\",\"url\":\"https:\/\/demoweb.info\/sexshop001\/producto\/red-hot-sizzle\/\",\"name\":\"RED HOT SIZZLE - Tienda Er\u00f3tica\",\"isPartOf\":{\"@id\":\"https:\/\/demoweb.info\/sexshop001\/#website\"},\"datePublished\":\"2022-01-22T10:04:06+00:00\",\"dateModified\":\"2022-01-22T10:04:58+00:00\",\"breadcrumb\":{\"@id\":\"https:\/\/demoweb.info\/sexshop001\/producto\/red-hot-sizzle\/#breadcrumb\"},\"inLanguage\":\"es\",\"potentialAction\":[{\"@type\":\"ReadAction\",\"target\":[\"https:\/\/demoweb.info\/sexshop001\/producto\/red-hot-sizzle\/\"]}]},{\"@type\":\"BreadcrumbList\",\"@id\":\"https:\/\/demoweb.info\/sexshop001\/producto\/red-hot-sizzle\/#breadcrumb\",\"itemListElement\":[{\"@type\":\"ListItem\",\"position\":1,\"name\":\"Portada\",\"item\":\"https:\/\/demoweb.info\/sexshop001\/\"},{\"@type\":\"ListItem\",\"position\":2,\"name\":\"Tienda\",\"item\":\"https:\/\/demoweb.info\/sexshop001\/tienda\/\"},{\"@type\":\"ListItem\",\"position\":3,\"name\":\"RED HOT SIZZLE\"}]},{\"@type\":\"WebSite\",\"@id\":\"https:\/\/demoweb.info\/sexshop001\/#website\",\"url\":\"https:\/\/demoweb.info\/sexshop001\/\",\"name\":\"Tienda Er\u00f3tica\",\"description\":\"DEMOWEB SL\",\"potentialAction\":[{\"@type\":\"SearchAction\",\"target\":{\"@type\":\"EntryPoint\",\"urlTemplate\":\"https:\/\/demoweb.info\/sexshop001\/?s={search_term_string}\"},\"query-input\":\"required name=search_term_string\"}],\"inLanguage\":\"es\"}]}<\/script>\n<!-- \/ Yoast SEO plugin. -->","yoast_head_json":{"title":"RED HOT SIZZLE - Tienda Er\u00f3tica","robots":{"index":"noindex","follow":"follow","max-snippet":"max-snippet:-1","max-image-preview":"max-image-preview:large","max-video-preview":"max-video-preview:-1"},"og_locale":"es_ES","og_type":"article","og_title":"RED HOT SIZZLE - Tienda Er\u00f3tica","og_description":"El Red Hot \u2122 Sizzle seguramente encender\u00e1 un fuego en tu vida amorosa con los teasers de doble curva y","og_url":"https:\/\/demoweb.info\/sexshop001\/producto\/red-hot-sizzle\/","og_site_name":"Tienda Er\u00f3tica","article_modified_time":"2022-01-22T10:04:58+00:00","og_image":[{"width":550,"height":550,"url":"https:\/\/demoweb.info\/sexshop001\/wp-content\/uploads\/2022\/01\/RED-HOT-SIZZLE.jpg","type":"image\/jpeg"}],"twitter_card":"summary_large_image","twitter_misc":{"Tiempo de lectura":"1 minuto"},"schema":{"@context":"https:\/\/schema.org","@graph":[{"@type":"WebPage","@id":"https:\/\/demoweb.info\/sexshop001\/producto\/red-hot-sizzle\/","url":"https:\/\/demoweb.info\/sexshop001\/producto\/red-hot-sizzle\/","name":"RED HOT SIZZLE - Tienda Er\u00f3tica","isPartOf":{"@id":"https:\/\/demoweb.info\/sexshop001\/#website"},"datePublished":"2022-01-22T10:04:06+00:00","dateModified":"2022-01-22T10:04:58+00:00","breadcrumb":{"@id":"https:\/\/demoweb.info\/sexshop001\/producto\/red-hot-sizzle\/#breadcrumb"},"inLanguage":"es","potentialAction":[{"@type":"ReadAction","target":["https:\/\/demoweb.info\/sexshop001\/producto\/red-hot-sizzle\/"]}]},{"@type":"BreadcrumbList","@id":"https:\/\/demoweb.info\/sexshop001\/producto\/red-hot-sizzle\/#breadcrumb","itemListElement":[{"@type":"ListItem","position":1,"name":"Portada","item":"https:\/\/demoweb.info\/sexshop001\/"},{"@type":"ListItem","position":2,"name":"Tienda","item":"https:\/\/demoweb.info\/sexshop001\/tienda\/"},{"@type":"ListItem","position":3,"name":"RED HOT SIZZLE"}]},{"@type":"WebSite","@id":"https:\/\/demoweb.info\/sexshop001\/#website","url":"https:\/\/demoweb.info\/sexshop001\/","name":"Tienda Er\u00f3tica","description":"DEMOWEB SL","potentialAction":[{"@type":"SearchAction","target":{"@type":"EntryPoint","urlTemplate":"https:\/\/demoweb.info\/sexshop001\/?s={search_term_string}"},"query-input":"required name=search_term_string"}],"inLanguage":"es"}]}},"_links":{"self":[{"href":"https:\/\/demoweb.info\/sexshop001\/wp-json\/wp\/v3\/product\/19840","targetHints":{"allow":["GET"]}}],"collection":[{"href":"https:\/\/demoweb.info\/sexshop001\/wp-json\/wp\/v3\/product"}],"about":[{"href":"https:\/\/demoweb.info\/sexshop001\/wp-json\/wp\/v2\/types\/product"}],"replies":[{"embeddable":true,"href":"https:\/\/demoweb.info\/sexshop001\/wp-json\/wp\/v2\/comments?post=19840"}],"wp:featuredmedia":[{"embeddable":true,"href":"https:\/\/demoweb.info\/sexshop001\/wp-json\/wp\/v2\/media\/19841"}],"wp:attachment":[{"href":"https:\/\/demoweb.info\/sexshop001\/wp-json\/wp\/v2\/media?parent=19840"}],"wp:term":[{"taxonomy":"product_cat","embeddable":true,"href":"https:\/\/demoweb.info\/sexshop001\/wp-json\/wp\/v2\/product_cat?post=19840"},{"taxonomy":"product_tag","embeddable":true,"href":"https:\/\/demoweb.info\/sexshop001\/wp-json\/wp\/v2\/product_tag?post=19840"}],"curies":[{"name":"wp","href":"https:\/\/api.w.org\/{rel}","templated":true}]}}