{"id":19805,"date":"2022-01-22T11:04:06","date_gmt":"2022-01-22T10:04:06","guid":{"rendered":"https:\/\/demoweb.info\/sexshop001\/producto\/antifaz-opaco-scandal\/"},"modified":"2022-01-22T11:04:42","modified_gmt":"2022-01-22T10:04:42","slug":"antifaz-opaco-scandal","status":"publish","type":"product","link":"https:\/\/demoweb.info\/sexshop001\/producto\/antifaz-opaco-scandal\/","title":{"rendered":"ANTIFAZ OPACO SCANDAL"},"content":{"rendered":"<p><strong>SCANDAL BLACKOUT EYEMASK<\/strong><\/p>\n<p>La vers\u00e1til m\u00e1scara de ojos Scandal\u00ae Blackout es la venda perfecta para los ojos de cualquier aventurero que busque explorar el juego sensorial o disfrutar de un gran descanso nocturno.<br \/>\nEntr\u00e9gate a todos los deseos de tu amante y mejora la sensaci\u00f3n cada vez que te pongas esta m\u00e1scara de brocado de dise\u00f1ador.<\/p>\n<p>La m\u00e1scara suave de doble capa crea una experiencia de apag\u00f3n total para aumentar la sensibilidad, elevar la excitaci\u00f3n e intensificar el placer. El dise\u00f1o de tama\u00f1o de viaje lo convierte en el accesorio perfecto para aventuras sexys donde quiera que vayas. La correa el\u00e1stica gruesa mantiene esta m\u00e1scara de lujo en su lugar durante el tiempo de juego o el sue\u00f1o.<\/p>\n<p><strong>Bodysafe: <\/strong>Si<br \/>\n<strong>Material <\/strong> Polyester (tela), 50% Polyester, 50% Spandex (el\u00e1stico)<\/p>\n","protected":false},"excerpt":{"rendered":"<p>SCANDAL BLACKOUT EYEMASK La vers\u00e1til m\u00e1scara de ojos Scandal\u00ae Blackout es la venda perfecta para los ojos de cualquier aventurero<\/p>\n","protected":false},"featured_media":19806,"comment_status":"open","ping_status":"open","template":"","meta":[],"product_cat":[972],"product_tag":[660,662],"class_list":["post-19805","product","type-product","status-publish","has-post-thumbnail","hentry","product_cat-fetish","product_tag-calexotics","product_tag-scandal"],"bundled_by":[],"bundle_stock_status":"instock","bundle_stock_quantity":1,"bundle_virtual":false,"bundle_layout":"","bundle_add_to_cart_form_location":"","bundle_editable_in_cart":false,"bundle_sold_individually_context":"","bundle_item_grouping":"","bundle_min_size":"","bundle_max_size":"","bundled_items":[],"yoast_head":"<!-- This site is optimized with the Yoast SEO plugin v20.6 - https:\/\/yoast.com\/wordpress\/plugins\/seo\/ -->\n<title>ANTIFAZ OPACO SCANDAL - Tienda Er\u00f3tica<\/title>\n<meta name=\"robots\" content=\"noindex, follow, max-snippet:-1, max-image-preview:large, max-video-preview:-1\" \/>\n<meta property=\"og:locale\" content=\"es_ES\" \/>\n<meta property=\"og:type\" content=\"article\" \/>\n<meta property=\"og:title\" content=\"ANTIFAZ OPACO SCANDAL - Tienda Er\u00f3tica\" \/>\n<meta property=\"og:description\" content=\"SCANDAL BLACKOUT EYEMASK La vers\u00e1til m\u00e1scara de ojos Scandal\u00ae Blackout es la venda perfecta para los ojos de cualquier aventurero\" \/>\n<meta property=\"og:url\" content=\"https:\/\/demoweb.info\/sexshop001\/producto\/antifaz-opaco-scandal\/\" \/>\n<meta property=\"og:site_name\" content=\"Tienda Er\u00f3tica\" \/>\n<meta property=\"article:modified_time\" content=\"2022-01-22T10:04:42+00:00\" \/>\n<meta property=\"og:image\" content=\"https:\/\/demoweb.info\/sexshop001\/wp-content\/uploads\/2022\/01\/ANTIFAZ-OPACO-SCANDAL.jpg\" \/>\n\t<meta property=\"og:image:width\" content=\"550\" \/>\n\t<meta property=\"og:image:height\" content=\"550\" \/>\n\t<meta property=\"og:image:type\" content=\"image\/jpeg\" \/>\n<meta name=\"twitter:card\" content=\"summary_large_image\" \/>\n<meta name=\"twitter:label1\" content=\"Tiempo de lectura\" \/>\n\t<meta name=\"twitter:data1\" content=\"1 minuto\" \/>\n<script type=\"application\/ld+json\" class=\"yoast-schema-graph\">{\"@context\":\"https:\/\/schema.org\",\"@graph\":[{\"@type\":\"WebPage\",\"@id\":\"https:\/\/demoweb.info\/sexshop001\/producto\/antifaz-opaco-scandal\/\",\"url\":\"https:\/\/demoweb.info\/sexshop001\/producto\/antifaz-opaco-scandal\/\",\"name\":\"ANTIFAZ OPACO SCANDAL - Tienda Er\u00f3tica\",\"isPartOf\":{\"@id\":\"https:\/\/demoweb.info\/sexshop001\/#website\"},\"datePublished\":\"2022-01-22T10:04:06+00:00\",\"dateModified\":\"2022-01-22T10:04:42+00:00\",\"breadcrumb\":{\"@id\":\"https:\/\/demoweb.info\/sexshop001\/producto\/antifaz-opaco-scandal\/#breadcrumb\"},\"inLanguage\":\"es\",\"potentialAction\":[{\"@type\":\"ReadAction\",\"target\":[\"https:\/\/demoweb.info\/sexshop001\/producto\/antifaz-opaco-scandal\/\"]}]},{\"@type\":\"BreadcrumbList\",\"@id\":\"https:\/\/demoweb.info\/sexshop001\/producto\/antifaz-opaco-scandal\/#breadcrumb\",\"itemListElement\":[{\"@type\":\"ListItem\",\"position\":1,\"name\":\"Portada\",\"item\":\"https:\/\/demoweb.info\/sexshop001\/\"},{\"@type\":\"ListItem\",\"position\":2,\"name\":\"Tienda\",\"item\":\"https:\/\/demoweb.info\/sexshop001\/tienda\/\"},{\"@type\":\"ListItem\",\"position\":3,\"name\":\"ANTIFAZ OPACO SCANDAL\"}]},{\"@type\":\"WebSite\",\"@id\":\"https:\/\/demoweb.info\/sexshop001\/#website\",\"url\":\"https:\/\/demoweb.info\/sexshop001\/\",\"name\":\"Tienda Er\u00f3tica\",\"description\":\"DEMOWEB SL\",\"potentialAction\":[{\"@type\":\"SearchAction\",\"target\":{\"@type\":\"EntryPoint\",\"urlTemplate\":\"https:\/\/demoweb.info\/sexshop001\/?s={search_term_string}\"},\"query-input\":\"required name=search_term_string\"}],\"inLanguage\":\"es\"}]}<\/script>\n<!-- \/ Yoast SEO plugin. -->","yoast_head_json":{"title":"ANTIFAZ OPACO SCANDAL - Tienda Er\u00f3tica","robots":{"index":"noindex","follow":"follow","max-snippet":"max-snippet:-1","max-image-preview":"max-image-preview:large","max-video-preview":"max-video-preview:-1"},"og_locale":"es_ES","og_type":"article","og_title":"ANTIFAZ OPACO SCANDAL - Tienda Er\u00f3tica","og_description":"SCANDAL BLACKOUT EYEMASK La vers\u00e1til m\u00e1scara de ojos Scandal\u00ae Blackout es la venda perfecta para los ojos de cualquier aventurero","og_url":"https:\/\/demoweb.info\/sexshop001\/producto\/antifaz-opaco-scandal\/","og_site_name":"Tienda Er\u00f3tica","article_modified_time":"2022-01-22T10:04:42+00:00","og_image":[{"width":550,"height":550,"url":"https:\/\/demoweb.info\/sexshop001\/wp-content\/uploads\/2022\/01\/ANTIFAZ-OPACO-SCANDAL.jpg","type":"image\/jpeg"}],"twitter_card":"summary_large_image","twitter_misc":{"Tiempo de lectura":"1 minuto"},"schema":{"@context":"https:\/\/schema.org","@graph":[{"@type":"WebPage","@id":"https:\/\/demoweb.info\/sexshop001\/producto\/antifaz-opaco-scandal\/","url":"https:\/\/demoweb.info\/sexshop001\/producto\/antifaz-opaco-scandal\/","name":"ANTIFAZ OPACO SCANDAL - Tienda Er\u00f3tica","isPartOf":{"@id":"https:\/\/demoweb.info\/sexshop001\/#website"},"datePublished":"2022-01-22T10:04:06+00:00","dateModified":"2022-01-22T10:04:42+00:00","breadcrumb":{"@id":"https:\/\/demoweb.info\/sexshop001\/producto\/antifaz-opaco-scandal\/#breadcrumb"},"inLanguage":"es","potentialAction":[{"@type":"ReadAction","target":["https:\/\/demoweb.info\/sexshop001\/producto\/antifaz-opaco-scandal\/"]}]},{"@type":"BreadcrumbList","@id":"https:\/\/demoweb.info\/sexshop001\/producto\/antifaz-opaco-scandal\/#breadcrumb","itemListElement":[{"@type":"ListItem","position":1,"name":"Portada","item":"https:\/\/demoweb.info\/sexshop001\/"},{"@type":"ListItem","position":2,"name":"Tienda","item":"https:\/\/demoweb.info\/sexshop001\/tienda\/"},{"@type":"ListItem","position":3,"name":"ANTIFAZ OPACO SCANDAL"}]},{"@type":"WebSite","@id":"https:\/\/demoweb.info\/sexshop001\/#website","url":"https:\/\/demoweb.info\/sexshop001\/","name":"Tienda Er\u00f3tica","description":"DEMOWEB SL","potentialAction":[{"@type":"SearchAction","target":{"@type":"EntryPoint","urlTemplate":"https:\/\/demoweb.info\/sexshop001\/?s={search_term_string}"},"query-input":"required name=search_term_string"}],"inLanguage":"es"}]}},"_links":{"self":[{"href":"https:\/\/demoweb.info\/sexshop001\/wp-json\/wp\/v3\/product\/19805","targetHints":{"allow":["GET"]}}],"collection":[{"href":"https:\/\/demoweb.info\/sexshop001\/wp-json\/wp\/v3\/product"}],"about":[{"href":"https:\/\/demoweb.info\/sexshop001\/wp-json\/wp\/v2\/types\/product"}],"replies":[{"embeddable":true,"href":"https:\/\/demoweb.info\/sexshop001\/wp-json\/wp\/v2\/comments?post=19805"}],"wp:featuredmedia":[{"embeddable":true,"href":"https:\/\/demoweb.info\/sexshop001\/wp-json\/wp\/v2\/media\/19806"}],"wp:attachment":[{"href":"https:\/\/demoweb.info\/sexshop001\/wp-json\/wp\/v2\/media?parent=19805"}],"wp:term":[{"taxonomy":"product_cat","embeddable":true,"href":"https:\/\/demoweb.info\/sexshop001\/wp-json\/wp\/v2\/product_cat?post=19805"},{"taxonomy":"product_tag","embeddable":true,"href":"https:\/\/demoweb.info\/sexshop001\/wp-json\/wp\/v2\/product_tag?post=19805"}],"curies":[{"name":"wp","href":"https:\/\/api.w.org\/{rel}","templated":true}]}}