{"id":19777,"date":"2022-01-22T11:04:06","date_gmt":"2022-01-22T10:04:06","guid":{"rendered":"https:\/\/demoweb.info\/sexshop001\/producto\/scandal-mordaza-boca-abierta\/"},"modified":"2022-01-22T11:04:22","modified_gmt":"2022-01-22T10:04:22","slug":"scandal-mordaza-boca-abierta","status":"publish","type":"product","link":"https:\/\/demoweb.info\/sexshop001\/producto\/scandal-mordaza-boca-abierta\/","title":{"rendered":"SCANDAL MORDAZA BOCA ABIERTA"},"content":{"rendered":"<p><strong>SCANDAL WIDE OPEN MOUTH GAG<\/strong><\/p>\n<p>Scandal\u00ae Wide Open Mouth Gag es un atrevido accesorio er\u00f3tico perfecto para parejas que buscan experimentar con juegos de restricci\u00f3n er\u00f3ticos o fetichistas con estilo. R\u00edndete a tus fantas\u00edas m\u00e1s traviesas y \u00e1brete al placer con los anillos de mordaza abiertos y las correas de dise\u00f1o con doble acolchado.<\/p>\n<p>Mientras que el sensacional anillo de boca abierta enciende la pasi\u00f3n primordial, cada gemido desenfrenado aumentar\u00e1 el placer e intensificar\u00e1 la excitaci\u00f3n de todos los involucrados. El placer de jugar con lujo est\u00e1 a su alcance con dos anillos de hierro intercambiables sin n\u00edquel que no se empa\u00f1an y con sus correas de dise\u00f1o con doble acolchado.<\/p>\n<p>Sum\u00e9rgete en el deseo aventurero y disfruta de tus fantas\u00edas m\u00e1s er\u00f3ticas con esta mordaza sensacionalmente atrevida.<\/p>\n<ul>\n<li>Longitud total : 54.5 cm<\/li>\n<li>Di\u00e1metro \u00d8 4.5 cm<\/li>\n<li>Bodysafe Si<\/li>\n<li>Material Polyester (forro de tela) Silicone (anillo) Non-Tarnishing and Nickel-Free Iron (anillo) Non-Tarnishing and Nickel-Free Zinc Alloy (hebilla ) Non-Tarnishing and Nickel-Free Copper (ojales, broche de presi\u00f3n )<\/li>\n<\/ul>\n","protected":false},"excerpt":{"rendered":"<p>SCANDAL WIDE OPEN MOUTH GAG Scandal\u00ae Wide Open Mouth Gag es un atrevido accesorio er\u00f3tico perfecto para parejas que buscan<\/p>\n","protected":false},"featured_media":19778,"comment_status":"open","ping_status":"open","template":"","meta":[],"product_cat":[288],"product_tag":[660,662],"class_list":["post-19777","product","type-product","status-publish","has-post-thumbnail","hentry","product_cat-mordazas","product_tag-calexotics","product_tag-scandal"],"bundled_by":[],"bundle_stock_status":"instock","bundle_stock_quantity":1,"bundle_virtual":false,"bundle_layout":"","bundle_add_to_cart_form_location":"","bundle_editable_in_cart":false,"bundle_sold_individually_context":"","bundle_item_grouping":"","bundle_min_size":"","bundle_max_size":"","bundled_items":[],"yoast_head":"<!-- This site is optimized with the Yoast SEO plugin v20.6 - https:\/\/yoast.com\/wordpress\/plugins\/seo\/ -->\n<title>SCANDAL MORDAZA BOCA ABIERTA - Tienda Er\u00f3tica<\/title>\n<meta name=\"robots\" content=\"noindex, follow, max-snippet:-1, max-image-preview:large, max-video-preview:-1\" \/>\n<meta property=\"og:locale\" content=\"es_ES\" \/>\n<meta property=\"og:type\" content=\"article\" \/>\n<meta property=\"og:title\" content=\"SCANDAL MORDAZA BOCA ABIERTA - Tienda Er\u00f3tica\" \/>\n<meta property=\"og:description\" content=\"SCANDAL WIDE OPEN MOUTH GAG Scandal\u00ae Wide Open Mouth Gag es un atrevido accesorio er\u00f3tico perfecto para parejas que buscan\" \/>\n<meta property=\"og:url\" content=\"https:\/\/demoweb.info\/sexshop001\/producto\/scandal-mordaza-boca-abierta\/\" \/>\n<meta property=\"og:site_name\" content=\"Tienda Er\u00f3tica\" \/>\n<meta property=\"article:modified_time\" content=\"2022-01-22T10:04:22+00:00\" \/>\n<meta property=\"og:image\" content=\"https:\/\/demoweb.info\/sexshop001\/wp-content\/uploads\/2022\/01\/SCANDAL-MORDAZA-BOCA-ABIERTA.jpg\" \/>\n\t<meta property=\"og:image:width\" content=\"550\" \/>\n\t<meta property=\"og:image:height\" content=\"550\" \/>\n\t<meta property=\"og:image:type\" content=\"image\/jpeg\" \/>\n<meta name=\"twitter:card\" content=\"summary_large_image\" \/>\n<meta name=\"twitter:label1\" content=\"Tiempo de lectura\" \/>\n\t<meta name=\"twitter:data1\" content=\"1 minuto\" \/>\n<script type=\"application\/ld+json\" class=\"yoast-schema-graph\">{\"@context\":\"https:\/\/schema.org\",\"@graph\":[{\"@type\":\"WebPage\",\"@id\":\"https:\/\/demoweb.info\/sexshop001\/producto\/scandal-mordaza-boca-abierta\/\",\"url\":\"https:\/\/demoweb.info\/sexshop001\/producto\/scandal-mordaza-boca-abierta\/\",\"name\":\"SCANDAL MORDAZA BOCA ABIERTA - Tienda Er\u00f3tica\",\"isPartOf\":{\"@id\":\"https:\/\/demoweb.info\/sexshop001\/#website\"},\"datePublished\":\"2022-01-22T10:04:06+00:00\",\"dateModified\":\"2022-01-22T10:04:22+00:00\",\"breadcrumb\":{\"@id\":\"https:\/\/demoweb.info\/sexshop001\/producto\/scandal-mordaza-boca-abierta\/#breadcrumb\"},\"inLanguage\":\"es\",\"potentialAction\":[{\"@type\":\"ReadAction\",\"target\":[\"https:\/\/demoweb.info\/sexshop001\/producto\/scandal-mordaza-boca-abierta\/\"]}]},{\"@type\":\"BreadcrumbList\",\"@id\":\"https:\/\/demoweb.info\/sexshop001\/producto\/scandal-mordaza-boca-abierta\/#breadcrumb\",\"itemListElement\":[{\"@type\":\"ListItem\",\"position\":1,\"name\":\"Portada\",\"item\":\"https:\/\/demoweb.info\/sexshop001\/\"},{\"@type\":\"ListItem\",\"position\":2,\"name\":\"Tienda\",\"item\":\"https:\/\/demoweb.info\/sexshop001\/tienda\/\"},{\"@type\":\"ListItem\",\"position\":3,\"name\":\"SCANDAL MORDAZA BOCA ABIERTA\"}]},{\"@type\":\"WebSite\",\"@id\":\"https:\/\/demoweb.info\/sexshop001\/#website\",\"url\":\"https:\/\/demoweb.info\/sexshop001\/\",\"name\":\"Tienda Er\u00f3tica\",\"description\":\"DEMOWEB SL\",\"potentialAction\":[{\"@type\":\"SearchAction\",\"target\":{\"@type\":\"EntryPoint\",\"urlTemplate\":\"https:\/\/demoweb.info\/sexshop001\/?s={search_term_string}\"},\"query-input\":\"required name=search_term_string\"}],\"inLanguage\":\"es\"}]}<\/script>\n<!-- \/ Yoast SEO plugin. -->","yoast_head_json":{"title":"SCANDAL MORDAZA BOCA ABIERTA - Tienda Er\u00f3tica","robots":{"index":"noindex","follow":"follow","max-snippet":"max-snippet:-1","max-image-preview":"max-image-preview:large","max-video-preview":"max-video-preview:-1"},"og_locale":"es_ES","og_type":"article","og_title":"SCANDAL MORDAZA BOCA ABIERTA - Tienda Er\u00f3tica","og_description":"SCANDAL WIDE OPEN MOUTH GAG Scandal\u00ae Wide Open Mouth Gag es un atrevido accesorio er\u00f3tico perfecto para parejas que buscan","og_url":"https:\/\/demoweb.info\/sexshop001\/producto\/scandal-mordaza-boca-abierta\/","og_site_name":"Tienda Er\u00f3tica","article_modified_time":"2022-01-22T10:04:22+00:00","og_image":[{"width":550,"height":550,"url":"https:\/\/demoweb.info\/sexshop001\/wp-content\/uploads\/2022\/01\/SCANDAL-MORDAZA-BOCA-ABIERTA.jpg","type":"image\/jpeg"}],"twitter_card":"summary_large_image","twitter_misc":{"Tiempo de lectura":"1 minuto"},"schema":{"@context":"https:\/\/schema.org","@graph":[{"@type":"WebPage","@id":"https:\/\/demoweb.info\/sexshop001\/producto\/scandal-mordaza-boca-abierta\/","url":"https:\/\/demoweb.info\/sexshop001\/producto\/scandal-mordaza-boca-abierta\/","name":"SCANDAL MORDAZA BOCA ABIERTA - Tienda Er\u00f3tica","isPartOf":{"@id":"https:\/\/demoweb.info\/sexshop001\/#website"},"datePublished":"2022-01-22T10:04:06+00:00","dateModified":"2022-01-22T10:04:22+00:00","breadcrumb":{"@id":"https:\/\/demoweb.info\/sexshop001\/producto\/scandal-mordaza-boca-abierta\/#breadcrumb"},"inLanguage":"es","potentialAction":[{"@type":"ReadAction","target":["https:\/\/demoweb.info\/sexshop001\/producto\/scandal-mordaza-boca-abierta\/"]}]},{"@type":"BreadcrumbList","@id":"https:\/\/demoweb.info\/sexshop001\/producto\/scandal-mordaza-boca-abierta\/#breadcrumb","itemListElement":[{"@type":"ListItem","position":1,"name":"Portada","item":"https:\/\/demoweb.info\/sexshop001\/"},{"@type":"ListItem","position":2,"name":"Tienda","item":"https:\/\/demoweb.info\/sexshop001\/tienda\/"},{"@type":"ListItem","position":3,"name":"SCANDAL MORDAZA BOCA ABIERTA"}]},{"@type":"WebSite","@id":"https:\/\/demoweb.info\/sexshop001\/#website","url":"https:\/\/demoweb.info\/sexshop001\/","name":"Tienda Er\u00f3tica","description":"DEMOWEB SL","potentialAction":[{"@type":"SearchAction","target":{"@type":"EntryPoint","urlTemplate":"https:\/\/demoweb.info\/sexshop001\/?s={search_term_string}"},"query-input":"required name=search_term_string"}],"inLanguage":"es"}]}},"_links":{"self":[{"href":"https:\/\/demoweb.info\/sexshop001\/wp-json\/wp\/v3\/product\/19777","targetHints":{"allow":["GET"]}}],"collection":[{"href":"https:\/\/demoweb.info\/sexshop001\/wp-json\/wp\/v3\/product"}],"about":[{"href":"https:\/\/demoweb.info\/sexshop001\/wp-json\/wp\/v2\/types\/product"}],"replies":[{"embeddable":true,"href":"https:\/\/demoweb.info\/sexshop001\/wp-json\/wp\/v2\/comments?post=19777"}],"wp:featuredmedia":[{"embeddable":true,"href":"https:\/\/demoweb.info\/sexshop001\/wp-json\/wp\/v2\/media\/19778"}],"wp:attachment":[{"href":"https:\/\/demoweb.info\/sexshop001\/wp-json\/wp\/v2\/media?parent=19777"}],"wp:term":[{"taxonomy":"product_cat","embeddable":true,"href":"https:\/\/demoweb.info\/sexshop001\/wp-json\/wp\/v2\/product_cat?post=19777"},{"taxonomy":"product_tag","embeddable":true,"href":"https:\/\/demoweb.info\/sexshop001\/wp-json\/wp\/v2\/product_tag?post=19777"}],"curies":[{"name":"wp","href":"https:\/\/api.w.org\/{rel}","templated":true}]}}