{"id":19771,"date":"2022-01-22T11:04:06","date_gmt":"2022-01-22T10:04:06","guid":{"rendered":"https:\/\/demoweb.info\/sexshop001\/producto\/cuerda-bondage-scandal-50m-negro\/"},"modified":"2022-01-22T11:04:19","modified_gmt":"2022-01-22T10:04:19","slug":"cuerda-bondage-scandal-50m-negro","status":"publish","type":"product","link":"https:\/\/demoweb.info\/sexshop001\/producto\/cuerda-bondage-scandal-50m-negro\/","title":{"rendered":"CUERDA BONDAGE SCANDAL 50M &#8211; NEGRO"},"content":{"rendered":"<p><strong>SCANDAL BDSM ROPE 50M<\/strong><\/p>\n<p>R\u00edndete a tus fantas\u00edas BDSM y s\u00e9 creativo con 50M de cuerda Scandal\u00ae BDSM. Nuestra galardonada colecci\u00f3n Scandal\u00ae ha creado la suave y sedosa cuerda compatible con Shibari de tus fantas\u00edas m\u00e1s salvajes para que puedas sumergirte profundamente en el juego de bondage infinitamente creativo.<\/p>\n<\/p>\n<p>Entr\u00e9gate a un placer elevado y a un placer mejorado con cada envoltura y nudo de esta cuerda sedosa y delgada. Envuelve las mu\u00f1ecas con fuerza, sujeta suavemente los tobillos o cree una atadura de shibari \u00fanica en su tipo.<\/p>\n<\/p>\n<p>Para una experiencia \u00fanica y sensacional. La cuerda sedosa es ideal para los socios que buscan experimentar con nudos y restricciones. Lleva las fantas\u00edas al siguiente nivel y escandaloso con la infinitamente creativa cuerda BDSM.<\/p>\n<p><strong>Longitud total: <\/strong>50 m<\/p>\n<p><strong>Bodysafe :  <\/strong>SI<\/p>\n<p><strong>Material:  <\/strong>60% Cotton ,  40% Polyester<\/p><\/p>\n","protected":false},"excerpt":{"rendered":"<p>SCANDAL BDSM ROPE 50M R\u00edndete a tus fantas\u00edas BDSM y s\u00e9 creativo con 50M de cuerda Scandal\u00ae BDSM. Nuestra galardonada<\/p>\n","protected":false},"featured_media":19772,"comment_status":"open","ping_status":"open","template":"","meta":[],"product_cat":[309],"product_tag":[660,662],"class_list":["post-19771","product","type-product","status-publish","has-post-thumbnail","hentry","product_cat-cintas-y-cuerdas","product_tag-calexotics","product_tag-scandal"],"bundled_by":[],"bundle_stock_status":"instock","bundle_stock_quantity":1,"bundle_virtual":false,"bundle_layout":"","bundle_add_to_cart_form_location":"","bundle_editable_in_cart":false,"bundle_sold_individually_context":"","bundle_item_grouping":"","bundle_min_size":"","bundle_max_size":"","bundled_items":[],"yoast_head":"<!-- This site is optimized with the Yoast SEO plugin v20.6 - https:\/\/yoast.com\/wordpress\/plugins\/seo\/ -->\n<title>CUERDA BONDAGE SCANDAL 50M - NEGRO - Tienda Er\u00f3tica<\/title>\n<meta name=\"robots\" content=\"noindex, follow, max-snippet:-1, max-image-preview:large, max-video-preview:-1\" \/>\n<meta property=\"og:locale\" content=\"es_ES\" \/>\n<meta property=\"og:type\" content=\"article\" \/>\n<meta property=\"og:title\" content=\"CUERDA BONDAGE SCANDAL 50M - NEGRO - Tienda Er\u00f3tica\" \/>\n<meta property=\"og:description\" content=\"SCANDAL BDSM ROPE 50M R\u00edndete a tus fantas\u00edas BDSM y s\u00e9 creativo con 50M de cuerda Scandal\u00ae BDSM. Nuestra galardonada\" \/>\n<meta property=\"og:url\" content=\"https:\/\/demoweb.info\/sexshop001\/producto\/cuerda-bondage-scandal-50m-negro\/\" \/>\n<meta property=\"og:site_name\" content=\"Tienda Er\u00f3tica\" \/>\n<meta property=\"article:modified_time\" content=\"2022-01-22T10:04:19+00:00\" \/>\n<meta property=\"og:image\" content=\"https:\/\/demoweb.info\/sexshop001\/wp-content\/uploads\/2022\/01\/CUERDA-BONDAGE-SCANDAL-50M-NEGRO.jpg\" \/>\n\t<meta property=\"og:image:width\" content=\"550\" \/>\n\t<meta property=\"og:image:height\" content=\"550\" \/>\n\t<meta property=\"og:image:type\" content=\"image\/jpeg\" \/>\n<meta name=\"twitter:card\" content=\"summary_large_image\" \/>\n<meta name=\"twitter:label1\" content=\"Tiempo de lectura\" \/>\n\t<meta name=\"twitter:data1\" content=\"1 minuto\" \/>\n<script type=\"application\/ld+json\" class=\"yoast-schema-graph\">{\"@context\":\"https:\/\/schema.org\",\"@graph\":[{\"@type\":\"WebPage\",\"@id\":\"https:\/\/demoweb.info\/sexshop001\/producto\/cuerda-bondage-scandal-50m-negro\/\",\"url\":\"https:\/\/demoweb.info\/sexshop001\/producto\/cuerda-bondage-scandal-50m-negro\/\",\"name\":\"CUERDA BONDAGE SCANDAL 50M - NEGRO - Tienda Er\u00f3tica\",\"isPartOf\":{\"@id\":\"https:\/\/demoweb.info\/sexshop001\/#website\"},\"datePublished\":\"2022-01-22T10:04:06+00:00\",\"dateModified\":\"2022-01-22T10:04:19+00:00\",\"breadcrumb\":{\"@id\":\"https:\/\/demoweb.info\/sexshop001\/producto\/cuerda-bondage-scandal-50m-negro\/#breadcrumb\"},\"inLanguage\":\"es\",\"potentialAction\":[{\"@type\":\"ReadAction\",\"target\":[\"https:\/\/demoweb.info\/sexshop001\/producto\/cuerda-bondage-scandal-50m-negro\/\"]}]},{\"@type\":\"BreadcrumbList\",\"@id\":\"https:\/\/demoweb.info\/sexshop001\/producto\/cuerda-bondage-scandal-50m-negro\/#breadcrumb\",\"itemListElement\":[{\"@type\":\"ListItem\",\"position\":1,\"name\":\"Portada\",\"item\":\"https:\/\/demoweb.info\/sexshop001\/\"},{\"@type\":\"ListItem\",\"position\":2,\"name\":\"Tienda\",\"item\":\"https:\/\/demoweb.info\/sexshop001\/tienda\/\"},{\"@type\":\"ListItem\",\"position\":3,\"name\":\"CUERDA BONDAGE SCANDAL 50M &#8211; NEGRO\"}]},{\"@type\":\"WebSite\",\"@id\":\"https:\/\/demoweb.info\/sexshop001\/#website\",\"url\":\"https:\/\/demoweb.info\/sexshop001\/\",\"name\":\"Tienda Er\u00f3tica\",\"description\":\"DEMOWEB SL\",\"potentialAction\":[{\"@type\":\"SearchAction\",\"target\":{\"@type\":\"EntryPoint\",\"urlTemplate\":\"https:\/\/demoweb.info\/sexshop001\/?s={search_term_string}\"},\"query-input\":\"required name=search_term_string\"}],\"inLanguage\":\"es\"}]}<\/script>\n<!-- \/ Yoast SEO plugin. -->","yoast_head_json":{"title":"CUERDA BONDAGE SCANDAL 50M - NEGRO - Tienda Er\u00f3tica","robots":{"index":"noindex","follow":"follow","max-snippet":"max-snippet:-1","max-image-preview":"max-image-preview:large","max-video-preview":"max-video-preview:-1"},"og_locale":"es_ES","og_type":"article","og_title":"CUERDA BONDAGE SCANDAL 50M - NEGRO - Tienda Er\u00f3tica","og_description":"SCANDAL BDSM ROPE 50M R\u00edndete a tus fantas\u00edas BDSM y s\u00e9 creativo con 50M de cuerda Scandal\u00ae BDSM. Nuestra galardonada","og_url":"https:\/\/demoweb.info\/sexshop001\/producto\/cuerda-bondage-scandal-50m-negro\/","og_site_name":"Tienda Er\u00f3tica","article_modified_time":"2022-01-22T10:04:19+00:00","og_image":[{"width":550,"height":550,"url":"https:\/\/demoweb.info\/sexshop001\/wp-content\/uploads\/2022\/01\/CUERDA-BONDAGE-SCANDAL-50M-NEGRO.jpg","type":"image\/jpeg"}],"twitter_card":"summary_large_image","twitter_misc":{"Tiempo de lectura":"1 minuto"},"schema":{"@context":"https:\/\/schema.org","@graph":[{"@type":"WebPage","@id":"https:\/\/demoweb.info\/sexshop001\/producto\/cuerda-bondage-scandal-50m-negro\/","url":"https:\/\/demoweb.info\/sexshop001\/producto\/cuerda-bondage-scandal-50m-negro\/","name":"CUERDA BONDAGE SCANDAL 50M - NEGRO - Tienda Er\u00f3tica","isPartOf":{"@id":"https:\/\/demoweb.info\/sexshop001\/#website"},"datePublished":"2022-01-22T10:04:06+00:00","dateModified":"2022-01-22T10:04:19+00:00","breadcrumb":{"@id":"https:\/\/demoweb.info\/sexshop001\/producto\/cuerda-bondage-scandal-50m-negro\/#breadcrumb"},"inLanguage":"es","potentialAction":[{"@type":"ReadAction","target":["https:\/\/demoweb.info\/sexshop001\/producto\/cuerda-bondage-scandal-50m-negro\/"]}]},{"@type":"BreadcrumbList","@id":"https:\/\/demoweb.info\/sexshop001\/producto\/cuerda-bondage-scandal-50m-negro\/#breadcrumb","itemListElement":[{"@type":"ListItem","position":1,"name":"Portada","item":"https:\/\/demoweb.info\/sexshop001\/"},{"@type":"ListItem","position":2,"name":"Tienda","item":"https:\/\/demoweb.info\/sexshop001\/tienda\/"},{"@type":"ListItem","position":3,"name":"CUERDA BONDAGE SCANDAL 50M &#8211; NEGRO"}]},{"@type":"WebSite","@id":"https:\/\/demoweb.info\/sexshop001\/#website","url":"https:\/\/demoweb.info\/sexshop001\/","name":"Tienda Er\u00f3tica","description":"DEMOWEB SL","potentialAction":[{"@type":"SearchAction","target":{"@type":"EntryPoint","urlTemplate":"https:\/\/demoweb.info\/sexshop001\/?s={search_term_string}"},"query-input":"required name=search_term_string"}],"inLanguage":"es"}]}},"_links":{"self":[{"href":"https:\/\/demoweb.info\/sexshop001\/wp-json\/wp\/v3\/product\/19771","targetHints":{"allow":["GET"]}}],"collection":[{"href":"https:\/\/demoweb.info\/sexshop001\/wp-json\/wp\/v3\/product"}],"about":[{"href":"https:\/\/demoweb.info\/sexshop001\/wp-json\/wp\/v2\/types\/product"}],"replies":[{"embeddable":true,"href":"https:\/\/demoweb.info\/sexshop001\/wp-json\/wp\/v2\/comments?post=19771"}],"wp:featuredmedia":[{"embeddable":true,"href":"https:\/\/demoweb.info\/sexshop001\/wp-json\/wp\/v2\/media\/19772"}],"wp:attachment":[{"href":"https:\/\/demoweb.info\/sexshop001\/wp-json\/wp\/v2\/media?parent=19771"}],"wp:term":[{"taxonomy":"product_cat","embeddable":true,"href":"https:\/\/demoweb.info\/sexshop001\/wp-json\/wp\/v2\/product_cat?post=19771"},{"taxonomy":"product_tag","embeddable":true,"href":"https:\/\/demoweb.info\/sexshop001\/wp-json\/wp\/v2\/product_tag?post=19771"}],"curies":[{"name":"wp","href":"https:\/\/api.w.org\/{rel}","templated":true}]}}