{"id":19687,"date":"2022-01-22T11:03:24","date_gmt":"2022-01-22T10:03:24","guid":{"rendered":"https:\/\/demoweb.info\/sexshop001\/producto\/rainbow-booty-jewel-grande-negro\/"},"modified":"2022-01-22T11:03:30","modified_gmt":"2022-01-22T10:03:30","slug":"rainbow-booty-jewel-grande-negro","status":"publish","type":"product","link":"https:\/\/demoweb.info\/sexshop001\/producto\/rainbow-booty-jewel-grande-negro\/","title":{"rendered":"RAINBOW BOOTY JEWEL GRANDE &#8211; NEGRO"},"content":{"rendered":"<p><strong>RAINBOW BOOTY JEWEL LARGE  <\/strong><\/p>\n<p>El Rainbow Booty Jewel es un tap\u00f3n anal de calidad con un acento multicolor de piedras preciosas falsas en la base, \u00a1que hace que la diversi\u00f3n de tu puerta trasera brille con deleite!<\/p>\n<p>El elegante tap\u00f3n presenta una silueta c\u00f3nica y una base acampanada, realzada con un brillante acento de gemas al final. Hecho de silicona de primera calidad, el Diamond Booty Jewel es suave al tacto y completamente seguro para el cuerpo.<\/p>\n<p>Un art\u00edculo imprescindible de la colecci\u00f3n Anal Play de TOYJOY, es el complemento unisex perfecto para a\u00f1adir un toque glamoroso a tus aventuras anales.<\/p>\n<ul>\n<li>Medidas: 9 x 4,5 cm<\/li>\n<li>Longitud insertable: 6 cm<\/li>\n<li>Material: 100% Silicona y acr\u00edlico<\/li>\n<\/ul>\n","protected":false},"excerpt":{"rendered":"<p>RAINBOW BOOTY JEWEL LARGE El Rainbow Booty Jewel es un tap\u00f3n anal de calidad con un acento multicolor de piedras<\/p>\n","protected":false},"featured_media":19688,"comment_status":"open","ping_status":"open","template":"","meta":[],"product_cat":[338],"product_tag":[256,247],"class_list":["post-19687","product","type-product","status-publish","has-post-thumbnail","hentry","product_cat-silicona-plugs","product_tag-anal-play","product_tag-toyjoy"],"bundled_by":[],"bundle_stock_status":"instock","bundle_stock_quantity":2,"bundle_virtual":false,"bundle_layout":"","bundle_add_to_cart_form_location":"","bundle_editable_in_cart":false,"bundle_sold_individually_context":"","bundle_item_grouping":"","bundle_min_size":"","bundle_max_size":"","bundled_items":[],"yoast_head":"<!-- This site is optimized with the Yoast SEO plugin v20.6 - https:\/\/yoast.com\/wordpress\/plugins\/seo\/ -->\n<title>RAINBOW BOOTY JEWEL GRANDE - NEGRO - Tienda Er\u00f3tica<\/title>\n<meta name=\"robots\" content=\"noindex, follow, max-snippet:-1, max-image-preview:large, max-video-preview:-1\" \/>\n<meta property=\"og:locale\" content=\"es_ES\" \/>\n<meta property=\"og:type\" content=\"article\" \/>\n<meta property=\"og:title\" content=\"RAINBOW BOOTY JEWEL GRANDE - NEGRO - Tienda Er\u00f3tica\" \/>\n<meta property=\"og:description\" content=\"RAINBOW BOOTY JEWEL LARGE El Rainbow Booty Jewel es un tap\u00f3n anal de calidad con un acento multicolor de piedras\" \/>\n<meta property=\"og:url\" content=\"https:\/\/demoweb.info\/sexshop001\/producto\/rainbow-booty-jewel-grande-negro\/\" \/>\n<meta property=\"og:site_name\" content=\"Tienda Er\u00f3tica\" \/>\n<meta property=\"article:modified_time\" content=\"2022-01-22T10:03:30+00:00\" \/>\n<meta property=\"og:image\" content=\"https:\/\/demoweb.info\/sexshop001\/wp-content\/uploads\/2022\/01\/RAINBOW-BOOTY-JEWEL-GRANDE-NEGRO.jpg\" \/>\n\t<meta property=\"og:image:width\" content=\"550\" \/>\n\t<meta property=\"og:image:height\" content=\"550\" \/>\n\t<meta property=\"og:image:type\" content=\"image\/jpeg\" \/>\n<meta name=\"twitter:card\" content=\"summary_large_image\" \/>\n<meta name=\"twitter:label1\" content=\"Tiempo de lectura\" \/>\n\t<meta name=\"twitter:data1\" content=\"1 minuto\" \/>\n<script type=\"application\/ld+json\" class=\"yoast-schema-graph\">{\"@context\":\"https:\/\/schema.org\",\"@graph\":[{\"@type\":\"WebPage\",\"@id\":\"https:\/\/demoweb.info\/sexshop001\/producto\/rainbow-booty-jewel-grande-negro\/\",\"url\":\"https:\/\/demoweb.info\/sexshop001\/producto\/rainbow-booty-jewel-grande-negro\/\",\"name\":\"RAINBOW BOOTY JEWEL GRANDE - NEGRO - Tienda Er\u00f3tica\",\"isPartOf\":{\"@id\":\"https:\/\/demoweb.info\/sexshop001\/#website\"},\"datePublished\":\"2022-01-22T10:03:24+00:00\",\"dateModified\":\"2022-01-22T10:03:30+00:00\",\"breadcrumb\":{\"@id\":\"https:\/\/demoweb.info\/sexshop001\/producto\/rainbow-booty-jewel-grande-negro\/#breadcrumb\"},\"inLanguage\":\"es\",\"potentialAction\":[{\"@type\":\"ReadAction\",\"target\":[\"https:\/\/demoweb.info\/sexshop001\/producto\/rainbow-booty-jewel-grande-negro\/\"]}]},{\"@type\":\"BreadcrumbList\",\"@id\":\"https:\/\/demoweb.info\/sexshop001\/producto\/rainbow-booty-jewel-grande-negro\/#breadcrumb\",\"itemListElement\":[{\"@type\":\"ListItem\",\"position\":1,\"name\":\"Portada\",\"item\":\"https:\/\/demoweb.info\/sexshop001\/\"},{\"@type\":\"ListItem\",\"position\":2,\"name\":\"Tienda\",\"item\":\"https:\/\/demoweb.info\/sexshop001\/tienda\/\"},{\"@type\":\"ListItem\",\"position\":3,\"name\":\"RAINBOW BOOTY JEWEL GRANDE &#8211; NEGRO\"}]},{\"@type\":\"WebSite\",\"@id\":\"https:\/\/demoweb.info\/sexshop001\/#website\",\"url\":\"https:\/\/demoweb.info\/sexshop001\/\",\"name\":\"Tienda Er\u00f3tica\",\"description\":\"DEMOWEB SL\",\"potentialAction\":[{\"@type\":\"SearchAction\",\"target\":{\"@type\":\"EntryPoint\",\"urlTemplate\":\"https:\/\/demoweb.info\/sexshop001\/?s={search_term_string}\"},\"query-input\":\"required name=search_term_string\"}],\"inLanguage\":\"es\"}]}<\/script>\n<!-- \/ Yoast SEO plugin. -->","yoast_head_json":{"title":"RAINBOW BOOTY JEWEL GRANDE - NEGRO - Tienda Er\u00f3tica","robots":{"index":"noindex","follow":"follow","max-snippet":"max-snippet:-1","max-image-preview":"max-image-preview:large","max-video-preview":"max-video-preview:-1"},"og_locale":"es_ES","og_type":"article","og_title":"RAINBOW BOOTY JEWEL GRANDE - NEGRO - Tienda Er\u00f3tica","og_description":"RAINBOW BOOTY JEWEL LARGE El Rainbow Booty Jewel es un tap\u00f3n anal de calidad con un acento multicolor de piedras","og_url":"https:\/\/demoweb.info\/sexshop001\/producto\/rainbow-booty-jewel-grande-negro\/","og_site_name":"Tienda Er\u00f3tica","article_modified_time":"2022-01-22T10:03:30+00:00","og_image":[{"width":550,"height":550,"url":"https:\/\/demoweb.info\/sexshop001\/wp-content\/uploads\/2022\/01\/RAINBOW-BOOTY-JEWEL-GRANDE-NEGRO.jpg","type":"image\/jpeg"}],"twitter_card":"summary_large_image","twitter_misc":{"Tiempo de lectura":"1 minuto"},"schema":{"@context":"https:\/\/schema.org","@graph":[{"@type":"WebPage","@id":"https:\/\/demoweb.info\/sexshop001\/producto\/rainbow-booty-jewel-grande-negro\/","url":"https:\/\/demoweb.info\/sexshop001\/producto\/rainbow-booty-jewel-grande-negro\/","name":"RAINBOW BOOTY JEWEL GRANDE - NEGRO - Tienda Er\u00f3tica","isPartOf":{"@id":"https:\/\/demoweb.info\/sexshop001\/#website"},"datePublished":"2022-01-22T10:03:24+00:00","dateModified":"2022-01-22T10:03:30+00:00","breadcrumb":{"@id":"https:\/\/demoweb.info\/sexshop001\/producto\/rainbow-booty-jewel-grande-negro\/#breadcrumb"},"inLanguage":"es","potentialAction":[{"@type":"ReadAction","target":["https:\/\/demoweb.info\/sexshop001\/producto\/rainbow-booty-jewel-grande-negro\/"]}]},{"@type":"BreadcrumbList","@id":"https:\/\/demoweb.info\/sexshop001\/producto\/rainbow-booty-jewel-grande-negro\/#breadcrumb","itemListElement":[{"@type":"ListItem","position":1,"name":"Portada","item":"https:\/\/demoweb.info\/sexshop001\/"},{"@type":"ListItem","position":2,"name":"Tienda","item":"https:\/\/demoweb.info\/sexshop001\/tienda\/"},{"@type":"ListItem","position":3,"name":"RAINBOW BOOTY JEWEL GRANDE &#8211; NEGRO"}]},{"@type":"WebSite","@id":"https:\/\/demoweb.info\/sexshop001\/#website","url":"https:\/\/demoweb.info\/sexshop001\/","name":"Tienda Er\u00f3tica","description":"DEMOWEB SL","potentialAction":[{"@type":"SearchAction","target":{"@type":"EntryPoint","urlTemplate":"https:\/\/demoweb.info\/sexshop001\/?s={search_term_string}"},"query-input":"required name=search_term_string"}],"inLanguage":"es"}]}},"_links":{"self":[{"href":"https:\/\/demoweb.info\/sexshop001\/wp-json\/wp\/v3\/product\/19687","targetHints":{"allow":["GET"]}}],"collection":[{"href":"https:\/\/demoweb.info\/sexshop001\/wp-json\/wp\/v3\/product"}],"about":[{"href":"https:\/\/demoweb.info\/sexshop001\/wp-json\/wp\/v2\/types\/product"}],"replies":[{"embeddable":true,"href":"https:\/\/demoweb.info\/sexshop001\/wp-json\/wp\/v2\/comments?post=19687"}],"wp:featuredmedia":[{"embeddable":true,"href":"https:\/\/demoweb.info\/sexshop001\/wp-json\/wp\/v2\/media\/19688"}],"wp:attachment":[{"href":"https:\/\/demoweb.info\/sexshop001\/wp-json\/wp\/v2\/media?parent=19687"}],"wp:term":[{"taxonomy":"product_cat","embeddable":true,"href":"https:\/\/demoweb.info\/sexshop001\/wp-json\/wp\/v2\/product_cat?post=19687"},{"taxonomy":"product_tag","embeddable":true,"href":"https:\/\/demoweb.info\/sexshop001\/wp-json\/wp\/v2\/product_tag?post=19687"}],"curies":[{"name":"wp","href":"https:\/\/api.w.org\/{rel}","templated":true}]}}