{"id":19659,"date":"2022-01-22T11:02:58","date_gmt":"2022-01-22T10:02:58","guid":{"rendered":"https:\/\/demoweb.info\/sexshop001\/producto\/massage-seductions-24-modos-de-seducir-a-tu-amante\/"},"modified":"2022-01-22T11:03:08","modified_gmt":"2022-01-22T10:03:08","slug":"massage-seductions-24-modos-de-seducir-a-tu-amante","status":"publish","type":"product","link":"https:\/\/demoweb.info\/sexshop001\/producto\/massage-seductions-24-modos-de-seducir-a-tu-amante\/","title":{"rendered":"MASSAGE SEDUCTIONS 24 MODOS DE SEDUCIR A TU AMANTE"},"content":{"rendered":"<p><strong>MASSAGE SEDUCTIONS 24 WAYS TO SEDUCE YOUR LOVER<\/strong>.<\/p>\n<p>\u00bfEst\u00e1s buscando nuevos modos de intensificar tu vida \u00edntima mediante diversas t\u00e9cnicas de masaje? Ll\u00e9vate a casa el placer de un sal\u00f3n de masaje con este kit de masajes er\u00f3ticos.<\/p>\n<p>Contiene 1 vela de masaje (que se funde en forma de aceite de masaje), 1 cuchara, 24 cartas de Masajes Seductores, 1 coraz\u00f3n masajeador de gel con calor instant\u00e1neo, consejos \u00fatiles para dar masajes seductores, adem\u00e1s de unas sencillas instrucciones en Espa\u00f1ol.<\/p>\n","protected":false},"excerpt":{"rendered":"<p>MASSAGE SEDUCTIONS 24 WAYS TO SEDUCE YOUR LOVER. \u00bfEst\u00e1s buscando nuevos modos de intensificar tu vida \u00edntima mediante diversas t\u00e9cnicas<\/p>\n","protected":false},"featured_media":19660,"comment_status":"open","ping_status":"open","template":"","meta":[],"product_cat":[367],"product_tag":[383],"class_list":["post-19659","product","type-product","status-publish","has-post-thumbnail","hentry","product_cat-juegos-pareja","product_tag-kheper-games"],"bundled_by":[],"bundle_stock_status":"instock","bundle_stock_quantity":3,"bundle_virtual":false,"bundle_layout":"","bundle_add_to_cart_form_location":"","bundle_editable_in_cart":false,"bundle_sold_individually_context":"","bundle_item_grouping":"","bundle_min_size":"","bundle_max_size":"","bundled_items":[],"yoast_head":"<!-- This site is optimized with the Yoast SEO plugin v20.6 - https:\/\/yoast.com\/wordpress\/plugins\/seo\/ -->\n<title>MASSAGE SEDUCTIONS 24 MODOS DE SEDUCIR A TU AMANTE - Tienda Er\u00f3tica<\/title>\n<meta name=\"robots\" content=\"noindex, follow, max-snippet:-1, max-image-preview:large, max-video-preview:-1\" \/>\n<meta property=\"og:locale\" content=\"es_ES\" \/>\n<meta property=\"og:type\" content=\"article\" \/>\n<meta property=\"og:title\" content=\"MASSAGE SEDUCTIONS 24 MODOS DE SEDUCIR A TU AMANTE - Tienda Er\u00f3tica\" \/>\n<meta property=\"og:description\" content=\"MASSAGE SEDUCTIONS 24 WAYS TO SEDUCE YOUR LOVER. \u00bfEst\u00e1s buscando nuevos modos de intensificar tu vida \u00edntima mediante diversas t\u00e9cnicas\" \/>\n<meta property=\"og:url\" content=\"https:\/\/demoweb.info\/sexshop001\/producto\/massage-seductions-24-modos-de-seducir-a-tu-amante\/\" \/>\n<meta property=\"og:site_name\" content=\"Tienda Er\u00f3tica\" \/>\n<meta property=\"article:modified_time\" content=\"2022-01-22T10:03:08+00:00\" \/>\n<meta property=\"og:image\" content=\"https:\/\/demoweb.info\/sexshop001\/wp-content\/uploads\/2022\/01\/MASSAGE-SEDUCTIONS-24-MODOS-DE-SEDUCIR-A-TU-AMANTE.jpg\" \/>\n\t<meta property=\"og:image:width\" content=\"550\" \/>\n\t<meta property=\"og:image:height\" content=\"550\" \/>\n\t<meta property=\"og:image:type\" content=\"image\/jpeg\" \/>\n<meta name=\"twitter:card\" content=\"summary_large_image\" \/>\n<script type=\"application\/ld+json\" class=\"yoast-schema-graph\">{\"@context\":\"https:\/\/schema.org\",\"@graph\":[{\"@type\":\"WebPage\",\"@id\":\"https:\/\/demoweb.info\/sexshop001\/producto\/massage-seductions-24-modos-de-seducir-a-tu-amante\/\",\"url\":\"https:\/\/demoweb.info\/sexshop001\/producto\/massage-seductions-24-modos-de-seducir-a-tu-amante\/\",\"name\":\"MASSAGE SEDUCTIONS 24 MODOS DE SEDUCIR A TU AMANTE - Tienda Er\u00f3tica\",\"isPartOf\":{\"@id\":\"https:\/\/demoweb.info\/sexshop001\/#website\"},\"datePublished\":\"2022-01-22T10:02:58+00:00\",\"dateModified\":\"2022-01-22T10:03:08+00:00\",\"breadcrumb\":{\"@id\":\"https:\/\/demoweb.info\/sexshop001\/producto\/massage-seductions-24-modos-de-seducir-a-tu-amante\/#breadcrumb\"},\"inLanguage\":\"es\",\"potentialAction\":[{\"@type\":\"ReadAction\",\"target\":[\"https:\/\/demoweb.info\/sexshop001\/producto\/massage-seductions-24-modos-de-seducir-a-tu-amante\/\"]}]},{\"@type\":\"BreadcrumbList\",\"@id\":\"https:\/\/demoweb.info\/sexshop001\/producto\/massage-seductions-24-modos-de-seducir-a-tu-amante\/#breadcrumb\",\"itemListElement\":[{\"@type\":\"ListItem\",\"position\":1,\"name\":\"Portada\",\"item\":\"https:\/\/demoweb.info\/sexshop001\/\"},{\"@type\":\"ListItem\",\"position\":2,\"name\":\"Tienda\",\"item\":\"https:\/\/demoweb.info\/sexshop001\/tienda\/\"},{\"@type\":\"ListItem\",\"position\":3,\"name\":\"MASSAGE SEDUCTIONS 24 MODOS DE SEDUCIR A TU AMANTE\"}]},{\"@type\":\"WebSite\",\"@id\":\"https:\/\/demoweb.info\/sexshop001\/#website\",\"url\":\"https:\/\/demoweb.info\/sexshop001\/\",\"name\":\"Tienda Er\u00f3tica\",\"description\":\"DEMOWEB SL\",\"potentialAction\":[{\"@type\":\"SearchAction\",\"target\":{\"@type\":\"EntryPoint\",\"urlTemplate\":\"https:\/\/demoweb.info\/sexshop001\/?s={search_term_string}\"},\"query-input\":\"required name=search_term_string\"}],\"inLanguage\":\"es\"}]}<\/script>\n<!-- \/ Yoast SEO plugin. -->","yoast_head_json":{"title":"MASSAGE SEDUCTIONS 24 MODOS DE SEDUCIR A TU AMANTE - Tienda Er\u00f3tica","robots":{"index":"noindex","follow":"follow","max-snippet":"max-snippet:-1","max-image-preview":"max-image-preview:large","max-video-preview":"max-video-preview:-1"},"og_locale":"es_ES","og_type":"article","og_title":"MASSAGE SEDUCTIONS 24 MODOS DE SEDUCIR A TU AMANTE - Tienda Er\u00f3tica","og_description":"MASSAGE SEDUCTIONS 24 WAYS TO SEDUCE YOUR LOVER. \u00bfEst\u00e1s buscando nuevos modos de intensificar tu vida \u00edntima mediante diversas t\u00e9cnicas","og_url":"https:\/\/demoweb.info\/sexshop001\/producto\/massage-seductions-24-modos-de-seducir-a-tu-amante\/","og_site_name":"Tienda Er\u00f3tica","article_modified_time":"2022-01-22T10:03:08+00:00","og_image":[{"width":550,"height":550,"url":"https:\/\/demoweb.info\/sexshop001\/wp-content\/uploads\/2022\/01\/MASSAGE-SEDUCTIONS-24-MODOS-DE-SEDUCIR-A-TU-AMANTE.jpg","type":"image\/jpeg"}],"twitter_card":"summary_large_image","schema":{"@context":"https:\/\/schema.org","@graph":[{"@type":"WebPage","@id":"https:\/\/demoweb.info\/sexshop001\/producto\/massage-seductions-24-modos-de-seducir-a-tu-amante\/","url":"https:\/\/demoweb.info\/sexshop001\/producto\/massage-seductions-24-modos-de-seducir-a-tu-amante\/","name":"MASSAGE SEDUCTIONS 24 MODOS DE SEDUCIR A TU AMANTE - Tienda Er\u00f3tica","isPartOf":{"@id":"https:\/\/demoweb.info\/sexshop001\/#website"},"datePublished":"2022-01-22T10:02:58+00:00","dateModified":"2022-01-22T10:03:08+00:00","breadcrumb":{"@id":"https:\/\/demoweb.info\/sexshop001\/producto\/massage-seductions-24-modos-de-seducir-a-tu-amante\/#breadcrumb"},"inLanguage":"es","potentialAction":[{"@type":"ReadAction","target":["https:\/\/demoweb.info\/sexshop001\/producto\/massage-seductions-24-modos-de-seducir-a-tu-amante\/"]}]},{"@type":"BreadcrumbList","@id":"https:\/\/demoweb.info\/sexshop001\/producto\/massage-seductions-24-modos-de-seducir-a-tu-amante\/#breadcrumb","itemListElement":[{"@type":"ListItem","position":1,"name":"Portada","item":"https:\/\/demoweb.info\/sexshop001\/"},{"@type":"ListItem","position":2,"name":"Tienda","item":"https:\/\/demoweb.info\/sexshop001\/tienda\/"},{"@type":"ListItem","position":3,"name":"MASSAGE SEDUCTIONS 24 MODOS DE SEDUCIR A TU AMANTE"}]},{"@type":"WebSite","@id":"https:\/\/demoweb.info\/sexshop001\/#website","url":"https:\/\/demoweb.info\/sexshop001\/","name":"Tienda Er\u00f3tica","description":"DEMOWEB SL","potentialAction":[{"@type":"SearchAction","target":{"@type":"EntryPoint","urlTemplate":"https:\/\/demoweb.info\/sexshop001\/?s={search_term_string}"},"query-input":"required name=search_term_string"}],"inLanguage":"es"}]}},"_links":{"self":[{"href":"https:\/\/demoweb.info\/sexshop001\/wp-json\/wp\/v3\/product\/19659","targetHints":{"allow":["GET"]}}],"collection":[{"href":"https:\/\/demoweb.info\/sexshop001\/wp-json\/wp\/v3\/product"}],"about":[{"href":"https:\/\/demoweb.info\/sexshop001\/wp-json\/wp\/v2\/types\/product"}],"replies":[{"embeddable":true,"href":"https:\/\/demoweb.info\/sexshop001\/wp-json\/wp\/v2\/comments?post=19659"}],"wp:featuredmedia":[{"embeddable":true,"href":"https:\/\/demoweb.info\/sexshop001\/wp-json\/wp\/v2\/media\/19660"}],"wp:attachment":[{"href":"https:\/\/demoweb.info\/sexshop001\/wp-json\/wp\/v2\/media?parent=19659"}],"wp:term":[{"taxonomy":"product_cat","embeddable":true,"href":"https:\/\/demoweb.info\/sexshop001\/wp-json\/wp\/v2\/product_cat?post=19659"},{"taxonomy":"product_tag","embeddable":true,"href":"https:\/\/demoweb.info\/sexshop001\/wp-json\/wp\/v2\/product_tag?post=19659"}],"curies":[{"name":"wp","href":"https:\/\/api.w.org\/{rel}","templated":true}]}}