{"id":19653,"date":"2022-01-22T11:02:58","date_gmt":"2022-01-22T10:02:58","guid":{"rendered":"https:\/\/demoweb.info\/sexshop001\/producto\/avanua-corpino-erotico-con-encaje-y-lazo-rojo-rojo\/"},"modified":"2022-01-22T11:03:05","modified_gmt":"2022-01-22T10:03:05","slug":"avanua-corpino-erotico-con-encaje-y-lazo-rojo-rojo","status":"publish","type":"product","link":"https:\/\/demoweb.info\/sexshop001\/producto\/avanua-corpino-erotico-con-encaje-y-lazo-rojo-rojo\/","title":{"rendered":"AVANUA CORPI\u00d1O EROTICO CON ENCAJE Y LAZO ROJO ROJO"},"content":{"rendered":"<p>Corpi\u00f1o er\u00f3tico con encaje y lazo rojo, de tejido el\u00e1stico con las zonas del encaje transparentes de motivos florales. La lazada de color rojo se encuentra en el centro de forma cruzada. La zona del sujetador lleva aros para una mejor sujeci\u00f3n y tirantes finos ajustables. El corpi\u00f1o tambi\u00e9n lleva ligueros fijos.<\/p>\n<p>Este corpi\u00f1o er\u00f3tico es de color negro y se encuentra disponible en dos versiones: con encaje en rojo y con el encaje en negro.<\/p>\n<p>El conjunto incluye un peque\u00f1o tanga de color negro g-string de tiro bajo, de tejido liso, de cortes\u00eda, pero NO incluye las medias.<\/p>\n","protected":false},"excerpt":{"rendered":"<p>Corpi\u00f1o er\u00f3tico con encaje y lazo rojo, de tejido el\u00e1stico con las zonas del encaje transparentes de motivos florales. La<\/p>\n","protected":false},"featured_media":19654,"comment_status":"open","ping_status":"open","template":"","meta":[],"product_cat":[355],"product_tag":[967],"class_list":["post-19653","product","type-product","status-publish","has-post-thumbnail","hentry","product_cat-ellas","product_tag-avanua"],"bundled_by":[],"bundle_stock_status":"instock","bundle_stock_quantity":1,"bundle_virtual":false,"bundle_layout":"","bundle_add_to_cart_form_location":"","bundle_editable_in_cart":false,"bundle_sold_individually_context":"","bundle_item_grouping":"","bundle_min_size":"","bundle_max_size":"","bundled_items":[],"yoast_head":"<!-- This site is optimized with the Yoast SEO plugin v20.6 - https:\/\/yoast.com\/wordpress\/plugins\/seo\/ -->\n<title>AVANUA CORPI\u00d1O EROTICO CON ENCAJE Y LAZO ROJO ROJO - Tienda Er\u00f3tica<\/title>\n<meta name=\"robots\" content=\"noindex, follow, max-snippet:-1, max-image-preview:large, max-video-preview:-1\" \/>\n<meta property=\"og:locale\" content=\"es_ES\" \/>\n<meta property=\"og:type\" content=\"article\" \/>\n<meta property=\"og:title\" content=\"AVANUA CORPI\u00d1O EROTICO CON ENCAJE Y LAZO ROJO ROJO - Tienda Er\u00f3tica\" \/>\n<meta property=\"og:description\" content=\"Corpi\u00f1o er\u00f3tico con encaje y lazo rojo, de tejido el\u00e1stico con las zonas del encaje transparentes de motivos florales. La\" \/>\n<meta property=\"og:url\" content=\"https:\/\/demoweb.info\/sexshop001\/producto\/avanua-corpino-erotico-con-encaje-y-lazo-rojo-rojo\/\" \/>\n<meta property=\"og:site_name\" content=\"Tienda Er\u00f3tica\" \/>\n<meta property=\"article:modified_time\" content=\"2022-01-22T10:03:05+00:00\" \/>\n<meta property=\"og:image\" content=\"https:\/\/demoweb.info\/sexshop001\/wp-content\/uploads\/2022\/01\/AVANUA-CORPINO-EROTICO-CON-ENCAJE-Y-LAZO-ROJO-ROJO.jpg\" \/>\n\t<meta property=\"og:image:width\" content=\"550\" \/>\n\t<meta property=\"og:image:height\" content=\"550\" \/>\n\t<meta property=\"og:image:type\" content=\"image\/jpeg\" \/>\n<meta name=\"twitter:card\" content=\"summary_large_image\" \/>\n<meta name=\"twitter:label1\" content=\"Tiempo de lectura\" \/>\n\t<meta name=\"twitter:data1\" content=\"1 minuto\" \/>\n<script type=\"application\/ld+json\" class=\"yoast-schema-graph\">{\"@context\":\"https:\/\/schema.org\",\"@graph\":[{\"@type\":\"WebPage\",\"@id\":\"https:\/\/demoweb.info\/sexshop001\/producto\/avanua-corpino-erotico-con-encaje-y-lazo-rojo-rojo\/\",\"url\":\"https:\/\/demoweb.info\/sexshop001\/producto\/avanua-corpino-erotico-con-encaje-y-lazo-rojo-rojo\/\",\"name\":\"AVANUA CORPI\u00d1O EROTICO CON ENCAJE Y LAZO ROJO ROJO - Tienda Er\u00f3tica\",\"isPartOf\":{\"@id\":\"https:\/\/demoweb.info\/sexshop001\/#website\"},\"datePublished\":\"2022-01-22T10:02:58+00:00\",\"dateModified\":\"2022-01-22T10:03:05+00:00\",\"breadcrumb\":{\"@id\":\"https:\/\/demoweb.info\/sexshop001\/producto\/avanua-corpino-erotico-con-encaje-y-lazo-rojo-rojo\/#breadcrumb\"},\"inLanguage\":\"es\",\"potentialAction\":[{\"@type\":\"ReadAction\",\"target\":[\"https:\/\/demoweb.info\/sexshop001\/producto\/avanua-corpino-erotico-con-encaje-y-lazo-rojo-rojo\/\"]}]},{\"@type\":\"BreadcrumbList\",\"@id\":\"https:\/\/demoweb.info\/sexshop001\/producto\/avanua-corpino-erotico-con-encaje-y-lazo-rojo-rojo\/#breadcrumb\",\"itemListElement\":[{\"@type\":\"ListItem\",\"position\":1,\"name\":\"Portada\",\"item\":\"https:\/\/demoweb.info\/sexshop001\/\"},{\"@type\":\"ListItem\",\"position\":2,\"name\":\"Tienda\",\"item\":\"https:\/\/demoweb.info\/sexshop001\/tienda\/\"},{\"@type\":\"ListItem\",\"position\":3,\"name\":\"AVANUA CORPI\u00d1O EROTICO CON ENCAJE Y LAZO ROJO ROJO\"}]},{\"@type\":\"WebSite\",\"@id\":\"https:\/\/demoweb.info\/sexshop001\/#website\",\"url\":\"https:\/\/demoweb.info\/sexshop001\/\",\"name\":\"Tienda Er\u00f3tica\",\"description\":\"DEMOWEB SL\",\"potentialAction\":[{\"@type\":\"SearchAction\",\"target\":{\"@type\":\"EntryPoint\",\"urlTemplate\":\"https:\/\/demoweb.info\/sexshop001\/?s={search_term_string}\"},\"query-input\":\"required name=search_term_string\"}],\"inLanguage\":\"es\"}]}<\/script>\n<!-- \/ Yoast SEO plugin. -->","yoast_head_json":{"title":"AVANUA CORPI\u00d1O EROTICO CON ENCAJE Y LAZO ROJO ROJO - Tienda Er\u00f3tica","robots":{"index":"noindex","follow":"follow","max-snippet":"max-snippet:-1","max-image-preview":"max-image-preview:large","max-video-preview":"max-video-preview:-1"},"og_locale":"es_ES","og_type":"article","og_title":"AVANUA CORPI\u00d1O EROTICO CON ENCAJE Y LAZO ROJO ROJO - Tienda Er\u00f3tica","og_description":"Corpi\u00f1o er\u00f3tico con encaje y lazo rojo, de tejido el\u00e1stico con las zonas del encaje transparentes de motivos florales. La","og_url":"https:\/\/demoweb.info\/sexshop001\/producto\/avanua-corpino-erotico-con-encaje-y-lazo-rojo-rojo\/","og_site_name":"Tienda Er\u00f3tica","article_modified_time":"2022-01-22T10:03:05+00:00","og_image":[{"width":550,"height":550,"url":"https:\/\/demoweb.info\/sexshop001\/wp-content\/uploads\/2022\/01\/AVANUA-CORPINO-EROTICO-CON-ENCAJE-Y-LAZO-ROJO-ROJO.jpg","type":"image\/jpeg"}],"twitter_card":"summary_large_image","twitter_misc":{"Tiempo de lectura":"1 minuto"},"schema":{"@context":"https:\/\/schema.org","@graph":[{"@type":"WebPage","@id":"https:\/\/demoweb.info\/sexshop001\/producto\/avanua-corpino-erotico-con-encaje-y-lazo-rojo-rojo\/","url":"https:\/\/demoweb.info\/sexshop001\/producto\/avanua-corpino-erotico-con-encaje-y-lazo-rojo-rojo\/","name":"AVANUA CORPI\u00d1O EROTICO CON ENCAJE Y LAZO ROJO ROJO - Tienda Er\u00f3tica","isPartOf":{"@id":"https:\/\/demoweb.info\/sexshop001\/#website"},"datePublished":"2022-01-22T10:02:58+00:00","dateModified":"2022-01-22T10:03:05+00:00","breadcrumb":{"@id":"https:\/\/demoweb.info\/sexshop001\/producto\/avanua-corpino-erotico-con-encaje-y-lazo-rojo-rojo\/#breadcrumb"},"inLanguage":"es","potentialAction":[{"@type":"ReadAction","target":["https:\/\/demoweb.info\/sexshop001\/producto\/avanua-corpino-erotico-con-encaje-y-lazo-rojo-rojo\/"]}]},{"@type":"BreadcrumbList","@id":"https:\/\/demoweb.info\/sexshop001\/producto\/avanua-corpino-erotico-con-encaje-y-lazo-rojo-rojo\/#breadcrumb","itemListElement":[{"@type":"ListItem","position":1,"name":"Portada","item":"https:\/\/demoweb.info\/sexshop001\/"},{"@type":"ListItem","position":2,"name":"Tienda","item":"https:\/\/demoweb.info\/sexshop001\/tienda\/"},{"@type":"ListItem","position":3,"name":"AVANUA CORPI\u00d1O EROTICO CON ENCAJE Y LAZO ROJO ROJO"}]},{"@type":"WebSite","@id":"https:\/\/demoweb.info\/sexshop001\/#website","url":"https:\/\/demoweb.info\/sexshop001\/","name":"Tienda Er\u00f3tica","description":"DEMOWEB SL","potentialAction":[{"@type":"SearchAction","target":{"@type":"EntryPoint","urlTemplate":"https:\/\/demoweb.info\/sexshop001\/?s={search_term_string}"},"query-input":"required name=search_term_string"}],"inLanguage":"es"}]}},"_links":{"self":[{"href":"https:\/\/demoweb.info\/sexshop001\/wp-json\/wp\/v3\/product\/19653","targetHints":{"allow":["GET"]}}],"collection":[{"href":"https:\/\/demoweb.info\/sexshop001\/wp-json\/wp\/v3\/product"}],"about":[{"href":"https:\/\/demoweb.info\/sexshop001\/wp-json\/wp\/v2\/types\/product"}],"replies":[{"embeddable":true,"href":"https:\/\/demoweb.info\/sexshop001\/wp-json\/wp\/v2\/comments?post=19653"}],"wp:featuredmedia":[{"embeddable":true,"href":"https:\/\/demoweb.info\/sexshop001\/wp-json\/wp\/v2\/media\/19654"}],"wp:attachment":[{"href":"https:\/\/demoweb.info\/sexshop001\/wp-json\/wp\/v2\/media?parent=19653"}],"wp:term":[{"taxonomy":"product_cat","embeddable":true,"href":"https:\/\/demoweb.info\/sexshop001\/wp-json\/wp\/v2\/product_cat?post=19653"},{"taxonomy":"product_tag","embeddable":true,"href":"https:\/\/demoweb.info\/sexshop001\/wp-json\/wp\/v2\/product_tag?post=19653"}],"curies":[{"name":"wp","href":"https:\/\/api.w.org\/{rel}","templated":true}]}}