{"id":19626,"date":"2022-01-22T11:02:36","date_gmt":"2022-01-22T10:02:36","guid":{"rendered":"https:\/\/demoweb.info\/sexshop001\/producto\/avanua-babydoll-transparente-abierto-por-delante-turquesa\/"},"modified":"2022-01-22T11:02:51","modified_gmt":"2022-01-22T10:02:51","slug":"avanua-babydoll-transparente-abierto-por-delante-turquesa","status":"publish","type":"product","link":"https:\/\/demoweb.info\/sexshop001\/producto\/avanua-babydoll-transparente-abierto-por-delante-turquesa\/","title":{"rendered":"AVANUA BABYDOLL TRANSPARENTE ABIERTO POR DELANTE TURQUESA"},"content":{"rendered":"<p>Babydoll transparente abierto por delante confeccionado en tul el\u00e1stico combinado con encaje de color negro. <\/p>\n<p>El babydoll transparente est\u00e1 unido por una lazada cruzada a la altura del est\u00f3mago, del mismo color del picard\u00edas, ci\u00f1\u00e9ndose al contorno del cuerpo con una especie de faj\u00edn el\u00e1stico. Se encuentra cogido al cuello, dejando la zona alta de la espalda al descubierto.<\/p>\n<p>El acabado del babydoll es un ribete continuo de encaje negro en forma de volante, con estampados florales.<\/p>\n<p>Los colores disponibles del babydoll son Rojo y Turquesa, ambos combinados con Negro.<\/p>\n<p>El conjunto incluye un talga liso g-string de cortes\u00eda.<\/p>\n","protected":false},"excerpt":{"rendered":"<p>Babydoll transparente abierto por delante confeccionado en tul el\u00e1stico combinado con encaje de color negro. El babydoll transparente est\u00e1 unido<\/p>\n","protected":false},"featured_media":19627,"comment_status":"open","ping_status":"open","template":"","meta":[],"product_cat":[381],"product_tag":[967],"class_list":["post-19626","product","type-product","status-publish","has-post-thumbnail","hentry","product_cat-picardias","product_tag-avanua"],"bundled_by":[],"bundle_stock_status":"instock","bundle_stock_quantity":1,"bundle_virtual":false,"bundle_layout":"","bundle_add_to_cart_form_location":"","bundle_editable_in_cart":false,"bundle_sold_individually_context":"","bundle_item_grouping":"","bundle_min_size":"","bundle_max_size":"","bundled_items":[],"yoast_head":"<!-- This site is optimized with the Yoast SEO plugin v20.6 - https:\/\/yoast.com\/wordpress\/plugins\/seo\/ -->\n<title>AVANUA BABYDOLL TRANSPARENTE ABIERTO POR DELANTE TURQUESA - Tienda Er\u00f3tica<\/title>\n<meta name=\"robots\" content=\"noindex, follow, max-snippet:-1, max-image-preview:large, max-video-preview:-1\" \/>\n<meta property=\"og:locale\" content=\"es_ES\" \/>\n<meta property=\"og:type\" content=\"article\" \/>\n<meta property=\"og:title\" content=\"AVANUA BABYDOLL TRANSPARENTE ABIERTO POR DELANTE TURQUESA - Tienda Er\u00f3tica\" \/>\n<meta property=\"og:description\" content=\"Babydoll transparente abierto por delante confeccionado en tul el\u00e1stico combinado con encaje de color negro. El babydoll transparente est\u00e1 unido\" \/>\n<meta property=\"og:url\" content=\"https:\/\/demoweb.info\/sexshop001\/producto\/avanua-babydoll-transparente-abierto-por-delante-turquesa\/\" \/>\n<meta property=\"og:site_name\" content=\"Tienda Er\u00f3tica\" \/>\n<meta property=\"article:modified_time\" content=\"2022-01-22T10:02:51+00:00\" \/>\n<meta property=\"og:image\" content=\"https:\/\/demoweb.info\/sexshop001\/wp-content\/uploads\/2022\/01\/AVANUA-BABYDOLL-TRANSPARENTE-ABIERTO-POR-DELANTE-TURQUESA.jpg\" \/>\n\t<meta property=\"og:image:width\" content=\"550\" \/>\n\t<meta property=\"og:image:height\" content=\"550\" \/>\n\t<meta property=\"og:image:type\" content=\"image\/jpeg\" \/>\n<meta name=\"twitter:card\" content=\"summary_large_image\" \/>\n<meta name=\"twitter:label1\" content=\"Tiempo de lectura\" \/>\n\t<meta name=\"twitter:data1\" content=\"1 minuto\" \/>\n<script type=\"application\/ld+json\" class=\"yoast-schema-graph\">{\"@context\":\"https:\/\/schema.org\",\"@graph\":[{\"@type\":\"WebPage\",\"@id\":\"https:\/\/demoweb.info\/sexshop001\/producto\/avanua-babydoll-transparente-abierto-por-delante-turquesa\/\",\"url\":\"https:\/\/demoweb.info\/sexshop001\/producto\/avanua-babydoll-transparente-abierto-por-delante-turquesa\/\",\"name\":\"AVANUA BABYDOLL TRANSPARENTE ABIERTO POR DELANTE TURQUESA - Tienda Er\u00f3tica\",\"isPartOf\":{\"@id\":\"https:\/\/demoweb.info\/sexshop001\/#website\"},\"datePublished\":\"2022-01-22T10:02:36+00:00\",\"dateModified\":\"2022-01-22T10:02:51+00:00\",\"breadcrumb\":{\"@id\":\"https:\/\/demoweb.info\/sexshop001\/producto\/avanua-babydoll-transparente-abierto-por-delante-turquesa\/#breadcrumb\"},\"inLanguage\":\"es\",\"potentialAction\":[{\"@type\":\"ReadAction\",\"target\":[\"https:\/\/demoweb.info\/sexshop001\/producto\/avanua-babydoll-transparente-abierto-por-delante-turquesa\/\"]}]},{\"@type\":\"BreadcrumbList\",\"@id\":\"https:\/\/demoweb.info\/sexshop001\/producto\/avanua-babydoll-transparente-abierto-por-delante-turquesa\/#breadcrumb\",\"itemListElement\":[{\"@type\":\"ListItem\",\"position\":1,\"name\":\"Portada\",\"item\":\"https:\/\/demoweb.info\/sexshop001\/\"},{\"@type\":\"ListItem\",\"position\":2,\"name\":\"Tienda\",\"item\":\"https:\/\/demoweb.info\/sexshop001\/tienda\/\"},{\"@type\":\"ListItem\",\"position\":3,\"name\":\"AVANUA BABYDOLL TRANSPARENTE ABIERTO POR DELANTE TURQUESA\"}]},{\"@type\":\"WebSite\",\"@id\":\"https:\/\/demoweb.info\/sexshop001\/#website\",\"url\":\"https:\/\/demoweb.info\/sexshop001\/\",\"name\":\"Tienda Er\u00f3tica\",\"description\":\"DEMOWEB SL\",\"potentialAction\":[{\"@type\":\"SearchAction\",\"target\":{\"@type\":\"EntryPoint\",\"urlTemplate\":\"https:\/\/demoweb.info\/sexshop001\/?s={search_term_string}\"},\"query-input\":\"required name=search_term_string\"}],\"inLanguage\":\"es\"}]}<\/script>\n<!-- \/ Yoast SEO plugin. -->","yoast_head_json":{"title":"AVANUA BABYDOLL TRANSPARENTE ABIERTO POR DELANTE TURQUESA - Tienda Er\u00f3tica","robots":{"index":"noindex","follow":"follow","max-snippet":"max-snippet:-1","max-image-preview":"max-image-preview:large","max-video-preview":"max-video-preview:-1"},"og_locale":"es_ES","og_type":"article","og_title":"AVANUA BABYDOLL TRANSPARENTE ABIERTO POR DELANTE TURQUESA - Tienda Er\u00f3tica","og_description":"Babydoll transparente abierto por delante confeccionado en tul el\u00e1stico combinado con encaje de color negro. El babydoll transparente est\u00e1 unido","og_url":"https:\/\/demoweb.info\/sexshop001\/producto\/avanua-babydoll-transparente-abierto-por-delante-turquesa\/","og_site_name":"Tienda Er\u00f3tica","article_modified_time":"2022-01-22T10:02:51+00:00","og_image":[{"width":550,"height":550,"url":"https:\/\/demoweb.info\/sexshop001\/wp-content\/uploads\/2022\/01\/AVANUA-BABYDOLL-TRANSPARENTE-ABIERTO-POR-DELANTE-TURQUESA.jpg","type":"image\/jpeg"}],"twitter_card":"summary_large_image","twitter_misc":{"Tiempo de lectura":"1 minuto"},"schema":{"@context":"https:\/\/schema.org","@graph":[{"@type":"WebPage","@id":"https:\/\/demoweb.info\/sexshop001\/producto\/avanua-babydoll-transparente-abierto-por-delante-turquesa\/","url":"https:\/\/demoweb.info\/sexshop001\/producto\/avanua-babydoll-transparente-abierto-por-delante-turquesa\/","name":"AVANUA BABYDOLL TRANSPARENTE ABIERTO POR DELANTE TURQUESA - Tienda Er\u00f3tica","isPartOf":{"@id":"https:\/\/demoweb.info\/sexshop001\/#website"},"datePublished":"2022-01-22T10:02:36+00:00","dateModified":"2022-01-22T10:02:51+00:00","breadcrumb":{"@id":"https:\/\/demoweb.info\/sexshop001\/producto\/avanua-babydoll-transparente-abierto-por-delante-turquesa\/#breadcrumb"},"inLanguage":"es","potentialAction":[{"@type":"ReadAction","target":["https:\/\/demoweb.info\/sexshop001\/producto\/avanua-babydoll-transparente-abierto-por-delante-turquesa\/"]}]},{"@type":"BreadcrumbList","@id":"https:\/\/demoweb.info\/sexshop001\/producto\/avanua-babydoll-transparente-abierto-por-delante-turquesa\/#breadcrumb","itemListElement":[{"@type":"ListItem","position":1,"name":"Portada","item":"https:\/\/demoweb.info\/sexshop001\/"},{"@type":"ListItem","position":2,"name":"Tienda","item":"https:\/\/demoweb.info\/sexshop001\/tienda\/"},{"@type":"ListItem","position":3,"name":"AVANUA BABYDOLL TRANSPARENTE ABIERTO POR DELANTE TURQUESA"}]},{"@type":"WebSite","@id":"https:\/\/demoweb.info\/sexshop001\/#website","url":"https:\/\/demoweb.info\/sexshop001\/","name":"Tienda Er\u00f3tica","description":"DEMOWEB SL","potentialAction":[{"@type":"SearchAction","target":{"@type":"EntryPoint","urlTemplate":"https:\/\/demoweb.info\/sexshop001\/?s={search_term_string}"},"query-input":"required name=search_term_string"}],"inLanguage":"es"}]}},"_links":{"self":[{"href":"https:\/\/demoweb.info\/sexshop001\/wp-json\/wp\/v3\/product\/19626","targetHints":{"allow":["GET"]}}],"collection":[{"href":"https:\/\/demoweb.info\/sexshop001\/wp-json\/wp\/v3\/product"}],"about":[{"href":"https:\/\/demoweb.info\/sexshop001\/wp-json\/wp\/v2\/types\/product"}],"replies":[{"embeddable":true,"href":"https:\/\/demoweb.info\/sexshop001\/wp-json\/wp\/v2\/comments?post=19626"}],"wp:featuredmedia":[{"embeddable":true,"href":"https:\/\/demoweb.info\/sexshop001\/wp-json\/wp\/v2\/media\/19627"}],"wp:attachment":[{"href":"https:\/\/demoweb.info\/sexshop001\/wp-json\/wp\/v2\/media?parent=19626"}],"wp:term":[{"taxonomy":"product_cat","embeddable":true,"href":"https:\/\/demoweb.info\/sexshop001\/wp-json\/wp\/v2\/product_cat?post=19626"},{"taxonomy":"product_tag","embeddable":true,"href":"https:\/\/demoweb.info\/sexshop001\/wp-json\/wp\/v2\/product_tag?post=19626"}],"curies":[{"name":"wp","href":"https:\/\/api.w.org\/{rel}","templated":true}]}}