{"id":19542,"date":"2022-01-22T11:02:03","date_gmt":"2022-01-22T10:02:03","guid":{"rendered":"https:\/\/demoweb.info\/sexshop001\/producto\/hidden-pleasures-rojo\/"},"modified":"2022-01-22T11:02:14","modified_gmt":"2022-01-22T10:02:14","slug":"hidden-pleasures-rojo","status":"publish","type":"product","link":"https:\/\/demoweb.info\/sexshop001\/producto\/hidden-pleasures-rojo\/","title":{"rendered":"HIDDEN PLEASURES &#8211; ROJO"},"content":{"rendered":"<p><strong>HIDDEN PLEASURES<\/strong><\/p>\n<p>Delgado, elegante y listo para tu pr\u00f3xima aventura, el discreto Hidden Pleasures \u2122 es el discreto vibrador amante de los viajes con el que has estado so\u00f1ando.<\/p>\n<p>Disfruta de un placer total al llevar el poderoso mini masajeador en el bolso y condimenta la noche cada vez que lo necesites.<\/p>\n<p>Este estimulador s\u00faper delgado tiene 10 potentes funciones de vibraci\u00f3n controladas con un solo bot\u00f3n sin frustraci\u00f3n. Las intensas vibraciones se env\u00edan a trav\u00e9s de la bala compacta para una estimulaci\u00f3n externa alucinante.<\/p>\n<p>Esta bala vers\u00e1til es una opci\u00f3n discreta de tama\u00f1o de viaje para principiantes t\u00edmidos o expertos er\u00f3ticos. Ya sea que est\u00e9 buscando condimentar las cosas en el dormitorio o escabullirse en un momento sensual en solitario, esta mini vibraci\u00f3n est\u00e1 lista para llevar.<\/p>\n<p>El cuerpo s\u00faper delgado est\u00e1 dise\u00f1ado para brindar una potente estimulaci\u00f3n puntual o una acci\u00f3n burlona de contacto completo. Ya sea que se est\u00e9s dandote un chapuz\u00f3n con un amante o disfrutando de una sesi\u00f3n de vapor en solitario, espera hasta 1.5 horas de vibraci\u00f3n a prueba de agua a baja velocidad y 45 minutos de vibraci\u00f3n a alta velocidad.<\/p>\n<p>Recarga placer y vuelve a jugar en solo 1 hora con el cable USB provisto. El discreto dise\u00f1o tipo vaporizador lo convierte en el mini masajeador, el compa\u00f1ero de viaje ideal, permiti\u00e9ndote disfrutar de un placer radiante donde sea que tus fantas\u00edas te lleven.<\/p>\n<p>Caracter\u00edsticas:<\/p>\n<ul>\n<li>Medidas: 10,75 x 0,75 cm<\/li>\n<li>10 modos de vibraci\u00f3n<\/li>\n<li>Impermeable<\/li>\n<li>Material: ABS<\/li>\n<li>1 motor<\/li>\n<li>Recargable con USB<\/li>\n<\/ul>\n","protected":false},"excerpt":{"rendered":"<p>HIDDEN PLEASURES Delgado, elegante y listo para tu pr\u00f3xima aventura, el discreto Hidden Pleasures \u2122 es el discreto vibrador amante<\/p>\n","protected":false},"featured_media":19543,"comment_status":"open","ping_status":"open","template":"","meta":[],"product_cat":[795],"product_tag":[660,966],"class_list":["post-19542","product","type-product","status-publish","has-post-thumbnail","hentry","product_cat-basicos-vibradores-juguetes-xxx","product_tag-calexotics","product_tag-hidden-pleasures"],"bundled_by":[],"bundle_stock_status":"instock","bundle_stock_quantity":3,"bundle_virtual":false,"bundle_layout":"","bundle_add_to_cart_form_location":"","bundle_editable_in_cart":false,"bundle_sold_individually_context":"","bundle_item_grouping":"","bundle_min_size":"","bundle_max_size":"","bundled_items":[],"yoast_head":"<!-- This site is optimized with the Yoast SEO plugin v20.6 - https:\/\/yoast.com\/wordpress\/plugins\/seo\/ -->\n<title>HIDDEN PLEASURES - ROJO - Tienda Er\u00f3tica<\/title>\n<meta name=\"robots\" content=\"noindex, follow, max-snippet:-1, max-image-preview:large, max-video-preview:-1\" \/>\n<meta property=\"og:locale\" content=\"es_ES\" \/>\n<meta property=\"og:type\" content=\"article\" \/>\n<meta property=\"og:title\" content=\"HIDDEN PLEASURES - ROJO - Tienda Er\u00f3tica\" \/>\n<meta property=\"og:description\" content=\"HIDDEN PLEASURES Delgado, elegante y listo para tu pr\u00f3xima aventura, el discreto Hidden Pleasures \u2122 es el discreto vibrador amante\" \/>\n<meta property=\"og:url\" content=\"https:\/\/demoweb.info\/sexshop001\/producto\/hidden-pleasures-rojo\/\" \/>\n<meta property=\"og:site_name\" content=\"Tienda Er\u00f3tica\" \/>\n<meta property=\"article:modified_time\" content=\"2022-01-22T10:02:14+00:00\" \/>\n<meta property=\"og:image\" content=\"https:\/\/demoweb.info\/sexshop001\/wp-content\/uploads\/2022\/01\/HIDDEN-PLEASURES-ROJO.jpg\" \/>\n\t<meta property=\"og:image:width\" content=\"550\" \/>\n\t<meta property=\"og:image:height\" content=\"550\" \/>\n\t<meta property=\"og:image:type\" content=\"image\/jpeg\" \/>\n<meta name=\"twitter:card\" content=\"summary_large_image\" \/>\n<meta name=\"twitter:label1\" content=\"Tiempo de lectura\" \/>\n\t<meta name=\"twitter:data1\" content=\"1 minuto\" \/>\n<script type=\"application\/ld+json\" class=\"yoast-schema-graph\">{\"@context\":\"https:\/\/schema.org\",\"@graph\":[{\"@type\":\"WebPage\",\"@id\":\"https:\/\/demoweb.info\/sexshop001\/producto\/hidden-pleasures-rojo\/\",\"url\":\"https:\/\/demoweb.info\/sexshop001\/producto\/hidden-pleasures-rojo\/\",\"name\":\"HIDDEN PLEASURES - ROJO - Tienda Er\u00f3tica\",\"isPartOf\":{\"@id\":\"https:\/\/demoweb.info\/sexshop001\/#website\"},\"datePublished\":\"2022-01-22T10:02:03+00:00\",\"dateModified\":\"2022-01-22T10:02:14+00:00\",\"breadcrumb\":{\"@id\":\"https:\/\/demoweb.info\/sexshop001\/producto\/hidden-pleasures-rojo\/#breadcrumb\"},\"inLanguage\":\"es\",\"potentialAction\":[{\"@type\":\"ReadAction\",\"target\":[\"https:\/\/demoweb.info\/sexshop001\/producto\/hidden-pleasures-rojo\/\"]}]},{\"@type\":\"BreadcrumbList\",\"@id\":\"https:\/\/demoweb.info\/sexshop001\/producto\/hidden-pleasures-rojo\/#breadcrumb\",\"itemListElement\":[{\"@type\":\"ListItem\",\"position\":1,\"name\":\"Portada\",\"item\":\"https:\/\/demoweb.info\/sexshop001\/\"},{\"@type\":\"ListItem\",\"position\":2,\"name\":\"Tienda\",\"item\":\"https:\/\/demoweb.info\/sexshop001\/tienda\/\"},{\"@type\":\"ListItem\",\"position\":3,\"name\":\"HIDDEN PLEASURES &#8211; ROJO\"}]},{\"@type\":\"WebSite\",\"@id\":\"https:\/\/demoweb.info\/sexshop001\/#website\",\"url\":\"https:\/\/demoweb.info\/sexshop001\/\",\"name\":\"Tienda Er\u00f3tica\",\"description\":\"DEMOWEB SL\",\"potentialAction\":[{\"@type\":\"SearchAction\",\"target\":{\"@type\":\"EntryPoint\",\"urlTemplate\":\"https:\/\/demoweb.info\/sexshop001\/?s={search_term_string}\"},\"query-input\":\"required name=search_term_string\"}],\"inLanguage\":\"es\"}]}<\/script>\n<!-- \/ Yoast SEO plugin. -->","yoast_head_json":{"title":"HIDDEN PLEASURES - ROJO - Tienda Er\u00f3tica","robots":{"index":"noindex","follow":"follow","max-snippet":"max-snippet:-1","max-image-preview":"max-image-preview:large","max-video-preview":"max-video-preview:-1"},"og_locale":"es_ES","og_type":"article","og_title":"HIDDEN PLEASURES - ROJO - Tienda Er\u00f3tica","og_description":"HIDDEN PLEASURES Delgado, elegante y listo para tu pr\u00f3xima aventura, el discreto Hidden Pleasures \u2122 es el discreto vibrador amante","og_url":"https:\/\/demoweb.info\/sexshop001\/producto\/hidden-pleasures-rojo\/","og_site_name":"Tienda Er\u00f3tica","article_modified_time":"2022-01-22T10:02:14+00:00","og_image":[{"width":550,"height":550,"url":"https:\/\/demoweb.info\/sexshop001\/wp-content\/uploads\/2022\/01\/HIDDEN-PLEASURES-ROJO.jpg","type":"image\/jpeg"}],"twitter_card":"summary_large_image","twitter_misc":{"Tiempo de lectura":"1 minuto"},"schema":{"@context":"https:\/\/schema.org","@graph":[{"@type":"WebPage","@id":"https:\/\/demoweb.info\/sexshop001\/producto\/hidden-pleasures-rojo\/","url":"https:\/\/demoweb.info\/sexshop001\/producto\/hidden-pleasures-rojo\/","name":"HIDDEN PLEASURES - ROJO - Tienda Er\u00f3tica","isPartOf":{"@id":"https:\/\/demoweb.info\/sexshop001\/#website"},"datePublished":"2022-01-22T10:02:03+00:00","dateModified":"2022-01-22T10:02:14+00:00","breadcrumb":{"@id":"https:\/\/demoweb.info\/sexshop001\/producto\/hidden-pleasures-rojo\/#breadcrumb"},"inLanguage":"es","potentialAction":[{"@type":"ReadAction","target":["https:\/\/demoweb.info\/sexshop001\/producto\/hidden-pleasures-rojo\/"]}]},{"@type":"BreadcrumbList","@id":"https:\/\/demoweb.info\/sexshop001\/producto\/hidden-pleasures-rojo\/#breadcrumb","itemListElement":[{"@type":"ListItem","position":1,"name":"Portada","item":"https:\/\/demoweb.info\/sexshop001\/"},{"@type":"ListItem","position":2,"name":"Tienda","item":"https:\/\/demoweb.info\/sexshop001\/tienda\/"},{"@type":"ListItem","position":3,"name":"HIDDEN PLEASURES &#8211; ROJO"}]},{"@type":"WebSite","@id":"https:\/\/demoweb.info\/sexshop001\/#website","url":"https:\/\/demoweb.info\/sexshop001\/","name":"Tienda Er\u00f3tica","description":"DEMOWEB SL","potentialAction":[{"@type":"SearchAction","target":{"@type":"EntryPoint","urlTemplate":"https:\/\/demoweb.info\/sexshop001\/?s={search_term_string}"},"query-input":"required name=search_term_string"}],"inLanguage":"es"}]}},"_links":{"self":[{"href":"https:\/\/demoweb.info\/sexshop001\/wp-json\/wp\/v3\/product\/19542","targetHints":{"allow":["GET"]}}],"collection":[{"href":"https:\/\/demoweb.info\/sexshop001\/wp-json\/wp\/v3\/product"}],"about":[{"href":"https:\/\/demoweb.info\/sexshop001\/wp-json\/wp\/v2\/types\/product"}],"replies":[{"embeddable":true,"href":"https:\/\/demoweb.info\/sexshop001\/wp-json\/wp\/v2\/comments?post=19542"}],"wp:featuredmedia":[{"embeddable":true,"href":"https:\/\/demoweb.info\/sexshop001\/wp-json\/wp\/v2\/media\/19543"}],"wp:attachment":[{"href":"https:\/\/demoweb.info\/sexshop001\/wp-json\/wp\/v2\/media?parent=19542"}],"wp:term":[{"taxonomy":"product_cat","embeddable":true,"href":"https:\/\/demoweb.info\/sexshop001\/wp-json\/wp\/v2\/product_cat?post=19542"},{"taxonomy":"product_tag","embeddable":true,"href":"https:\/\/demoweb.info\/sexshop001\/wp-json\/wp\/v2\/product_tag?post=19542"}],"curies":[{"name":"wp","href":"https:\/\/api.w.org\/{rel}","templated":true}]}}